{"id":164134,"date":"2023-08-15T11:50:32","date_gmt":"2023-08-15T09:50:32","guid":{"rendered":"https:\/\/www.luxor.cz\/blog\/produkt\/genderova-ideologie-co-vsichni-potrebuji-vedet\/"},"modified":"2023-08-15T11:50:33","modified_gmt":"2023-08-15T09:50:33","slug":"genderova-ideologie-co-vsichni-potrebuji-vedet","status":"publish","type":"product","link":"https:\/\/www.luxor.cz\/blog\/produkt\/genderova-ideologie-co-vsichni-potrebuji-vedet\/","title":{"rendered":"Genderov\u00e1 ideologie &#8211; Co v\u0161ichni pot\u0159ebuj\u00ed v\u011bd\u011bt"},"content":{"rendered":"<p>Sv\u011bt p\u0159ijal my\u0161lenku, \u017ee pohlav\u00ed je n\u011bco, o \u010dem m\u016f\u017ee rozhodovat \u010dlov\u011bk. St\u00e1le \u010dast\u011bji se setk\u00e1v\u00e1me s kolegy, p\u0159\u00e1teli a rodinn\u00fdmi p\u0159\u00edslu\u0161n\u00edky, kte\u0159\u00ed se identifikuj\u00ed s jin\u00fdm pohlav\u00edm, ne\u017e s jak\u00fdm se narodili. Jak m\u00e1me s takov\u00fdmi lidmi jednat? Pot\u0159ebujeme b\u00fdt informov\u00e1ni a vybaveni znalostmi o dan\u00e9 problematice, m\u011bli bychom zn\u00e1t v\u00fdznam p\u0159\u00edslu\u0161n\u00fdch pojm\u016f a pot\u0159ebujeme v\u011bd\u011bt, co o t\u011bchto v\u011bcech \u0159\u00edk\u00e1 Stvo\u0159itel, kter\u00fd svou v\u016fli vyj\u00e1d\u0159il v Bibli. Sharon Jamesov\u00e1 n\u00e1m v t\u00e9to informativn\u00ed a praktick\u00e9 p\u0159\u00edru\u010dce pom\u00e1h\u00e1 kr\u00e1\u010det po tenk\u00e9 hranici mezi l\u00e1skou k bli\u017en\u00edmu a odm\u00edt\u00e1n\u00edm l\u017e\u00ed sv\u011bta, a p\u0159itom neztratit rovnov\u00e1hu.<\/p>\n","protected":false},"excerpt":{"rendered":"<p>Sv\u011bt p\u0159ijal my\u0161lenku, \u017ee pohlav\u00ed je n\u011bco, o \u010dem m\u016f\u017ee rozhodovat \u010dlov\u011bk. St\u00e1le \u010dast\u011bji se setk\u00e1v\u00e1me s kolegy, p\u0159\u00e1teli a rodinn\u00fdmi p\u0159\u00edslu\u0161n\u00edky, kte\u0159\u00ed se identifikuj\u00ed s jin\u00fdm pohlav\u00edm, ne\u017e s [&hellip;]<\/p>\n","protected":false},"featured_media":0,"comment_status":"closed","ping_status":"open","template":"","meta":{"_acf_changed":false,"_monsterinsights_skip_tracking":false,"_monsterinsights_sitenote_active":false,"_monsterinsights_sitenote_note":"","_monsterinsights_sitenote_category":0,"_EventAllDay":false,"_EventTimezone":"","_EventStartDate":"","_EventEndDate":"","_EventStartDateUTC":"","_EventEndDateUTC":"","_EventShowMap":false,"_EventShowMapLink":false,"_EventURL":"","_EventCost":"","_EventCostDescription":"","_EventCurrencySymbol":"","_EventCurrencyCode":"","_EventCurrencyPosition":"","_EventDateTimeSeparator":"","_EventTimeRangeSeparator":"","_EventOrganizerID":[],"_EventVenueID":[],"_OrganizerEmail":"","_OrganizerPhone":"","_OrganizerWebsite":"","_VenueAddress":"","_VenueCity":"","_VenueCountry":"","_VenueProvince":"","_VenueState":"","_VenueZip":"","_VenuePhone":"","_VenueURL":"","_VenueStateProvince":"","_VenueLat":"","_VenueLng":"","_VenueShowMap":false,"_VenueShowMapLink":false,"twitterCardType":"","cardImageID":0,"cardImage":"","cardTitle":"","cardDesc":"","cardImageAlt":"","cardPlayer":"","cardPlayerWidth":0,"cardPlayerHeight":0,"cardPlayerStream":"","cardPlayerCodec":""},"product_cat":[],"product_tag":[],"class_list":["post-164134","product","type-product","status-publish","hentry"],"acf":{"description":"Sv\u011bt p\u0159ijal my\u0161lenku, \u017ee pohlav\u00ed je n\u011bco, o \u010dem m\u016f\u017ee rozhodovat \u010dlov\u011bk. St\u00e1le \u010dast\u011bji se setk\u00e1v\u00e1me s kolegy, p\u0159\u00e1teli a rodinn\u00fdmi p\u0159\u00edslu\u0161n\u00edky, kte\u0159\u00ed se identifikuj\u00ed s jin\u00fdm pohlav\u00edm, ne\u017e s jak\u00fdm se narodili. Jak m\u00e1me s takov\u00fdmi lidmi jednat? Pot\u0159ebujeme b\u00fdt informov\u00e1ni a vybaveni znalostmi o dan\u00e9 problematice, m\u011bli bychom zn\u00e1t v\u00fdznam p\u0159\u00edslu\u0161n\u00fdch pojm\u016f a pot\u0159ebujeme v\u011bd\u011bt, co o t\u011bchto v\u011bcech \u0159\u00edk\u00e1 Stvo\u0159itel, kter\u00fd svou v\u016fli vyj\u00e1d\u0159il v Bibli. Sharon Jamesov\u00e1 n\u00e1m v t\u00e9to informativn\u00ed a praktick\u00e9 p\u0159\u00edru\u010dce pom\u00e1h\u00e1 kr\u00e1\u010det po tenk\u00e9 hranici mezi l\u00e1skou k bli\u017en\u00edmu a odm\u00edt\u00e1n\u00edm l\u017e\u00ed sv\u011bta, a p\u0159itom neztratit rovnov\u00e1hu.","item_id":"LX1906552","productname":"Genderov\u00e1 ideologie - Co v\u0161ichni pot\u0159ebuj\u00ed v\u011bd\u011bt","product":"Genderov\u00e1 ideologie - Co v\u0161ichni pot\u0159ebuj\u00ed v\u011bd\u011bt","url":"https:\/\/www.luxor.cz\/v\/1906552\/genderova-ideologie-co-vsichni-potrebuji-vedet","imgurl":"https:\/\/img.luxor.cz\/orig\/produkty\/9788087606513.jpg","price_vat":"242.00","margin":"","vat":"","paramname1":"","paramval1":"","paramname2":"","paramval2":"","paramname3":"","paramval3":"","paramname4":"","paramval4":"","paramname5":"","paramval5":"","paramname6":"","paramval6":"","paramname7":"","paramval7":"","paramname8":"","paramval8":"","paramname9":"","paramval9":"","paramname10":"","paramval10":"","ean":"9788087606513","manufacturer":"Poutn\u00edkova \u010detba","categorytext":""},"_links":{"self":[{"href":"https:\/\/www.luxor.cz\/blog\/wp-json\/wp\/v2\/product\/164134","targetHints":{"allow":["GET"]}}],"collection":[{"href":"https:\/\/www.luxor.cz\/blog\/wp-json\/wp\/v2\/product"}],"about":[{"href":"https:\/\/www.luxor.cz\/blog\/wp-json\/wp\/v2\/types\/product"}],"replies":[{"embeddable":true,"href":"https:\/\/www.luxor.cz\/blog\/wp-json\/wp\/v2\/comments?post=164134"}],"wp:attachment":[{"href":"https:\/\/www.luxor.cz\/blog\/wp-json\/wp\/v2\/media?parent=164134"}],"wp:term":[{"taxonomy":"product_cat","embeddable":true,"href":"https:\/\/www.luxor.cz\/blog\/wp-json\/wp\/v2\/product_cat?post=164134"},{"taxonomy":"product_tag","embeddable":true,"href":"https:\/\/www.luxor.cz\/blog\/wp-json\/wp\/v2\/product_tag?post=164134"}],"curies":[{"name":"wp","href":"https:\/\/api.w.org\/{rel}","templated":true}]}}