{"id":163386,"date":"2023-08-15T11:35:40","date_gmt":"2023-08-15T09:35:40","guid":{"rendered":"https:\/\/www.luxor.cz\/blog\/produkt\/bramborova-kucharka\/"},"modified":"2023-08-15T11:35:40","modified_gmt":"2023-08-15T09:35:40","slug":"bramborova-kucharka","status":"publish","type":"product","link":"https:\/\/www.luxor.cz\/blog\/produkt\/bramborova-kucharka\/","title":{"rendered":"Bramborov\u00e1 kucha\u0159ka"},"content":{"rendered":"<p>Kniha zasahuj\u00edc\u00ed sv\u00fdm obsahem jak do odborn\u00e9 literatury, tak i beletrie, seznamuje v \u00favodn\u00edch kapitol\u00e1ch \u010dten\u00e1\u0159e, p\u0159edev\u0161\u00edm milovn\u00edky rodinn\u00e9ho va\u0159en\u00ed, s histori\u00ed lilku hl\u00edznat\u00e9ho (Solanum tuberosum) v Evrop\u011b, pozn\u00e1v\u00e1n\u00ed jeho u\u017eite\u010dnosti, kdy\u017e doslova zachr\u00e1nil Evropu p\u0159ed hladomorem, a jeho v\u00fdznam v praktick\u00e9m l\u00e9ka\u0159stv\u00ed. Proto\u017ee jde o kucha\u0159ku, jsou v knize uvedeny recepty \u010desk\u00e9, moravsk\u00e9 i sv\u011btov\u00e9 kuchyn\u011b rozd\u011blen\u00e9 do kapitol: pol\u00e9vky, knedl\u00edky, t\u011bstoviny, placky, j\u00eddla va\u0159en\u00e1 a zap\u00e9kan\u00e1, sal\u00e1ty, pomaz\u00e1nky, gul\u00e1\u0161e apod. Jednotliv\u00e9 kapitoly dopl\u0148uj\u00ed z\u00e1bavn\u00e9, kritick\u00e9, objevn\u00e9 a pou\u010dn\u00e9 promluvy autora a poetick\u00e9 ilustrace Pavla Raka.<\/p>\n","protected":false},"excerpt":{"rendered":"<p>Kniha zasahuj\u00edc\u00ed sv\u00fdm obsahem jak do odborn\u00e9 literatury, tak i beletrie, seznamuje v \u00favodn\u00edch kapitol\u00e1ch \u010dten\u00e1\u0159e, p\u0159edev\u0161\u00edm milovn\u00edky rodinn\u00e9ho va\u0159en\u00ed, s histori\u00ed lilku hl\u00edznat\u00e9ho (Solanum tuberosum) v Evrop\u011b, pozn\u00e1v\u00e1n\u00ed jeho [&hellip;]<\/p>\n","protected":false},"featured_media":0,"comment_status":"closed","ping_status":"open","template":"","meta":{"_acf_changed":false,"_monsterinsights_skip_tracking":false,"_monsterinsights_sitenote_active":false,"_monsterinsights_sitenote_note":"","_monsterinsights_sitenote_category":0,"_EventAllDay":false,"_EventTimezone":"","_EventStartDate":"","_EventEndDate":"","_EventStartDateUTC":"","_EventEndDateUTC":"","_EventShowMap":false,"_EventShowMapLink":false,"_EventURL":"","_EventCost":"","_EventCostDescription":"","_EventCurrencySymbol":"","_EventCurrencyCode":"","_EventCurrencyPosition":"","_EventDateTimeSeparator":"","_EventTimeRangeSeparator":"","_EventOrganizerID":[],"_EventVenueID":[],"_OrganizerEmail":"","_OrganizerPhone":"","_OrganizerWebsite":"","_VenueAddress":"","_VenueCity":"","_VenueCountry":"","_VenueProvince":"","_VenueState":"","_VenueZip":"","_VenuePhone":"","_VenueURL":"","_VenueStateProvince":"","_VenueLat":"","_VenueLng":"","_VenueShowMap":false,"_VenueShowMapLink":false,"twitterCardType":"","cardImageID":0,"cardImage":"","cardTitle":"","cardDesc":"","cardImageAlt":"","cardPlayer":"","cardPlayerWidth":0,"cardPlayerHeight":0,"cardPlayerStream":"","cardPlayerCodec":""},"product_cat":[],"product_tag":[],"class_list":["post-163386","product","type-product","status-publish","hentry"],"acf":{"description":"Kniha zasahuj\u00edc\u00ed sv\u00fdm obsahem jak do odborn\u00e9 literatury, tak i beletrie, seznamuje v \u00favodn\u00edch kapitol\u00e1ch \u010dten\u00e1\u0159e, p\u0159edev\u0161\u00edm milovn\u00edky rodinn\u00e9ho va\u0159en\u00ed, s histori\u00ed lilku hl\u00edznat\u00e9ho (Solanum tuberosum) v Evrop\u011b, pozn\u00e1v\u00e1n\u00ed jeho u\u017eite\u010dnosti, kdy\u017e doslova zachr\u00e1nil Evropu p\u0159ed hladomorem, a jeho v\u00fdznam v praktick\u00e9m l\u00e9ka\u0159stv\u00ed. Proto\u017ee jde o kucha\u0159ku, jsou v knize uvedeny recepty \u010desk\u00e9, moravsk\u00e9 i sv\u011btov\u00e9 kuchyn\u011b rozd\u011blen\u00e9 do kapitol: pol\u00e9vky, knedl\u00edky, t\u011bstoviny, placky, j\u00eddla va\u0159en\u00e1 a zap\u00e9kan\u00e1, sal\u00e1ty, pomaz\u00e1nky, gul\u00e1\u0161e apod. Jednotliv\u00e9 kapitoly dopl\u0148uj\u00ed z\u00e1bavn\u00e9, kritick\u00e9, objevn\u00e9 a pou\u010dn\u00e9 promluvy autora a poetick\u00e9 ilustrace Pavla Raka.","item_id":"LX1920783","productname":"Bramborov\u00e1 kucha\u0159ka","product":"Bramborov\u00e1 kucha\u0159ka","url":"https:\/\/www.luxor.cz\/v\/1920783\/bramborova-kucharka","imgurl":"https:\/\/img.luxor.cz\/orig\/produkty\/9788088326342.jpg","price_vat":"355.00","margin":"","vat":"","paramname1":"","paramval1":"","paramname2":"","paramval2":"","paramname3":"","paramval3":"","paramname4":"","paramval4":"","paramname5":"","paramval5":"","paramname6":"","paramval6":"","paramname7":"","paramval7":"","paramname8":"","paramval8":"","paramname9":"","paramval9":"","paramname10":"","paramval10":"","ean":"9788088326342","manufacturer":"Kava-Pech","categorytext":""},"_links":{"self":[{"href":"https:\/\/www.luxor.cz\/blog\/wp-json\/wp\/v2\/product\/163386","targetHints":{"allow":["GET"]}}],"collection":[{"href":"https:\/\/www.luxor.cz\/blog\/wp-json\/wp\/v2\/product"}],"about":[{"href":"https:\/\/www.luxor.cz\/blog\/wp-json\/wp\/v2\/types\/product"}],"replies":[{"embeddable":true,"href":"https:\/\/www.luxor.cz\/blog\/wp-json\/wp\/v2\/comments?post=163386"}],"wp:attachment":[{"href":"https:\/\/www.luxor.cz\/blog\/wp-json\/wp\/v2\/media?parent=163386"}],"wp:term":[{"taxonomy":"product_cat","embeddable":true,"href":"https:\/\/www.luxor.cz\/blog\/wp-json\/wp\/v2\/product_cat?post=163386"},{"taxonomy":"product_tag","embeddable":true,"href":"https:\/\/www.luxor.cz\/blog\/wp-json\/wp\/v2\/product_tag?post=163386"}],"curies":[{"name":"wp","href":"https:\/\/api.w.org\/{rel}","templated":true}]}}