{"id":162447,"date":"2023-08-15T11:10:03","date_gmt":"2023-08-15T09:10:03","guid":{"rendered":"https:\/\/www.luxor.cz\/blog\/produkt\/cerny-usvit\/"},"modified":"2023-08-15T11:10:04","modified_gmt":"2023-08-15T09:10:04","slug":"cerny-usvit","status":"publish","type":"product","link":"https:\/\/www.luxor.cz\/blog\/produkt\/cerny-usvit\/","title":{"rendered":"\u010cern\u00fd \u00fasvit"},"content":{"rendered":"<p>Na p\u00edskovi\u0161ti u domu v ji\u017en\u00edm \u0160v\u00e9dsku je zavra\u017ed\u011bna mal\u00e1 hol\u010di\u010dka, kter\u00e1 se do zem\u011b dostala prost\u0159ednictv\u00edm adopce. D\u011bsiv\u00fd a nepochopiteln\u00fd \u010din se neda\u0159\u00ed objasnit a bohu\u017eel je brzy ve Stockholmu nalezeno dal\u0161\u00ed mrtv\u00e9 d\u00edt\u011b, chlapec Aram. Ob\u011b d\u011bti byly zabity podobn\u011b brut\u00e1ln\u00edm zp\u016fsobem. Vrah st\u00e1le unik\u00e1 a nikdo netu\u0161\u00ed, kdy a kde n\u011bco hrozn\u00e9ho provede znovu. T\u00fdm vy\u0161et\u0159ovatel\u016f pracuje s verz\u00ed rasov\u00e9ho motivu a objevuj\u00ed se souvislosti, kter\u00e9 tuto teorii podporuj\u00ed, jen\u017ee potom p\u00e1tr\u00e1n\u00ed nabere ne\u010dekan\u00fd sm\u011br, sahaj\u00edc\u00ed daleko do minulosti&#8230;<br \/>\n\u010cern\u00fd \u00fasvit je dal\u0161\u00edm p\u0159\u00edb\u011bhem z ponur\u00e9 seversk\u00e9 krimin\u00e1ln\u00ed s\u00e9rie s Timem Stiltonem a Olivi\u00ed R\u00f6nningovou.<\/p>\n","protected":false},"excerpt":{"rendered":"<p>Na p\u00edskovi\u0161ti u domu v ji\u017en\u00edm \u0160v\u00e9dsku je zavra\u017ed\u011bna mal\u00e1 hol\u010di\u010dka, kter\u00e1 se do zem\u011b dostala prost\u0159ednictv\u00edm adopce. D\u011bsiv\u00fd a nepochopiteln\u00fd \u010din se neda\u0159\u00ed objasnit a bohu\u017eel je brzy ve [&hellip;]<\/p>\n","protected":false},"featured_media":0,"comment_status":"closed","ping_status":"open","template":"","meta":{"_acf_changed":false,"_monsterinsights_skip_tracking":false,"_monsterinsights_sitenote_active":false,"_monsterinsights_sitenote_note":"","_monsterinsights_sitenote_category":0,"_EventAllDay":false,"_EventTimezone":"","_EventStartDate":"","_EventEndDate":"","_EventStartDateUTC":"","_EventEndDateUTC":"","_EventShowMap":false,"_EventShowMapLink":false,"_EventURL":"","_EventCost":"","_EventCostDescription":"","_EventCurrencySymbol":"","_EventCurrencyCode":"","_EventCurrencyPosition":"","_EventDateTimeSeparator":"","_EventTimeRangeSeparator":"","_EventOrganizerID":[],"_EventVenueID":[],"_OrganizerEmail":"","_OrganizerPhone":"","_OrganizerWebsite":"","_VenueAddress":"","_VenueCity":"","_VenueCountry":"","_VenueProvince":"","_VenueState":"","_VenueZip":"","_VenuePhone":"","_VenueURL":"","_VenueStateProvince":"","_VenueLat":"","_VenueLng":"","_VenueShowMap":false,"_VenueShowMapLink":false,"twitterCardType":"","cardImageID":0,"cardImage":"","cardTitle":"","cardDesc":"","cardImageAlt":"","cardPlayer":"","cardPlayerWidth":0,"cardPlayerHeight":0,"cardPlayerStream":"","cardPlayerCodec":""},"product_cat":[],"product_tag":[],"class_list":["post-162447","product","type-product","status-publish","hentry"],"acf":{"description":"Na p\u00edskovi\u0161ti u domu v ji\u017en\u00edm \u0160v\u00e9dsku je zavra\u017ed\u011bna mal\u00e1 hol\u010di\u010dka, kter\u00e1 se do zem\u011b dostala prost\u0159ednictv\u00edm adopce. D\u011bsiv\u00fd a nepochopiteln\u00fd \u010din se neda\u0159\u00ed objasnit a bohu\u017eel je brzy ve Stockholmu nalezeno dal\u0161\u00ed mrtv\u00e9 d\u00edt\u011b, chlapec Aram. Ob\u011b d\u011bti byly zabity podobn\u011b brut\u00e1ln\u00edm zp\u016fsobem. Vrah st\u00e1le unik\u00e1 a nikdo netu\u0161\u00ed, kdy a kde n\u011bco hrozn\u00e9ho provede znovu. T\u00fdm vy\u0161et\u0159ovatel\u016f pracuje s verz\u00ed rasov\u00e9ho motivu a objevuj\u00ed se souvislosti, kter\u00e9 tuto teorii podporuj\u00ed, jen\u017ee potom p\u00e1tr\u00e1n\u00ed nabere ne\u010dekan\u00fd sm\u011br, sahaj\u00edc\u00ed daleko do minulosti...\n\u010cern\u00fd \u00fasvit je dal\u0161\u00edm p\u0159\u00edb\u011bhem z ponur\u00e9 seversk\u00e9 krimin\u00e1ln\u00ed s\u00e9rie s Timem Stiltonem a Olivi\u00ed R\u00f6nningovou.","item_id":"LX1919070","productname":"\u010cern\u00fd \u00fasvit","product":"\u010cern\u00fd \u00fasvit","url":"https:\/\/www.luxor.cz\/v\/1919070\/cerny-usvit","imgurl":"https:\/\/img.luxor.cz\/orig\/produkty\/9788024285207.jpg","price_vat":"447.00","margin":"","vat":"","paramname1":"","paramval1":"","paramname2":"","paramval2":"","paramname3":"","paramval3":"","paramname4":"","paramval4":"","paramname5":"","paramval5":"","paramname6":"","paramval6":"","paramname7":"","paramval7":"","paramname8":"","paramval8":"","paramname9":"","paramval9":"","paramname10":"","paramval10":"","ean":"9788024285207","manufacturer":"Kalibr","categorytext":""},"_links":{"self":[{"href":"https:\/\/www.luxor.cz\/blog\/wp-json\/wp\/v2\/product\/162447","targetHints":{"allow":["GET"]}}],"collection":[{"href":"https:\/\/www.luxor.cz\/blog\/wp-json\/wp\/v2\/product"}],"about":[{"href":"https:\/\/www.luxor.cz\/blog\/wp-json\/wp\/v2\/types\/product"}],"replies":[{"embeddable":true,"href":"https:\/\/www.luxor.cz\/blog\/wp-json\/wp\/v2\/comments?post=162447"}],"wp:attachment":[{"href":"https:\/\/www.luxor.cz\/blog\/wp-json\/wp\/v2\/media?parent=162447"}],"wp:term":[{"taxonomy":"product_cat","embeddable":true,"href":"https:\/\/www.luxor.cz\/blog\/wp-json\/wp\/v2\/product_cat?post=162447"},{"taxonomy":"product_tag","embeddable":true,"href":"https:\/\/www.luxor.cz\/blog\/wp-json\/wp\/v2\/product_tag?post=162447"}],"curies":[{"name":"wp","href":"https:\/\/api.w.org\/{rel}","templated":true}]}}