{"id":156478,"date":"2023-08-15T08:02:14","date_gmt":"2023-08-15T06:02:14","guid":{"rendered":"https:\/\/www.luxor.cz\/blog\/produkt\/metal-earth-3d-kovovy-model-apollo-lunar-rover\/"},"modified":"2023-08-15T08:02:16","modified_gmt":"2023-08-15T06:02:16","slug":"metal-earth-3d-kovovy-model-apollo-lunar-rover","status":"publish","type":"product","link":"https:\/\/www.luxor.cz\/blog\/produkt\/metal-earth-3d-kovovy-model-apollo-lunar-rover\/","title":{"rendered":"Metal Earth 3D kovov\u00fd model Apollo Lunar Rover"},"content":{"rendered":"<p>Metal Earth 3D puzzle Lunar Rover<br \/>\nS 3D puzzlem Metal Earth Lunar Rover na va\u0161e d\u011bti \u010di v\u00e1s \u010dek\u00e1 vzru\u0161uj\u00edc\u00ed v\u00fdzva a skv\u011bl\u00fd z\u00e1\u017eitek p\u0159i skl\u00e1d\u00e1n\u00ed. K postaven\u00ed puzzle jsou pot\u0159eba \u0161ikovn\u00e9 ruce i \u0161petka trp\u011blivosti, ale v\u00fdsledek bude st\u00e1t za to. Ze \u010dtvercov\u00fdch<\/p>\n","protected":false},"excerpt":{"rendered":"<p>Metal Earth 3D puzzle Lunar Rover S 3D puzzlem Metal Earth Lunar Rover na va\u0161e d\u011bti \u010di v\u00e1s \u010dek\u00e1 vzru\u0161uj\u00edc\u00ed v\u00fdzva a skv\u011bl\u00fd z\u00e1\u017eitek p\u0159i skl\u00e1d\u00e1n\u00ed. K postaven\u00ed puzzle jsou [&hellip;]<\/p>\n","protected":false},"featured_media":0,"comment_status":"closed","ping_status":"open","template":"","meta":{"_acf_changed":false,"_monsterinsights_skip_tracking":false,"_monsterinsights_sitenote_active":false,"_monsterinsights_sitenote_note":"","_monsterinsights_sitenote_category":0,"_EventAllDay":false,"_EventTimezone":"","_EventStartDate":"","_EventEndDate":"","_EventStartDateUTC":"","_EventEndDateUTC":"","_EventShowMap":false,"_EventShowMapLink":false,"_EventURL":"","_EventCost":"","_EventCostDescription":"","_EventCurrencySymbol":"","_EventCurrencyCode":"","_EventCurrencyPosition":"","_EventDateTimeSeparator":"","_EventTimeRangeSeparator":"","_EventOrganizerID":[],"_EventVenueID":[],"_OrganizerEmail":"","_OrganizerPhone":"","_OrganizerWebsite":"","_VenueAddress":"","_VenueCity":"","_VenueCountry":"","_VenueProvince":"","_VenueState":"","_VenueZip":"","_VenuePhone":"","_VenueURL":"","_VenueStateProvince":"","_VenueLat":"","_VenueLng":"","_VenueShowMap":false,"_VenueShowMapLink":false,"twitterCardType":"","cardImageID":0,"cardImage":"","cardTitle":"","cardDesc":"","cardImageAlt":"","cardPlayer":"","cardPlayerWidth":0,"cardPlayerHeight":0,"cardPlayerStream":"","cardPlayerCodec":""},"product_cat":[],"product_tag":[],"class_list":["post-156478","product","type-product","status-publish","hentry"],"acf":{"description":"Metal Earth 3D puzzle Lunar Rover\nS 3D puzzlem Metal Earth Lunar Rover na va\u0161e d\u011bti \u010di v\u00e1s \u010dek\u00e1 vzru\u0161uj\u00edc\u00ed v\u00fdzva a skv\u011bl\u00fd z\u00e1\u017eitek p\u0159i skl\u00e1d\u00e1n\u00ed. K postaven\u00ed puzzle jsou pot\u0159eba \u0161ikovn\u00e9 ruce i \u0161petka trp\u011blivosti, ale v\u00fdsledek bude st\u00e1t za to. Ze \u010dtvercov\u00fdch","item_id":"LX1897304","productname":"Metal Earth 3D kovov\u00fd model Apollo Lunar Rover","product":"Metal Earth 3D kovov\u00fd model Apollo Lunar Rover","url":"https:\/\/www.luxor.cz\/v\/1897304\/metal-earth-3d-kovovy-model-apollo-lunar-rover","imgurl":"https:\/\/img.luxor.cz\/orig\/produkty\/032309010947.jpg","price_vat":"379.00","margin":"","vat":"","paramname1":"","paramval1":"","paramname2":"","paramval2":"","paramname3":"","paramval3":"","paramname4":"","paramval4":"","paramname5":"","paramval5":"","paramname6":"","paramval6":"","paramname7":"","paramval7":"","paramname8":"","paramval8":"","paramname9":"","paramval9":"","paramname10":"","paramval10":"","ean":"032309010947","manufacturer":"Metal Earth","categorytext":""},"_links":{"self":[{"href":"https:\/\/www.luxor.cz\/blog\/wp-json\/wp\/v2\/product\/156478","targetHints":{"allow":["GET"]}}],"collection":[{"href":"https:\/\/www.luxor.cz\/blog\/wp-json\/wp\/v2\/product"}],"about":[{"href":"https:\/\/www.luxor.cz\/blog\/wp-json\/wp\/v2\/types\/product"}],"replies":[{"embeddable":true,"href":"https:\/\/www.luxor.cz\/blog\/wp-json\/wp\/v2\/comments?post=156478"}],"wp:attachment":[{"href":"https:\/\/www.luxor.cz\/blog\/wp-json\/wp\/v2\/media?parent=156478"}],"wp:term":[{"taxonomy":"product_cat","embeddable":true,"href":"https:\/\/www.luxor.cz\/blog\/wp-json\/wp\/v2\/product_cat?post=156478"},{"taxonomy":"product_tag","embeddable":true,"href":"https:\/\/www.luxor.cz\/blog\/wp-json\/wp\/v2\/product_tag?post=156478"}],"curies":[{"name":"wp","href":"https:\/\/api.w.org\/{rel}","templated":true}]}}