{"id":153530,"date":"2023-08-15T06:39:16","date_gmt":"2023-08-15T04:39:16","guid":{"rendered":"https:\/\/www.luxor.cz\/blog\/produkt\/topp-80-nejkrasnejsich-napadu-z-ubrousku\/"},"modified":"2023-08-15T06:39:17","modified_gmt":"2023-08-15T04:39:17","slug":"topp-80-nejkrasnejsich-napadu-z-ubrousku","status":"publish","type":"product","link":"https:\/\/www.luxor.cz\/blog\/produkt\/topp-80-nejkrasnejsich-napadu-z-ubrousku\/","title":{"rendered":"TOPP 80 nejkr\u00e1sn\u011bj\u0161\u00edch n\u00e1pad\u016f z ubrousk\u016f"},"content":{"rendered":"<p>V knize najdete inspiraci na origin\u00e1ln\u00ed ale i klasick\u00e9 skl\u00e1d\u00e1n\u00ed pap\u00edrov\u00fdch \u010di l\u00e1tkov\u00fdch ubrousk\u016f, kter\u00e9 ozdob\u00ed va\u0161i slavnostn\u00ed tabuli. V\u0161echny n\u00e1vody skl\u00e1d\u00e1n\u00ed jsou vysv\u011btlen\u00e9 krok za krokem s p\u0159ehledn\u00fdmi skicami pro skl\u00e1d\u00e1n\u00ed.<\/p>\n","protected":false},"excerpt":{"rendered":"<p>V knize najdete inspiraci na origin\u00e1ln\u00ed ale i klasick\u00e9 skl\u00e1d\u00e1n\u00ed pap\u00edrov\u00fdch \u010di l\u00e1tkov\u00fdch ubrousk\u016f, kter\u00e9 ozdob\u00ed va\u0161i slavnostn\u00ed tabuli. V\u0161echny n\u00e1vody skl\u00e1d\u00e1n\u00ed jsou vysv\u011btlen\u00e9 krok za krokem s p\u0159ehledn\u00fdmi skicami [&hellip;]<\/p>\n","protected":false},"featured_media":0,"comment_status":"closed","ping_status":"open","template":"","meta":{"_acf_changed":false,"_monsterinsights_skip_tracking":false,"_monsterinsights_sitenote_active":false,"_monsterinsights_sitenote_note":"","_monsterinsights_sitenote_category":0,"_EventAllDay":false,"_EventTimezone":"","_EventStartDate":"","_EventEndDate":"","_EventStartDateUTC":"","_EventEndDateUTC":"","_EventShowMap":false,"_EventShowMapLink":false,"_EventURL":"","_EventCost":"","_EventCostDescription":"","_EventCurrencySymbol":"","_EventCurrencyCode":"","_EventCurrencyPosition":"","_EventDateTimeSeparator":"","_EventTimeRangeSeparator":"","_EventOrganizerID":[],"_EventVenueID":[],"_OrganizerEmail":"","_OrganizerPhone":"","_OrganizerWebsite":"","_VenueAddress":"","_VenueCity":"","_VenueCountry":"","_VenueProvince":"","_VenueState":"","_VenueZip":"","_VenuePhone":"","_VenueURL":"","_VenueStateProvince":"","_VenueLat":"","_VenueLng":"","_VenueShowMap":false,"_VenueShowMapLink":false,"twitterCardType":"","cardImageID":0,"cardImage":"","cardTitle":"","cardDesc":"","cardImageAlt":"","cardPlayer":"","cardPlayerWidth":0,"cardPlayerHeight":0,"cardPlayerStream":"","cardPlayerCodec":""},"product_cat":[],"product_tag":[],"class_list":["post-153530","product","type-product","status-publish","hentry"],"acf":{"description":"V knize najdete inspiraci na origin\u00e1ln\u00ed ale i klasick\u00e9 skl\u00e1d\u00e1n\u00ed pap\u00edrov\u00fdch \u010di l\u00e1tkov\u00fdch ubrousk\u016f, kter\u00e9 ozdob\u00ed va\u0161i slavnostn\u00ed tabuli. V\u0161echny n\u00e1vody skl\u00e1d\u00e1n\u00ed jsou vysv\u011btlen\u00e9 krok za krokem s p\u0159ehledn\u00fdmi skicami pro skl\u00e1d\u00e1n\u00ed.","item_id":"LX1893311","productname":"TOPP 80 nejkr\u00e1sn\u011bj\u0161\u00edch n\u00e1pad\u016f z ubrousk\u016f","product":"TOPP 80 nejkr\u00e1sn\u011bj\u0161\u00edch n\u00e1pad\u016f z ubrousk\u016f","url":"https:\/\/www.luxor.cz\/v\/1893311\/topp-80-nejkrasnejsich-napadu-z-ubrousku","imgurl":"https:\/\/img.luxor.cz\/orig\/produkty\/9788088036760.jpg","price_vat":"89.00","margin":"","vat":"","paramname1":"","paramval1":"","paramname2":"","paramval2":"","paramname3":"","paramval3":"","paramname4":"","paramval4":"","paramname5":"","paramval5":"","paramname6":"","paramval6":"","paramname7":"","paramval7":"","paramname8":"","paramval8":"","paramname9":"","paramval9":"","paramname10":"","paramval10":"","ean":"9788088036760","manufacturer":"Bookmedia","categorytext":""},"_links":{"self":[{"href":"https:\/\/www.luxor.cz\/blog\/wp-json\/wp\/v2\/product\/153530","targetHints":{"allow":["GET"]}}],"collection":[{"href":"https:\/\/www.luxor.cz\/blog\/wp-json\/wp\/v2\/product"}],"about":[{"href":"https:\/\/www.luxor.cz\/blog\/wp-json\/wp\/v2\/types\/product"}],"replies":[{"embeddable":true,"href":"https:\/\/www.luxor.cz\/blog\/wp-json\/wp\/v2\/comments?post=153530"}],"wp:attachment":[{"href":"https:\/\/www.luxor.cz\/blog\/wp-json\/wp\/v2\/media?parent=153530"}],"wp:term":[{"taxonomy":"product_cat","embeddable":true,"href":"https:\/\/www.luxor.cz\/blog\/wp-json\/wp\/v2\/product_cat?post=153530"},{"taxonomy":"product_tag","embeddable":true,"href":"https:\/\/www.luxor.cz\/blog\/wp-json\/wp\/v2\/product_tag?post=153530"}],"curies":[{"name":"wp","href":"https:\/\/api.w.org\/{rel}","templated":true}]}}