{"id":152487,"date":"2023-08-15T06:19:17","date_gmt":"2023-08-15T04:19:17","guid":{"rendered":"https:\/\/www.luxor.cz\/blog\/produkt\/hannibal-nepritel-rima\/"},"modified":"2023-08-15T06:19:17","modified_gmt":"2023-08-15T04:19:17","slug":"hannibal-nepritel-rima","status":"publish","type":"product","link":"https:\/\/www.luxor.cz\/blog\/produkt\/hannibal-nepritel-rima\/","title":{"rendered":"Hannibal: Nep\u0159\u00edtel \u0158\u00edma"},"content":{"rendered":"<p>Nejv\u011bt\u0161\u00ed v\u00e1le\u010dn\u00edk starov\u011bku v prvn\u00edm d\u00edlu historick\u00e9 epopeje<br \/>\nPrvn\u00ed d\u00edl strhuj\u00edc\u00ed historick\u00e9 trilogie se odehr\u00e1v\u00e1 po prvn\u00ed punsk\u00e9 v\u00e1lce, v n\u00ed\u017e \u0158\u00edm v boji o nadvl\u00e1du ve st\u0159edomo\u0159sk\u00e9m sv\u011bt\u011b poko\u0159il Kart\u00e1go. Nyn\u00ed se mlad\u00fd kartaginsk\u00fd gener\u00e1l Hannibal chyst\u00e1 k odvet\u011b. Na osudech dvou rodin, kartaginsk\u00e9 a \u0159\u00edmsk\u00e9, sledujeme vliv v\u00e1le\u010dn\u00fdch st\u0159et\u016f na \u017eivoty b\u011b\u017en\u00fdch lid\u00ed i p\u0159evratn\u00e9 zm\u011bny, kter\u00e9 p\u0159inesly. N\u011bkdej\u0161\u00ed p\u0159\u00e1tel\u00e9 se ve v\u00e1le\u010dn\u00e9m konflikt ocitnou na znep\u0159\u00e1telen\u00fdch stran\u00e1ch a a\u017e nel\u00edtostn\u00e1 bitva rozhodne, jak\u00e9 budou jejich dal\u0161\u00ed vztahy.<\/p>\n","protected":false},"excerpt":{"rendered":"<p>Nejv\u011bt\u0161\u00ed v\u00e1le\u010dn\u00edk starov\u011bku v prvn\u00edm d\u00edlu historick\u00e9 epopeje Prvn\u00ed d\u00edl strhuj\u00edc\u00ed historick\u00e9 trilogie se odehr\u00e1v\u00e1 po prvn\u00ed punsk\u00e9 v\u00e1lce, v n\u00ed\u017e \u0158\u00edm v boji o nadvl\u00e1du ve st\u0159edomo\u0159sk\u00e9m sv\u011bt\u011b poko\u0159il [&hellip;]<\/p>\n","protected":false},"featured_media":0,"comment_status":"closed","ping_status":"open","template":"","meta":{"_acf_changed":false,"_monsterinsights_skip_tracking":false,"_monsterinsights_sitenote_active":false,"_monsterinsights_sitenote_note":"","_monsterinsights_sitenote_category":0,"_EventAllDay":false,"_EventTimezone":"","_EventStartDate":"","_EventEndDate":"","_EventStartDateUTC":"","_EventEndDateUTC":"","_EventShowMap":false,"_EventShowMapLink":false,"_EventURL":"","_EventCost":"","_EventCostDescription":"","_EventCurrencySymbol":"","_EventCurrencyCode":"","_EventCurrencyPosition":"","_EventDateTimeSeparator":"","_EventTimeRangeSeparator":"","_EventOrganizerID":[],"_EventVenueID":[],"_OrganizerEmail":"","_OrganizerPhone":"","_OrganizerWebsite":"","_VenueAddress":"","_VenueCity":"","_VenueCountry":"","_VenueProvince":"","_VenueState":"","_VenueZip":"","_VenuePhone":"","_VenueURL":"","_VenueStateProvince":"","_VenueLat":"","_VenueLng":"","_VenueShowMap":false,"_VenueShowMapLink":false,"twitterCardType":"","cardImageID":0,"cardImage":"","cardTitle":"","cardDesc":"","cardImageAlt":"","cardPlayer":"","cardPlayerWidth":0,"cardPlayerHeight":0,"cardPlayerStream":"","cardPlayerCodec":""},"product_cat":[],"product_tag":[],"class_list":["post-152487","product","type-product","status-publish","hentry"],"acf":{"description":"Nejv\u011bt\u0161\u00ed v\u00e1le\u010dn\u00edk starov\u011bku v prvn\u00edm d\u00edlu historick\u00e9 epopeje\nPrvn\u00ed d\u00edl strhuj\u00edc\u00ed historick\u00e9 trilogie se odehr\u00e1v\u00e1 po prvn\u00ed punsk\u00e9 v\u00e1lce, v n\u00ed\u017e \u0158\u00edm v boji o nadvl\u00e1du ve st\u0159edomo\u0159sk\u00e9m sv\u011bt\u011b poko\u0159il Kart\u00e1go. Nyn\u00ed se mlad\u00fd kartaginsk\u00fd gener\u00e1l Hannibal chyst\u00e1 k odvet\u011b. Na osudech dvou rodin, kartaginsk\u00e9 a \u0159\u00edmsk\u00e9, sledujeme vliv v\u00e1le\u010dn\u00fdch st\u0159et\u016f na \u017eivoty b\u011b\u017en\u00fdch lid\u00ed i p\u0159evratn\u00e9 zm\u011bny, kter\u00e9 p\u0159inesly. N\u011bkdej\u0161\u00ed p\u0159\u00e1tel\u00e9 se ve v\u00e1le\u010dn\u00e9m konflikt ocitnou na znep\u0159\u00e1telen\u00fdch stran\u00e1ch a a\u017e nel\u00edtostn\u00e1 bitva rozhodne, jak\u00e9 budou jejich dal\u0161\u00ed vztahy.","item_id":"LX1889989","productname":"Hannibal: Nep\u0159\u00edtel \u0158\u00edma","product":"Hannibal: Nep\u0159\u00edtel \u0158\u00edma","url":"https:\/\/www.luxor.cz\/v\/1889989\/hannibal-1-nepritel-rima","imgurl":"https:\/\/img.luxor.cz\/orig\/produkty\/9788076014015.jpg","price_vat":"402.00","margin":"","vat":"","paramname1":"","paramval1":"","paramname2":"","paramval2":"","paramname3":"","paramval3":"","paramname4":"","paramval4":"","paramname5":"","paramval5":"","paramname6":"","paramval6":"","paramname7":"","paramval7":"","paramname8":"","paramval8":"","paramname9":"","paramval9":"","paramname10":"","paramval10":"","ean":"9788076014015","manufacturer":"Vy\u0161ehrad","categorytext":""},"_links":{"self":[{"href":"https:\/\/www.luxor.cz\/blog\/wp-json\/wp\/v2\/product\/152487","targetHints":{"allow":["GET"]}}],"collection":[{"href":"https:\/\/www.luxor.cz\/blog\/wp-json\/wp\/v2\/product"}],"about":[{"href":"https:\/\/www.luxor.cz\/blog\/wp-json\/wp\/v2\/types\/product"}],"replies":[{"embeddable":true,"href":"https:\/\/www.luxor.cz\/blog\/wp-json\/wp\/v2\/comments?post=152487"}],"wp:attachment":[{"href":"https:\/\/www.luxor.cz\/blog\/wp-json\/wp\/v2\/media?parent=152487"}],"wp:term":[{"taxonomy":"product_cat","embeddable":true,"href":"https:\/\/www.luxor.cz\/blog\/wp-json\/wp\/v2\/product_cat?post=152487"},{"taxonomy":"product_tag","embeddable":true,"href":"https:\/\/www.luxor.cz\/blog\/wp-json\/wp\/v2\/product_tag?post=152487"}],"curies":[{"name":"wp","href":"https:\/\/api.w.org\/{rel}","templated":true}]}}