{"id":152430,"date":"2023-08-15T06:18:25","date_gmt":"2023-08-15T04:18:25","guid":{"rendered":"https:\/\/www.luxor.cz\/blog\/produkt\/jan-rychlik-zivot-a-dilo-skladatele\/"},"modified":"2023-08-15T06:18:25","modified_gmt":"2023-08-15T04:18:25","slug":"jan-rychlik-zivot-a-dilo-skladatele","status":"publish","type":"product","link":"https:\/\/www.luxor.cz\/blog\/produkt\/jan-rychlik-zivot-a-dilo-skladatele\/","title":{"rendered":"Jan Rychl\u00edk &#8211; \u017divot a d\u00edlo skladatele"},"content":{"rendered":"<p>Kniha &#8222;Jan Rychl\u00edk &#8211; \u017divot a d\u00edlo skladatele&#8220; spad\u00e1 do \u017e\u00e1nru Biografie, memo\u00e1ry. Autorem je K\u0159\u00ed\u017eek Milan. Kniha je bro\u017eovan\u00e1. Obsahuje 130 stran. Jedn\u00e1 se o po\u010din nakladatelstv\u00ed &#8222;H+H&#8220; z roku 2019.<br \/>\nP\u0159ejeme p\u0159\u00edjemn\u00e9 \u010dten\u00ed.<\/p>\n","protected":false},"excerpt":{"rendered":"<p>Kniha &#8222;Jan Rychl\u00edk &#8211; \u017divot a d\u00edlo skladatele&#8220; spad\u00e1 do \u017e\u00e1nru Biografie, memo\u00e1ry. Autorem je K\u0159\u00ed\u017eek Milan. Kniha je bro\u017eovan\u00e1. Obsahuje 130 stran. Jedn\u00e1 se o po\u010din nakladatelstv\u00ed &#8222;H+H&#8220; z [&hellip;]<\/p>\n","protected":false},"featured_media":0,"comment_status":"closed","ping_status":"open","template":"","meta":{"_acf_changed":false,"_monsterinsights_skip_tracking":false,"_monsterinsights_sitenote_active":false,"_monsterinsights_sitenote_note":"","_monsterinsights_sitenote_category":0,"_EventAllDay":false,"_EventTimezone":"","_EventStartDate":"","_EventEndDate":"","_EventStartDateUTC":"","_EventEndDateUTC":"","_EventShowMap":false,"_EventShowMapLink":false,"_EventURL":"","_EventCost":"","_EventCostDescription":"","_EventCurrencySymbol":"","_EventCurrencyCode":"","_EventCurrencyPosition":"","_EventDateTimeSeparator":"","_EventTimeRangeSeparator":"","_EventOrganizerID":[],"_EventVenueID":[],"_OrganizerEmail":"","_OrganizerPhone":"","_OrganizerWebsite":"","_VenueAddress":"","_VenueCity":"","_VenueCountry":"","_VenueProvince":"","_VenueState":"","_VenueZip":"","_VenuePhone":"","_VenueURL":"","_VenueStateProvince":"","_VenueLat":"","_VenueLng":"","_VenueShowMap":false,"_VenueShowMapLink":false,"twitterCardType":"","cardImageID":0,"cardImage":"","cardTitle":"","cardDesc":"","cardImageAlt":"","cardPlayer":"","cardPlayerWidth":0,"cardPlayerHeight":0,"cardPlayerStream":"","cardPlayerCodec":""},"product_cat":[],"product_tag":[],"class_list":["post-152430","product","type-product","status-publish","hentry"],"acf":{"description":"Kniha \"Jan Rychl\u00edk - \u017divot a d\u00edlo skladatele\" spad\u00e1 do \u017e\u00e1nru Biografie, memo\u00e1ry. Autorem je K\u0159\u00ed\u017eek Milan. Kniha je bro\u017eovan\u00e1. Obsahuje 130 stran. Jedn\u00e1 se o po\u010din nakladatelstv\u00ed \"H+H\" z roku 2019.\nP\u0159ejeme p\u0159\u00edjemn\u00e9 \u010dten\u00ed.","item_id":"LX1888879","productname":"Jan Rychl\u00edk - \u017divot a d\u00edlo skladatele","product":"Jan Rychl\u00edk - \u017divot a d\u00edlo skladatele","url":"https:\/\/www.luxor.cz\/v\/1888879\/jan-rychlik-zivot-a-dilo-skladatele","imgurl":"https:\/\/img.luxor.cz\/orig\/produkty\/9788086022895.jpg","price_vat":"107.00","margin":"","vat":"","paramname1":"","paramval1":"","paramname2":"","paramval2":"","paramname3":"","paramval3":"","paramname4":"","paramval4":"","paramname5":"","paramval5":"","paramname6":"","paramval6":"","paramname7":"","paramval7":"","paramname8":"","paramval8":"","paramname9":"","paramval9":"","paramname10":"","paramval10":"","ean":"9788086022895","manufacturer":"H+H","categorytext":""},"_links":{"self":[{"href":"https:\/\/www.luxor.cz\/blog\/wp-json\/wp\/v2\/product\/152430","targetHints":{"allow":["GET"]}}],"collection":[{"href":"https:\/\/www.luxor.cz\/blog\/wp-json\/wp\/v2\/product"}],"about":[{"href":"https:\/\/www.luxor.cz\/blog\/wp-json\/wp\/v2\/types\/product"}],"replies":[{"embeddable":true,"href":"https:\/\/www.luxor.cz\/blog\/wp-json\/wp\/v2\/comments?post=152430"}],"wp:attachment":[{"href":"https:\/\/www.luxor.cz\/blog\/wp-json\/wp\/v2\/media?parent=152430"}],"wp:term":[{"taxonomy":"product_cat","embeddable":true,"href":"https:\/\/www.luxor.cz\/blog\/wp-json\/wp\/v2\/product_cat?post=152430"},{"taxonomy":"product_tag","embeddable":true,"href":"https:\/\/www.luxor.cz\/blog\/wp-json\/wp\/v2\/product_tag?post=152430"}],"curies":[{"name":"wp","href":"https:\/\/api.w.org\/{rel}","templated":true}]}}