{"id":150392,"date":"2023-08-15T05:42:21","date_gmt":"2023-08-15T03:42:21","guid":{"rendered":"https:\/\/www.luxor.cz\/blog\/produkt\/sex-je-sexy-povidky-pro-homo-erotica\/"},"modified":"2023-08-15T05:42:22","modified_gmt":"2023-08-15T03:42:22","slug":"sex-je-sexy-povidky-pro-homo-erotica","status":"publish","type":"product","link":"https:\/\/www.luxor.cz\/blog\/produkt\/sex-je-sexy-povidky-pro-homo-erotica\/","title":{"rendered":"Sex je sexy &#8211; Pov\u00eddky pro homo erotica"},"content":{"rendered":"<p>Soubor r\u016fznorod\u00fdch pov\u00eddek, jejich\u017e \u00fast\u0159edn\u00edm t\u00e9matem je sex.<\/p>\n<p>\u201eSex bez l\u00e1sky je jen pr\u00e1zdn\u00fd pro\u017eitek. Ale co se t\u00fd\u010de pr\u00e1zdn\u00fdch pro\u017eitk\u016f, pat\u0159\u00ed k nejlep\u0161\u00edm.\u201c<br \/>\nWoody Allen<\/p>\n","protected":false},"excerpt":{"rendered":"<p>Soubor r\u016fznorod\u00fdch pov\u00eddek, jejich\u017e \u00fast\u0159edn\u00edm t\u00e9matem je sex. \u201eSex bez l\u00e1sky je jen pr\u00e1zdn\u00fd pro\u017eitek. Ale co se t\u00fd\u010de pr\u00e1zdn\u00fdch pro\u017eitk\u016f, pat\u0159\u00ed k nejlep\u0161\u00edm.\u201c Woody Allen<\/p>\n","protected":false},"featured_media":0,"comment_status":"closed","ping_status":"open","template":"","meta":{"_acf_changed":false,"_monsterinsights_skip_tracking":false,"_monsterinsights_sitenote_active":false,"_monsterinsights_sitenote_note":"","_monsterinsights_sitenote_category":0,"_EventAllDay":false,"_EventTimezone":"","_EventStartDate":"","_EventEndDate":"","_EventStartDateUTC":"","_EventEndDateUTC":"","_EventShowMap":false,"_EventShowMapLink":false,"_EventURL":"","_EventCost":"","_EventCostDescription":"","_EventCurrencySymbol":"","_EventCurrencyCode":"","_EventCurrencyPosition":"","_EventDateTimeSeparator":"","_EventTimeRangeSeparator":"","_EventOrganizerID":[],"_EventVenueID":[],"_OrganizerEmail":"","_OrganizerPhone":"","_OrganizerWebsite":"","_VenueAddress":"","_VenueCity":"","_VenueCountry":"","_VenueProvince":"","_VenueState":"","_VenueZip":"","_VenuePhone":"","_VenueURL":"","_VenueStateProvince":"","_VenueLat":"","_VenueLng":"","_VenueShowMap":false,"_VenueShowMapLink":false,"twitterCardType":"","cardImageID":0,"cardImage":"","cardTitle":"","cardDesc":"","cardImageAlt":"","cardPlayer":"","cardPlayerWidth":0,"cardPlayerHeight":0,"cardPlayerStream":"","cardPlayerCodec":""},"product_cat":[],"product_tag":[],"class_list":["post-150392","product","type-product","status-publish","hentry"],"acf":{"description":"Soubor r\u016fznorod\u00fdch pov\u00eddek, jejich\u017e \u00fast\u0159edn\u00edm t\u00e9matem je sex.\n\n\u201eSex bez l\u00e1sky je jen pr\u00e1zdn\u00fd pro\u017eitek. Ale co se t\u00fd\u010de pr\u00e1zdn\u00fdch pro\u017eitk\u016f, pat\u0159\u00ed k nejlep\u0161\u00edm.\u201c\nWoody Allen","item_id":"LX1883858","productname":"Sex je sexy - Pov\u00eddky pro homo erotica","product":"Sex je sexy - Pov\u00eddky pro homo erotica","url":"https:\/\/www.luxor.cz\/v\/1883858\/sex-je-sexy-povidky-pro-homo-erotica","imgurl":"https:\/\/img.luxor.cz\/orig\/produkty\/9788074972720.jpg","price_vat":"133.00","margin":"","vat":"","paramname1":"","paramval1":"","paramname2":"","paramval2":"","paramname3":"","paramval3":"","paramname4":"","paramval4":"","paramname5":"","paramval5":"","paramname6":"","paramval6":"","paramname7":"","paramval7":"","paramname8":"","paramval8":"","paramname9":"","paramval9":"","paramname10":"","paramval10":"","ean":"9788074972720","manufacturer":"Akcent","categorytext":""},"_links":{"self":[{"href":"https:\/\/www.luxor.cz\/blog\/wp-json\/wp\/v2\/product\/150392","targetHints":{"allow":["GET"]}}],"collection":[{"href":"https:\/\/www.luxor.cz\/blog\/wp-json\/wp\/v2\/product"}],"about":[{"href":"https:\/\/www.luxor.cz\/blog\/wp-json\/wp\/v2\/types\/product"}],"replies":[{"embeddable":true,"href":"https:\/\/www.luxor.cz\/blog\/wp-json\/wp\/v2\/comments?post=150392"}],"wp:attachment":[{"href":"https:\/\/www.luxor.cz\/blog\/wp-json\/wp\/v2\/media?parent=150392"}],"wp:term":[{"taxonomy":"product_cat","embeddable":true,"href":"https:\/\/www.luxor.cz\/blog\/wp-json\/wp\/v2\/product_cat?post=150392"},{"taxonomy":"product_tag","embeddable":true,"href":"https:\/\/www.luxor.cz\/blog\/wp-json\/wp\/v2\/product_tag?post=150392"}],"curies":[{"name":"wp","href":"https:\/\/api.w.org\/{rel}","templated":true}]}}