{"id":150226,"date":"2023-08-15T05:39:13","date_gmt":"2023-08-15T03:39:13","guid":{"rendered":"https:\/\/www.luxor.cz\/blog\/produkt\/obchod-pani-tluste\/"},"modified":"2023-08-15T05:39:13","modified_gmt":"2023-08-15T03:39:13","slug":"obchod-pani-tluste","status":"publish","type":"product","link":"https:\/\/www.luxor.cz\/blog\/produkt\/obchod-pani-tluste\/","title":{"rendered":"Obchod pan\u00ed Tlust\u00e9"},"content":{"rendered":"<p>Origin\u00e1ln\u00ed a d\u016fvtipn\u00e9 poh\u00e1dky pro d\u011bti, kter\u00e9 maj\u00ed r\u00e1dy z\u00e1hady a tajemstv\u00ed. Pln\u00e9 kouzeln\u00fdch bytost\u00ed, kr\u00e1sn\u00fdch princezen i udatn\u00fdch mlad\u00edk\u016f, kde dobro v\u00edt\u011bz\u00ed nad zlem.<br \/>\nU\u017e p\u0159es sto let vlastn\u00ed pan\u00ed Tlust\u00e1 obchod s neobvykl\u00fdmi p\u0159edm\u011bty. Jednoho dne do n\u011bj zav\u00edt\u00e1 sta\u0159ec a vypr\u00e1v\u00ed j\u00ed propleten\u00e9 poh\u00e1dky. P\u0159\u00edb\u011bh za\u010d\u00edn\u00e1 uprost\u0159ed oby\u010dejn\u00e9ho lesa, kde kouzeln\u00fd d\u011bde\u010dek doslova zakopne o lenocha. M\u00edsto aby mu vy\u010dinil, rozhodne se mu darovat kouzeln\u00e9 hodiny, \u010d\u00edm\u017e spust\u00ed celou \u0159adu neo\u010dek\u00e1van\u00fdch ud\u00e1lost\u00ed. Zpovzd\u00e1l\u00ed v\u0161e sleduje zl\u00e1 \u010darod\u011bjnice Mor\u00e9na, kter\u00e1 lidem r\u00e1da zt\u011b\u017euje \u017eivot. Najde se n\u011bkdo, kdo p\u0159ekaz\u00ed jej\u00ed podl\u00fd pl\u00e1n? A jak to dopadne s pan\u00ed Tlustou a vypr\u00e1v\u011bn\u00edm?<\/p>\n","protected":false},"excerpt":{"rendered":"<p>Origin\u00e1ln\u00ed a d\u016fvtipn\u00e9 poh\u00e1dky pro d\u011bti, kter\u00e9 maj\u00ed r\u00e1dy z\u00e1hady a tajemstv\u00ed. Pln\u00e9 kouzeln\u00fdch bytost\u00ed, kr\u00e1sn\u00fdch princezen i udatn\u00fdch mlad\u00edk\u016f, kde dobro v\u00edt\u011bz\u00ed nad zlem. U\u017e p\u0159es sto let vlastn\u00ed [&hellip;]<\/p>\n","protected":false},"featured_media":0,"comment_status":"closed","ping_status":"open","template":"","meta":{"_acf_changed":false,"_monsterinsights_skip_tracking":false,"_monsterinsights_sitenote_active":false,"_monsterinsights_sitenote_note":"","_monsterinsights_sitenote_category":0,"_EventAllDay":false,"_EventTimezone":"","_EventStartDate":"","_EventEndDate":"","_EventStartDateUTC":"","_EventEndDateUTC":"","_EventShowMap":false,"_EventShowMapLink":false,"_EventURL":"","_EventCost":"","_EventCostDescription":"","_EventCurrencySymbol":"","_EventCurrencyCode":"","_EventCurrencyPosition":"","_EventDateTimeSeparator":"","_EventTimeRangeSeparator":"","_EventOrganizerID":[],"_EventVenueID":[],"_OrganizerEmail":"","_OrganizerPhone":"","_OrganizerWebsite":"","_VenueAddress":"","_VenueCity":"","_VenueCountry":"","_VenueProvince":"","_VenueState":"","_VenueZip":"","_VenuePhone":"","_VenueURL":"","_VenueStateProvince":"","_VenueLat":"","_VenueLng":"","_VenueShowMap":false,"_VenueShowMapLink":false,"twitterCardType":"","cardImageID":0,"cardImage":"","cardTitle":"","cardDesc":"","cardImageAlt":"","cardPlayer":"","cardPlayerWidth":0,"cardPlayerHeight":0,"cardPlayerStream":"","cardPlayerCodec":""},"product_cat":[],"product_tag":[],"class_list":["post-150226","product","type-product","status-publish","hentry"],"acf":{"description":"Origin\u00e1ln\u00ed a d\u016fvtipn\u00e9 poh\u00e1dky pro d\u011bti, kter\u00e9 maj\u00ed r\u00e1dy z\u00e1hady a tajemstv\u00ed. Pln\u00e9 kouzeln\u00fdch bytost\u00ed, kr\u00e1sn\u00fdch princezen i udatn\u00fdch mlad\u00edk\u016f, kde dobro v\u00edt\u011bz\u00ed nad zlem.\nU\u017e p\u0159es sto let vlastn\u00ed pan\u00ed Tlust\u00e1 obchod s neobvykl\u00fdmi p\u0159edm\u011bty. Jednoho dne do n\u011bj zav\u00edt\u00e1 sta\u0159ec a vypr\u00e1v\u00ed j\u00ed propleten\u00e9 poh\u00e1dky. P\u0159\u00edb\u011bh za\u010d\u00edn\u00e1 uprost\u0159ed oby\u010dejn\u00e9ho lesa, kde kouzeln\u00fd d\u011bde\u010dek doslova zakopne o lenocha. M\u00edsto aby mu vy\u010dinil, rozhodne se mu darovat kouzeln\u00e9 hodiny, \u010d\u00edm\u017e spust\u00ed celou \u0159adu neo\u010dek\u00e1van\u00fdch ud\u00e1lost\u00ed. Zpovzd\u00e1l\u00ed v\u0161e sleduje zl\u00e1 \u010darod\u011bjnice Mor\u00e9na, kter\u00e1 lidem r\u00e1da zt\u011b\u017euje \u017eivot. Najde se n\u011bkdo, kdo p\u0159ekaz\u00ed jej\u00ed podl\u00fd pl\u00e1n? A jak to dopadne s pan\u00ed Tlustou a vypr\u00e1v\u011bn\u00edm?","item_id":"LX1885267","productname":"Obchod pan\u00ed Tlust\u00e9","product":"Obchod pan\u00ed Tlust\u00e9","url":"https:\/\/www.luxor.cz\/v\/1885267\/obchod-pani-tluste","imgurl":"https:\/\/img.luxor.cz\/orig\/produkty\/9788076505476.jpg","price_vat":"268.00","margin":"","vat":"","paramname1":"","paramval1":"","paramname2":"","paramval2":"","paramname3":"","paramval3":"","paramname4":"","paramval4":"","paramname5":"","paramval5":"","paramname6":"","paramval6":"","paramname7":"","paramval7":"","paramname8":"","paramval8":"","paramname9":"","paramval9":"","paramname10":"","paramval10":"","ean":"9788076505476","manufacturer":"Pointa","categorytext":""},"_links":{"self":[{"href":"https:\/\/www.luxor.cz\/blog\/wp-json\/wp\/v2\/product\/150226","targetHints":{"allow":["GET"]}}],"collection":[{"href":"https:\/\/www.luxor.cz\/blog\/wp-json\/wp\/v2\/product"}],"about":[{"href":"https:\/\/www.luxor.cz\/blog\/wp-json\/wp\/v2\/types\/product"}],"replies":[{"embeddable":true,"href":"https:\/\/www.luxor.cz\/blog\/wp-json\/wp\/v2\/comments?post=150226"}],"wp:attachment":[{"href":"https:\/\/www.luxor.cz\/blog\/wp-json\/wp\/v2\/media?parent=150226"}],"wp:term":[{"taxonomy":"product_cat","embeddable":true,"href":"https:\/\/www.luxor.cz\/blog\/wp-json\/wp\/v2\/product_cat?post=150226"},{"taxonomy":"product_tag","embeddable":true,"href":"https:\/\/www.luxor.cz\/blog\/wp-json\/wp\/v2\/product_tag?post=150226"}],"curies":[{"name":"wp","href":"https:\/\/api.w.org\/{rel}","templated":true}]}}