{"id":149898,"date":"2023-08-15T05:30:21","date_gmt":"2023-08-15T03:30:21","guid":{"rendered":"https:\/\/www.luxor.cz\/blog\/produkt\/boty-botky-boticky\/"},"modified":"2023-08-15T05:30:22","modified_gmt":"2023-08-15T03:30:22","slug":"boty-botky-boticky","status":"publish","type":"product","link":"https:\/\/www.luxor.cz\/blog\/produkt\/boty-botky-boticky\/","title":{"rendered":"Boty, botky, boti\u010dky"},"content":{"rendered":"<p>Co m\u016f\u017ee b\u00fdt roztomilej\u0161\u00edho ne\u017e p\u00e1r m\u011bkou\u010dk\u00fdch boti\u010dek pro miminka. M\u00e1te n\u011bjak\u00e9ho mr\u0148ouska v rodin\u011b nebo pot\u0159ebujete d\u00e1rek pro p\u0159\u00e1tele? S na\u0161imi modely rozhodn\u011b usp\u011bjete.<\/p>\n<p>Ke ka\u017ed\u00e9mu v\u00fdtvoru zde najdete n\u00e1vody a h\u00e1\u010dkovac\u00ed vzory, ale hlavn\u011b spousty neot\u0159el\u00fdch n\u00e1pad\u016f. Zdaleka nez\u016fstaneme jen u klasick\u00fdch \u201eba\u010dk\u016frek&#8220;. Podle na\u0161\u00ed kn\u00ed\u017eky m\u016f\u017eete uh\u00e1\u010dkovat i sand\u00e1lky a n\u00edzk\u00e9 boti\u010dky, ale tak\u00e9 vesel\u00e9 botky jako pro kovboje nebo olympioniky.<\/p>\n<p>\u010cek\u00e1 v\u00e1s 30 \u00fa\u017easn\u00fdch model\u016f, ka\u017ed\u00fd s podrobn\u00fdm n\u00e1vodem ke zhotoven\u00ed, a v\u00edce ne\u017e 200 barevn\u00fdch fotografi\u00ed. Na sv\u00e9 si p\u0159ijdou jak za\u010d\u00e1te\u010dn\u00edci, kte\u0159\u00ed se nau\u010d\u00ed z\u00e1kladn\u00edm technik\u00e1m, tak pokro\u010dil\u00ed, kte\u0159\u00ed objev\u00ed zase speci\u00e1ln\u00ed nov\u00e9 postupy.<\/p>\n<p>Ve\u0161ker\u00e9 uveden\u00e9 vzory jsou ve velikostech pro d\u011bti od \u0161esti do dvan\u00e1cti m\u011bs\u00edc\u016f.<\/p>\n","protected":false},"excerpt":{"rendered":"<p>Co m\u016f\u017ee b\u00fdt roztomilej\u0161\u00edho ne\u017e p\u00e1r m\u011bkou\u010dk\u00fdch boti\u010dek pro miminka. M\u00e1te n\u011bjak\u00e9ho mr\u0148ouska v rodin\u011b nebo pot\u0159ebujete d\u00e1rek pro p\u0159\u00e1tele? S na\u0161imi modely rozhodn\u011b usp\u011bjete. Ke ka\u017ed\u00e9mu v\u00fdtvoru zde najdete [&hellip;]<\/p>\n","protected":false},"featured_media":0,"comment_status":"closed","ping_status":"open","template":"","meta":{"_acf_changed":false,"_monsterinsights_skip_tracking":false,"_monsterinsights_sitenote_active":false,"_monsterinsights_sitenote_note":"","_monsterinsights_sitenote_category":0,"_EventAllDay":false,"_EventTimezone":"","_EventStartDate":"","_EventEndDate":"","_EventStartDateUTC":"","_EventEndDateUTC":"","_EventShowMap":false,"_EventShowMapLink":false,"_EventURL":"","_EventCost":"","_EventCostDescription":"","_EventCurrencySymbol":"","_EventCurrencyCode":"","_EventCurrencyPosition":"","_EventDateTimeSeparator":"","_EventTimeRangeSeparator":"","_EventOrganizerID":[],"_EventVenueID":[],"_OrganizerEmail":"","_OrganizerPhone":"","_OrganizerWebsite":"","_VenueAddress":"","_VenueCity":"","_VenueCountry":"","_VenueProvince":"","_VenueState":"","_VenueZip":"","_VenuePhone":"","_VenueURL":"","_VenueStateProvince":"","_VenueLat":"","_VenueLng":"","_VenueShowMap":false,"_VenueShowMapLink":false,"twitterCardType":"","cardImageID":0,"cardImage":"","cardTitle":"","cardDesc":"","cardImageAlt":"","cardPlayer":"","cardPlayerWidth":0,"cardPlayerHeight":0,"cardPlayerStream":"","cardPlayerCodec":""},"product_cat":[],"product_tag":[],"class_list":["post-149898","product","type-product","status-publish","hentry"],"acf":{"description":"Co m\u016f\u017ee b\u00fdt roztomilej\u0161\u00edho ne\u017e p\u00e1r m\u011bkou\u010dk\u00fdch boti\u010dek pro miminka. M\u00e1te n\u011bjak\u00e9ho mr\u0148ouska v rodin\u011b nebo pot\u0159ebujete d\u00e1rek pro p\u0159\u00e1tele? S na\u0161imi modely rozhodn\u011b usp\u011bjete.\n\nKe ka\u017ed\u00e9mu v\u00fdtvoru zde najdete n\u00e1vody a h\u00e1\u010dkovac\u00ed vzory, ale hlavn\u011b spousty neot\u0159el\u00fdch n\u00e1pad\u016f. Zdaleka nez\u016fstaneme jen u klasick\u00fdch \u201eba\u010dk\u016frek\". Podle na\u0161\u00ed kn\u00ed\u017eky m\u016f\u017eete uh\u00e1\u010dkovat i sand\u00e1lky a n\u00edzk\u00e9 boti\u010dky, ale tak\u00e9 vesel\u00e9 botky jako pro kovboje nebo olympioniky.\n\n\u010cek\u00e1 v\u00e1s 30 \u00fa\u017easn\u00fdch model\u016f, ka\u017ed\u00fd s podrobn\u00fdm n\u00e1vodem ke zhotoven\u00ed, a v\u00edce ne\u017e 200 barevn\u00fdch fotografi\u00ed. Na sv\u00e9 si p\u0159ijdou jak za\u010d\u00e1te\u010dn\u00edci, kte\u0159\u00ed se nau\u010d\u00ed z\u00e1kladn\u00edm technik\u00e1m, tak pokro\u010dil\u00ed, kte\u0159\u00ed objev\u00ed zase speci\u00e1ln\u00ed nov\u00e9 postupy.\n\nVe\u0161ker\u00e9 uveden\u00e9 vzory jsou ve velikostech pro d\u011bti od \u0161esti do dvan\u00e1cti m\u011bs\u00edc\u016f.","item_id":"LX1879965","productname":"Boty, botky, boti\u010dky","product":"Boty, botky, boti\u010dky","url":"https:\/\/www.luxor.cz\/v\/1879965\/boty-botky-boticky","imgurl":"https:\/\/img.luxor.cz\/orig\/produkty\/9788073594213.jpg","price_vat":"134.00","margin":"","vat":"","paramname1":"","paramval1":"","paramname2":"","paramval2":"","paramname3":"","paramval3":"","paramname4":"","paramval4":"","paramname5":"","paramval5":"","paramname6":"","paramval6":"","paramname7":"","paramval7":"","paramname8":"","paramval8":"","paramname9":"","paramval9":"","paramname10":"","paramval10":"","ean":"9788073594213","manufacturer":"Metafora","categorytext":""},"_links":{"self":[{"href":"https:\/\/www.luxor.cz\/blog\/wp-json\/wp\/v2\/product\/149898","targetHints":{"allow":["GET"]}}],"collection":[{"href":"https:\/\/www.luxor.cz\/blog\/wp-json\/wp\/v2\/product"}],"about":[{"href":"https:\/\/www.luxor.cz\/blog\/wp-json\/wp\/v2\/types\/product"}],"replies":[{"embeddable":true,"href":"https:\/\/www.luxor.cz\/blog\/wp-json\/wp\/v2\/comments?post=149898"}],"wp:attachment":[{"href":"https:\/\/www.luxor.cz\/blog\/wp-json\/wp\/v2\/media?parent=149898"}],"wp:term":[{"taxonomy":"product_cat","embeddable":true,"href":"https:\/\/www.luxor.cz\/blog\/wp-json\/wp\/v2\/product_cat?post=149898"},{"taxonomy":"product_tag","embeddable":true,"href":"https:\/\/www.luxor.cz\/blog\/wp-json\/wp\/v2\/product_tag?post=149898"}],"curies":[{"name":"wp","href":"https:\/\/api.w.org\/{rel}","templated":true}]}}