{"id":149817,"date":"2023-08-15T05:28:07","date_gmt":"2023-08-15T03:28:07","guid":{"rendered":"https:\/\/www.luxor.cz\/blog\/produkt\/prani-pujdes-mi-za-svedka\/"},"modified":"2023-08-15T05:28:08","modified_gmt":"2023-08-15T03:28:08","slug":"prani-pujdes-mi-za-svedka","status":"publish","type":"product","link":"https:\/\/www.luxor.cz\/blog\/produkt\/prani-pujdes-mi-za-svedka\/","title":{"rendered":"P\u0159\u00e1n\u00ed P\u016fjde\u0161 mi za sv\u011bdka?"},"content":{"rendered":"<p>Produkt &#8222;P\u0159\u00e1n\u00ed P\u016fjde\u0161 mi za sv\u011bdka?&#8220; spad\u00e1 do \u017e\u00e1nru Pap\u00edrnictv\u00ed a \u0161koln\u00ed pot\u0159eby. Jedn\u00e1 se o po\u010din nakladatelstv\u00ed &#8222;Chaukiss&#8220;.<\/p>\n","protected":false},"excerpt":{"rendered":"<p>Produkt &#8222;P\u0159\u00e1n\u00ed P\u016fjde\u0161 mi za sv\u011bdka?&#8220; spad\u00e1 do \u017e\u00e1nru Pap\u00edrnictv\u00ed a \u0161koln\u00ed pot\u0159eby. Jedn\u00e1 se o po\u010din nakladatelstv\u00ed &#8222;Chaukiss&#8220;.<\/p>\n","protected":false},"featured_media":0,"comment_status":"closed","ping_status":"open","template":"","meta":{"_acf_changed":false,"_monsterinsights_skip_tracking":false,"_monsterinsights_sitenote_active":false,"_monsterinsights_sitenote_note":"","_monsterinsights_sitenote_category":0,"_EventAllDay":false,"_EventTimezone":"","_EventStartDate":"","_EventEndDate":"","_EventStartDateUTC":"","_EventEndDateUTC":"","_EventShowMap":false,"_EventShowMapLink":false,"_EventURL":"","_EventCost":"","_EventCostDescription":"","_EventCurrencySymbol":"","_EventCurrencyCode":"","_EventCurrencyPosition":"","_EventDateTimeSeparator":"","_EventTimeRangeSeparator":"","_EventOrganizerID":[],"_EventVenueID":[],"_OrganizerEmail":"","_OrganizerPhone":"","_OrganizerWebsite":"","_VenueAddress":"","_VenueCity":"","_VenueCountry":"","_VenueProvince":"","_VenueState":"","_VenueZip":"","_VenuePhone":"","_VenueURL":"","_VenueStateProvince":"","_VenueLat":"","_VenueLng":"","_VenueShowMap":false,"_VenueShowMapLink":false,"twitterCardType":"","cardImageID":0,"cardImage":"","cardTitle":"","cardDesc":"","cardImageAlt":"","cardPlayer":"","cardPlayerWidth":0,"cardPlayerHeight":0,"cardPlayerStream":"","cardPlayerCodec":""},"product_cat":[],"product_tag":[],"class_list":["post-149817","product","type-product","status-publish","hentry"],"acf":{"description":"Produkt \"P\u0159\u00e1n\u00ed P\u016fjde\u0161 mi za sv\u011bdka?\" spad\u00e1 do \u017e\u00e1nru Pap\u00edrnictv\u00ed a \u0161koln\u00ed pot\u0159eby. Jedn\u00e1 se o po\u010din nakladatelstv\u00ed \"Chaukiss\".","item_id":"LX1871890","productname":"P\u0159\u00e1n\u00ed P\u016fjde\u0161 mi za sv\u011bdka?","product":"P\u0159\u00e1n\u00ed P\u016fjde\u0161 mi za sv\u011bdka?","url":"https:\/\/www.luxor.cz\/v\/1871890\/prani-pujdes-mi-za-svedka","imgurl":"https:\/\/img.luxor.cz\/orig\/produkty\/8594196230973.jpg","price_vat":"69.00","margin":"","vat":"","paramname1":"","paramval1":"","paramname2":"","paramval2":"","paramname3":"","paramval3":"","paramname4":"","paramval4":"","paramname5":"","paramval5":"","paramname6":"","paramval6":"","paramname7":"","paramval7":"","paramname8":"","paramval8":"","paramname9":"","paramval9":"","paramname10":"","paramval10":"","ean":"8594196230973","manufacturer":"Chaukiss","categorytext":""},"_links":{"self":[{"href":"https:\/\/www.luxor.cz\/blog\/wp-json\/wp\/v2\/product\/149817","targetHints":{"allow":["GET"]}}],"collection":[{"href":"https:\/\/www.luxor.cz\/blog\/wp-json\/wp\/v2\/product"}],"about":[{"href":"https:\/\/www.luxor.cz\/blog\/wp-json\/wp\/v2\/types\/product"}],"replies":[{"embeddable":true,"href":"https:\/\/www.luxor.cz\/blog\/wp-json\/wp\/v2\/comments?post=149817"}],"wp:attachment":[{"href":"https:\/\/www.luxor.cz\/blog\/wp-json\/wp\/v2\/media?parent=149817"}],"wp:term":[{"taxonomy":"product_cat","embeddable":true,"href":"https:\/\/www.luxor.cz\/blog\/wp-json\/wp\/v2\/product_cat?post=149817"},{"taxonomy":"product_tag","embeddable":true,"href":"https:\/\/www.luxor.cz\/blog\/wp-json\/wp\/v2\/product_tag?post=149817"}],"curies":[{"name":"wp","href":"https:\/\/api.w.org\/{rel}","templated":true}]}}