{"id":148744,"date":"2023-08-15T04:56:22","date_gmt":"2023-08-15T02:56:22","guid":{"rendered":"https:\/\/www.luxor.cz\/blog\/produkt\/vkv-velmi-kratke-vlny\/"},"modified":"2023-08-15T04:56:23","modified_gmt":"2023-08-15T02:56:23","slug":"vkv-velmi-kratke-vlny","status":"publish","type":"product","link":"https:\/\/www.luxor.cz\/blog\/produkt\/vkv-velmi-kratke-vlny\/","title":{"rendered":"VKV \/Velmi kr\u00e1tk\u00e9 vlny\/"},"content":{"rendered":"<p>75 fantastick\u00fdch, absurdn\u00edch a cynick\u00fdch pov\u00eddek z minulosti, sou\u010dasnosti a budoucnosti. Prozaick\u00fd debut mlad\u00e9ho filmov\u00e9ho re\u017eis\u00e9ra a scen\u00e1risty.<\/p>\n","protected":false},"excerpt":{"rendered":"<p>75 fantastick\u00fdch, absurdn\u00edch a cynick\u00fdch pov\u00eddek z minulosti, sou\u010dasnosti a budoucnosti. Prozaick\u00fd debut mlad\u00e9ho filmov\u00e9ho re\u017eis\u00e9ra a scen\u00e1risty.<\/p>\n","protected":false},"featured_media":0,"comment_status":"closed","ping_status":"open","template":"","meta":{"_acf_changed":false,"_monsterinsights_skip_tracking":false,"_monsterinsights_sitenote_active":false,"_monsterinsights_sitenote_note":"","_monsterinsights_sitenote_category":0,"_EventAllDay":false,"_EventTimezone":"","_EventStartDate":"","_EventEndDate":"","_EventStartDateUTC":"","_EventEndDateUTC":"","_EventShowMap":false,"_EventShowMapLink":false,"_EventURL":"","_EventCost":"","_EventCostDescription":"","_EventCurrencySymbol":"","_EventCurrencyCode":"","_EventCurrencyPosition":"","_EventDateTimeSeparator":"","_EventTimeRangeSeparator":"","_EventOrganizerID":[],"_EventVenueID":[],"_OrganizerEmail":"","_OrganizerPhone":"","_OrganizerWebsite":"","_VenueAddress":"","_VenueCity":"","_VenueCountry":"","_VenueProvince":"","_VenueState":"","_VenueZip":"","_VenuePhone":"","_VenueURL":"","_VenueStateProvince":"","_VenueLat":"","_VenueLng":"","_VenueShowMap":false,"_VenueShowMapLink":false,"twitterCardType":"","cardImageID":0,"cardImage":"","cardTitle":"","cardDesc":"","cardImageAlt":"","cardPlayer":"","cardPlayerWidth":0,"cardPlayerHeight":0,"cardPlayerStream":"","cardPlayerCodec":""},"product_cat":[],"product_tag":[],"class_list":["post-148744","product","type-product","status-publish","hentry"],"acf":{"description":"75 fantastick\u00fdch, absurdn\u00edch a cynick\u00fdch pov\u00eddek z minulosti, sou\u010dasnosti a budoucnosti. Prozaick\u00fd debut mlad\u00e9ho filmov\u00e9ho re\u017eis\u00e9ra a scen\u00e1risty.","item_id":"LX1880996","productname":"VKV \/Velmi kr\u00e1tk\u00e9 vlny\/","product":"VKV \/Velmi kr\u00e1tk\u00e9 vlny\/","url":"https:\/\/www.luxor.cz\/v\/1880996\/vkv-velmi-kratke-vlny","imgurl":"https:\/\/img.luxor.cz\/orig\/produkty\/9788085935929.jpg","price_vat":"157.00","margin":"","vat":"","paramname1":"","paramval1":"","paramname2":"","paramval2":"","paramname3":"","paramval3":"","paramname4":"","paramval4":"","paramname5":"","paramval5":"","paramname6":"","paramval6":"","paramname7":"","paramval7":"","paramname8":"","paramval8":"","paramname9":"","paramval9":"","paramname10":"","paramval10":"","ean":"9788085935929","manufacturer":"Labyrint","categorytext":""},"_links":{"self":[{"href":"https:\/\/www.luxor.cz\/blog\/wp-json\/wp\/v2\/product\/148744","targetHints":{"allow":["GET"]}}],"collection":[{"href":"https:\/\/www.luxor.cz\/blog\/wp-json\/wp\/v2\/product"}],"about":[{"href":"https:\/\/www.luxor.cz\/blog\/wp-json\/wp\/v2\/types\/product"}],"replies":[{"embeddable":true,"href":"https:\/\/www.luxor.cz\/blog\/wp-json\/wp\/v2\/comments?post=148744"}],"wp:attachment":[{"href":"https:\/\/www.luxor.cz\/blog\/wp-json\/wp\/v2\/media?parent=148744"}],"wp:term":[{"taxonomy":"product_cat","embeddable":true,"href":"https:\/\/www.luxor.cz\/blog\/wp-json\/wp\/v2\/product_cat?post=148744"},{"taxonomy":"product_tag","embeddable":true,"href":"https:\/\/www.luxor.cz\/blog\/wp-json\/wp\/v2\/product_tag?post=148744"}],"curies":[{"name":"wp","href":"https:\/\/api.w.org\/{rel}","templated":true}]}}