{"id":146001,"date":"2023-08-15T04:08:22","date_gmt":"2023-08-15T02:08:22","guid":{"rendered":"https:\/\/www.luxor.cz\/blog\/produkt\/anglictina-nejen-do-auta-cd-s-mp3-pro-zacatecniky\/"},"modified":"2023-08-15T04:08:22","modified_gmt":"2023-08-15T02:08:22","slug":"anglictina-nejen-do-auta-cd-s-mp3-pro-zacatecniky","status":"publish","type":"product","link":"https:\/\/www.luxor.cz\/blog\/produkt\/anglictina-nejen-do-auta-cd-s-mp3-pro-zacatecniky\/","title":{"rendered":"Angli\u010dtina nejen do auta \u2013 CD s MP3 \u2013 pro za\u010d\u00e1te\u010dn\u00edky"},"content":{"rendered":"<p>U\u010dte se bez omezen\u00ed!!!<br \/>\nV aut\u011b, na zahrad\u011b, na kole nebo p\u0159i relaxaci ve van\u011b m\u016f\u017eete rozv\u00edjet svou slovn\u00ed z\u00e1sobu angli\u010dtiny.<br \/>\nZnalosti slov\u00ed\u010dek i z\u00e1kladn\u00edch fr\u00e1z\u00ed si upevn\u00edte s vyu\u017eit\u00edm vzorov\u00fdch fr\u00e1z\u00ed a nau\u010d\u00edte se vytv\u00e1\u0159et nov\u00e1 slovn\u00ed spojen\u00ed.<br \/>\nT\u00e9maticky \u010dlen\u011bn\u00fd titul je ur\u010den ZA\u010c\u00c1TE\u010cN\u00cdK\u016eM.<br \/>\nU\u010dte se s MP3 snadn\u011bji, ne\u017e kdykoliv d\u0159\u00edv.<\/p>\n","protected":false},"excerpt":{"rendered":"<p>U\u010dte se bez omezen\u00ed!!! V aut\u011b, na zahrad\u011b, na kole nebo p\u0159i relaxaci ve van\u011b m\u016f\u017eete rozv\u00edjet svou slovn\u00ed z\u00e1sobu angli\u010dtiny. Znalosti slov\u00ed\u010dek i z\u00e1kladn\u00edch fr\u00e1z\u00ed si upevn\u00edte s vyu\u017eit\u00edm [&hellip;]<\/p>\n","protected":false},"featured_media":0,"comment_status":"closed","ping_status":"open","template":"","meta":{"_acf_changed":false,"_monsterinsights_skip_tracking":false,"_monsterinsights_sitenote_active":false,"_monsterinsights_sitenote_note":"","_monsterinsights_sitenote_category":0,"_EventAllDay":false,"_EventTimezone":"","_EventStartDate":"","_EventEndDate":"","_EventStartDateUTC":"","_EventEndDateUTC":"","_EventShowMap":false,"_EventShowMapLink":false,"_EventURL":"","_EventCost":"","_EventCostDescription":"","_EventCurrencySymbol":"","_EventCurrencyCode":"","_EventCurrencyPosition":"","_EventDateTimeSeparator":"","_EventTimeRangeSeparator":"","_EventOrganizerID":[],"_EventVenueID":[],"_OrganizerEmail":"","_OrganizerPhone":"","_OrganizerWebsite":"","_VenueAddress":"","_VenueCity":"","_VenueCountry":"","_VenueProvince":"","_VenueState":"","_VenueZip":"","_VenuePhone":"","_VenueURL":"","_VenueStateProvince":"","_VenueLat":"","_VenueLng":"","_VenueShowMap":false,"_VenueShowMapLink":false,"twitterCardType":"","cardImageID":0,"cardImage":"","cardTitle":"","cardDesc":"","cardImageAlt":"","cardPlayer":"","cardPlayerWidth":0,"cardPlayerHeight":0,"cardPlayerStream":"","cardPlayerCodec":""},"product_cat":[],"product_tag":[],"class_list":["post-146001","product","type-product","status-publish","hentry"],"acf":{"description":"U\u010dte se bez omezen\u00ed!!!\nV aut\u011b, na zahrad\u011b, na kole nebo p\u0159i relaxaci ve van\u011b m\u016f\u017eete rozv\u00edjet svou slovn\u00ed z\u00e1sobu angli\u010dtiny.\nZnalosti slov\u00ed\u010dek i z\u00e1kladn\u00edch fr\u00e1z\u00ed si upevn\u00edte s vyu\u017eit\u00edm vzorov\u00fdch fr\u00e1z\u00ed a nau\u010d\u00edte se vytv\u00e1\u0159et nov\u00e1 slovn\u00ed spojen\u00ed.\nT\u00e9maticky \u010dlen\u011bn\u00fd titul je ur\u010den ZA\u010c\u00c1TE\u010cN\u00cdK\u016eM.  \nU\u010dte se s MP3 snadn\u011bji, ne\u017e kdykoliv d\u0159\u00edv.","item_id":"LX1867748","productname":"Angli\u010dtina nejen do auta \u2013 CD s MP3 \u2013 pro za\u010d\u00e1te\u010dn\u00edky","product":"Angli\u010dtina nejen do auta \u2013 CD s MP3 \u2013 pro za\u010d\u00e1te\u010dn\u00edky","url":"https:\/\/www.luxor.cz\/v\/1867748\/anglictina-nejen-do-auta-cd-s-mp3-pro-zacatecniky","imgurl":"https:\/\/img.luxor.cz\/orig\/produkty\/8594155751198.jpg","price_vat":"100.00","margin":"","vat":"","paramname1":"","paramval1":"","paramname2":"","paramval2":"","paramname3":"","paramval3":"","paramname4":"","paramval4":"","paramname5":"","paramval5":"","paramname6":"","paramval6":"","paramname7":"","paramval7":"","paramname8":"","paramval8":"","paramname9":"","paramval9":"","paramname10":"","paramval10":"","ean":"8594155751198","manufacturer":"Fragment","categorytext":""},"_links":{"self":[{"href":"https:\/\/www.luxor.cz\/blog\/wp-json\/wp\/v2\/product\/146001","targetHints":{"allow":["GET"]}}],"collection":[{"href":"https:\/\/www.luxor.cz\/blog\/wp-json\/wp\/v2\/product"}],"about":[{"href":"https:\/\/www.luxor.cz\/blog\/wp-json\/wp\/v2\/types\/product"}],"replies":[{"embeddable":true,"href":"https:\/\/www.luxor.cz\/blog\/wp-json\/wp\/v2\/comments?post=146001"}],"wp:attachment":[{"href":"https:\/\/www.luxor.cz\/blog\/wp-json\/wp\/v2\/media?parent=146001"}],"wp:term":[{"taxonomy":"product_cat","embeddable":true,"href":"https:\/\/www.luxor.cz\/blog\/wp-json\/wp\/v2\/product_cat?post=146001"},{"taxonomy":"product_tag","embeddable":true,"href":"https:\/\/www.luxor.cz\/blog\/wp-json\/wp\/v2\/product_tag?post=146001"}],"curies":[{"name":"wp","href":"https:\/\/api.w.org\/{rel}","templated":true}]}}