{"id":145867,"date":"2023-08-15T04:06:32","date_gmt":"2023-08-15T02:06:32","guid":{"rendered":"https:\/\/www.luxor.cz\/blog\/produkt\/vodnik-dvd\/"},"modified":"2023-08-15T04:06:33","modified_gmt":"2023-08-15T02:06:33","slug":"vodnik-dvd","status":"publish","type":"product","link":"https:\/\/www.luxor.cz\/blog\/produkt\/vodnik-dvd\/","title":{"rendered":"Vodn\u00edk &#8211; DVD"},"content":{"rendered":"<p>Vodn\u00edk \/ ZE S\u00c9RIE  DETEKTIVOV\u00c9 OD NEJSV\u011aT\u011aJ\u0160\u00cd TROJICE \/ Stop\u00e1\u017e:  3 x 68 min. \/ 1xDVD9 \/ 16:9<\/p>\n<p>Liter\u00e1rn\u00ed p\u0159edloha:  Michal S\u00fdkora \/ Sc\u00e9n\u00e1\u0159: Petr Jarchovsk\u00fd \/ Re\u017eie: Viktor Tau\u0161 \/ Kamera: Martin Douba \/ Hudba: Petr Ostrouchov \/ V\u00fdtvarnice kost\u00fdm\u016f: Michaela Hor\u00e1\u010dkov\u00e1 Ho\u0159ej\u0161\u00ed \/ Um\u011bleck\u00fd mask\u00e9r: Lenka D\u00fdckov\u00e1 \/ Architekt: Jan Kadlec<\/p>\n<p>Hraj\u00ed: Kl\u00e1ra Mel\u00ed\u0161kov\u00e1, V\u00e1clav Neu\u017eil, Lenka Krobotov\u00e1, Zuzana Stiv\u00ednov\u00e1, Marika Proch\u00e1zkov\u00e1, Miroslav Hanu\u0161, Pavla Beretov\u00e1, Jaroslava Pokorn\u00e1, Miroslav Krobot, Nat\u00e1lie Jandov\u00e1, Kasijana D\u017eaki\u010d, Marie Sl\u00e1dkov\u00e1, Alena Dol\u00e1kov\u00e1, Ta\u0165jana Medveck\u00e1, Miroslav T\u00e1borsk\u00fd, Stanislav Majer, Tom\u00e1\u0161 Dastl\u00edk, Andrei Toader, Peter Bebjak a dal\u0161\u00ed<\/p>\n<p>T\u0159\u00edd\u00edln\u00e1 detektivn\u00ed minis\u00e9rie z cyklu Detektivov\u00e9 od Nejsv\u011bt\u011bj\u0161\u00ed Trojice.<\/p>\n<p>Znepokojuj\u00edc\u00ed sv\u011bdectv\u00ed p\u0159im\u011bje Marii V\u00fdrovou zab\u00fdvat se t\u0159icet let starou, nepochopitelnou vra\u017edou mal\u00e9ho d\u00edt\u011bte. P\u0159\u00edpad je ale ji\u017e d\u00e1vno uzav\u0159en, a tak Marie p\u00e1tr\u00e1 na vlastn\u00ed p\u011bst.<\/p>\n<p>\u00a9 \u010cesk\u00e1 televize, 2019 \/ ? \u010cesk\u00e1 televize, 2019 \/ Skryt\u00e9 titulky pro nesly\u0161\u00edc\u00ed \/ Zvukov\u00fd popis pro zrakov\u011b posti\u017een\u00e9<\/p>\n","protected":false},"excerpt":{"rendered":"<p>Vodn\u00edk \/ ZE S\u00c9RIE DETEKTIVOV\u00c9 OD NEJSV\u011aT\u011aJ\u0160\u00cd TROJICE \/ Stop\u00e1\u017e: 3 x 68 min. \/ 1xDVD9 \/ 16:9 Liter\u00e1rn\u00ed p\u0159edloha: Michal S\u00fdkora \/ Sc\u00e9n\u00e1\u0159: Petr Jarchovsk\u00fd \/ Re\u017eie: Viktor Tau\u0161 [&hellip;]<\/p>\n","protected":false},"featured_media":0,"comment_status":"closed","ping_status":"open","template":"","meta":{"_acf_changed":false,"_monsterinsights_skip_tracking":false,"_monsterinsights_sitenote_active":false,"_monsterinsights_sitenote_note":"","_monsterinsights_sitenote_category":0,"_EventAllDay":false,"_EventTimezone":"","_EventStartDate":"","_EventEndDate":"","_EventStartDateUTC":"","_EventEndDateUTC":"","_EventShowMap":false,"_EventShowMapLink":false,"_EventURL":"","_EventCost":"","_EventCostDescription":"","_EventCurrencySymbol":"","_EventCurrencyCode":"","_EventCurrencyPosition":"","_EventDateTimeSeparator":"","_EventTimeRangeSeparator":"","_EventOrganizerID":[],"_EventVenueID":[],"_OrganizerEmail":"","_OrganizerPhone":"","_OrganizerWebsite":"","_VenueAddress":"","_VenueCity":"","_VenueCountry":"","_VenueProvince":"","_VenueState":"","_VenueZip":"","_VenuePhone":"","_VenueURL":"","_VenueStateProvince":"","_VenueLat":"","_VenueLng":"","_VenueShowMap":false,"_VenueShowMapLink":false,"twitterCardType":"","cardImageID":0,"cardImage":"","cardTitle":"","cardDesc":"","cardImageAlt":"","cardPlayer":"","cardPlayerWidth":0,"cardPlayerHeight":0,"cardPlayerStream":"","cardPlayerCodec":""},"product_cat":[],"product_tag":[],"class_list":["post-145867","product","type-product","status-publish","hentry"],"acf":{"description":"Vodn\u00edk \/ ZE S\u00c9RIE  DETEKTIVOV\u00c9 OD NEJSV\u011aT\u011aJ\u0160\u00cd TROJICE \/ Stop\u00e1\u017e:  3 x 68 min. \/ 1xDVD9 \/ 16:9\n\n\nLiter\u00e1rn\u00ed p\u0159edloha:  Michal S\u00fdkora \/ Sc\u00e9n\u00e1\u0159: Petr Jarchovsk\u00fd \/ Re\u017eie: Viktor Tau\u0161 \/ Kamera: Martin Douba \/ Hudba: Petr Ostrouchov \/ V\u00fdtvarnice kost\u00fdm\u016f: Michaela Hor\u00e1\u010dkov\u00e1 Ho\u0159ej\u0161\u00ed \/ Um\u011bleck\u00fd mask\u00e9r: Lenka D\u00fdckov\u00e1 \/ Architekt: Jan Kadlec\n\n\nHraj\u00ed: Kl\u00e1ra Mel\u00ed\u0161kov\u00e1, V\u00e1clav Neu\u017eil, Lenka Krobotov\u00e1, Zuzana Stiv\u00ednov\u00e1, Marika Proch\u00e1zkov\u00e1, Miroslav Hanu\u0161, Pavla Beretov\u00e1, Jaroslava Pokorn\u00e1, Miroslav Krobot, Nat\u00e1lie Jandov\u00e1, Kasijana D\u017eaki\u010d, Marie Sl\u00e1dkov\u00e1, Alena Dol\u00e1kov\u00e1, Ta\u0165jana Medveck\u00e1, Miroslav T\u00e1borsk\u00fd, Stanislav Majer, Tom\u00e1\u0161 Dastl\u00edk, Andrei Toader, Peter Bebjak a dal\u0161\u00ed\n\n\nT\u0159\u00edd\u00edln\u00e1 detektivn\u00ed minis\u00e9rie z cyklu Detektivov\u00e9 od Nejsv\u011bt\u011bj\u0161\u00ed Trojice.\n\nZnepokojuj\u00edc\u00ed sv\u011bdectv\u00ed p\u0159im\u011bje Marii V\u00fdrovou zab\u00fdvat se t\u0159icet let starou, nepochopitelnou vra\u017edou mal\u00e9ho d\u00edt\u011bte. P\u0159\u00edpad je ale ji\u017e d\u00e1vno uzav\u0159en, a tak Marie p\u00e1tr\u00e1 na vlastn\u00ed p\u011bst.\n\n\n\u00a9 \u010cesk\u00e1 televize, 2019 \/ ? \u010cesk\u00e1 televize, 2019 \/ Skryt\u00e9 titulky pro nesly\u0161\u00edc\u00ed \/ Zvukov\u00fd popis pro zrakov\u011b posti\u017een\u00e9","item_id":"LX1869500","productname":"Vodn\u00edk - DVD","product":"Vodn\u00edk - DVD","url":"https:\/\/www.luxor.cz\/v\/1869500\/vodnik-dvd","imgurl":"https:\/\/img.luxor.cz\/orig\/produkty\/8594161153306.jpg","price_vat":"215.00","margin":"","vat":"","paramname1":"","paramval1":"","paramname2":"","paramval2":"","paramname3":"","paramval3":"","paramname4":"","paramval4":"","paramname5":"","paramval5":"","paramname6":"","paramval6":"","paramname7":"","paramval7":"","paramname8":"","paramval8":"","paramname9":"","paramval9":"","paramname10":"","paramval10":"","ean":"8594161153306","manufacturer":"Edice \u010cT","categorytext":""},"_links":{"self":[{"href":"https:\/\/www.luxor.cz\/blog\/wp-json\/wp\/v2\/product\/145867","targetHints":{"allow":["GET"]}}],"collection":[{"href":"https:\/\/www.luxor.cz\/blog\/wp-json\/wp\/v2\/product"}],"about":[{"href":"https:\/\/www.luxor.cz\/blog\/wp-json\/wp\/v2\/types\/product"}],"replies":[{"embeddable":true,"href":"https:\/\/www.luxor.cz\/blog\/wp-json\/wp\/v2\/comments?post=145867"}],"wp:attachment":[{"href":"https:\/\/www.luxor.cz\/blog\/wp-json\/wp\/v2\/media?parent=145867"}],"wp:term":[{"taxonomy":"product_cat","embeddable":true,"href":"https:\/\/www.luxor.cz\/blog\/wp-json\/wp\/v2\/product_cat?post=145867"},{"taxonomy":"product_tag","embeddable":true,"href":"https:\/\/www.luxor.cz\/blog\/wp-json\/wp\/v2\/product_tag?post=145867"}],"curies":[{"name":"wp","href":"https:\/\/api.w.org\/{rel}","templated":true}]}}