{"id":145847,"date":"2023-08-15T04:06:17","date_gmt":"2023-08-15T02:06:17","guid":{"rendered":"https:\/\/www.luxor.cz\/blog\/produkt\/umeni-valky-audiokniha\/"},"modified":"2023-08-15T04:06:18","modified_gmt":"2023-08-15T02:06:18","slug":"umeni-valky-audiokniha","status":"publish","type":"product","link":"https:\/\/www.luxor.cz\/blog\/produkt\/umeni-valky-audiokniha\/","title":{"rendered":"Um\u011bn\u00ed v\u00e1lky (audiokniha)"},"content":{"rendered":"<p>Poslechn\u011bte si inspirativn\u00ed rady pro taktick\u00e9 jedn\u00e1n\u00ed s lidmi! Proslul\u00e9 pojedn\u00e1n\u00ed mistra Suna o v\u00e1le\u010dn\u00e9m um\u011bn\u00ed se t\u011b\u0161\u00ed neutuchaj\u00edc\u00edmu z\u00e1jmu i po v\u00edce ne\u017e dva a p\u016fl tis\u00edci let, kter\u00e9 uplynuly od jeho naps\u00e1n\u00ed. Jeho obliba spo\u010d\u00edv\u00e1 nikoliv v jeho v\u00e1le\u010dnick\u00fdch aspektech, n\u00fdbr\u017e v inspirativn\u00ed s\u00edle pro taktick\u00e9 jedn\u00e1n\u00ed s lidmi. Jeho my\u0161lenky ocen\u00ed ka\u017ed\u00fd \u010dlov\u011bk, nebo\u0165 taktika je nutn\u00e1 v man\u017eelstv\u00ed, partnerstv\u00ed a vlastn\u011b ve v\u0161ech vztaz\u00edch. Stejn\u011b tak moudrost mistra Suna oslov\u00ed mana\u017eery, pro kter\u00e9 je veden\u00ed a motivov\u00e1n\u00ed lid\u00ed i boj s konkurenc\u00ed podstatnou n\u00e1pln\u00ed pr\u00e1ce.<\/p>\n","protected":false},"excerpt":{"rendered":"<p>Poslechn\u011bte si inspirativn\u00ed rady pro taktick\u00e9 jedn\u00e1n\u00ed s lidmi! Proslul\u00e9 pojedn\u00e1n\u00ed mistra Suna o v\u00e1le\u010dn\u00e9m um\u011bn\u00ed se t\u011b\u0161\u00ed neutuchaj\u00edc\u00edmu z\u00e1jmu i po v\u00edce ne\u017e dva a p\u016fl tis\u00edci let, kter\u00e9 [&hellip;]<\/p>\n","protected":false},"featured_media":0,"comment_status":"closed","ping_status":"open","template":"","meta":{"_acf_changed":false,"_monsterinsights_skip_tracking":false,"_monsterinsights_sitenote_active":false,"_monsterinsights_sitenote_note":"","_monsterinsights_sitenote_category":0,"_EventAllDay":false,"_EventTimezone":"","_EventStartDate":"","_EventEndDate":"","_EventStartDateUTC":"","_EventEndDateUTC":"","_EventShowMap":false,"_EventShowMapLink":false,"_EventURL":"","_EventCost":"","_EventCostDescription":"","_EventCurrencySymbol":"","_EventCurrencyCode":"","_EventCurrencyPosition":"","_EventDateTimeSeparator":"","_EventTimeRangeSeparator":"","_EventOrganizerID":[],"_EventVenueID":[],"_OrganizerEmail":"","_OrganizerPhone":"","_OrganizerWebsite":"","_VenueAddress":"","_VenueCity":"","_VenueCountry":"","_VenueProvince":"","_VenueState":"","_VenueZip":"","_VenuePhone":"","_VenueURL":"","_VenueStateProvince":"","_VenueLat":"","_VenueLng":"","_VenueShowMap":false,"_VenueShowMapLink":false,"twitterCardType":"","cardImageID":0,"cardImage":"","cardTitle":"","cardDesc":"","cardImageAlt":"","cardPlayer":"","cardPlayerWidth":0,"cardPlayerHeight":0,"cardPlayerStream":"","cardPlayerCodec":""},"product_cat":[],"product_tag":[],"class_list":["post-145847","product","type-product","status-publish","hentry"],"acf":{"description":"Poslechn\u011bte si inspirativn\u00ed rady pro taktick\u00e9 jedn\u00e1n\u00ed s lidmi! Proslul\u00e9 pojedn\u00e1n\u00ed mistra Suna o v\u00e1le\u010dn\u00e9m um\u011bn\u00ed se t\u011b\u0161\u00ed neutuchaj\u00edc\u00edmu z\u00e1jmu i po v\u00edce ne\u017e dva a p\u016fl tis\u00edci let, kter\u00e9 uplynuly od jeho naps\u00e1n\u00ed. Jeho obliba spo\u010d\u00edv\u00e1 nikoliv v jeho v\u00e1le\u010dnick\u00fdch aspektech, n\u00fdbr\u017e v inspirativn\u00ed s\u00edle pro taktick\u00e9 jedn\u00e1n\u00ed s lidmi. Jeho my\u0161lenky ocen\u00ed ka\u017ed\u00fd \u010dlov\u011bk, nebo\u0165 taktika je nutn\u00e1 v man\u017eelstv\u00ed, partnerstv\u00ed a vlastn\u011b ve v\u0161ech vztaz\u00edch. Stejn\u011b tak moudrost mistra Suna oslov\u00ed mana\u017eery, pro kter\u00e9 je veden\u00ed a motivov\u00e1n\u00ed lid\u00ed i boj s konkurenc\u00ed podstatnou n\u00e1pln\u00ed pr\u00e1ce.","item_id":"LX1869464","productname":"Um\u011bn\u00ed v\u00e1lky (audiokniha)","product":"Um\u011bn\u00ed v\u00e1lky (audiokniha)","url":"https:\/\/www.luxor.cz\/v\/1869464\/cd-umeni-valkyaudiokniha","imgurl":"https:\/\/img.luxor.cz\/orig\/produkty\/8594050421691.jpg","price_vat":"149.00","margin":"","vat":"","paramname1":"","paramval1":"","paramname2":"","paramval2":"","paramname3":"","paramval3":"","paramname4":"","paramval4":"","paramname5":"","paramval5":"","paramname6":"","paramval6":"","paramname7":"","paramval7":"","paramname8":"","paramval8":"","paramname9":"","paramval9":"","paramname10":"","paramval10":"","ean":"8594050421691","manufacturer":"B4U Publishing","categorytext":""},"_links":{"self":[{"href":"https:\/\/www.luxor.cz\/blog\/wp-json\/wp\/v2\/product\/145847","targetHints":{"allow":["GET"]}}],"collection":[{"href":"https:\/\/www.luxor.cz\/blog\/wp-json\/wp\/v2\/product"}],"about":[{"href":"https:\/\/www.luxor.cz\/blog\/wp-json\/wp\/v2\/types\/product"}],"replies":[{"embeddable":true,"href":"https:\/\/www.luxor.cz\/blog\/wp-json\/wp\/v2\/comments?post=145847"}],"wp:attachment":[{"href":"https:\/\/www.luxor.cz\/blog\/wp-json\/wp\/v2\/media?parent=145847"}],"wp:term":[{"taxonomy":"product_cat","embeddable":true,"href":"https:\/\/www.luxor.cz\/blog\/wp-json\/wp\/v2\/product_cat?post=145847"},{"taxonomy":"product_tag","embeddable":true,"href":"https:\/\/www.luxor.cz\/blog\/wp-json\/wp\/v2\/product_tag?post=145847"}],"curies":[{"name":"wp","href":"https:\/\/api.w.org\/{rel}","templated":true}]}}