{"id":145357,"date":"2023-08-15T03:56:37","date_gmt":"2023-08-15T01:56:37","guid":{"rendered":"https:\/\/www.luxor.cz\/blog\/produkt\/harry-potter-magical-creatures-hipogryf-klofan-18-cm\/"},"modified":"2023-08-15T03:56:37","modified_gmt":"2023-08-15T01:56:37","slug":"harry-potter-magical-creatures-hipogryf-klofan-18-cm","status":"publish","type":"product","link":"https:\/\/www.luxor.cz\/blog\/produkt\/harry-potter-magical-creatures-hipogryf-klofan-18-cm\/","title":{"rendered":"Harry Potter: Magical creatures &#8211; Hipogryf (Klofan) 18 cm"},"content":{"rendered":"<p>Detailn\u011b zpracovan\u00e1 a ru\u010dn\u011b malovan\u00e1 so\u0161ka Klofana \u2013 nap\u016fl k\u016fn\u011b a nap\u016fl drav\u00e9ho pt\u00e1ka. Objevil se v d\u00edle Harry Potter a v\u011bze\u0148 z Azkabanu.<br \/>\n Tato figurka je sou\u010d\u00e1st\u00ed kolekce Magical Creatures z d\u00edlny Noble Collection.<br \/>\nSo\u0161ka m\u00e1 rozm\u011bry p\u0159ibli\u017en\u011b 11 cm na \u0161\u00ed\u0159<\/p>\n","protected":false},"excerpt":{"rendered":"<p>Detailn\u011b zpracovan\u00e1 a ru\u010dn\u011b malovan\u00e1 so\u0161ka Klofana \u2013 nap\u016fl k\u016fn\u011b a nap\u016fl drav\u00e9ho pt\u00e1ka. Objevil se v d\u00edle Harry Potter a v\u011bze\u0148 z Azkabanu. Tato figurka je sou\u010d\u00e1st\u00ed kolekce Magical [&hellip;]<\/p>\n","protected":false},"featured_media":0,"comment_status":"closed","ping_status":"open","template":"","meta":{"_acf_changed":false,"_monsterinsights_skip_tracking":false,"_monsterinsights_sitenote_active":false,"_monsterinsights_sitenote_note":"","_monsterinsights_sitenote_category":0,"_EventAllDay":false,"_EventTimezone":"","_EventStartDate":"","_EventEndDate":"","_EventStartDateUTC":"","_EventEndDateUTC":"","_EventShowMap":false,"_EventShowMapLink":false,"_EventURL":"","_EventCost":"","_EventCostDescription":"","_EventCurrencySymbol":"","_EventCurrencyCode":"","_EventCurrencyPosition":"","_EventDateTimeSeparator":"","_EventTimeRangeSeparator":"","_EventOrganizerID":[],"_EventVenueID":[],"_OrganizerEmail":"","_OrganizerPhone":"","_OrganizerWebsite":"","_VenueAddress":"","_VenueCity":"","_VenueCountry":"","_VenueProvince":"","_VenueState":"","_VenueZip":"","_VenuePhone":"","_VenueURL":"","_VenueStateProvince":"","_VenueLat":"","_VenueLng":"","_VenueShowMap":false,"_VenueShowMapLink":false,"twitterCardType":"","cardImageID":0,"cardImage":"","cardTitle":"","cardDesc":"","cardImageAlt":"","cardPlayer":"","cardPlayerWidth":0,"cardPlayerHeight":0,"cardPlayerStream":"","cardPlayerCodec":""},"product_cat":[],"product_tag":[],"class_list":["post-145357","product","type-product","status-publish","hentry"],"acf":{"description":"Detailn\u011b zpracovan\u00e1 a ru\u010dn\u011b malovan\u00e1 so\u0161ka Klofana \u2013 nap\u016fl k\u016fn\u011b a nap\u016fl drav\u00e9ho pt\u00e1ka. Objevil se v d\u00edle Harry Potter a v\u011bze\u0148 z Azkabanu.\n Tato figurka je sou\u010d\u00e1st\u00ed kolekce Magical Creatures z d\u00edlny Noble Collection.\nSo\u0161ka m\u00e1 rozm\u011bry p\u0159ibli\u017en\u011b 11 cm na \u0161\u00ed\u0159","item_id":"LX1865496","productname":"Harry Potter: Magical creatures - Hipogryf (Klofan) 18 cm","product":"Harry Potter: Magical creatures - Hipogryf (Klofan) 18 cm","url":"https:\/\/www.luxor.cz\/v\/1865496\/harry-potter-magical-creatures-hipogryfklofan-18-cm","imgurl":"https:\/\/img.luxor.cz\/orig\/produkty\/849421003449.jpg","price_vat":"919.00","margin":"","vat":"","paramname1":"","paramval1":"","paramname2":"","paramval2":"","paramname3":"","paramval3":"","paramname4":"","paramval4":"","paramname5":"","paramval5":"","paramname6":"","paramval6":"","paramname7":"","paramval7":"","paramname8":"","paramval8":"","paramname9":"","paramval9":"","paramname10":"","paramval10":"","ean":"849421003449","manufacturer":"Noble Collection","categorytext":""},"_links":{"self":[{"href":"https:\/\/www.luxor.cz\/blog\/wp-json\/wp\/v2\/product\/145357","targetHints":{"allow":["GET"]}}],"collection":[{"href":"https:\/\/www.luxor.cz\/blog\/wp-json\/wp\/v2\/product"}],"about":[{"href":"https:\/\/www.luxor.cz\/blog\/wp-json\/wp\/v2\/types\/product"}],"replies":[{"embeddable":true,"href":"https:\/\/www.luxor.cz\/blog\/wp-json\/wp\/v2\/comments?post=145357"}],"wp:attachment":[{"href":"https:\/\/www.luxor.cz\/blog\/wp-json\/wp\/v2\/media?parent=145357"}],"wp:term":[{"taxonomy":"product_cat","embeddable":true,"href":"https:\/\/www.luxor.cz\/blog\/wp-json\/wp\/v2\/product_cat?post=145357"},{"taxonomy":"product_tag","embeddable":true,"href":"https:\/\/www.luxor.cz\/blog\/wp-json\/wp\/v2\/product_tag?post=145357"}],"curies":[{"name":"wp","href":"https:\/\/api.w.org\/{rel}","templated":true}]}}