{"id":143084,"date":"2023-08-15T03:11:44","date_gmt":"2023-08-15T01:11:44","guid":{"rendered":"https:\/\/www.luxor.cz\/blog\/produkt\/darwi-leather-fixa-na-kuzi-a-kozenku-12-mm-nahradni-hroty-do-fixy-10ks\/"},"modified":"2023-08-15T03:11:45","modified_gmt":"2023-08-15T01:11:45","slug":"darwi-leather-fixa-na-kuzi-a-kozenku-12-mm-nahradni-hroty-do-fixy-10ks","status":"publish","type":"product","link":"https:\/\/www.luxor.cz\/blog\/produkt\/darwi-leather-fixa-na-kuzi-a-kozenku-12-mm-nahradni-hroty-do-fixy-10ks\/","title":{"rendered":"DARWI LEATHER fixa na k\u016f\u017ei a ko\u017eenku 1,2 mm &#8211; n\u00e1hradn\u00ed hroty do fixy 10ks"},"content":{"rendered":"<p>D\u00edky vym\u011bniteln\u00e9mu hrotu v\u00fdrazn\u011b prodlou\u017e\u00edte \u017eivotnost fixu.<\/p>\n","protected":false},"excerpt":{"rendered":"<p>D\u00edky vym\u011bniteln\u00e9mu hrotu v\u00fdrazn\u011b prodlou\u017e\u00edte \u017eivotnost fixu.<\/p>\n","protected":false},"featured_media":0,"comment_status":"closed","ping_status":"open","template":"","meta":{"_acf_changed":false,"_monsterinsights_skip_tracking":false,"_monsterinsights_sitenote_active":false,"_monsterinsights_sitenote_note":"","_monsterinsights_sitenote_category":0,"_EventAllDay":false,"_EventTimezone":"","_EventStartDate":"","_EventEndDate":"","_EventStartDateUTC":"","_EventEndDateUTC":"","_EventShowMap":false,"_EventShowMapLink":false,"_EventURL":"","_EventCost":"","_EventCostDescription":"","_EventCurrencySymbol":"","_EventCurrencyCode":"","_EventCurrencyPosition":"","_EventDateTimeSeparator":"","_EventTimeRangeSeparator":"","_EventOrganizerID":[],"_EventVenueID":[],"_OrganizerEmail":"","_OrganizerPhone":"","_OrganizerWebsite":"","_VenueAddress":"","_VenueCity":"","_VenueCountry":"","_VenueProvince":"","_VenueState":"","_VenueZip":"","_VenuePhone":"","_VenueURL":"","_VenueStateProvince":"","_VenueLat":"","_VenueLng":"","_VenueShowMap":false,"_VenueShowMapLink":false,"twitterCardType":"","cardImageID":0,"cardImage":"","cardTitle":"","cardDesc":"","cardImageAlt":"","cardPlayer":"","cardPlayerWidth":0,"cardPlayerHeight":0,"cardPlayerStream":"","cardPlayerCodec":""},"product_cat":[],"product_tag":[],"class_list":["post-143084","product","type-product","status-publish","hentry"],"acf":{"description":"D\u00edky vym\u011bniteln\u00e9mu hrotu v\u00fdrazn\u011b prodlou\u017e\u00edte \u017eivotnost fixu.","item_id":"LX1858063","productname":"DARWI LEATHER fixa na k\u016f\u017ei a ko\u017eenku 1,2 mm - n\u00e1hradn\u00ed hroty do fixy 10ks","product":"DARWI LEATHER fixa na k\u016f\u017ei a ko\u017eenku 1,2 mm - n\u00e1hradn\u00ed hroty do fixy 10ks","url":"https:\/\/www.luxor.cz\/v\/1858063\/darwi-leather-fixa-na-kuzi-a-kozenku-12-mm-nahradni-hroty-do-fixy-10ks","imgurl":"https:\/\/img.luxor.cz\/orig\/produkty\/5411711452708.jpg","price_vat":"139.00","margin":"","vat":"","paramname1":"","paramval1":"","paramname2":"","paramval2":"","paramname3":"","paramval3":"","paramname4":"","paramval4":"","paramname5":"","paramval5":"","paramname6":"","paramval6":"","paramname7":"","paramval7":"","paramname8":"","paramval8":"","paramname9":"","paramval9":"","paramname10":"","paramval10":"","ean":"5411711452708","manufacturer":"Darwi","categorytext":""},"_links":{"self":[{"href":"https:\/\/www.luxor.cz\/blog\/wp-json\/wp\/v2\/product\/143084","targetHints":{"allow":["GET"]}}],"collection":[{"href":"https:\/\/www.luxor.cz\/blog\/wp-json\/wp\/v2\/product"}],"about":[{"href":"https:\/\/www.luxor.cz\/blog\/wp-json\/wp\/v2\/types\/product"}],"replies":[{"embeddable":true,"href":"https:\/\/www.luxor.cz\/blog\/wp-json\/wp\/v2\/comments?post=143084"}],"wp:attachment":[{"href":"https:\/\/www.luxor.cz\/blog\/wp-json\/wp\/v2\/media?parent=143084"}],"wp:term":[{"taxonomy":"product_cat","embeddable":true,"href":"https:\/\/www.luxor.cz\/blog\/wp-json\/wp\/v2\/product_cat?post=143084"},{"taxonomy":"product_tag","embeddable":true,"href":"https:\/\/www.luxor.cz\/blog\/wp-json\/wp\/v2\/product_tag?post=143084"}],"curies":[{"name":"wp","href":"https:\/\/api.w.org\/{rel}","templated":true}]}}