{"id":142650,"date":"2023-08-15T03:04:42","date_gmt":"2023-08-15T01:04:42","guid":{"rendered":"https:\/\/www.luxor.cz\/blog\/produkt\/tintin-22-let-714-do-sydney\/"},"modified":"2023-08-15T03:04:42","modified_gmt":"2023-08-15T01:04:42","slug":"tintin-22-let-714-do-sydney","status":"publish","type":"product","link":"https:\/\/www.luxor.cz\/blog\/produkt\/tintin-22-let-714-do-sydney\/","title":{"rendered":"Tintin (22) &#8211; Let 714 do Sydney"},"content":{"rendered":"<p>Dvaadvac\u00e1t\u00fd se\u0161it Tintinov\u00fdch dobrodru\u017estv\u00ed<br \/>\nTintin se sv\u00fdmi p\u0159\u00e1teli znovu vyd\u00e1v\u00e1 na dalekou cestu \u2013 tentokr\u00e1t a\u017e do Austr\u00e1lie. Jejich cesta je bohu\u017eel p\u0159eru\u0161ena \u2013 letadlo je uneseno zloduchem, kter\u00fd Tintinovi u\u017e nejednou upl\u00e1chl, milion\u00e1\u0159em Rastapopoulosem. V p\u0159\u00edb\u011bhu, kter\u00fd si v ni\u010dem nezad\u00e1 s tajemn\u00fdm p\u00e1tr\u00e1n\u00edm filmov\u00e9ho Indiana Jonese, nach\u00e1z\u00ed Tintin na Zemi stopy po p\u016fsoben\u00ed mimozem\u0161\u0165an\u016f.<\/p>\n","protected":false},"excerpt":{"rendered":"<p>Dvaadvac\u00e1t\u00fd se\u0161it Tintinov\u00fdch dobrodru\u017estv\u00ed Tintin se sv\u00fdmi p\u0159\u00e1teli znovu vyd\u00e1v\u00e1 na dalekou cestu \u2013 tentokr\u00e1t a\u017e do Austr\u00e1lie. Jejich cesta je bohu\u017eel p\u0159eru\u0161ena \u2013 letadlo je uneseno zloduchem, kter\u00fd Tintinovi [&hellip;]<\/p>\n","protected":false},"featured_media":0,"comment_status":"closed","ping_status":"open","template":"","meta":{"_acf_changed":false,"_monsterinsights_skip_tracking":false,"_monsterinsights_sitenote_active":false,"_monsterinsights_sitenote_note":"","_monsterinsights_sitenote_category":0,"_EventAllDay":false,"_EventTimezone":"","_EventStartDate":"","_EventEndDate":"","_EventStartDateUTC":"","_EventEndDateUTC":"","_EventShowMap":false,"_EventShowMapLink":false,"_EventURL":"","_EventCost":"","_EventCostDescription":"","_EventCurrencySymbol":"","_EventCurrencyCode":"","_EventCurrencyPosition":"","_EventDateTimeSeparator":"","_EventTimeRangeSeparator":"","_EventOrganizerID":[],"_EventVenueID":[],"_OrganizerEmail":"","_OrganizerPhone":"","_OrganizerWebsite":"","_VenueAddress":"","_VenueCity":"","_VenueCountry":"","_VenueProvince":"","_VenueState":"","_VenueZip":"","_VenuePhone":"","_VenueURL":"","_VenueStateProvince":"","_VenueLat":"","_VenueLng":"","_VenueShowMap":false,"_VenueShowMapLink":false,"twitterCardType":"","cardImageID":0,"cardImage":"","cardTitle":"","cardDesc":"","cardImageAlt":"","cardPlayer":"","cardPlayerWidth":0,"cardPlayerHeight":0,"cardPlayerStream":"","cardPlayerCodec":""},"product_cat":[],"product_tag":[],"class_list":["post-142650","product","type-product","status-publish","hentry"],"acf":{"description":"Dvaadvac\u00e1t\u00fd se\u0161it Tintinov\u00fdch dobrodru\u017estv\u00ed\nTintin se sv\u00fdmi p\u0159\u00e1teli znovu vyd\u00e1v\u00e1 na dalekou cestu \u2013 tentokr\u00e1t a\u017e do Austr\u00e1lie. Jejich cesta je bohu\u017eel p\u0159eru\u0161ena \u2013 letadlo je uneseno zloduchem, kter\u00fd Tintinovi u\u017e nejednou upl\u00e1chl, milion\u00e1\u0159em Rastapopoulosem. V p\u0159\u00edb\u011bhu, kter\u00fd si v ni\u010dem nezad\u00e1 s tajemn\u00fdm p\u00e1tr\u00e1n\u00edm filmov\u00e9ho Indiana Jonese, nach\u00e1z\u00ed Tintin na Zemi stopy po p\u016fsoben\u00ed mimozem\u0161\u0165an\u016f.","item_id":"LX1851236","productname":"Tintin (22) - Let 714 do Sydney","product":"Tintin (22) - Let 714 do Sydney","url":"https:\/\/www.luxor.cz\/v\/1851236\/tintin22-let-714-do-sydney","imgurl":"https:\/\/img.luxor.cz\/orig\/produkty\/9788000062921.jpg","price_vat":"178.00","margin":"","vat":"","paramname1":"","paramval1":"","paramname2":"","paramval2":"","paramname3":"","paramval3":"","paramname4":"","paramval4":"","paramname5":"","paramval5":"","paramname6":"","paramval6":"","paramname7":"","paramval7":"","paramname8":"","paramval8":"","paramname9":"","paramval9":"","paramname10":"","paramval10":"","ean":"9788000062921","manufacturer":"Albatros","categorytext":""},"_links":{"self":[{"href":"https:\/\/www.luxor.cz\/blog\/wp-json\/wp\/v2\/product\/142650","targetHints":{"allow":["GET"]}}],"collection":[{"href":"https:\/\/www.luxor.cz\/blog\/wp-json\/wp\/v2\/product"}],"about":[{"href":"https:\/\/www.luxor.cz\/blog\/wp-json\/wp\/v2\/types\/product"}],"replies":[{"embeddable":true,"href":"https:\/\/www.luxor.cz\/blog\/wp-json\/wp\/v2\/comments?post=142650"}],"wp:attachment":[{"href":"https:\/\/www.luxor.cz\/blog\/wp-json\/wp\/v2\/media?parent=142650"}],"wp:term":[{"taxonomy":"product_cat","embeddable":true,"href":"https:\/\/www.luxor.cz\/blog\/wp-json\/wp\/v2\/product_cat?post=142650"},{"taxonomy":"product_tag","embeddable":true,"href":"https:\/\/www.luxor.cz\/blog\/wp-json\/wp\/v2\/product_tag?post=142650"}],"curies":[{"name":"wp","href":"https:\/\/api.w.org\/{rel}","templated":true}]}}