{"id":142581,"date":"2023-08-15T03:03:37","date_gmt":"2023-08-15T01:03:37","guid":{"rendered":"https:\/\/www.luxor.cz\/blog\/produkt\/harry-potter-3d-puzzle-hypogryf-klofan-300-dilku\/"},"modified":"2023-08-15T03:03:38","modified_gmt":"2023-08-15T01:03:38","slug":"harry-potter-3d-puzzle-hypogryf-klofan-300-dilku","status":"publish","type":"product","link":"https:\/\/www.luxor.cz\/blog\/produkt\/harry-potter-3d-puzzle-hypogryf-klofan-300-dilku\/","title":{"rendered":"Harry Potter 3D puzzle &#8211; Hypogryf Klofan 300 d\u00edlk\u016f"},"content":{"rendered":"<p>Tyto ohromuj\u00edc\u00ed puzzle znovu zachycuj\u00ed magii p\u0159\u00edb\u011bh\u016f Harryho Pottera s 3D efektem. Velikost pod slo\u017een\u00ed 61&#215;43 cm.<\/p>\n","protected":false},"excerpt":{"rendered":"<p>Tyto ohromuj\u00edc\u00ed puzzle znovu zachycuj\u00ed magii p\u0159\u00edb\u011bh\u016f Harryho Pottera s 3D efektem. Velikost pod slo\u017een\u00ed 61&#215;43 cm.<\/p>\n","protected":false},"featured_media":0,"comment_status":"closed","ping_status":"open","template":"","meta":{"_acf_changed":false,"_monsterinsights_skip_tracking":false,"_monsterinsights_sitenote_active":false,"_monsterinsights_sitenote_note":"","_monsterinsights_sitenote_category":0,"_EventAllDay":false,"_EventTimezone":"","_EventStartDate":"","_EventEndDate":"","_EventStartDateUTC":"","_EventEndDateUTC":"","_EventShowMap":false,"_EventShowMapLink":false,"_EventURL":"","_EventCost":"","_EventCostDescription":"","_EventCurrencySymbol":"","_EventCurrencyCode":"","_EventCurrencyPosition":"","_EventDateTimeSeparator":"","_EventTimeRangeSeparator":"","_EventOrganizerID":[],"_EventVenueID":[],"_OrganizerEmail":"","_OrganizerPhone":"","_OrganizerWebsite":"","_VenueAddress":"","_VenueCity":"","_VenueCountry":"","_VenueProvince":"","_VenueState":"","_VenueZip":"","_VenuePhone":"","_VenueURL":"","_VenueStateProvince":"","_VenueLat":"","_VenueLng":"","_VenueShowMap":false,"_VenueShowMapLink":false,"twitterCardType":"","cardImageID":0,"cardImage":"","cardTitle":"","cardDesc":"","cardImageAlt":"","cardPlayer":"","cardPlayerWidth":0,"cardPlayerHeight":0,"cardPlayerStream":"","cardPlayerCodec":""},"product_cat":[],"product_tag":[],"class_list":["post-142581","product","type-product","status-publish","hentry"],"acf":{"description":"Tyto ohromuj\u00edc\u00ed puzzle znovu zachycuj\u00ed magii p\u0159\u00edb\u011bh\u016f Harryho Pottera s 3D efektem. Velikost pod slo\u017een\u00ed 61x43 cm.","item_id":"LX1856122","productname":"Harry Potter 3D puzzle - Hypogryf Klofan 300 d\u00edlk\u016f","product":"Harry Potter 3D puzzle - Hypogryf Klofan 300 d\u00edlk\u016f","url":"https:\/\/www.luxor.cz\/v\/1856122\/harry-potter-3d-puzzle-hypogryf-klofan-300-dilku","imgurl":"https:\/\/img.luxor.cz\/orig\/produkty\/670889325817.jpg","price_vat":"411.00","margin":"","vat":"","paramname1":"","paramval1":"","paramname2":"","paramval2":"","paramname3":"","paramval3":"","paramname4":"","paramval4":"","paramname5":"","paramval5":"","paramname6":"","paramval6":"","paramname7":"","paramval7":"","paramname8":"","paramval8":"","paramname9":"","paramval9":"","paramname10":"","paramval10":"","ean":"670889325817","manufacturer":"EPEE Czech","categorytext":""},"_links":{"self":[{"href":"https:\/\/www.luxor.cz\/blog\/wp-json\/wp\/v2\/product\/142581","targetHints":{"allow":["GET"]}}],"collection":[{"href":"https:\/\/www.luxor.cz\/blog\/wp-json\/wp\/v2\/product"}],"about":[{"href":"https:\/\/www.luxor.cz\/blog\/wp-json\/wp\/v2\/types\/product"}],"replies":[{"embeddable":true,"href":"https:\/\/www.luxor.cz\/blog\/wp-json\/wp\/v2\/comments?post=142581"}],"wp:attachment":[{"href":"https:\/\/www.luxor.cz\/blog\/wp-json\/wp\/v2\/media?parent=142581"}],"wp:term":[{"taxonomy":"product_cat","embeddable":true,"href":"https:\/\/www.luxor.cz\/blog\/wp-json\/wp\/v2\/product_cat?post=142581"},{"taxonomy":"product_tag","embeddable":true,"href":"https:\/\/www.luxor.cz\/blog\/wp-json\/wp\/v2\/product_tag?post=142581"}],"curies":[{"name":"wp","href":"https:\/\/api.w.org\/{rel}","templated":true}]}}