{"id":141478,"date":"2023-08-15T02:44:56","date_gmt":"2023-08-15T00:44:56","guid":{"rendered":"https:\/\/www.luxor.cz\/blog\/produkt\/plakat-nasi-ptaci-pevci\/"},"modified":"2023-08-15T02:44:56","modified_gmt":"2023-08-15T00:44:56","slug":"plakat-nasi-ptaci-pevci","status":"publish","type":"product","link":"https:\/\/www.luxor.cz\/blog\/produkt\/plakat-nasi-ptaci-pevci\/","title":{"rendered":"Plak\u00e1t &#8211; Na\u0161i pt\u00e1ci &#8211; p\u011bvci"},"content":{"rendered":"<p>Vyobrazen\u00ed 57 druh\u016f p\u011bvc\u016f pat\u0159\u00ed ke komer\u010dn\u011b nej\u00fasp\u011b\u0161n\u011bj\u0161\u00edm tabul\u00edm. Z n\u011bm\u010diny p\u0159elo\u017eil D. Kr\u00e1l.<\/p>\n","protected":false},"excerpt":{"rendered":"<p>Vyobrazen\u00ed 57 druh\u016f p\u011bvc\u016f pat\u0159\u00ed ke komer\u010dn\u011b nej\u00fasp\u011b\u0161n\u011bj\u0161\u00edm tabul\u00edm. Z n\u011bm\u010diny p\u0159elo\u017eil D. Kr\u00e1l.<\/p>\n","protected":false},"featured_media":0,"comment_status":"closed","ping_status":"open","template":"","meta":{"_acf_changed":false,"_monsterinsights_skip_tracking":false,"_monsterinsights_sitenote_active":false,"_monsterinsights_sitenote_note":"","_monsterinsights_sitenote_category":0,"_EventAllDay":false,"_EventTimezone":"","_EventStartDate":"","_EventEndDate":"","_EventStartDateUTC":"","_EventEndDateUTC":"","_EventShowMap":false,"_EventShowMapLink":false,"_EventURL":"","_EventCost":"","_EventCostDescription":"","_EventCurrencySymbol":"","_EventCurrencyCode":"","_EventCurrencyPosition":"","_EventDateTimeSeparator":"","_EventTimeRangeSeparator":"","_EventOrganizerID":[],"_EventVenueID":[],"_OrganizerEmail":"","_OrganizerPhone":"","_OrganizerWebsite":"","_VenueAddress":"","_VenueCity":"","_VenueCountry":"","_VenueProvince":"","_VenueState":"","_VenueZip":"","_VenuePhone":"","_VenueURL":"","_VenueStateProvince":"","_VenueLat":"","_VenueLng":"","_VenueShowMap":false,"_VenueShowMapLink":false,"twitterCardType":"","cardImageID":0,"cardImage":"","cardTitle":"","cardDesc":"","cardImageAlt":"","cardPlayer":"","cardPlayerWidth":0,"cardPlayerHeight":0,"cardPlayerStream":"","cardPlayerCodec":""},"product_cat":[],"product_tag":[],"class_list":["post-141478","product","type-product","status-publish","hentry"],"acf":{"description":"Vyobrazen\u00ed 57 druh\u016f p\u011bvc\u016f pat\u0159\u00ed ke komer\u010dn\u011b nej\u00fasp\u011b\u0161n\u011bj\u0161\u00edm tabul\u00edm. Z n\u011bm\u010diny p\u0159elo\u017eil D. Kr\u00e1l.","item_id":"LX1843402","productname":"Plak\u00e1t - Na\u0161i pt\u00e1ci - p\u011bvci","product":"Plak\u00e1t - Na\u0161i pt\u00e1ci - p\u011bvci","url":"https:\/\/www.luxor.cz\/v\/1843402\/plakat-nasi-ptaci-pevci","imgurl":"https:\/\/img.luxor.cz\/orig\/produkty\/0313485.jpg","price_vat":"229.00","margin":"","vat":"","paramname1":"","paramval1":"","paramname2":"","paramval2":"","paramname3":"","paramval3":"","paramname4":"","paramval4":"","paramname5":"","paramval5":"","paramname6":"","paramval6":"","paramname7":"","paramval7":"","paramname8":"","paramval8":"","paramname9":"","paramval9":"","paramname10":"","paramval10":"","ean":"0313485","manufacturer":"Scientia","categorytext":""},"_links":{"self":[{"href":"https:\/\/www.luxor.cz\/blog\/wp-json\/wp\/v2\/product\/141478","targetHints":{"allow":["GET"]}}],"collection":[{"href":"https:\/\/www.luxor.cz\/blog\/wp-json\/wp\/v2\/product"}],"about":[{"href":"https:\/\/www.luxor.cz\/blog\/wp-json\/wp\/v2\/types\/product"}],"replies":[{"embeddable":true,"href":"https:\/\/www.luxor.cz\/blog\/wp-json\/wp\/v2\/comments?post=141478"}],"wp:attachment":[{"href":"https:\/\/www.luxor.cz\/blog\/wp-json\/wp\/v2\/media?parent=141478"}],"wp:term":[{"taxonomy":"product_cat","embeddable":true,"href":"https:\/\/www.luxor.cz\/blog\/wp-json\/wp\/v2\/product_cat?post=141478"},{"taxonomy":"product_tag","embeddable":true,"href":"https:\/\/www.luxor.cz\/blog\/wp-json\/wp\/v2\/product_tag?post=141478"}],"curies":[{"name":"wp","href":"https:\/\/api.w.org\/{rel}","templated":true}]}}