{"id":141376,"date":"2023-08-15T02:43:13","date_gmt":"2023-08-15T00:43:13","guid":{"rendered":"https:\/\/www.luxor.cz\/blog\/produkt\/strihnete-si-na-saty\/"},"modified":"2023-08-15T02:43:13","modified_gmt":"2023-08-15T00:43:13","slug":"strihnete-si-na-saty","status":"publish","type":"product","link":"https:\/\/www.luxor.cz\/blog\/produkt\/strihnete-si-na-saty\/","title":{"rendered":"St\u0159ihn\u011bte si na \u0161aty"},"content":{"rendered":"<p>Nevyhovuje v\u00e1m konfek\u010dn\u00ed \u0161atn\u00edk? Oble\u010den\u00ed v obchodech nen\u00ed zcela podle va\u0161ich p\u0159edstav? Va\u0161e tv\u016fr\u010d\u00ed du\u0161e tou\u017e\u00ed po originalit\u011b a dokonale padnouc\u00edm st\u0159ihu? Tak pr\u00e1v\u011b pro v\u00e1s je tato kniha ur\u010dena! Dr\u017e\u00edte v rukou kl\u00ed\u010d ke konstruov\u00e1n\u00ed vlastn\u00edch od\u011bvn\u00edch st\u0159ih\u016f. P\u0159\u00e1telsk\u00fdm zp\u016fsobem jsou zde shrnuty z\u00e1kladn\u00ed st\u0159ihy d\u00e1msk\u00e9ho oble\u010den\u00ed v\u010detn\u011b n\u00e1vodu, jak st\u0159ihy na m\u00edru sestrojit, upravit a d\u00e1le podle pot\u0159eby obm\u011b\u0148ovat, d\u00edky uk\u00e1zk\u00e1m st\u0159ihov\u00e9 modelace. Nyn\u00ed u\u017e nic nestoj\u00ed v cest\u011b naplnit sv\u016fj \u0161atn\u00edk vytou\u017een\u00fdmi origin\u00e1ln\u00edmi modely.<br \/>\n Kniha je ur\u010dena od\u011bvn\u00edm nad\u0161enc\u016fm z \u0159ad laick\u00e9 i odborn\u00e9 ve\u0159ejnosti, kte\u0159\u00ed se cht\u011bj\u00ed realizovat<br \/>\n sm\u011brem vlastn\u00ed od\u011bvn\u00ed tvorby. Na z\u00e1klad\u011b uveden\u00fdch postup\u016f si m\u016f\u017ee ka\u017ed\u00fd osvojit um\u011bn\u00ed konstrukce od\u011bvn\u00edho st\u0159ihu a d\u00edky tomu si vytvo\u0159it st\u0159ih p\u0159esn\u011b na m\u00edru. Kniha je ps\u00e1na srozumiteln\u00fdm jazykem. \u010cten\u00e1\u0159ova pozornost nen\u00ed zbyte\u010dn\u011b vy\u010derp\u00e1v\u00e1na p\u0159em\u00edrou odborn\u00fdch term\u00edn\u016f, a nav\u00edc jsou uveden\u00e9 n\u00e1vody dopln\u011bny n\u00e1kresem od\u011bvu a p\u0159ehledn\u00fdm rysem st\u0159ihu, tak\u017ee je v\u0161e dob\u0159e pochopiteln\u00e9.<\/p>\n","protected":false},"excerpt":{"rendered":"<p>Nevyhovuje v\u00e1m konfek\u010dn\u00ed \u0161atn\u00edk? Oble\u010den\u00ed v obchodech nen\u00ed zcela podle va\u0161ich p\u0159edstav? Va\u0161e tv\u016fr\u010d\u00ed du\u0161e tou\u017e\u00ed po originalit\u011b a dokonale padnouc\u00edm st\u0159ihu? Tak pr\u00e1v\u011b pro v\u00e1s je tato kniha ur\u010dena! [&hellip;]<\/p>\n","protected":false},"featured_media":0,"comment_status":"closed","ping_status":"open","template":"","meta":{"_acf_changed":false,"_monsterinsights_skip_tracking":false,"_monsterinsights_sitenote_active":false,"_monsterinsights_sitenote_note":"","_monsterinsights_sitenote_category":0,"_EventAllDay":false,"_EventTimezone":"","_EventStartDate":"","_EventEndDate":"","_EventStartDateUTC":"","_EventEndDateUTC":"","_EventShowMap":false,"_EventShowMapLink":false,"_EventURL":"","_EventCost":"","_EventCostDescription":"","_EventCurrencySymbol":"","_EventCurrencyCode":"","_EventCurrencyPosition":"","_EventDateTimeSeparator":"","_EventTimeRangeSeparator":"","_EventOrganizerID":[],"_EventVenueID":[],"_OrganizerEmail":"","_OrganizerPhone":"","_OrganizerWebsite":"","_VenueAddress":"","_VenueCity":"","_VenueCountry":"","_VenueProvince":"","_VenueState":"","_VenueZip":"","_VenuePhone":"","_VenueURL":"","_VenueStateProvince":"","_VenueLat":"","_VenueLng":"","_VenueShowMap":false,"_VenueShowMapLink":false,"twitterCardType":"","cardImageID":0,"cardImage":"","cardTitle":"","cardDesc":"","cardImageAlt":"","cardPlayer":"","cardPlayerWidth":0,"cardPlayerHeight":0,"cardPlayerStream":"","cardPlayerCodec":""},"product_cat":[],"product_tag":[],"class_list":["post-141376","product","type-product","status-publish","hentry"],"acf":{"description":"Nevyhovuje v\u00e1m konfek\u010dn\u00ed \u0161atn\u00edk? Oble\u010den\u00ed v obchodech nen\u00ed zcela podle va\u0161ich p\u0159edstav? Va\u0161e tv\u016fr\u010d\u00ed du\u0161e tou\u017e\u00ed po originalit\u011b a dokonale padnouc\u00edm st\u0159ihu? Tak pr\u00e1v\u011b pro v\u00e1s je tato kniha ur\u010dena! Dr\u017e\u00edte v rukou kl\u00ed\u010d ke konstruov\u00e1n\u00ed vlastn\u00edch od\u011bvn\u00edch st\u0159ih\u016f. P\u0159\u00e1telsk\u00fdm zp\u016fsobem jsou zde shrnuty z\u00e1kladn\u00ed st\u0159ihy d\u00e1msk\u00e9ho oble\u010den\u00ed v\u010detn\u011b n\u00e1vodu, jak st\u0159ihy na m\u00edru sestrojit, upravit a d\u00e1le podle pot\u0159eby obm\u011b\u0148ovat, d\u00edky uk\u00e1zk\u00e1m st\u0159ihov\u00e9 modelace. Nyn\u00ed u\u017e nic nestoj\u00ed v cest\u011b naplnit sv\u016fj \u0161atn\u00edk vytou\u017een\u00fdmi origin\u00e1ln\u00edmi modely.\n Kniha je ur\u010dena od\u011bvn\u00edm nad\u0161enc\u016fm z \u0159ad laick\u00e9 i odborn\u00e9 ve\u0159ejnosti, kte\u0159\u00ed se cht\u011bj\u00ed realizovat \n sm\u011brem vlastn\u00ed od\u011bvn\u00ed tvorby. Na z\u00e1klad\u011b uveden\u00fdch postup\u016f si m\u016f\u017ee ka\u017ed\u00fd osvojit um\u011bn\u00ed konstrukce od\u011bvn\u00edho st\u0159ihu a d\u00edky tomu si vytvo\u0159it st\u0159ih p\u0159esn\u011b na m\u00edru. Kniha je ps\u00e1na srozumiteln\u00fdm jazykem. \u010cten\u00e1\u0159ova pozornost nen\u00ed zbyte\u010dn\u011b vy\u010derp\u00e1v\u00e1na p\u0159em\u00edrou odborn\u00fdch term\u00edn\u016f, a nav\u00edc jsou uveden\u00e9 n\u00e1vody dopln\u011bny n\u00e1kresem od\u011bvu a p\u0159ehledn\u00fdm rysem st\u0159ihu, tak\u017ee je v\u0161e dob\u0159e pochopiteln\u00e9.","item_id":"LX1817939","productname":"St\u0159ihn\u011bte si na \u0161aty","product":"St\u0159ihn\u011bte si na \u0161aty","url":"https:\/\/www.luxor.cz\/v\/1817939\/strihnete-si-na-saty","imgurl":"https:\/\/img.luxor.cz\/orig\/produkty\/9788027102266.jpg","price_vat":"296.00","margin":"","vat":"","paramname1":"","paramval1":"","paramname2":"","paramval2":"","paramname3":"","paramval3":"","paramname4":"","paramval4":"","paramname5":"","paramval5":"","paramname6":"","paramval6":"","paramname7":"","paramval7":"","paramname8":"","paramval8":"","paramname9":"","paramval9":"","paramname10":"","paramval10":"","ean":"9788027102266","manufacturer":"Grada","categorytext":""},"_links":{"self":[{"href":"https:\/\/www.luxor.cz\/blog\/wp-json\/wp\/v2\/product\/141376","targetHints":{"allow":["GET"]}}],"collection":[{"href":"https:\/\/www.luxor.cz\/blog\/wp-json\/wp\/v2\/product"}],"about":[{"href":"https:\/\/www.luxor.cz\/blog\/wp-json\/wp\/v2\/types\/product"}],"replies":[{"embeddable":true,"href":"https:\/\/www.luxor.cz\/blog\/wp-json\/wp\/v2\/comments?post=141376"}],"wp:attachment":[{"href":"https:\/\/www.luxor.cz\/blog\/wp-json\/wp\/v2\/media?parent=141376"}],"wp:term":[{"taxonomy":"product_cat","embeddable":true,"href":"https:\/\/www.luxor.cz\/blog\/wp-json\/wp\/v2\/product_cat?post=141376"},{"taxonomy":"product_tag","embeddable":true,"href":"https:\/\/www.luxor.cz\/blog\/wp-json\/wp\/v2\/product_tag?post=141376"}],"curies":[{"name":"wp","href":"https:\/\/api.w.org\/{rel}","templated":true}]}}