{"id":138933,"date":"2023-08-15T02:10:39","date_gmt":"2023-08-15T00:10:39","guid":{"rendered":"https:\/\/www.luxor.cz\/blog\/produkt\/koh-i-noor-barvy-olejove-sada-manes10-barev\/"},"modified":"2023-08-15T02:10:39","modified_gmt":"2023-08-15T00:10:39","slug":"koh-i-noor-barvy-olejove-sada-manes10-barev","status":"publish","type":"product","link":"https:\/\/www.luxor.cz\/blog\/produkt\/koh-i-noor-barvy-olejove-sada-manes10-barev\/","title":{"rendered":"Koh-i-noor barvy olejov\u00e9 sada M\u00c1NES10 barev"},"content":{"rendered":"<p>Olejov\u00e1 barvy kazeta M\u00e1nes 10 odst\u00edn\u016f barev 161601<\/p>\n<p>Olejov\u00e1 kazeta M\u00e1nes obsahuje<br \/>\n&#8211; 10 odst\u00edn\u016f olejov\u00fdch barev<br \/>\n&#8211; \u0161t\u011btec kulat\u00fd<br \/>\n&#8211; d\u0159ev\u011bn\u00e1 paleta<br \/>\n&#8211; p\u0159\u00edpravky pro malbu<br \/>\n&#8211; d\u0159ev\u011bn\u00e1 siln\u00e1 tu\u017eka<\/p>\n<p>Baleno v pap\u00edrov\u00e9 d\u00e1rkov\u00e9 krabici. <\/p>\n<p>Barvy jsou nam\u00edch\u00e1ny pro malbu portr\u00e9t\u016f.<\/p>\n<p>Olejov\u00e1 barva je druh pomalu schnouc\u00ed barvy, kter\u00fd se skl\u00e1d\u00e1 z \u010d\u00e1stic pigmentu suspendovan\u00fdch v zasychaj\u00edc\u00edm oleji, nej\u010dast\u011bji ln\u011bn\u00e9m. Viskozitu barvy lze m\u011bnit p\u0159id\u00e1n\u00edm rozpou\u0161t\u011bdla, nap\u0159\u00edklad terpent\u00fdnu nebo lakov\u00e9ho benzinu. Pro zv\u00fd\u0161en\u00ed lesku zaschl\u00e9ho filmu barvy lze p\u0159idat lak.<\/p>\n<p>Olejov\u00e9 barvy byly velmi obl\u00edben\u00e9 u\u017e v d\u00e1vn\u00fdch dob\u00e1ch a mnoz\u00ed um\u011blci dodnes vyu\u017e\u00edvaj\u00ed jejich unik\u00e1tn\u00ed vlastnosti. Olejov\u00e9 barvy se tak naz\u00fdvaj\u00ed proto, \u017ee je jejich barvivo sm\u00edch\u00e1no s olejem a \u0159ed\u011bno terpent\u00fdnem. D\u00edky tomu schnou olejov\u00e9 barvy del\u0161\u00ed dobu a m\u016f\u017eeme tak s nimi pracovat i po nanesen\u00ed na pl\u00e1tno. Jakmile barvy zaschnou m\u016f\u017eeme celou malbu p\u0159emalovat a p\u0159i tom nedojde k poru\u0161en\u00ed spodn\u00ed vrstvy. Olejov\u00e9 barvy m\u016f\u017eeme regulovat pomoc\u00ed r\u016fzn\u00fdch p\u0159\u00edsad a t\u00edm i nam\u00edchat transparentn\u00ed barvu.<\/p>\n","protected":false},"excerpt":{"rendered":"<p>Olejov\u00e1 barvy kazeta M\u00e1nes 10 odst\u00edn\u016f barev 161601 Olejov\u00e1 kazeta M\u00e1nes obsahuje &#8211; 10 odst\u00edn\u016f olejov\u00fdch barev &#8211; \u0161t\u011btec kulat\u00fd &#8211; d\u0159ev\u011bn\u00e1 paleta &#8211; p\u0159\u00edpravky pro malbu &#8211; d\u0159ev\u011bn\u00e1 siln\u00e1 [&hellip;]<\/p>\n","protected":false},"featured_media":0,"comment_status":"closed","ping_status":"open","template":"","meta":{"_acf_changed":false,"_monsterinsights_skip_tracking":false,"_monsterinsights_sitenote_active":false,"_monsterinsights_sitenote_note":"","_monsterinsights_sitenote_category":0,"_EventAllDay":false,"_EventTimezone":"","_EventStartDate":"","_EventEndDate":"","_EventStartDateUTC":"","_EventEndDateUTC":"","_EventShowMap":false,"_EventShowMapLink":false,"_EventURL":"","_EventCost":"","_EventCostDescription":"","_EventCurrencySymbol":"","_EventCurrencyCode":"","_EventCurrencyPosition":"","_EventDateTimeSeparator":"","_EventTimeRangeSeparator":"","_EventOrganizerID":[],"_EventVenueID":[],"_OrganizerEmail":"","_OrganizerPhone":"","_OrganizerWebsite":"","_VenueAddress":"","_VenueCity":"","_VenueCountry":"","_VenueProvince":"","_VenueState":"","_VenueZip":"","_VenuePhone":"","_VenueURL":"","_VenueStateProvince":"","_VenueLat":"","_VenueLng":"","_VenueShowMap":false,"_VenueShowMapLink":false,"twitterCardType":"","cardImageID":0,"cardImage":"","cardTitle":"","cardDesc":"","cardImageAlt":"","cardPlayer":"","cardPlayerWidth":0,"cardPlayerHeight":0,"cardPlayerStream":"","cardPlayerCodec":""},"product_cat":[],"product_tag":[],"class_list":["post-138933","product","type-product","status-publish","hentry"],"acf":{"description":"Olejov\u00e1 barvy kazeta M\u00e1nes 10 odst\u00edn\u016f barev 161601\n\nOlejov\u00e1 kazeta M\u00e1nes obsahuje \n- 10 odst\u00edn\u016f olejov\u00fdch barev\n- \u0161t\u011btec kulat\u00fd\n- d\u0159ev\u011bn\u00e1 paleta\n- p\u0159\u00edpravky pro malbu \n- d\u0159ev\u011bn\u00e1 siln\u00e1 tu\u017eka\n\nBaleno v pap\u00edrov\u00e9 d\u00e1rkov\u00e9 krabici. \n\nBarvy jsou nam\u00edch\u00e1ny pro malbu portr\u00e9t\u016f.\n\nOlejov\u00e1 barva je druh pomalu schnouc\u00ed barvy, kter\u00fd se skl\u00e1d\u00e1 z \u010d\u00e1stic pigmentu suspendovan\u00fdch v zasychaj\u00edc\u00edm oleji, nej\u010dast\u011bji ln\u011bn\u00e9m. Viskozitu barvy lze m\u011bnit p\u0159id\u00e1n\u00edm rozpou\u0161t\u011bdla, nap\u0159\u00edklad terpent\u00fdnu nebo lakov\u00e9ho benzinu. Pro zv\u00fd\u0161en\u00ed lesku zaschl\u00e9ho filmu barvy lze p\u0159idat lak.\n\nOlejov\u00e9 barvy byly velmi obl\u00edben\u00e9 u\u017e v d\u00e1vn\u00fdch dob\u00e1ch a mnoz\u00ed um\u011blci dodnes vyu\u017e\u00edvaj\u00ed jejich unik\u00e1tn\u00ed vlastnosti. Olejov\u00e9 barvy se tak naz\u00fdvaj\u00ed proto, \u017ee je jejich barvivo sm\u00edch\u00e1no s olejem a \u0159ed\u011bno terpent\u00fdnem. D\u00edky tomu schnou olejov\u00e9 barvy del\u0161\u00ed dobu a m\u016f\u017eeme tak s nimi pracovat i po nanesen\u00ed na pl\u00e1tno. Jakmile barvy zaschnou m\u016f\u017eeme celou malbu p\u0159emalovat a p\u0159i tom nedojde k poru\u0161en\u00ed spodn\u00ed vrstvy. Olejov\u00e9 barvy m\u016f\u017eeme regulovat pomoc\u00ed r\u016fzn\u00fdch p\u0159\u00edsad a t\u00edm i nam\u00edchat transparentn\u00ed barvu.","item_id":"LX1812872","productname":"Koh-i-noor barvy olejov\u00e9 sada M\u00c1NES10 barev","product":"Koh-i-noor barvy olejov\u00e9 sada M\u00c1NES10 barev","url":"https:\/\/www.luxor.cz\/v\/1812872\/koh-i-noor-barvy-olejove-sada-manes10-barev","imgurl":"https:\/\/img.luxor.cz\/orig\/produkty\/8593540002211.jpg","price_vat":"1277.00","margin":"","vat":"","paramname1":"","paramval1":"","paramname2":"","paramval2":"","paramname3":"","paramval3":"","paramname4":"","paramval4":"","paramname5":"","paramval5":"","paramname6":"","paramval6":"","paramname7":"","paramval7":"","paramname8":"","paramval8":"","paramname9":"","paramval9":"","paramname10":"","paramval10":"","ean":"8593540002211","manufacturer":"Koh-i-noor Hardtmuth","categorytext":""},"_links":{"self":[{"href":"https:\/\/www.luxor.cz\/blog\/wp-json\/wp\/v2\/product\/138933","targetHints":{"allow":["GET"]}}],"collection":[{"href":"https:\/\/www.luxor.cz\/blog\/wp-json\/wp\/v2\/product"}],"about":[{"href":"https:\/\/www.luxor.cz\/blog\/wp-json\/wp\/v2\/types\/product"}],"replies":[{"embeddable":true,"href":"https:\/\/www.luxor.cz\/blog\/wp-json\/wp\/v2\/comments?post=138933"}],"wp:attachment":[{"href":"https:\/\/www.luxor.cz\/blog\/wp-json\/wp\/v2\/media?parent=138933"}],"wp:term":[{"taxonomy":"product_cat","embeddable":true,"href":"https:\/\/www.luxor.cz\/blog\/wp-json\/wp\/v2\/product_cat?post=138933"},{"taxonomy":"product_tag","embeddable":true,"href":"https:\/\/www.luxor.cz\/blog\/wp-json\/wp\/v2\/product_tag?post=138933"}],"curies":[{"name":"wp","href":"https:\/\/api.w.org\/{rel}","templated":true}]}}