{"id":138280,"date":"2023-08-15T02:02:28","date_gmt":"2023-08-15T00:02:28","guid":{"rendered":"https:\/\/www.luxor.cz\/blog\/produkt\/hrava-fyzika-7-pracovni-sesit\/"},"modified":"2023-08-15T02:02:28","modified_gmt":"2023-08-15T00:02:28","slug":"hrava-fyzika-7-pracovni-sesit","status":"publish","type":"product","link":"https:\/\/www.luxor.cz\/blog\/produkt\/hrava-fyzika-7-pracovni-sesit\/","title":{"rendered":"Hrav\u00e1 fyzika 7 &#8211; pracovn\u00ed se\u0161it"},"content":{"rendered":"<p>Se\u0161ity z fyziky byly vytvo\u0159eny s c\u00edlem zv\u00fd\u0161it z\u00e1jem \u017e\u00e1k\u016f o fyziku, motivovat je ke studiu a uleh\u010dit  jim pochopen\u00ed, kde v\u0161ude se v b\u011b\u017en\u00e9m \u017eivot\u011b bez fyziky neobejdeme. Na se\u0161itech proto pracoval t\u00fdm zku\u0161en\u00fdch u\u010ditel\u016f ze z\u00e1kladn\u00edch \u0161kol spole\u010dn\u011b s lektorem panem prof. RNDr. Ivo Volfem, CSc. V\u00fdsledkem je soubor kreativn\u00edch, modern\u00edch a pestr\u00fdch p\u0159\u00edklad\u016f a \u00faloh.<\/p>\n<p>Pracovn\u00ed se\u0161it je vhodn\u00fd k u\u010debnic\u00edm, kter\u00e9 pou\u017e\u00edv\u00e1te na hodin\u00e1ch fyziky.<\/p>\n<p>V souladu s RVP<\/p>\n<p>\u2022 Pohyb t\u011bles<br \/>\n\u2022 S\u00edla<br \/>\n\u2022 Mechanick\u00e9 vlastnosti kapalin<br \/>\n\u2022 Mechanick\u00e9 vlastnosti plyn\u016f<br \/>\n\u2022 Sv\u011btlo<\/p>\n","protected":false},"excerpt":{"rendered":"<p>Se\u0161ity z fyziky byly vytvo\u0159eny s c\u00edlem zv\u00fd\u0161it z\u00e1jem \u017e\u00e1k\u016f o fyziku, motivovat je ke studiu a uleh\u010dit jim pochopen\u00ed, kde v\u0161ude se v b\u011b\u017en\u00e9m \u017eivot\u011b bez fyziky neobejdeme. Na [&hellip;]<\/p>\n","protected":false},"featured_media":0,"comment_status":"closed","ping_status":"open","template":"","meta":{"_acf_changed":false,"_monsterinsights_skip_tracking":false,"_monsterinsights_sitenote_active":false,"_monsterinsights_sitenote_note":"","_monsterinsights_sitenote_category":0,"_EventAllDay":false,"_EventTimezone":"","_EventStartDate":"","_EventEndDate":"","_EventStartDateUTC":"","_EventEndDateUTC":"","_EventShowMap":false,"_EventShowMapLink":false,"_EventURL":"","_EventCost":"","_EventCostDescription":"","_EventCurrencySymbol":"","_EventCurrencyCode":"","_EventCurrencyPosition":"","_EventDateTimeSeparator":"","_EventTimeRangeSeparator":"","_EventOrganizerID":[],"_EventVenueID":[],"_OrganizerEmail":"","_OrganizerPhone":"","_OrganizerWebsite":"","_VenueAddress":"","_VenueCity":"","_VenueCountry":"","_VenueProvince":"","_VenueState":"","_VenueZip":"","_VenuePhone":"","_VenueURL":"","_VenueStateProvince":"","_VenueLat":"","_VenueLng":"","_VenueShowMap":false,"_VenueShowMapLink":false,"twitterCardType":"","cardImageID":0,"cardImage":"","cardTitle":"","cardDesc":"","cardImageAlt":"","cardPlayer":"","cardPlayerWidth":0,"cardPlayerHeight":0,"cardPlayerStream":"","cardPlayerCodec":""},"product_cat":[],"product_tag":[],"class_list":["post-138280","product","type-product","status-publish","hentry"],"acf":{"description":"Se\u0161ity z fyziky byly vytvo\u0159eny s c\u00edlem zv\u00fd\u0161it z\u00e1jem \u017e\u00e1k\u016f o fyziku, motivovat je ke studiu a uleh\u010dit  jim pochopen\u00ed, kde v\u0161ude se v b\u011b\u017en\u00e9m \u017eivot\u011b bez fyziky neobejdeme. Na se\u0161itech proto pracoval t\u00fdm zku\u0161en\u00fdch u\u010ditel\u016f ze z\u00e1kladn\u00edch \u0161kol spole\u010dn\u011b s lektorem panem prof. RNDr. Ivo Volfem, CSc. V\u00fdsledkem je soubor kreativn\u00edch, modern\u00edch a pestr\u00fdch p\u0159\u00edklad\u016f a \u00faloh.\n\nPracovn\u00ed se\u0161it je vhodn\u00fd k u\u010debnic\u00edm, kter\u00e9 pou\u017e\u00edv\u00e1te na hodin\u00e1ch fyziky.\n\nV souladu s RVP\n\n\u2022 Pohyb t\u011bles\n\u2022 S\u00edla\n\u2022 Mechanick\u00e9 vlastnosti kapalin\n\u2022 Mechanick\u00e9 vlastnosti plyn\u016f\n\u2022 Sv\u011btlo","item_id":"LX1839539","productname":"Hrav\u00e1 fyzika 7 - pracovn\u00ed se\u0161it","product":"Hrav\u00e1 fyzika 7 - pracovn\u00ed se\u0161it","url":"https:\/\/www.luxor.cz\/v\/1839539\/hrava-fyzika-7-pracovni-sesit","imgurl":"https:\/\/img.luxor.cz\/orig\/produkty\/9788087881552.jpg","price_vat":"124.00","margin":"","vat":"","paramname1":"","paramval1":"","paramname2":"","paramval2":"","paramname3":"","paramval3":"","paramname4":"","paramval4":"","paramname5":"","paramval5":"","paramname6":"","paramval6":"","paramname7":"","paramval7":"","paramname8":"","paramval8":"","paramname9":"","paramval9":"","paramname10":"","paramval10":"","ean":"9788087881552","manufacturer":"Taktik","categorytext":""},"_links":{"self":[{"href":"https:\/\/www.luxor.cz\/blog\/wp-json\/wp\/v2\/product\/138280","targetHints":{"allow":["GET"]}}],"collection":[{"href":"https:\/\/www.luxor.cz\/blog\/wp-json\/wp\/v2\/product"}],"about":[{"href":"https:\/\/www.luxor.cz\/blog\/wp-json\/wp\/v2\/types\/product"}],"replies":[{"embeddable":true,"href":"https:\/\/www.luxor.cz\/blog\/wp-json\/wp\/v2\/comments?post=138280"}],"wp:attachment":[{"href":"https:\/\/www.luxor.cz\/blog\/wp-json\/wp\/v2\/media?parent=138280"}],"wp:term":[{"taxonomy":"product_cat","embeddable":true,"href":"https:\/\/www.luxor.cz\/blog\/wp-json\/wp\/v2\/product_cat?post=138280"},{"taxonomy":"product_tag","embeddable":true,"href":"https:\/\/www.luxor.cz\/blog\/wp-json\/wp\/v2\/product_tag?post=138280"}],"curies":[{"name":"wp","href":"https:\/\/api.w.org\/{rel}","templated":true}]}}