{"id":137936,"date":"2023-08-15T01:58:01","date_gmt":"2023-08-14T23:58:01","guid":{"rendered":"https:\/\/www.luxor.cz\/blog\/produkt\/jitka-stenclova-premeny\/"},"modified":"2023-08-15T01:58:01","modified_gmt":"2023-08-14T23:58:01","slug":"jitka-stenclova-premeny","status":"publish","type":"product","link":"https:\/\/www.luxor.cz\/blog\/produkt\/jitka-stenclova-premeny\/","title":{"rendered":"Jitka \u0160tenclov\u00e1 &#8211; P\u0159em\u011bny"},"content":{"rendered":"<p>Katalog p\u0159edstavuje tvorbu Jitky \u0160tenclov\u00e9 (1952) z posledn\u00edch let. Autorka je p\u016fvodn\u00edm zam\u011b\u0159en\u00edm textiln\u00ed v\u00fdtvarnice, nicm\u00e9n\u011b od roku 1992 se pln\u011b v\u011bnuje malb\u011b a kresb\u011b. Na sv\u00fdch pl\u00e1tnech zachycuje situace v\u0161edn\u00edch dn\u016f i v\u00fdjime\u010dn\u00e9 ud\u00e1losti, s citlivost\u00ed vypov\u00edd\u00e1 o sv\u00e9m pro\u017e\u00edv\u00e1n\u00ed sv\u011bta. Jej\u00ed v\u00fdtvarn\u00fd projev je zalo\u017een na geometrick\u00fdch tvarech, p\u0159i\u010dem\u017e silnou v\u00fdrazovou slo\u017ekou je barva. Kolorismus spoluvytv\u00e1\u0159\u00ed jej\u00ed v\u00fdpov\u011b\u010f, a\u0165 u\u017e se jedn\u00e1 o jasn\u00e9 barvy, nebo o rozost\u0159en\u00e9 jemn\u00e9 p\u0159echody barevn\u00fdch val\u00e9r\u016f.<\/p>\n","protected":false},"excerpt":{"rendered":"<p>Katalog p\u0159edstavuje tvorbu Jitky \u0160tenclov\u00e9 (1952) z posledn\u00edch let. Autorka je p\u016fvodn\u00edm zam\u011b\u0159en\u00edm textiln\u00ed v\u00fdtvarnice, nicm\u00e9n\u011b od roku 1992 se pln\u011b v\u011bnuje malb\u011b a kresb\u011b. Na sv\u00fdch pl\u00e1tnech zachycuje situace [&hellip;]<\/p>\n","protected":false},"featured_media":0,"comment_status":"closed","ping_status":"open","template":"","meta":{"_acf_changed":false,"_monsterinsights_skip_tracking":false,"_monsterinsights_sitenote_active":false,"_monsterinsights_sitenote_note":"","_monsterinsights_sitenote_category":0,"_EventAllDay":false,"_EventTimezone":"","_EventStartDate":"","_EventEndDate":"","_EventStartDateUTC":"","_EventEndDateUTC":"","_EventShowMap":false,"_EventShowMapLink":false,"_EventURL":"","_EventCost":"","_EventCostDescription":"","_EventCurrencySymbol":"","_EventCurrencyCode":"","_EventCurrencyPosition":"","_EventDateTimeSeparator":"","_EventTimeRangeSeparator":"","_EventOrganizerID":[],"_EventVenueID":[],"_OrganizerEmail":"","_OrganizerPhone":"","_OrganizerWebsite":"","_VenueAddress":"","_VenueCity":"","_VenueCountry":"","_VenueProvince":"","_VenueState":"","_VenueZip":"","_VenuePhone":"","_VenueURL":"","_VenueStateProvince":"","_VenueLat":"","_VenueLng":"","_VenueShowMap":false,"_VenueShowMapLink":false,"twitterCardType":"","cardImageID":0,"cardImage":"","cardTitle":"","cardDesc":"","cardImageAlt":"","cardPlayer":"","cardPlayerWidth":0,"cardPlayerHeight":0,"cardPlayerStream":"","cardPlayerCodec":""},"product_cat":[],"product_tag":[],"class_list":["post-137936","product","type-product","status-publish","hentry"],"acf":{"description":"Katalog p\u0159edstavuje tvorbu Jitky \u0160tenclov\u00e9 (1952) z posledn\u00edch let. Autorka je p\u016fvodn\u00edm zam\u011b\u0159en\u00edm textiln\u00ed v\u00fdtvarnice, nicm\u00e9n\u011b od roku 1992 se pln\u011b v\u011bnuje malb\u011b a kresb\u011b. Na sv\u00fdch pl\u00e1tnech zachycuje situace v\u0161edn\u00edch dn\u016f i v\u00fdjime\u010dn\u00e9 ud\u00e1losti, s citlivost\u00ed vypov\u00edd\u00e1 o sv\u00e9m pro\u017e\u00edv\u00e1n\u00ed sv\u011bta. Jej\u00ed v\u00fdtvarn\u00fd projev je zalo\u017een na geometrick\u00fdch tvarech, p\u0159i\u010dem\u017e silnou v\u00fdrazovou slo\u017ekou je barva. Kolorismus spoluvytv\u00e1\u0159\u00ed jej\u00ed v\u00fdpov\u011b\u010f, a\u0165 u\u017e se jedn\u00e1 o jasn\u00e9 barvy, nebo o rozost\u0159en\u00e9 jemn\u00e9 p\u0159echody barevn\u00fdch val\u00e9r\u016f.","item_id":"LX1839205","productname":"Jitka \u0160tenclov\u00e1 - P\u0159em\u011bny","product":"Jitka \u0160tenclov\u00e1 - P\u0159em\u011bny","url":"https:\/\/www.luxor.cz\/v\/1839205\/jitka-stenclova-premeny","imgurl":"https:\/\/img.luxor.cz\/orig\/produkty\/9788087784143.jpg","price_vat":"263.00","margin":"","vat":"","paramname1":"","paramval1":"","paramname2":"","paramval2":"","paramname3":"","paramval3":"","paramname4":"","paramval4":"","paramname5":"","paramval5":"","paramname6":"","paramval6":"","paramname7":"","paramval7":"","paramname8":"","paramval8":"","paramname9":"","paramval9":"","paramname10":"","paramval10":"","ean":"9788087784143","manufacturer":"\u0160tenclov\u00e1 Jitka","categorytext":""},"_links":{"self":[{"href":"https:\/\/www.luxor.cz\/blog\/wp-json\/wp\/v2\/product\/137936","targetHints":{"allow":["GET"]}}],"collection":[{"href":"https:\/\/www.luxor.cz\/blog\/wp-json\/wp\/v2\/product"}],"about":[{"href":"https:\/\/www.luxor.cz\/blog\/wp-json\/wp\/v2\/types\/product"}],"replies":[{"embeddable":true,"href":"https:\/\/www.luxor.cz\/blog\/wp-json\/wp\/v2\/comments?post=137936"}],"wp:attachment":[{"href":"https:\/\/www.luxor.cz\/blog\/wp-json\/wp\/v2\/media?parent=137936"}],"wp:term":[{"taxonomy":"product_cat","embeddable":true,"href":"https:\/\/www.luxor.cz\/blog\/wp-json\/wp\/v2\/product_cat?post=137936"},{"taxonomy":"product_tag","embeddable":true,"href":"https:\/\/www.luxor.cz\/blog\/wp-json\/wp\/v2\/product_tag?post=137936"}],"curies":[{"name":"wp","href":"https:\/\/api.w.org\/{rel}","templated":true}]}}