{"id":137626,"date":"2023-08-15T01:54:15","date_gmt":"2023-08-14T23:54:15","guid":{"rendered":"https:\/\/www.luxor.cz\/blog\/produkt\/sisi-rodokmen-duse\/"},"modified":"2023-08-15T01:54:16","modified_gmt":"2023-08-14T23:54:16","slug":"sisi-rodokmen-duse","status":"publish","type":"product","link":"https:\/\/www.luxor.cz\/blog\/produkt\/sisi-rodokmen-duse\/","title":{"rendered":"Sisi. Rodokmen du\u0161e"},"content":{"rendered":"<p>Nejv\u011bt\u0161\u00ed tajemstv\u00ed \u017eivota Sisi kone\u010dn\u011b odhaleno. Je to strhuj\u00edc\u00ed p\u0159\u00edb\u011bh nap\u0159\u00ed\u010d stalet\u00edmi pro v\u0161echny, kdo maj\u00ed legend\u00e1rn\u00ed c\u00edsa\u0159ovnu r\u00e1di. Osud kr\u00e1sn\u00e9 Elisabeth je zn\u00e1m po cel\u00e9m sv\u011bt\u011b, ale nikdo skute\u010dn\u011b nezn\u00e1 ji. A nelze ji pochopit jen zprost\u0159edkovan\u011b, d\u00edky zkoum\u00e1n\u00ed historik\u016f a psycholog\u016f. Musela to b\u00fdt ona sama, kter\u00e1 se pod\u00edvala zp\u011bt a pochopila, aby mohla v\u00e1m, \u010dten\u00e1\u0159\u016fm, p\u0159in\u00e9st svou zpov\u011b\u010f. V mnoh\u00e9m p\u0159edb\u011bhla svou dobu. Hledala duchovn\u00ed cestu, p\u00e1trala po mo\u017enosti posmrtn\u00e9ho \u017eivota a jin\u00fdch dimenz\u00ed byt\u00ed. Co v\u0161echno utv\u00e1\u0159elo osobnost c\u00edsa\u0159ovny rakousk\u00e9? Ne\u017e se j\u00ed stala, pro\u0161la tak\u00e9 mnoha \u017eivoty. Sisi milujeme a soud\u00edme u\u017e p\u011bknou \u0159\u00e1dku let. Pokusme se ji nyn\u00ed pochopit v \u0161irok\u00e9m z\u00e1b\u011bru \u017eivota jej\u00ed du\u0161e. Je mo\u017en\u00e9, \u017ee p\u0159i \u010dten\u00ed pochop\u00edme v\u00edc, ne\u017e jen ji. Mo\u017en\u00e1, \u017ee se i v na\u0161ich \u017eivotech odehraje zm\u011bna. P\u0159\u00edb\u011bh je voln\u00fdm pokra\u010dov\u00e1n\u00edm knihy \u0158\u00edkali mi Sisi.<\/p>\n","protected":false},"excerpt":{"rendered":"<p>Nejv\u011bt\u0161\u00ed tajemstv\u00ed \u017eivota Sisi kone\u010dn\u011b odhaleno. Je to strhuj\u00edc\u00ed p\u0159\u00edb\u011bh nap\u0159\u00ed\u010d stalet\u00edmi pro v\u0161echny, kdo maj\u00ed legend\u00e1rn\u00ed c\u00edsa\u0159ovnu r\u00e1di. Osud kr\u00e1sn\u00e9 Elisabeth je zn\u00e1m po cel\u00e9m sv\u011bt\u011b, ale nikdo skute\u010dn\u011b [&hellip;]<\/p>\n","protected":false},"featured_media":0,"comment_status":"closed","ping_status":"open","template":"","meta":{"_acf_changed":false,"_monsterinsights_skip_tracking":false,"_monsterinsights_sitenote_active":false,"_monsterinsights_sitenote_note":"","_monsterinsights_sitenote_category":0,"_EventAllDay":false,"_EventTimezone":"","_EventStartDate":"","_EventEndDate":"","_EventStartDateUTC":"","_EventEndDateUTC":"","_EventShowMap":false,"_EventShowMapLink":false,"_EventURL":"","_EventCost":"","_EventCostDescription":"","_EventCurrencySymbol":"","_EventCurrencyCode":"","_EventCurrencyPosition":"","_EventDateTimeSeparator":"","_EventTimeRangeSeparator":"","_EventOrganizerID":[],"_EventVenueID":[],"_OrganizerEmail":"","_OrganizerPhone":"","_OrganizerWebsite":"","_VenueAddress":"","_VenueCity":"","_VenueCountry":"","_VenueProvince":"","_VenueState":"","_VenueZip":"","_VenuePhone":"","_VenueURL":"","_VenueStateProvince":"","_VenueLat":"","_VenueLng":"","_VenueShowMap":false,"_VenueShowMapLink":false,"twitterCardType":"","cardImageID":0,"cardImage":"","cardTitle":"","cardDesc":"","cardImageAlt":"","cardPlayer":"","cardPlayerWidth":0,"cardPlayerHeight":0,"cardPlayerStream":"","cardPlayerCodec":""},"product_cat":[],"product_tag":[],"class_list":["post-137626","product","type-product","status-publish","hentry"],"acf":{"description":"Nejv\u011bt\u0161\u00ed tajemstv\u00ed \u017eivota Sisi kone\u010dn\u011b odhaleno. Je to strhuj\u00edc\u00ed p\u0159\u00edb\u011bh nap\u0159\u00ed\u010d stalet\u00edmi pro v\u0161echny, kdo maj\u00ed legend\u00e1rn\u00ed c\u00edsa\u0159ovnu r\u00e1di. Osud kr\u00e1sn\u00e9 Elisabeth je zn\u00e1m po cel\u00e9m sv\u011bt\u011b, ale nikdo skute\u010dn\u011b nezn\u00e1 ji. A nelze ji pochopit jen zprost\u0159edkovan\u011b, d\u00edky zkoum\u00e1n\u00ed historik\u016f a psycholog\u016f. Musela to b\u00fdt ona sama, kter\u00e1 se pod\u00edvala zp\u011bt a pochopila, aby mohla v\u00e1m, \u010dten\u00e1\u0159\u016fm, p\u0159in\u00e9st svou zpov\u011b\u010f. V mnoh\u00e9m p\u0159edb\u011bhla svou dobu. Hledala duchovn\u00ed cestu, p\u00e1trala po mo\u017enosti posmrtn\u00e9ho \u017eivota a jin\u00fdch dimenz\u00ed byt\u00ed. Co v\u0161echno utv\u00e1\u0159elo osobnost c\u00edsa\u0159ovny rakousk\u00e9? Ne\u017e se j\u00ed stala, pro\u0161la tak\u00e9 mnoha \u017eivoty. Sisi milujeme a soud\u00edme u\u017e p\u011bknou \u0159\u00e1dku let. Pokusme se ji nyn\u00ed pochopit v \u0161irok\u00e9m z\u00e1b\u011bru \u017eivota jej\u00ed du\u0161e. Je mo\u017en\u00e9, \u017ee p\u0159i \u010dten\u00ed pochop\u00edme v\u00edc, ne\u017e jen ji. Mo\u017en\u00e1, \u017ee se i v na\u0161ich \u017eivotech odehraje zm\u011bna. P\u0159\u00edb\u011bh je voln\u00fdm pokra\u010dov\u00e1n\u00edm knihy \u0158\u00edkali mi Sisi.","item_id":"LX1835827","productname":"Sisi. Rodokmen du\u0161e","product":"Sisi. Rodokmen du\u0161e","url":"https:\/\/www.luxor.cz\/v\/1835827\/sisi-rodokmen-duse","imgurl":"https:\/\/img.luxor.cz\/orig\/produkty\/9788074900419.jpg","price_vat":"161.00","margin":"","vat":"","paramname1":"","paramval1":"","paramname2":"","paramval2":"","paramname3":"","paramval3":"","paramname4":"","paramval4":"","paramname5":"","paramval5":"","paramname6":"","paramval6":"","paramname7":"","paramval7":"","paramname8":"","paramval8":"","paramname9":"","paramval9":"","paramname10":"","paramval10":"","ean":"9788074900419","manufacturer":"Aeon","categorytext":""},"_links":{"self":[{"href":"https:\/\/www.luxor.cz\/blog\/wp-json\/wp\/v2\/product\/137626","targetHints":{"allow":["GET"]}}],"collection":[{"href":"https:\/\/www.luxor.cz\/blog\/wp-json\/wp\/v2\/product"}],"about":[{"href":"https:\/\/www.luxor.cz\/blog\/wp-json\/wp\/v2\/types\/product"}],"replies":[{"embeddable":true,"href":"https:\/\/www.luxor.cz\/blog\/wp-json\/wp\/v2\/comments?post=137626"}],"wp:attachment":[{"href":"https:\/\/www.luxor.cz\/blog\/wp-json\/wp\/v2\/media?parent=137626"}],"wp:term":[{"taxonomy":"product_cat","embeddable":true,"href":"https:\/\/www.luxor.cz\/blog\/wp-json\/wp\/v2\/product_cat?post=137626"},{"taxonomy":"product_tag","embeddable":true,"href":"https:\/\/www.luxor.cz\/blog\/wp-json\/wp\/v2\/product_tag?post=137626"}],"curies":[{"name":"wp","href":"https:\/\/api.w.org\/{rel}","templated":true}]}}