{"id":137401,"date":"2023-08-15T01:51:32","date_gmt":"2023-08-14T23:51:32","guid":{"rendered":"https:\/\/www.luxor.cz\/blog\/produkt\/velka-kniha-zahad-paranormalni-jevy-mrazive-konspirace-a-tajemne-prizraky\/"},"modified":"2023-08-15T01:51:33","modified_gmt":"2023-08-14T23:51:33","slug":"velka-kniha-zahad-paranormalni-jevy-mrazive-konspirace-a-tajemne-prizraky","status":"publish","type":"product","link":"https:\/\/www.luxor.cz\/blog\/produkt\/velka-kniha-zahad-paranormalni-jevy-mrazive-konspirace-a-tajemne-prizraky\/","title":{"rendered":"Velk\u00e1 kniha z\u00e1had &#8211; Paranorm\u00e1ln\u00ed jevy, mraziv\u00e9 konspirace a tajemn\u00e9 p\u0159\u00edzraky!"},"content":{"rendered":"<p>D\u011bjiny Zem\u011b a lidsk\u00e9 existence jsou pln\u00e9 z\u00e1had. I kdy\u017e to na prvn\u00ed pohled nevypad\u00e1, nad n\u011bkter\u00fdmi st\u00e1le z\u016fst\u00e1v\u00e1 doslova rozum st\u00e1t a nikdo je zat\u00edm nedok\u00e1\u017ee uspokojiv\u011b vysv\u011btlit. Jak je mo\u017en\u00e9, \u017ee se nap\u0159\u00edklad archeolog\u016fm poda\u0159ilo objevit p\u0159edm\u011bty, kter\u00e9 prokazateln\u011b v dan\u00e9 dob\u011b existovat nemohly? A opravdu u\u017e n\u011bkdo potkal t\u0159eba yettiho, vid\u011bl \u010dupakabru nebo lochnesku? Pro\u010d jsou m\u00edsta, kam se lid\u00e9 dnes boj\u00ed vkro\u010dit, p\u0159esto\u017ee kdysi kyp\u011bla bujar\u00fdm \u017eivotem? M\u016f\u017ee n\u00e1s n\u011bkde ne\u010dekan\u011b zasko\u010dit zjeven\u00ed, poltergeist, p\u0159\u00edzrak \u010di snad dokonce duch? To v\u0161echno a je\u0161t\u011b mnohem v\u00edce nab\u00edz\u00ed nov\u00e1 kniha, kter\u00e1 p\u0159ibli\u017euje mnoh\u00e1 skute\u010dn\u011b temn\u00e1 tajemstv\u00ed a z\u00e1hady &#8230;<\/p>\n","protected":false},"excerpt":{"rendered":"<p>D\u011bjiny Zem\u011b a lidsk\u00e9 existence jsou pln\u00e9 z\u00e1had. I kdy\u017e to na prvn\u00ed pohled nevypad\u00e1, nad n\u011bkter\u00fdmi st\u00e1le z\u016fst\u00e1v\u00e1 doslova rozum st\u00e1t a nikdo je zat\u00edm nedok\u00e1\u017ee uspokojiv\u011b vysv\u011btlit. Jak [&hellip;]<\/p>\n","protected":false},"featured_media":0,"comment_status":"closed","ping_status":"open","template":"","meta":{"_acf_changed":false,"_monsterinsights_skip_tracking":false,"_monsterinsights_sitenote_active":false,"_monsterinsights_sitenote_note":"","_monsterinsights_sitenote_category":0,"_EventAllDay":false,"_EventTimezone":"","_EventStartDate":"","_EventEndDate":"","_EventStartDateUTC":"","_EventEndDateUTC":"","_EventShowMap":false,"_EventShowMapLink":false,"_EventURL":"","_EventCost":"","_EventCostDescription":"","_EventCurrencySymbol":"","_EventCurrencyCode":"","_EventCurrencyPosition":"","_EventDateTimeSeparator":"","_EventTimeRangeSeparator":"","_EventOrganizerID":[],"_EventVenueID":[],"_OrganizerEmail":"","_OrganizerPhone":"","_OrganizerWebsite":"","_VenueAddress":"","_VenueCity":"","_VenueCountry":"","_VenueProvince":"","_VenueState":"","_VenueZip":"","_VenuePhone":"","_VenueURL":"","_VenueStateProvince":"","_VenueLat":"","_VenueLng":"","_VenueShowMap":false,"_VenueShowMapLink":false,"twitterCardType":"","cardImageID":0,"cardImage":"","cardTitle":"","cardDesc":"","cardImageAlt":"","cardPlayer":"","cardPlayerWidth":0,"cardPlayerHeight":0,"cardPlayerStream":"","cardPlayerCodec":""},"product_cat":[],"product_tag":[],"class_list":["post-137401","product","type-product","status-publish","hentry"],"acf":{"description":"D\u011bjiny Zem\u011b a lidsk\u00e9 existence jsou pln\u00e9 z\u00e1had. I kdy\u017e to na prvn\u00ed pohled nevypad\u00e1, nad n\u011bkter\u00fdmi st\u00e1le z\u016fst\u00e1v\u00e1 doslova rozum st\u00e1t a nikdo je zat\u00edm nedok\u00e1\u017ee uspokojiv\u011b vysv\u011btlit. Jak je mo\u017en\u00e9, \u017ee se nap\u0159\u00edklad archeolog\u016fm poda\u0159ilo objevit p\u0159edm\u011bty, kter\u00e9 prokazateln\u011b v dan\u00e9 dob\u011b existovat nemohly? A opravdu u\u017e n\u011bkdo potkal t\u0159eba yettiho, vid\u011bl \u010dupakabru nebo lochnesku? Pro\u010d jsou m\u00edsta, kam se lid\u00e9 dnes boj\u00ed vkro\u010dit, p\u0159esto\u017ee kdysi kyp\u011bla bujar\u00fdm \u017eivotem? M\u016f\u017ee n\u00e1s n\u011bkde ne\u010dekan\u011b zasko\u010dit zjeven\u00ed, poltergeist, p\u0159\u00edzrak \u010di snad dokonce duch? To v\u0161echno a je\u0161t\u011b mnohem v\u00edce nab\u00edz\u00ed nov\u00e1 kniha, kter\u00e1 p\u0159ibli\u017euje mnoh\u00e1 skute\u010dn\u011b temn\u00e1 tajemstv\u00ed a z\u00e1hady ...","item_id":"LX1837258","productname":"Velk\u00e1 kniha z\u00e1had - Paranorm\u00e1ln\u00ed jevy, mraziv\u00e9 konspirace a tajemn\u00e9 p\u0159\u00edzraky!","product":"Velk\u00e1 kniha z\u00e1had - Paranorm\u00e1ln\u00ed jevy, mraziv\u00e9 konspirace a tajemn\u00e9 p\u0159\u00edzraky!","url":"https:\/\/www.luxor.cz\/v\/1837258\/velka-kniha-zahad-paranormalni-jevy-mrazive-konspirace-a-tajemne-prizraky","imgurl":"https:\/\/img.luxor.cz\/orig\/produkty\/9788090777255.jpg","price_vat":"180.00","margin":"","vat":"","paramname1":"","paramval1":"","paramname2":"","paramval2":"","paramname3":"","paramval3":"","paramname4":"","paramval4":"","paramname5":"","paramval5":"","paramname6":"","paramval6":"","paramname7":"","paramval7":"","paramname8":"","paramval8":"","paramname9":"","paramval9":"","paramname10":"","paramval10":"","ean":"9788090777255","manufacturer":"RF Hobby","categorytext":""},"_links":{"self":[{"href":"https:\/\/www.luxor.cz\/blog\/wp-json\/wp\/v2\/product\/137401","targetHints":{"allow":["GET"]}}],"collection":[{"href":"https:\/\/www.luxor.cz\/blog\/wp-json\/wp\/v2\/product"}],"about":[{"href":"https:\/\/www.luxor.cz\/blog\/wp-json\/wp\/v2\/types\/product"}],"replies":[{"embeddable":true,"href":"https:\/\/www.luxor.cz\/blog\/wp-json\/wp\/v2\/comments?post=137401"}],"wp:attachment":[{"href":"https:\/\/www.luxor.cz\/blog\/wp-json\/wp\/v2\/media?parent=137401"}],"wp:term":[{"taxonomy":"product_cat","embeddable":true,"href":"https:\/\/www.luxor.cz\/blog\/wp-json\/wp\/v2\/product_cat?post=137401"},{"taxonomy":"product_tag","embeddable":true,"href":"https:\/\/www.luxor.cz\/blog\/wp-json\/wp\/v2\/product_tag?post=137401"}],"curies":[{"name":"wp","href":"https:\/\/api.w.org\/{rel}","templated":true}]}}