{"id":136090,"date":"2023-08-15T01:35:20","date_gmt":"2023-08-14T23:35:20","guid":{"rendered":"https:\/\/www.luxor.cz\/blog\/produkt\/denik-maleho-fotbalisty-iv-vydani\/"},"modified":"2023-08-15T01:35:20","modified_gmt":"2023-08-14T23:35:20","slug":"denik-maleho-fotbalisty-iv-vydani","status":"publish","type":"product","link":"https:\/\/www.luxor.cz\/blog\/produkt\/denik-maleho-fotbalisty-iv-vydani\/","title":{"rendered":"Den\u00edk mal\u00e9ho fotbalisty IV. Vyd\u00e1n\u00ed"},"content":{"rendered":"<p>Den\u00edk mal\u00e9ho fotbalisty je publikac\u00ed, kter\u00e1 na na\u0161em trhu dlouho chyb\u011bla, a\u010dkoli tr\u00e9ninkov\u00e1 z\u00e1kladna na\u0161eho fotbalu je v p\u0159\u00edpad\u011b p\u0159ed\u0161koln\u00edch a \u0161koln\u00edch d\u011bt\u00ed velmi po\u010detn\u00e1. A\u017e doned\u00e1vna v\u0161ak rodi\u010de mal\u00fdch fotbalist\u016f nem\u011bli mo\u017enost snadno, p\u0159ehledn\u011b a stylov\u011b uspo\u0159\u00e1dat sv\u00e9 z\u00e1pisy, dojmy a vzpom\u00ednky v\u010detn\u011b obrazov\u00e9 dokumentace. Nyn\u00ed u\u017e mohou zaznamenat v\u0161e, co se t\u00fdk\u00e1 obl\u00edben\u00e9ho sportu jejich d\u011bt\u00ed, a z\u00edskat tak kr\u00e1snou a reprezentativn\u00ed pam\u00e1tku na jejich ran\u00e9 fotbalov\u00e9 kr\u016f\u010dky.<br \/>\nPo \u00fasp\u011bchu prvn\u00edho, druh\u00e9ho i t\u0159et\u00edho vyd\u00e1n\u00ed k V\u00e1m nyn\u00ed p\u0159ich\u00e1z\u00ed \u010dtvrt\u00e9, kter\u00e9 se skl\u00e1d\u00e1 ze dvou \u010d\u00e1st\u00ed.<br \/>\nPrvn\u00ed je rozd\u011blen\u00e1 do jednotliv\u00fdch rubrik: jsou zde informace o mal\u00e9m fotbalistovi, jeho p\u0159\u00edbuzn\u00fdch a p\u0159\u00e1tel\u00edch, kte\u0159\u00ed mu fand\u00ed, tren\u00e9rech i spoluhr\u00e1\u010d\u00edch, o klubu, za n\u011bj\u017e hraje, o jeho obl\u00edben\u00fdch fotbalistech, prvn\u00edch fotbalov\u00fdch z\u00e1\u017eitc\u00edch, tr\u00e9ninc\u00edch, z\u00e1pasech a turnaj\u00edch, d\u00e1le \u00fadaje o tom, jak roste, o d\u016fle\u017eit\u00fdch z\u00e1pasech, turnaj\u00edch \u010di mistrovsk\u00e9 sout\u011b\u017ei v pr\u016fb\u011bhu cel\u00e9ho roku, o jin\u00fdch obl\u00edben\u00fdch sportech, \u0161koln\u00edch i mimo\u0161koln\u00edch sportovn\u00edch aktivit\u00e1ch a mnoh\u00e9 dal\u0161\u00ed. Sv\u00e9 m\u00edsto tu maj\u00ed tak\u00e9 vzkazy od rodiny a p\u0159\u00e1tel. Tato \u010d\u00e1st nab\u00edz\u00ed spoustu prostoru pro fotografie.<br \/>\nDruh\u00e1 je kalend\u00e1\u0159em na jeden fotbalov\u00fd rok. K jednotliv\u00fdm dn\u016fm si zaznamen\u00e1te z\u00e1pasy, turnaje, soust\u0159ed\u011bn\u00ed, n\u00e1v\u0161t\u011bvy fotbalov\u00fdch utk\u00e1n\u00ed, tr\u00e9ninkov\u00e9 z\u00e1vazky a jejich pln\u011bn\u00ed i cokoli dal\u0161\u00edho, co V\u00e1\u0161 mal\u00fd fotbalista potk\u00e1 na sv\u00e9 cest\u011b fotbalov\u00fdm rokem.<br \/>\nIdea vydat tento den\u00edk vze\u0161la p\u0159\u00edmo od rodi\u010d\u016f, jejich\u017e d\u011bti hraj\u00ed fotbal. Jeho zpracov\u00e1n\u00ed se ujal spisovatel, hudebn\u00edk, cestovatel a nakladatel Josef Pepson Sn\u011btiv\u00fd, s\u00e1m otec dvou fotbalist\u016f.<\/p>\n","protected":false},"excerpt":{"rendered":"<p>Den\u00edk mal\u00e9ho fotbalisty je publikac\u00ed, kter\u00e1 na na\u0161em trhu dlouho chyb\u011bla, a\u010dkoli tr\u00e9ninkov\u00e1 z\u00e1kladna na\u0161eho fotbalu je v p\u0159\u00edpad\u011b p\u0159ed\u0161koln\u00edch a \u0161koln\u00edch d\u011bt\u00ed velmi po\u010detn\u00e1. A\u017e doned\u00e1vna v\u0161ak rodi\u010de mal\u00fdch [&hellip;]<\/p>\n","protected":false},"featured_media":0,"comment_status":"closed","ping_status":"open","template":"","meta":{"_acf_changed":false,"_monsterinsights_skip_tracking":false,"_monsterinsights_sitenote_active":false,"_monsterinsights_sitenote_note":"","_monsterinsights_sitenote_category":0,"_EventAllDay":false,"_EventTimezone":"","_EventStartDate":"","_EventEndDate":"","_EventStartDateUTC":"","_EventEndDateUTC":"","_EventShowMap":false,"_EventShowMapLink":false,"_EventURL":"","_EventCost":"","_EventCostDescription":"","_EventCurrencySymbol":"","_EventCurrencyCode":"","_EventCurrencyPosition":"","_EventDateTimeSeparator":"","_EventTimeRangeSeparator":"","_EventOrganizerID":[],"_EventVenueID":[],"_OrganizerEmail":"","_OrganizerPhone":"","_OrganizerWebsite":"","_VenueAddress":"","_VenueCity":"","_VenueCountry":"","_VenueProvince":"","_VenueState":"","_VenueZip":"","_VenuePhone":"","_VenueURL":"","_VenueStateProvince":"","_VenueLat":"","_VenueLng":"","_VenueShowMap":false,"_VenueShowMapLink":false,"twitterCardType":"","cardImageID":0,"cardImage":"","cardTitle":"","cardDesc":"","cardImageAlt":"","cardPlayer":"","cardPlayerWidth":0,"cardPlayerHeight":0,"cardPlayerStream":"","cardPlayerCodec":""},"product_cat":[],"product_tag":[],"class_list":["post-136090","product","type-product","status-publish","hentry"],"acf":{"description":"Den\u00edk mal\u00e9ho fotbalisty je publikac\u00ed, kter\u00e1 na na\u0161em trhu dlouho chyb\u011bla, a\u010dkoli tr\u00e9ninkov\u00e1 z\u00e1kladna na\u0161eho fotbalu je v p\u0159\u00edpad\u011b p\u0159ed\u0161koln\u00edch a \u0161koln\u00edch d\u011bt\u00ed velmi po\u010detn\u00e1. A\u017e doned\u00e1vna v\u0161ak rodi\u010de mal\u00fdch fotbalist\u016f nem\u011bli mo\u017enost snadno, p\u0159ehledn\u011b a stylov\u011b uspo\u0159\u00e1dat sv\u00e9 z\u00e1pisy, dojmy a vzpom\u00ednky v\u010detn\u011b obrazov\u00e9 dokumentace. Nyn\u00ed u\u017e mohou zaznamenat v\u0161e, co se t\u00fdk\u00e1 obl\u00edben\u00e9ho sportu jejich d\u011bt\u00ed, a z\u00edskat tak kr\u00e1snou a reprezentativn\u00ed pam\u00e1tku na jejich ran\u00e9 fotbalov\u00e9 kr\u016f\u010dky. \nPo \u00fasp\u011bchu prvn\u00edho, druh\u00e9ho i t\u0159et\u00edho vyd\u00e1n\u00ed k V\u00e1m nyn\u00ed p\u0159ich\u00e1z\u00ed \u010dtvrt\u00e9, kter\u00e9 se skl\u00e1d\u00e1 ze dvou \u010d\u00e1st\u00ed.\nPrvn\u00ed je rozd\u011blen\u00e1 do jednotliv\u00fdch rubrik: jsou zde informace o mal\u00e9m fotbalistovi, jeho p\u0159\u00edbuzn\u00fdch a p\u0159\u00e1tel\u00edch, kte\u0159\u00ed mu fand\u00ed, tren\u00e9rech i spoluhr\u00e1\u010d\u00edch, o klubu, za n\u011bj\u017e hraje, o jeho obl\u00edben\u00fdch fotbalistech, prvn\u00edch fotbalov\u00fdch z\u00e1\u017eitc\u00edch, tr\u00e9ninc\u00edch, z\u00e1pasech a turnaj\u00edch, d\u00e1le \u00fadaje o tom, jak roste, o d\u016fle\u017eit\u00fdch z\u00e1pasech, turnaj\u00edch \u010di mistrovsk\u00e9 sout\u011b\u017ei v pr\u016fb\u011bhu cel\u00e9ho roku, o jin\u00fdch obl\u00edben\u00fdch sportech, \u0161koln\u00edch i mimo\u0161koln\u00edch sportovn\u00edch aktivit\u00e1ch a mnoh\u00e9 dal\u0161\u00ed. Sv\u00e9 m\u00edsto tu maj\u00ed tak\u00e9 vzkazy od rodiny a p\u0159\u00e1tel. Tato \u010d\u00e1st nab\u00edz\u00ed spoustu prostoru pro fotografie.\nDruh\u00e1 je kalend\u00e1\u0159em na jeden fotbalov\u00fd rok. K jednotliv\u00fdm dn\u016fm si zaznamen\u00e1te z\u00e1pasy, turnaje, soust\u0159ed\u011bn\u00ed, n\u00e1v\u0161t\u011bvy fotbalov\u00fdch utk\u00e1n\u00ed, tr\u00e9ninkov\u00e9 z\u00e1vazky a jejich pln\u011bn\u00ed i cokoli dal\u0161\u00edho, co V\u00e1\u0161 mal\u00fd fotbalista potk\u00e1 na sv\u00e9 cest\u011b fotbalov\u00fdm rokem.\nIdea vydat tento den\u00edk vze\u0161la p\u0159\u00edmo od rodi\u010d\u016f, jejich\u017e d\u011bti hraj\u00ed fotbal. Jeho zpracov\u00e1n\u00ed se ujal spisovatel, hudebn\u00edk, cestovatel a nakladatel Josef Pepson Sn\u011btiv\u00fd, s\u00e1m otec dvou fotbalist\u016f.","item_id":"LX1833731","productname":"Den\u00edk mal\u00e9ho fotbalisty IV. Vyd\u00e1n\u00ed","product":"Den\u00edk mal\u00e9ho fotbalisty IV. Vyd\u00e1n\u00ed","url":"https:\/\/www.luxor.cz\/v\/1833731\/denik-maleho-fotbalisty","imgurl":"https:\/\/img.luxor.cz\/orig\/produkty\/9788074753343.jpg","price_vat":"223.00","margin":"","vat":"","paramname1":"","paramval1":"","paramname2":"","paramval2":"","paramname3":"","paramval3":"","paramname4":"","paramval4":"","paramname5":"","paramval5":"","paramname6":"","paramval6":"","paramname7":"","paramval7":"","paramname8":"","paramval8":"","paramname9":"","paramval9":"","paramname10":"","paramval10":"","ean":"9788074753343","manufacturer":"\u010cas","categorytext":""},"_links":{"self":[{"href":"https:\/\/www.luxor.cz\/blog\/wp-json\/wp\/v2\/product\/136090","targetHints":{"allow":["GET"]}}],"collection":[{"href":"https:\/\/www.luxor.cz\/blog\/wp-json\/wp\/v2\/product"}],"about":[{"href":"https:\/\/www.luxor.cz\/blog\/wp-json\/wp\/v2\/types\/product"}],"replies":[{"embeddable":true,"href":"https:\/\/www.luxor.cz\/blog\/wp-json\/wp\/v2\/comments?post=136090"}],"wp:attachment":[{"href":"https:\/\/www.luxor.cz\/blog\/wp-json\/wp\/v2\/media?parent=136090"}],"wp:term":[{"taxonomy":"product_cat","embeddable":true,"href":"https:\/\/www.luxor.cz\/blog\/wp-json\/wp\/v2\/product_cat?post=136090"},{"taxonomy":"product_tag","embeddable":true,"href":"https:\/\/www.luxor.cz\/blog\/wp-json\/wp\/v2\/product_tag?post=136090"}],"curies":[{"name":"wp","href":"https:\/\/api.w.org\/{rel}","templated":true}]}}