{"id":135806,"date":"2023-08-15T01:31:53","date_gmt":"2023-08-14T23:31:53","guid":{"rendered":"https:\/\/www.luxor.cz\/blog\/produkt\/emusaci-ferda-a-jeho-mouchy\/"},"modified":"2023-08-15T01:31:54","modified_gmt":"2023-08-14T23:31:54","slug":"emusaci-ferda-a-jeho-mouchy","status":"publish","type":"product","link":"https:\/\/www.luxor.cz\/blog\/produkt\/emusaci-ferda-a-jeho-mouchy\/","title":{"rendered":"Emu\u0161\u00e1ci Ferda a jeho mouchy"},"content":{"rendered":"<p>Emu\u0161\u00e1ci jsou ply\u0161ov\u00e9 hra\u010dky na rozvoj emo\u010dn\u00ed inteligence. Z\u00e1kladem produktu je kn\u00ed\u017eka s poh\u00e1dkami, ve kter\u00fdch vystupuje pr\u00e1v\u011b ply\u0161ov\u00e1 hra\u010dka a jej\u00ed pocity. D\u00edt\u011b se tak m\u016f\u017ee l\u00e9pe ztoto\u017enit s emocemi, kter\u00e9 se v poh\u00e1dk\u00e1ch \u0159e\u0161\u00ed. V kn\u00ed\u017ece jsou pozn\u00e1mky, jak s jednotliv\u00fdmi emocemi pracovat a tipy na n\u00e1vazn\u00e9 aktivity.<\/p>\n","protected":false},"excerpt":{"rendered":"<p>Emu\u0161\u00e1ci jsou ply\u0161ov\u00e9 hra\u010dky na rozvoj emo\u010dn\u00ed inteligence. Z\u00e1kladem produktu je kn\u00ed\u017eka s poh\u00e1dkami, ve kter\u00fdch vystupuje pr\u00e1v\u011b ply\u0161ov\u00e1 hra\u010dka a jej\u00ed pocity. D\u00edt\u011b se tak m\u016f\u017ee l\u00e9pe ztoto\u017enit s [&hellip;]<\/p>\n","protected":false},"featured_media":0,"comment_status":"closed","ping_status":"open","template":"","meta":{"_acf_changed":false,"_monsterinsights_skip_tracking":false,"_monsterinsights_sitenote_active":false,"_monsterinsights_sitenote_note":"","_monsterinsights_sitenote_category":0,"_EventAllDay":false,"_EventTimezone":"","_EventStartDate":"","_EventEndDate":"","_EventStartDateUTC":"","_EventEndDateUTC":"","_EventShowMap":false,"_EventShowMapLink":false,"_EventURL":"","_EventCost":"","_EventCostDescription":"","_EventCurrencySymbol":"","_EventCurrencyCode":"","_EventCurrencyPosition":"","_EventDateTimeSeparator":"","_EventTimeRangeSeparator":"","_EventOrganizerID":[],"_EventVenueID":[],"_OrganizerEmail":"","_OrganizerPhone":"","_OrganizerWebsite":"","_VenueAddress":"","_VenueCity":"","_VenueCountry":"","_VenueProvince":"","_VenueState":"","_VenueZip":"","_VenuePhone":"","_VenueURL":"","_VenueStateProvince":"","_VenueLat":"","_VenueLng":"","_VenueShowMap":false,"_VenueShowMapLink":false,"twitterCardType":"","cardImageID":0,"cardImage":"","cardTitle":"","cardDesc":"","cardImageAlt":"","cardPlayer":"","cardPlayerWidth":0,"cardPlayerHeight":0,"cardPlayerStream":"","cardPlayerCodec":""},"product_cat":[],"product_tag":[],"class_list":["post-135806","product","type-product","status-publish","hentry"],"acf":{"description":"Emu\u0161\u00e1ci jsou ply\u0161ov\u00e9 hra\u010dky na rozvoj emo\u010dn\u00ed inteligence. Z\u00e1kladem produktu je kn\u00ed\u017eka s poh\u00e1dkami, ve kter\u00fdch vystupuje pr\u00e1v\u011b ply\u0161ov\u00e1 hra\u010dka a jej\u00ed pocity. D\u00edt\u011b se tak m\u016f\u017ee l\u00e9pe ztoto\u017enit s emocemi, kter\u00e9 se v poh\u00e1dk\u00e1ch \u0159e\u0161\u00ed. V kn\u00ed\u017ece jsou pozn\u00e1mky, jak s jednotliv\u00fdmi emocemi pracovat a tipy na n\u00e1vazn\u00e9 aktivity.","item_id":"LX1833128","productname":"Emu\u0161\u00e1ci Ferda a jeho mouchy","product":"Emu\u0161\u00e1ci Ferda a jeho mouchy","url":"https:\/\/www.luxor.cz\/v\/1833128\/emusaci-ferda-a-jeho-mouchy","imgurl":"https:\/\/img.luxor.cz\/orig\/produkty\/9788074301131.jpg","price_vat":"1390.00","margin":"","vat":"","paramname1":"","paramval1":"","paramname2":"","paramval2":"","paramname3":"","paramval3":"","paramname4":"","paramval4":"","paramname5":"","paramval5":"","paramname6":"","paramval6":"","paramname7":"","paramval7":"","paramname8":"","paramval8":"","paramname9":"","paramval9":"","paramname10":"","paramval10":"","ean":"9788074301131","manufacturer":"","categorytext":""},"_links":{"self":[{"href":"https:\/\/www.luxor.cz\/blog\/wp-json\/wp\/v2\/product\/135806","targetHints":{"allow":["GET"]}}],"collection":[{"href":"https:\/\/www.luxor.cz\/blog\/wp-json\/wp\/v2\/product"}],"about":[{"href":"https:\/\/www.luxor.cz\/blog\/wp-json\/wp\/v2\/types\/product"}],"replies":[{"embeddable":true,"href":"https:\/\/www.luxor.cz\/blog\/wp-json\/wp\/v2\/comments?post=135806"}],"wp:attachment":[{"href":"https:\/\/www.luxor.cz\/blog\/wp-json\/wp\/v2\/media?parent=135806"}],"wp:term":[{"taxonomy":"product_cat","embeddable":true,"href":"https:\/\/www.luxor.cz\/blog\/wp-json\/wp\/v2\/product_cat?post=135806"},{"taxonomy":"product_tag","embeddable":true,"href":"https:\/\/www.luxor.cz\/blog\/wp-json\/wp\/v2\/product_tag?post=135806"}],"curies":[{"name":"wp","href":"https:\/\/api.w.org\/{rel}","templated":true}]}}