{"id":135580,"date":"2023-08-15T01:29:07","date_gmt":"2023-08-14T23:29:07","guid":{"rendered":"https:\/\/www.luxor.cz\/blog\/produkt\/vanocni-zazrak\/"},"modified":"2023-08-15T01:29:07","modified_gmt":"2023-08-14T23:29:07","slug":"vanocni-zazrak","status":"publish","type":"product","link":"https:\/\/www.luxor.cz\/blog\/produkt\/vanocni-zazrak\/","title":{"rendered":"V\u00e1no\u010dn\u00ed z\u00e1zrak"},"content":{"rendered":"<p>Romantick\u00fd p\u0159\u00edb\u011bh, kter\u00fd v\u00e1m zlom\u00ed srdce, ale p\u0159im\u011bje v\u00e1s i znovu v\u011b\u0159it&#8230; Od bestselerov\u00e9ho autora Jaye Ashera.<br \/>\nSierra vede dva \u017eivoty. Jeden v Oregonu, kde jej\u00ed rodina vlastn\u00ed farmu v\u00e1no\u010dn\u00edch stromk\u016f. A druh\u00fd v Kalifornii, kde p\u0159ed V\u00e1nocemi stromky prod\u00e1vaj\u00ed. A opustit jeden v\u017edy znamen\u00e1, \u017ee j\u00ed sch\u00e1z\u00ed ten druh\u00fd. Tak to je a\u017e do posledn\u00edch V\u00e1noc, kdy potk\u00e1 Caleba. Vzorn\u00e9ho kluka, kter\u00fd ale p\u0159ed lety ud\u011blal obrovskou chybu a plat\u00ed za ni dodnes. Sierra ned\u00e1 na minulost a rozhodne se mu pomoct. To sice vyvol\u00e1 vlnu nesouhlasu a podez\u0159en\u00ed, ale Caleb se Sierrou p\u0159ijdou na to, \u017ee jedna v\u011bc je siln\u011bj\u0161\u00ed: prav\u00e1 l\u00e1ska.<\/p>\n","protected":false},"excerpt":{"rendered":"<p>Romantick\u00fd p\u0159\u00edb\u011bh, kter\u00fd v\u00e1m zlom\u00ed srdce, ale p\u0159im\u011bje v\u00e1s i znovu v\u011b\u0159it&#8230; Od bestselerov\u00e9ho autora Jaye Ashera. Sierra vede dva \u017eivoty. Jeden v Oregonu, kde jej\u00ed rodina vlastn\u00ed farmu v\u00e1no\u010dn\u00edch [&hellip;]<\/p>\n","protected":false},"featured_media":0,"comment_status":"closed","ping_status":"open","template":"","meta":{"_acf_changed":false,"_monsterinsights_skip_tracking":false,"_monsterinsights_sitenote_active":false,"_monsterinsights_sitenote_note":"","_monsterinsights_sitenote_category":0,"_EventAllDay":false,"_EventTimezone":"","_EventStartDate":"","_EventEndDate":"","_EventStartDateUTC":"","_EventEndDateUTC":"","_EventShowMap":false,"_EventShowMapLink":false,"_EventURL":"","_EventCost":"","_EventCostDescription":"","_EventCurrencySymbol":"","_EventCurrencyCode":"","_EventCurrencyPosition":"","_EventDateTimeSeparator":"","_EventTimeRangeSeparator":"","_EventOrganizerID":[],"_EventVenueID":[],"_OrganizerEmail":"","_OrganizerPhone":"","_OrganizerWebsite":"","_VenueAddress":"","_VenueCity":"","_VenueCountry":"","_VenueProvince":"","_VenueState":"","_VenueZip":"","_VenuePhone":"","_VenueURL":"","_VenueStateProvince":"","_VenueLat":"","_VenueLng":"","_VenueShowMap":false,"_VenueShowMapLink":false,"twitterCardType":"","cardImageID":0,"cardImage":"","cardTitle":"","cardDesc":"","cardImageAlt":"","cardPlayer":"","cardPlayerWidth":0,"cardPlayerHeight":0,"cardPlayerStream":"","cardPlayerCodec":""},"product_cat":[],"product_tag":[],"class_list":["post-135580","product","type-product","status-publish","hentry"],"acf":{"description":"Romantick\u00fd p\u0159\u00edb\u011bh, kter\u00fd v\u00e1m zlom\u00ed srdce, ale p\u0159im\u011bje v\u00e1s i znovu v\u011b\u0159it... Od bestselerov\u00e9ho autora Jaye Ashera. \nSierra vede dva \u017eivoty. Jeden v Oregonu, kde jej\u00ed rodina vlastn\u00ed farmu v\u00e1no\u010dn\u00edch stromk\u016f. A druh\u00fd v Kalifornii, kde p\u0159ed V\u00e1nocemi stromky prod\u00e1vaj\u00ed. A opustit jeden v\u017edy znamen\u00e1, \u017ee j\u00ed sch\u00e1z\u00ed ten druh\u00fd. Tak to je a\u017e do posledn\u00edch V\u00e1noc, kdy potk\u00e1 Caleba. Vzorn\u00e9ho kluka, kter\u00fd ale p\u0159ed lety ud\u011blal obrovskou chybu a plat\u00ed za ni dodnes. Sierra ned\u00e1 na minulost a rozhodne se mu pomoct. To sice vyvol\u00e1 vlnu nesouhlasu a podez\u0159en\u00ed, ale Caleb se Sierrou p\u0159ijdou na to, \u017ee jedna v\u011bc je siln\u011bj\u0161\u00ed: prav\u00e1 l\u00e1ska.","item_id":"LX1832535","productname":"V\u00e1no\u010dn\u00ed z\u00e1zrak","product":"V\u00e1no\u010dn\u00ed z\u00e1zrak","url":"https:\/\/www.luxor.cz\/v\/1832535\/vanocni-zazrak","imgurl":"https:\/\/img.luxor.cz\/orig\/produkty\/9788076612952.jpg","price_vat":"241.00","margin":"","vat":"","paramname1":"","paramval1":"","paramname2":"","paramval2":"","paramname3":"","paramval3":"","paramname4":"","paramval4":"","paramname5":"","paramval5":"","paramname6":"","paramval6":"","paramname7":"","paramval7":"","paramname8":"","paramval8":"","paramname9":"","paramval9":"","paramname10":"","paramval10":"","ean":"9788076612952","manufacturer":"CooBoo","categorytext":""},"_links":{"self":[{"href":"https:\/\/www.luxor.cz\/blog\/wp-json\/wp\/v2\/product\/135580","targetHints":{"allow":["GET"]}}],"collection":[{"href":"https:\/\/www.luxor.cz\/blog\/wp-json\/wp\/v2\/product"}],"about":[{"href":"https:\/\/www.luxor.cz\/blog\/wp-json\/wp\/v2\/types\/product"}],"replies":[{"embeddable":true,"href":"https:\/\/www.luxor.cz\/blog\/wp-json\/wp\/v2\/comments?post=135580"}],"wp:attachment":[{"href":"https:\/\/www.luxor.cz\/blog\/wp-json\/wp\/v2\/media?parent=135580"}],"wp:term":[{"taxonomy":"product_cat","embeddable":true,"href":"https:\/\/www.luxor.cz\/blog\/wp-json\/wp\/v2\/product_cat?post=135580"},{"taxonomy":"product_tag","embeddable":true,"href":"https:\/\/www.luxor.cz\/blog\/wp-json\/wp\/v2\/product_tag?post=135580"}],"curies":[{"name":"wp","href":"https:\/\/api.w.org\/{rel}","templated":true}]}}