{"id":135386,"date":"2023-08-15T01:26:39","date_gmt":"2023-08-14T23:26:39","guid":{"rendered":"https:\/\/www.luxor.cz\/blog\/produkt\/extremni-promena-celozivotni-ubytek-na-vaze-v-21-dnech\/"},"modified":"2023-08-15T01:26:40","modified_gmt":"2023-08-14T23:26:40","slug":"extremni-promena-celozivotni-ubytek-na-vaze-v-21-dnech","status":"publish","type":"product","link":"https:\/\/www.luxor.cz\/blog\/produkt\/extremni-promena-celozivotni-ubytek-na-vaze-v-21-dnech\/","title":{"rendered":"Extr\u00e9mn\u00ed prom\u011bna \u2013 Celo\u017eivotn\u00ed \u00fabytek na v\u00e1ze v 21 dnech"},"content":{"rendered":"<p>Chris a Heidi Powellovi, odborn\u00edci na prom\u011bny a moder\u00e1to\u0159i z\u00e1bavn\u00e9ho televizn\u00edho po\u0159adu o hubnut\u00ed nazvan\u00e9ho Extreme Weight Loss (Extr\u00e9mn\u00ed v\u00e1hov\u00fd \u00fabytek), v\u00e1m nyn\u00ed nab\u00edzej\u00ed sv\u016fj osv\u011bd\u010den\u00fd n\u00e1vod na hubnut\u00ed a udr\u017een\u00ed v\u00e1hy, popsan\u00fd krok za krokem v jejich prvn\u00ed spoluautorsk\u00e9 knize nazvan\u00e9 Extr\u00e9mn\u00ed prom\u011bna.<br \/>\n21denn\u00ed pl\u00e1n na hubnut\u00ed a zlep\u0161en\u00ed zdrav\u00ed<br \/>\nV t\u00e9to knize naleznete detailn\u00ed n\u00e1vod na pos\u00edlen\u00ed zdrav\u00ed, kter\u00e9ho dos\u00e1hnete u\u017e za pouh\u00fdch 21 dn\u00ed. A\u0165 u\u017e chcete zhubnout po porodu, posledn\u00edch 5 kilogram\u016f, kter\u00e9 v\u00e1m chyb\u00ed do va\u0161\u00ed vysn\u011bn\u00e9 postavy, nebo n\u011bkolik des\u00edtek kilogram\u016f, tento program v\u00e1m pom\u016f\u017ee zm\u011bnit \u017eivot, a to u\u017e napo\u0159\u00e1d.<br \/>\nZ\u00e1bavn\u00e1, rychl\u00e1 a zdrav\u00e1 cesta prom\u011bny<br \/>\nAuto\u0159i p\u0159edstavuj\u00ed sv\u00e9 tajemstv\u00ed \u00fasp\u011b\u0161n\u00e9ho hubnut\u00ed, kter\u00e9ho lze dos\u00e1hnout pomoc\u00ed diety a cvi\u010den\u00ed, a detailn\u011b se zam\u011b\u0159uj\u00ed na to, jak doc\u00edlit trval\u00e9 du\u0161evn\u00ed zm\u011bny, kter\u00e1 je nutn\u00e1 k udr\u017een\u00ed vysn\u011bn\u00e9 v\u00e1hy, a to jednou prov\u017edy. \u010cten\u00e1\u0159i s jejich pomoc\u00ed \u201euvid\u00ed\u201c skrytou cestu prom\u011bny, na n\u00ed\u017e budou prov\u00e1zeni rychl\u00fdm a z\u00e1bavn\u00fdm cvi\u010den\u00edm, pochutnaj\u00ed si na spoust\u011b skv\u011bl\u00fdch j\u00eddel (snadn\u00fdch na p\u0159\u00edpravu a z\u00e1rove\u0148 chutn\u00fdch), naleznou zde tipy na n\u00e1kup potravin, p\u0159\u00edpravu pokrm\u016f a mnohem v\u00edc!<br \/>\nU\u017e za pouh\u00e9 t\u0159i t\u00fddny m\u016f\u017eete dos\u00e1hnout extr\u00e9mn\u00ed prom\u011bny, budete-li se \u0159\u00eddit kroky uveden\u00fdmi v t\u00e9to knize.<\/p>\n","protected":false},"excerpt":{"rendered":"<p>Chris a Heidi Powellovi, odborn\u00edci na prom\u011bny a moder\u00e1to\u0159i z\u00e1bavn\u00e9ho televizn\u00edho po\u0159adu o hubnut\u00ed nazvan\u00e9ho Extreme Weight Loss (Extr\u00e9mn\u00ed v\u00e1hov\u00fd \u00fabytek), v\u00e1m nyn\u00ed nab\u00edzej\u00ed sv\u016fj osv\u011bd\u010den\u00fd n\u00e1vod na hubnut\u00ed a [&hellip;]<\/p>\n","protected":false},"featured_media":0,"comment_status":"closed","ping_status":"open","template":"","meta":{"_acf_changed":false,"_monsterinsights_skip_tracking":false,"_monsterinsights_sitenote_active":false,"_monsterinsights_sitenote_note":"","_monsterinsights_sitenote_category":0,"_EventAllDay":false,"_EventTimezone":"","_EventStartDate":"","_EventEndDate":"","_EventStartDateUTC":"","_EventEndDateUTC":"","_EventShowMap":false,"_EventShowMapLink":false,"_EventURL":"","_EventCost":"","_EventCostDescription":"","_EventCurrencySymbol":"","_EventCurrencyCode":"","_EventCurrencyPosition":"","_EventDateTimeSeparator":"","_EventTimeRangeSeparator":"","_EventOrganizerID":[],"_EventVenueID":[],"_OrganizerEmail":"","_OrganizerPhone":"","_OrganizerWebsite":"","_VenueAddress":"","_VenueCity":"","_VenueCountry":"","_VenueProvince":"","_VenueState":"","_VenueZip":"","_VenuePhone":"","_VenueURL":"","_VenueStateProvince":"","_VenueLat":"","_VenueLng":"","_VenueShowMap":false,"_VenueShowMapLink":false,"twitterCardType":"","cardImageID":0,"cardImage":"","cardTitle":"","cardDesc":"","cardImageAlt":"","cardPlayer":"","cardPlayerWidth":0,"cardPlayerHeight":0,"cardPlayerStream":"","cardPlayerCodec":""},"product_cat":[],"product_tag":[],"class_list":["post-135386","product","type-product","status-publish","hentry"],"acf":{"description":"Chris a Heidi Powellovi, odborn\u00edci na prom\u011bny a moder\u00e1to\u0159i z\u00e1bavn\u00e9ho televizn\u00edho po\u0159adu o hubnut\u00ed nazvan\u00e9ho Extreme Weight Loss (Extr\u00e9mn\u00ed v\u00e1hov\u00fd \u00fabytek), v\u00e1m nyn\u00ed nab\u00edzej\u00ed sv\u016fj osv\u011bd\u010den\u00fd n\u00e1vod na hubnut\u00ed a udr\u017een\u00ed v\u00e1hy, popsan\u00fd krok za krokem v jejich prvn\u00ed spoluautorsk\u00e9 knize nazvan\u00e9 Extr\u00e9mn\u00ed prom\u011bna.\n21denn\u00ed pl\u00e1n na hubnut\u00ed a zlep\u0161en\u00ed zdrav\u00ed\nV t\u00e9to knize naleznete detailn\u00ed n\u00e1vod na pos\u00edlen\u00ed zdrav\u00ed, kter\u00e9ho dos\u00e1hnete u\u017e za pouh\u00fdch 21 dn\u00ed. A\u0165 u\u017e chcete zhubnout po porodu, posledn\u00edch 5 kilogram\u016f, kter\u00e9 v\u00e1m chyb\u00ed do va\u0161\u00ed vysn\u011bn\u00e9 postavy, nebo n\u011bkolik des\u00edtek kilogram\u016f, tento program v\u00e1m pom\u016f\u017ee zm\u011bnit \u017eivot, a to u\u017e napo\u0159\u00e1d.\nZ\u00e1bavn\u00e1, rychl\u00e1 a zdrav\u00e1 cesta prom\u011bny\nAuto\u0159i p\u0159edstavuj\u00ed sv\u00e9 tajemstv\u00ed \u00fasp\u011b\u0161n\u00e9ho hubnut\u00ed, kter\u00e9ho lze dos\u00e1hnout pomoc\u00ed diety a cvi\u010den\u00ed, a detailn\u011b se zam\u011b\u0159uj\u00ed na to, jak doc\u00edlit trval\u00e9 du\u0161evn\u00ed zm\u011bny, kter\u00e1 je nutn\u00e1 k udr\u017een\u00ed vysn\u011bn\u00e9 v\u00e1hy, a to jednou prov\u017edy. \u010cten\u00e1\u0159i s jejich pomoc\u00ed \u201euvid\u00ed\u201c skrytou cestu prom\u011bny, na n\u00ed\u017e budou prov\u00e1zeni rychl\u00fdm a z\u00e1bavn\u00fdm cvi\u010den\u00edm, pochutnaj\u00ed si na spoust\u011b skv\u011bl\u00fdch j\u00eddel (snadn\u00fdch na p\u0159\u00edpravu a z\u00e1rove\u0148 chutn\u00fdch), naleznou zde tipy na n\u00e1kup potravin, p\u0159\u00edpravu pokrm\u016f a mnohem v\u00edc!\nU\u017e za pouh\u00e9 t\u0159i t\u00fddny m\u016f\u017eete dos\u00e1hnout extr\u00e9mn\u00ed prom\u011bny, budete-li se \u0159\u00eddit kroky uveden\u00fdmi v t\u00e9to knize.","item_id":"LX1832121","productname":"Extr\u00e9mn\u00ed prom\u011bna \u2013 Celo\u017eivotn\u00ed \u00fabytek na v\u00e1ze v 21 dnech","product":"Extr\u00e9mn\u00ed prom\u011bna \u2013 Celo\u017eivotn\u00ed \u00fabytek na v\u00e1ze v 21 dnech","url":"https:\/\/www.luxor.cz\/v\/1832121\/extremni-promena-celozivotni-ubytek-na-vaze-v-21-dnech","imgurl":"https:\/\/img.luxor.cz\/orig\/produkty\/9788075541406.jpg","price_vat":"99.00","margin":"","vat":"","paramname1":"","paramval1":"","paramname2":"","paramval2":"","paramname3":"","paramval3":"","paramname4":"","paramval4":"","paramname5":"","paramval5":"","paramname6":"","paramval6":"","paramname7":"","paramval7":"","paramname8":"","paramval8":"","paramname9":"","paramval9":"","paramname10":"","paramval10":"","ean":"9788075541406","manufacturer":"Anag","categorytext":""},"_links":{"self":[{"href":"https:\/\/www.luxor.cz\/blog\/wp-json\/wp\/v2\/product\/135386","targetHints":{"allow":["GET"]}}],"collection":[{"href":"https:\/\/www.luxor.cz\/blog\/wp-json\/wp\/v2\/product"}],"about":[{"href":"https:\/\/www.luxor.cz\/blog\/wp-json\/wp\/v2\/types\/product"}],"replies":[{"embeddable":true,"href":"https:\/\/www.luxor.cz\/blog\/wp-json\/wp\/v2\/comments?post=135386"}],"wp:attachment":[{"href":"https:\/\/www.luxor.cz\/blog\/wp-json\/wp\/v2\/media?parent=135386"}],"wp:term":[{"taxonomy":"product_cat","embeddable":true,"href":"https:\/\/www.luxor.cz\/blog\/wp-json\/wp\/v2\/product_cat?post=135386"},{"taxonomy":"product_tag","embeddable":true,"href":"https:\/\/www.luxor.cz\/blog\/wp-json\/wp\/v2\/product_tag?post=135386"}],"curies":[{"name":"wp","href":"https:\/\/api.w.org\/{rel}","templated":true}]}}