{"id":135131,"date":"2023-08-15T01:23:34","date_gmt":"2023-08-14T23:23:34","guid":{"rendered":"https:\/\/www.luxor.cz\/blog\/produkt\/vasnivy-svudnik\/"},"modified":"2023-08-15T01:23:34","modified_gmt":"2023-08-14T23:23:34","slug":"vasnivy-svudnik","status":"publish","type":"product","link":"https:\/\/www.luxor.cz\/blog\/produkt\/vasnivy-svudnik\/","title":{"rendered":"V\u00e1\u0161niv\u00fd sv\u016fdn\u00edk"},"content":{"rendered":"<p>Po \u00fasp\u011b\u0161n\u00e9 BO\u017dSK\u00c9 trilogii (Bo\u017esk\u00fd bastard, Bo\u017esk\u00fd cizinec a Bo\u017esk\u00fd hr\u00e1\u010d) se autorky skr\u00fdvaj\u00edc\u00ed se pod pseudonymem  Christina Laurenov\u00e1 rozhodly pro dal\u0161\u00ed trilogii. Tu odstartovaly knihou V\u00e1\u0161niv\u00fd sv\u016fdn\u00edk!<\/p>\n<p>Rom\u00e1nky na jednu noc by se m\u011bly pro\u017e\u00edt s n\u011bk\u00fdm vhodn\u00fdm \u2013 s n\u011bk\u00fdm, kdo je magicky sv\u016fdn\u00fd, nebo naopak \u00fapln\u011b politov\u00e1n\u00edhodn\u00fd. Rozhodn\u011b ale ne s n\u011bk\u00fdm, jako je on.  <\/p>\n<p>Po divok\u00e9m v\u00edkendu ve Vegas, kde zap\u00edj\u00ed promoci, vyd\u011b\u0161en\u00e1 budoucnost\u00ed, kter\u00e1 je jen \u00fanikovou variantou, ud\u011bl\u00e1 Mia Hollandov\u00e1 nejbl\u00e1zniv\u011bj\u0161\u00ed rozhodnut\u00ed sv\u00e9ho dosavadn\u00edho \u017eivota: vyraz\u00ed s Anselem Guillaumem \u2013 sv\u00fdm bo\u017esk\u00fdm, nemravn\u00fdm \u00faletem \u2013 na l\u00e9to do Francie. Jen tak si trochu\u2026 zadivo\u010dit.<\/p>\n<p>Kdy\u017e se ale za provokac\u00ed a p\u0159etv\u00e1\u0159kou objev\u00ed prvn\u00ed nefal\u0161ovan\u00e9 city, dosavadn\u00ed nez\u00e1vazn\u00e9 dobrodru\u017estv\u00ed se za\u010d\u00edn\u00e1 rozpl\u00fdvat a Mia se mus\u00ed rozhodnout. Pat\u0159\u00ed do star\u00e9ho \u017eivota, kter\u00fd opustila a kter\u00fd byl cel\u00fd tak n\u011bjak \u0161ejdrem, nebo do toho podivn\u00e9ho nov\u00e9ho, kter\u00fd se odehr\u00e1v\u00e1 doslova a do p\u00edsmene na druh\u00e9m konci sv\u011bta?<\/p>\n<p>P\u0159eklad Kv\u011bta Kal\u00e1\u010dkov\u00e1<\/p>\n","protected":false},"excerpt":{"rendered":"<p>Po \u00fasp\u011b\u0161n\u00e9 BO\u017dSK\u00c9 trilogii (Bo\u017esk\u00fd bastard, Bo\u017esk\u00fd cizinec a Bo\u017esk\u00fd hr\u00e1\u010d) se autorky skr\u00fdvaj\u00edc\u00ed se pod pseudonymem Christina Laurenov\u00e1 rozhodly pro dal\u0161\u00ed trilogii. Tu odstartovaly knihou V\u00e1\u0161niv\u00fd sv\u016fdn\u00edk! Rom\u00e1nky na [&hellip;]<\/p>\n","protected":false},"featured_media":0,"comment_status":"closed","ping_status":"open","template":"","meta":{"_acf_changed":false,"_monsterinsights_skip_tracking":false,"_monsterinsights_sitenote_active":false,"_monsterinsights_sitenote_note":"","_monsterinsights_sitenote_category":0,"_EventAllDay":false,"_EventTimezone":"","_EventStartDate":"","_EventEndDate":"","_EventStartDateUTC":"","_EventEndDateUTC":"","_EventShowMap":false,"_EventShowMapLink":false,"_EventURL":"","_EventCost":"","_EventCostDescription":"","_EventCurrencySymbol":"","_EventCurrencyCode":"","_EventCurrencyPosition":"","_EventDateTimeSeparator":"","_EventTimeRangeSeparator":"","_EventOrganizerID":[],"_EventVenueID":[],"_OrganizerEmail":"","_OrganizerPhone":"","_OrganizerWebsite":"","_VenueAddress":"","_VenueCity":"","_VenueCountry":"","_VenueProvince":"","_VenueState":"","_VenueZip":"","_VenuePhone":"","_VenueURL":"","_VenueStateProvince":"","_VenueLat":"","_VenueLng":"","_VenueShowMap":false,"_VenueShowMapLink":false,"twitterCardType":"","cardImageID":0,"cardImage":"","cardTitle":"","cardDesc":"","cardImageAlt":"","cardPlayer":"","cardPlayerWidth":0,"cardPlayerHeight":0,"cardPlayerStream":"","cardPlayerCodec":""},"product_cat":[],"product_tag":[],"class_list":["post-135131","product","type-product","status-publish","hentry"],"acf":{"description":"Po \u00fasp\u011b\u0161n\u00e9 BO\u017dSK\u00c9 trilogii (Bo\u017esk\u00fd bastard, Bo\u017esk\u00fd cizinec a Bo\u017esk\u00fd hr\u00e1\u010d) se autorky skr\u00fdvaj\u00edc\u00ed se pod pseudonymem  Christina Laurenov\u00e1 rozhodly pro dal\u0161\u00ed trilogii. Tu odstartovaly knihou V\u00e1\u0161niv\u00fd sv\u016fdn\u00edk!\n\nRom\u00e1nky na jednu noc by se m\u011bly pro\u017e\u00edt s n\u011bk\u00fdm vhodn\u00fdm \u2013 s n\u011bk\u00fdm, kdo je magicky sv\u016fdn\u00fd, nebo naopak \u00fapln\u011b politov\u00e1n\u00edhodn\u00fd. Rozhodn\u011b ale ne s n\u011bk\u00fdm, jako je on.  \n \nPo divok\u00e9m v\u00edkendu ve Vegas, kde zap\u00edj\u00ed promoci, vyd\u011b\u0161en\u00e1 budoucnost\u00ed, kter\u00e1 je jen \u00fanikovou variantou, ud\u011bl\u00e1 Mia Hollandov\u00e1 nejbl\u00e1zniv\u011bj\u0161\u00ed rozhodnut\u00ed sv\u00e9ho dosavadn\u00edho \u017eivota: vyraz\u00ed s Anselem Guillaumem \u2013 sv\u00fdm bo\u017esk\u00fdm, nemravn\u00fdm \u00faletem \u2013 na l\u00e9to do Francie. Jen tak si trochu\u2026 zadivo\u010dit.\n\nKdy\u017e se ale za provokac\u00ed a p\u0159etv\u00e1\u0159kou objev\u00ed prvn\u00ed nefal\u0161ovan\u00e9 city, dosavadn\u00ed nez\u00e1vazn\u00e9 dobrodru\u017estv\u00ed se za\u010d\u00edn\u00e1 rozpl\u00fdvat a Mia se mus\u00ed rozhodnout. Pat\u0159\u00ed do star\u00e9ho \u017eivota, kter\u00fd opustila a kter\u00fd byl cel\u00fd tak n\u011bjak \u0161ejdrem, nebo do toho podivn\u00e9ho nov\u00e9ho, kter\u00fd se odehr\u00e1v\u00e1 doslova a do p\u00edsmene na druh\u00e9m konci sv\u011bta?\n\nP\u0159eklad Kv\u011bta Kal\u00e1\u010dkov\u00e1","item_id":"LX1831176","productname":"V\u00e1\u0161niv\u00fd sv\u016fdn\u00edk","product":"V\u00e1\u0161niv\u00fd sv\u016fdn\u00edk","url":"https:\/\/www.luxor.cz\/v\/1831176\/vasnivy-svudnik","imgurl":"https:\/\/img.luxor.cz\/orig\/produkty\/9788074627439.jpg","price_vat":"329.00","margin":"","vat":"","paramname1":"","paramval1":"","paramname2":"","paramval2":"","paramname3":"","paramval3":"","paramname4":"","paramval4":"","paramname5":"","paramval5":"","paramname6":"","paramval6":"","paramname7":"","paramval7":"","paramname8":"","paramval8":"","paramname9":"","paramval9":"","paramname10":"","paramval10":"","ean":"9788074627439","manufacturer":"Jota","categorytext":""},"_links":{"self":[{"href":"https:\/\/www.luxor.cz\/blog\/wp-json\/wp\/v2\/product\/135131","targetHints":{"allow":["GET"]}}],"collection":[{"href":"https:\/\/www.luxor.cz\/blog\/wp-json\/wp\/v2\/product"}],"about":[{"href":"https:\/\/www.luxor.cz\/blog\/wp-json\/wp\/v2\/types\/product"}],"replies":[{"embeddable":true,"href":"https:\/\/www.luxor.cz\/blog\/wp-json\/wp\/v2\/comments?post=135131"}],"wp:attachment":[{"href":"https:\/\/www.luxor.cz\/blog\/wp-json\/wp\/v2\/media?parent=135131"}],"wp:term":[{"taxonomy":"product_cat","embeddable":true,"href":"https:\/\/www.luxor.cz\/blog\/wp-json\/wp\/v2\/product_cat?post=135131"},{"taxonomy":"product_tag","embeddable":true,"href":"https:\/\/www.luxor.cz\/blog\/wp-json\/wp\/v2\/product_tag?post=135131"}],"curies":[{"name":"wp","href":"https:\/\/api.w.org\/{rel}","templated":true}]}}