{"id":133815,"date":"2023-08-15T01:07:33","date_gmt":"2023-08-14T23:07:33","guid":{"rendered":"https:\/\/www.luxor.cz\/blog\/produkt\/zlin-velky-vicejazycny\/"},"modified":"2023-08-15T01:07:33","modified_gmt":"2023-08-14T23:07:33","slug":"zlin-velky-vicejazycny","status":"publish","type":"product","link":"https:\/\/www.luxor.cz\/blog\/produkt\/zlin-velky-vicejazycny\/","title":{"rendered":"Zl\u00edn &#8211; velk\u00fd \/ v\u00edcejazy\u010dn\u00fd"},"content":{"rendered":"<p>Reprezentativn\u00ed fotografick\u00e1 publikace Libora Sv\u00e1\u010dka v\u011bnovan\u00e1 metropoli Zl\u00ednsk\u00e9ho kraje. Reprezentativn\u00ed fotografick\u00e1 publikace Libora Sv\u00e1\u010dka seznamuje \u010dten\u00e1\u0159e prost\u0159ednictv\u00edm 156 technicky i um\u011blecky dokonal\u00fdch sn\u00edmk\u016f s metropol\u00ed Zl\u00ednsk\u00e9ho kraje \u2013 m\u011bstem Zl\u00ednem. Tv\u00e1\u0159 m\u011bsta byla origin\u00e1ln\u00edm zp\u016fsobem formov\u00e1na v obdob\u00ed mezi sv\u011btov\u00fdmi v\u00e1lkami, v podnikatelsk\u00e9m duchu Ba\u0165ov\u00fdch z\u00e1vod\u016f. Kniha p\u0159edstavuje pr\u00e1v\u011b tento jedine\u010dn\u00fd a nezam\u011bniteln\u00fd urbanismus stejn\u011b jako modern\u00ed, sou\u010dasnou tv\u00e1\u0159 m\u011bsta.<\/p>\n","protected":false},"excerpt":{"rendered":"<p>Reprezentativn\u00ed fotografick\u00e1 publikace Libora Sv\u00e1\u010dka v\u011bnovan\u00e1 metropoli Zl\u00ednsk\u00e9ho kraje. Reprezentativn\u00ed fotografick\u00e1 publikace Libora Sv\u00e1\u010dka seznamuje \u010dten\u00e1\u0159e prost\u0159ednictv\u00edm 156 technicky i um\u011blecky dokonal\u00fdch sn\u00edmk\u016f s metropol\u00ed Zl\u00ednsk\u00e9ho kraje \u2013 m\u011bstem Zl\u00ednem. [&hellip;]<\/p>\n","protected":false},"featured_media":0,"comment_status":"closed","ping_status":"open","template":"","meta":{"_acf_changed":false,"_monsterinsights_skip_tracking":false,"_monsterinsights_sitenote_active":false,"_monsterinsights_sitenote_note":"","_monsterinsights_sitenote_category":0,"_EventAllDay":false,"_EventTimezone":"","_EventStartDate":"","_EventEndDate":"","_EventStartDateUTC":"","_EventEndDateUTC":"","_EventShowMap":false,"_EventShowMapLink":false,"_EventURL":"","_EventCost":"","_EventCostDescription":"","_EventCurrencySymbol":"","_EventCurrencyCode":"","_EventCurrencyPosition":"","_EventDateTimeSeparator":"","_EventTimeRangeSeparator":"","_EventOrganizerID":[],"_EventVenueID":[],"_OrganizerEmail":"","_OrganizerPhone":"","_OrganizerWebsite":"","_VenueAddress":"","_VenueCity":"","_VenueCountry":"","_VenueProvince":"","_VenueState":"","_VenueZip":"","_VenuePhone":"","_VenueURL":"","_VenueStateProvince":"","_VenueLat":"","_VenueLng":"","_VenueShowMap":false,"_VenueShowMapLink":false,"twitterCardType":"","cardImageID":0,"cardImage":"","cardTitle":"","cardDesc":"","cardImageAlt":"","cardPlayer":"","cardPlayerWidth":0,"cardPlayerHeight":0,"cardPlayerStream":"","cardPlayerCodec":""},"product_cat":[],"product_tag":[],"class_list":["post-133815","product","type-product","status-publish","hentry"],"acf":{"description":"Reprezentativn\u00ed fotografick\u00e1 publikace Libora Sv\u00e1\u010dka v\u011bnovan\u00e1 metropoli Zl\u00ednsk\u00e9ho kraje. Reprezentativn\u00ed fotografick\u00e1 publikace Libora Sv\u00e1\u010dka seznamuje \u010dten\u00e1\u0159e prost\u0159ednictv\u00edm 156 technicky i um\u011blecky dokonal\u00fdch sn\u00edmk\u016f s metropol\u00ed Zl\u00ednsk\u00e9ho kraje \u2013 m\u011bstem Zl\u00ednem. Tv\u00e1\u0159 m\u011bsta byla origin\u00e1ln\u00edm zp\u016fsobem formov\u00e1na v obdob\u00ed mezi sv\u011btov\u00fdmi v\u00e1lkami, v podnikatelsk\u00e9m duchu Ba\u0165ov\u00fdch z\u00e1vod\u016f. Kniha p\u0159edstavuje pr\u00e1v\u011b tento jedine\u010dn\u00fd a nezam\u011bniteln\u00fd urbanismus stejn\u011b jako modern\u00ed, sou\u010dasnou tv\u00e1\u0159 m\u011bsta.","item_id":"LX1828576","productname":"Zl\u00edn - velk\u00fd \/ v\u00edcejazy\u010dn\u00fd","product":"Zl\u00edn - velk\u00fd \/ v\u00edcejazy\u010dn\u00fd","url":"https:\/\/www.luxor.cz\/v\/1828576\/zlin-velky-vicejazycny","imgurl":"https:\/\/img.luxor.cz\/orig\/produkty\/9788073392987.jpg","price_vat":"461.00","margin":"","vat":"","paramname1":"","paramval1":"","paramname2":"","paramval2":"","paramname3":"","paramval3":"","paramname4":"","paramval4":"","paramname5":"","paramval5":"","paramname6":"","paramval6":"","paramname7":"","paramval7":"","paramname8":"","paramval8":"","paramname9":"","paramval9":"","paramname10":"","paramval10":"","ean":"9788073392987","manufacturer":"MCU","categorytext":""},"_links":{"self":[{"href":"https:\/\/www.luxor.cz\/blog\/wp-json\/wp\/v2\/product\/133815","targetHints":{"allow":["GET"]}}],"collection":[{"href":"https:\/\/www.luxor.cz\/blog\/wp-json\/wp\/v2\/product"}],"about":[{"href":"https:\/\/www.luxor.cz\/blog\/wp-json\/wp\/v2\/types\/product"}],"replies":[{"embeddable":true,"href":"https:\/\/www.luxor.cz\/blog\/wp-json\/wp\/v2\/comments?post=133815"}],"wp:attachment":[{"href":"https:\/\/www.luxor.cz\/blog\/wp-json\/wp\/v2\/media?parent=133815"}],"wp:term":[{"taxonomy":"product_cat","embeddable":true,"href":"https:\/\/www.luxor.cz\/blog\/wp-json\/wp\/v2\/product_cat?post=133815"},{"taxonomy":"product_tag","embeddable":true,"href":"https:\/\/www.luxor.cz\/blog\/wp-json\/wp\/v2\/product_tag?post=133815"}],"curies":[{"name":"wp","href":"https:\/\/api.w.org\/{rel}","templated":true}]}}