{"id":133361,"date":"2023-08-15T01:02:10","date_gmt":"2023-08-14T23:02:10","guid":{"rendered":"https:\/\/www.luxor.cz\/blog\/produkt\/freudova-pohovka\/"},"modified":"2023-08-15T01:02:11","modified_gmt":"2023-08-14T23:02:11","slug":"freudova-pohovka","status":"publish","type":"product","link":"https:\/\/www.luxor.cz\/blog\/produkt\/freudova-pohovka\/","title":{"rendered":"Freudova pohovka"},"content":{"rendered":"<p>Freudova pohovka je soubor pov\u00eddek a novel, kter\u00e9 se zam\u011b\u0159uj\u00ed na vztahy v rodin\u011b, v partnerstv\u00ed a ve spole\u010dnosti. Postavy, kter\u00e9 v nich vystupuj\u00ed, \u017eij\u00ed oby\u010dejn\u00fd \u017eivot, \u0159e\u0161\u00ed b\u011b\u017en\u00e9 probl\u00e9my a starosti. N\u011bkter\u00e9 navazuj\u00ed na ji\u017e d\u0159\u00edv\u011b publikovan\u00e9 kr\u00e1tk\u00e9 pr\u00f3zy (Nev\u011brn\u00e1 a jin\u00e9 p\u0159\u00edb\u011bhy, Jak dny jdou).<\/p>\n<p>Kamila Hol\u00e1skov\u00e1 je \u010desk\u00e1 spisovatelka a vysoko\u0161kolsk\u00e1 u\u010ditelka. Od roku 1988 vyu\u010duje psychologick\u00e9 discipl\u00edny na olomouck\u00e9 univerzit\u011b. Kr\u00e1tk\u00e9 pr\u00f3zy, kter\u00e9 p\u00ed\u0161e od d\u011btstv\u00ed, se zam\u011b\u0159uj\u00ed na oby\u010dejn\u00e9ho \u010dlov\u011bka, kter\u00fd pro\u017e\u00edv\u00e1 nelehk\u00e9 situace a ne v\u017edy se rozhoduje tak, aby neubl\u00ed\u017eil s\u00e1m sob\u011b a druh\u00fdm.<\/p>\n","protected":false},"excerpt":{"rendered":"<p>Freudova pohovka je soubor pov\u00eddek a novel, kter\u00e9 se zam\u011b\u0159uj\u00ed na vztahy v rodin\u011b, v partnerstv\u00ed a ve spole\u010dnosti. Postavy, kter\u00e9 v nich vystupuj\u00ed, \u017eij\u00ed oby\u010dejn\u00fd \u017eivot, \u0159e\u0161\u00ed b\u011b\u017en\u00e9 probl\u00e9my [&hellip;]<\/p>\n","protected":false},"featured_media":0,"comment_status":"closed","ping_status":"open","template":"","meta":{"_acf_changed":false,"_monsterinsights_skip_tracking":false,"_monsterinsights_sitenote_active":false,"_monsterinsights_sitenote_note":"","_monsterinsights_sitenote_category":0,"_EventAllDay":false,"_EventTimezone":"","_EventStartDate":"","_EventEndDate":"","_EventStartDateUTC":"","_EventEndDateUTC":"","_EventShowMap":false,"_EventShowMapLink":false,"_EventURL":"","_EventCost":"","_EventCostDescription":"","_EventCurrencySymbol":"","_EventCurrencyCode":"","_EventCurrencyPosition":"","_EventDateTimeSeparator":"","_EventTimeRangeSeparator":"","_EventOrganizerID":[],"_EventVenueID":[],"_OrganizerEmail":"","_OrganizerPhone":"","_OrganizerWebsite":"","_VenueAddress":"","_VenueCity":"","_VenueCountry":"","_VenueProvince":"","_VenueState":"","_VenueZip":"","_VenuePhone":"","_VenueURL":"","_VenueStateProvince":"","_VenueLat":"","_VenueLng":"","_VenueShowMap":false,"_VenueShowMapLink":false,"twitterCardType":"","cardImageID":0,"cardImage":"","cardTitle":"","cardDesc":"","cardImageAlt":"","cardPlayer":"","cardPlayerWidth":0,"cardPlayerHeight":0,"cardPlayerStream":"","cardPlayerCodec":""},"product_cat":[],"product_tag":[],"class_list":["post-133361","product","type-product","status-publish","hentry"],"acf":{"description":"Freudova pohovka je soubor pov\u00eddek a novel, kter\u00e9 se zam\u011b\u0159uj\u00ed na vztahy v rodin\u011b, v partnerstv\u00ed a ve spole\u010dnosti. Postavy, kter\u00e9 v nich vystupuj\u00ed, \u017eij\u00ed oby\u010dejn\u00fd \u017eivot, \u0159e\u0161\u00ed b\u011b\u017en\u00e9 probl\u00e9my a starosti. N\u011bkter\u00e9 navazuj\u00ed na ji\u017e d\u0159\u00edv\u011b publikovan\u00e9 kr\u00e1tk\u00e9 pr\u00f3zy (Nev\u011brn\u00e1 a jin\u00e9 p\u0159\u00edb\u011bhy, Jak dny jdou).\n\nKamila Hol\u00e1skov\u00e1 je \u010desk\u00e1 spisovatelka a vysoko\u0161kolsk\u00e1 u\u010ditelka. Od roku 1988 vyu\u010duje psychologick\u00e9 discipl\u00edny na olomouck\u00e9 univerzit\u011b. Kr\u00e1tk\u00e9 pr\u00f3zy, kter\u00e9 p\u00ed\u0161e od d\u011btstv\u00ed, se zam\u011b\u0159uj\u00ed na oby\u010dejn\u00e9ho \u010dlov\u011bka, kter\u00fd pro\u017e\u00edv\u00e1 nelehk\u00e9 situace a ne v\u017edy se rozhoduje tak, aby neubl\u00ed\u017eil s\u00e1m sob\u011b a druh\u00fdm.","item_id":"LX1827253","productname":"Freudova pohovka","product":"Freudova pohovka","url":"https:\/\/www.luxor.cz\/v\/1827253\/freudova-pohovka","imgurl":"https:\/\/img.luxor.cz\/orig\/produkty\/9788073368975.jpg","price_vat":"258.00","margin":"","vat":"","paramname1":"","paramval1":"","paramname2":"","paramval2":"","paramname3":"","paramval3":"","paramname4":"","paramval4":"","paramname5":"","paramval5":"","paramname6":"","paramval6":"","paramname7":"","paramval7":"","paramname8":"","paramval8":"","paramname9":"","paramval9":"","paramname10":"","paramval10":"","ean":"9788073368975","manufacturer":"Fontana","categorytext":""},"_links":{"self":[{"href":"https:\/\/www.luxor.cz\/blog\/wp-json\/wp\/v2\/product\/133361","targetHints":{"allow":["GET"]}}],"collection":[{"href":"https:\/\/www.luxor.cz\/blog\/wp-json\/wp\/v2\/product"}],"about":[{"href":"https:\/\/www.luxor.cz\/blog\/wp-json\/wp\/v2\/types\/product"}],"replies":[{"embeddable":true,"href":"https:\/\/www.luxor.cz\/blog\/wp-json\/wp\/v2\/comments?post=133361"}],"wp:attachment":[{"href":"https:\/\/www.luxor.cz\/blog\/wp-json\/wp\/v2\/media?parent=133361"}],"wp:term":[{"taxonomy":"product_cat","embeddable":true,"href":"https:\/\/www.luxor.cz\/blog\/wp-json\/wp\/v2\/product_cat?post=133361"},{"taxonomy":"product_tag","embeddable":true,"href":"https:\/\/www.luxor.cz\/blog\/wp-json\/wp\/v2\/product_tag?post=133361"}],"curies":[{"name":"wp","href":"https:\/\/api.w.org\/{rel}","templated":true}]}}