{"id":132549,"date":"2023-08-15T00:52:45","date_gmt":"2023-08-14T22:52:45","guid":{"rendered":"https:\/\/www.luxor.cz\/blog\/produkt\/lecebny-kod\/"},"modified":"2023-08-15T00:52:45","modified_gmt":"2023-08-14T22:52:45","slug":"lecebny-kod","status":"publish","type":"product","link":"https:\/\/www.luxor.cz\/blog\/produkt\/lecebny-kod\/","title":{"rendered":"L\u00e9\u010debn\u00fd k\u00f3d"},"content":{"rendered":"<p>Metoda l\u00e9\u010debn\u00fdch k\u00f3d\u016f byla Alexi Loydovi doslova vnuknuta p\u0159i n\u00e1vratu dom\u016f ze semin\u00e1\u0159e, a jak s\u00e1m v \u00favodu knihy p\u00ed\u0161e, byla to odpov\u011b\u010f na dvan\u00e1ct let trvaj\u00edc\u00ed hled\u00e1n\u00ed l\u00e9ku na t\u011b\u017ek\u00e9 deprese jeho man\u017eelky. Zrodila se tak zcela unik\u00e1tn\u00ed l\u00e9\u010debn\u00e1 metoda, kterou m\u016f\u017ee \u010dlov\u011bk prov\u00e1d\u011bt s\u00e1m a vyu\u017e\u00edvat ji k l\u00e9\u010den\u00ed t\u00e9m\u011b\u0159 v\u0161ech fyzick\u00fdch i psychick\u00fdch nemoc\u00ed a tak\u00e9 k odstran\u011bn\u00ed probl\u00e9m\u016f t\u00fdkaj\u00edc\u00ed se vztah\u016f a kari\u00e9ry. Alex Loyd popisuje tuto metodu velmi sv\u011b\u017e\u00edm a snadno pochopiteln\u00fdm zp\u016fsobem a jej\u00ed \u00fa\u010dinnost dokl\u00e1d\u00e1 v\u00fdpov\u011b\u010fmi lid\u00ed, jim\u017e zcela z\u00e1sadn\u011b zm\u011bnila \u017eivot. Syst\u00e9m l\u00e9\u010debn\u00fdch k\u00f3d\u016f vych\u00e1z\u00ed z kvantov\u00e9 fyziky a jeho z\u00e1kladem je odstran\u011bn\u00ed probl\u00e9mu p\u0159\u00edmo v jeho zdroji, nikoli pouh\u00fdch symptom\u016f. Je to metoda snadn\u00e1 a jej\u00ed z\u00e1kladn\u00ed cvi\u010den\u00ed trv\u00e1 pouh\u00fdch \u0161est minut, ale sv\u011bdectv\u00ed mnoha klient\u016f Dr. Loyda jasn\u011b dokazuj\u00ed, \u017ee i za tak kr\u00e1tkou chv\u00edli se \u010dlov\u011bk m\u016f\u017ee zbavit stresu vyvolan\u00e9ho destruktivn\u00edmi bun\u011b\u010dn\u00fdmi vzpom\u00ednkami, je\u017e zp\u016fsobuj\u00ed vznik r\u016fzn\u00fdch nemoc\u00ed a dal\u0161\u00edch probl\u00e9m\u016f. Sta\u010d\u00ed otev\u0159\u00edt knihu a pustit se do toho!<\/p>\n","protected":false},"excerpt":{"rendered":"<p>Metoda l\u00e9\u010debn\u00fdch k\u00f3d\u016f byla Alexi Loydovi doslova vnuknuta p\u0159i n\u00e1vratu dom\u016f ze semin\u00e1\u0159e, a jak s\u00e1m v \u00favodu knihy p\u00ed\u0161e, byla to odpov\u011b\u010f na dvan\u00e1ct let trvaj\u00edc\u00ed hled\u00e1n\u00ed l\u00e9ku na [&hellip;]<\/p>\n","protected":false},"featured_media":0,"comment_status":"closed","ping_status":"open","template":"","meta":{"_acf_changed":false,"_monsterinsights_skip_tracking":false,"_monsterinsights_sitenote_active":false,"_monsterinsights_sitenote_note":"","_monsterinsights_sitenote_category":0,"_EventAllDay":false,"_EventTimezone":"","_EventStartDate":"","_EventEndDate":"","_EventStartDateUTC":"","_EventEndDateUTC":"","_EventShowMap":false,"_EventShowMapLink":false,"_EventURL":"","_EventCost":"","_EventCostDescription":"","_EventCurrencySymbol":"","_EventCurrencyCode":"","_EventCurrencyPosition":"","_EventDateTimeSeparator":"","_EventTimeRangeSeparator":"","_EventOrganizerID":[],"_EventVenueID":[],"_OrganizerEmail":"","_OrganizerPhone":"","_OrganizerWebsite":"","_VenueAddress":"","_VenueCity":"","_VenueCountry":"","_VenueProvince":"","_VenueState":"","_VenueZip":"","_VenuePhone":"","_VenueURL":"","_VenueStateProvince":"","_VenueLat":"","_VenueLng":"","_VenueShowMap":false,"_VenueShowMapLink":false,"twitterCardType":"","cardImageID":0,"cardImage":"","cardTitle":"","cardDesc":"","cardImageAlt":"","cardPlayer":"","cardPlayerWidth":0,"cardPlayerHeight":0,"cardPlayerStream":"","cardPlayerCodec":""},"product_cat":[],"product_tag":[],"class_list":["post-132549","product","type-product","status-publish","hentry"],"acf":{"description":"Metoda l\u00e9\u010debn\u00fdch k\u00f3d\u016f byla Alexi Loydovi doslova vnuknuta p\u0159i n\u00e1vratu dom\u016f ze semin\u00e1\u0159e, a jak s\u00e1m v \u00favodu knihy p\u00ed\u0161e, byla to odpov\u011b\u010f na dvan\u00e1ct let trvaj\u00edc\u00ed hled\u00e1n\u00ed l\u00e9ku na t\u011b\u017ek\u00e9 deprese jeho man\u017eelky. Zrodila se tak zcela unik\u00e1tn\u00ed l\u00e9\u010debn\u00e1 metoda, kterou m\u016f\u017ee \u010dlov\u011bk prov\u00e1d\u011bt s\u00e1m a vyu\u017e\u00edvat ji k l\u00e9\u010den\u00ed t\u00e9m\u011b\u0159 v\u0161ech fyzick\u00fdch i psychick\u00fdch nemoc\u00ed a tak\u00e9 k odstran\u011bn\u00ed probl\u00e9m\u016f t\u00fdkaj\u00edc\u00ed se vztah\u016f a kari\u00e9ry. Alex Loyd popisuje tuto metodu velmi sv\u011b\u017e\u00edm a snadno pochopiteln\u00fdm zp\u016fsobem a jej\u00ed \u00fa\u010dinnost dokl\u00e1d\u00e1 v\u00fdpov\u011b\u010fmi lid\u00ed, jim\u017e zcela z\u00e1sadn\u011b zm\u011bnila \u017eivot. Syst\u00e9m l\u00e9\u010debn\u00fdch k\u00f3d\u016f vych\u00e1z\u00ed z kvantov\u00e9 fyziky a jeho z\u00e1kladem je odstran\u011bn\u00ed probl\u00e9mu p\u0159\u00edmo v jeho zdroji, nikoli pouh\u00fdch symptom\u016f. Je to metoda snadn\u00e1 a jej\u00ed z\u00e1kladn\u00ed cvi\u010den\u00ed trv\u00e1 pouh\u00fdch \u0161est minut, ale sv\u011bdectv\u00ed mnoha klient\u016f Dr. Loyda jasn\u011b dokazuj\u00ed, \u017ee i za tak kr\u00e1tkou chv\u00edli se \u010dlov\u011bk m\u016f\u017ee zbavit stresu vyvolan\u00e9ho destruktivn\u00edmi bun\u011b\u010dn\u00fdmi vzpom\u00ednkami, je\u017e zp\u016fsobuj\u00ed vznik r\u016fzn\u00fdch nemoc\u00ed a dal\u0161\u00edch probl\u00e9m\u016f. Sta\u010d\u00ed otev\u0159\u00edt knihu a pustit se do toho!","item_id":"LX1823607","productname":"L\u00e9\u010debn\u00fd k\u00f3d","product":"L\u00e9\u010debn\u00fd k\u00f3d","url":"https:\/\/www.luxor.cz\/v\/1823607\/lecebny-kod","imgurl":"https:\/\/img.luxor.cz\/orig\/produkty\/9788073064884.jpg","price_vat":"289.00","margin":"","vat":"","paramname1":"","paramval1":"","paramname2":"","paramval2":"","paramname3":"","paramval3":"","paramname4":"","paramval4":"","paramname5":"","paramval5":"","paramname6":"","paramval6":"","paramname7":"","paramval7":"","paramname8":"","paramval8":"","paramname9":"","paramval9":"","paramname10":"","paramval10":"","ean":"9788073064884","manufacturer":"Pavel Dobrovsk\u00fd - BETA","categorytext":""},"_links":{"self":[{"href":"https:\/\/www.luxor.cz\/blog\/wp-json\/wp\/v2\/product\/132549","targetHints":{"allow":["GET"]}}],"collection":[{"href":"https:\/\/www.luxor.cz\/blog\/wp-json\/wp\/v2\/product"}],"about":[{"href":"https:\/\/www.luxor.cz\/blog\/wp-json\/wp\/v2\/types\/product"}],"replies":[{"embeddable":true,"href":"https:\/\/www.luxor.cz\/blog\/wp-json\/wp\/v2\/comments?post=132549"}],"wp:attachment":[{"href":"https:\/\/www.luxor.cz\/blog\/wp-json\/wp\/v2\/media?parent=132549"}],"wp:term":[{"taxonomy":"product_cat","embeddable":true,"href":"https:\/\/www.luxor.cz\/blog\/wp-json\/wp\/v2\/product_cat?post=132549"},{"taxonomy":"product_tag","embeddable":true,"href":"https:\/\/www.luxor.cz\/blog\/wp-json\/wp\/v2\/product_tag?post=132549"}],"curies":[{"name":"wp","href":"https:\/\/api.w.org\/{rel}","templated":true}]}}