{"id":132392,"date":"2023-08-15T00:50:56","date_gmt":"2023-08-14T22:50:56","guid":{"rendered":"https:\/\/www.luxor.cz\/blog\/produkt\/1967-rok-kdy-jsem-se-narodila\/"},"modified":"2023-08-15T00:50:57","modified_gmt":"2023-08-14T22:50:57","slug":"1967-rok-kdy-jsem-se-narodila","status":"publish","type":"product","link":"https:\/\/www.luxor.cz\/blog\/produkt\/1967-rok-kdy-jsem-se-narodila\/","title":{"rendered":"1967: Rok, kdy jsem se narodil(a)"},"content":{"rendered":"<p>Narozeninov\u00e1 vzpom\u00ednkov\u00e1 kniha pro v\u0161echny, kdo v roce 2017 oslav\u00ed 50 let.<\/p>\n<p>Jak vypadal sv\u011bt p\u0159ed pades\u00e1ti lety? Do jak\u00e9 doby se narodili ti, kte\u0159\u00ed v leto\u0161n\u00edm roce slav\u00ed sv\u00e9 velk\u00e9 jubileum? Z\u00e1le\u017e\u00ed na tom, za jak\u00e9ho \u00fahlu se budeme d\u00edvat. Sv\u011btem \u0161ly velk\u00e9 d\u011bjiny, v \u010ceskoslovensku jsme se st\u0159\u00eddav\u00fdmi \u00fasp\u011bchy budovali socialismus. Lid\u00e9 ov\u0161em \u017eili i sv\u00e9 b\u011b\u017en\u00e9, ka\u017edodenn\u00ed \u017eivoty \u2013 nakupovali potraviny i z\u00e1jezdy, sh\u00e1n\u011bli m\u00f3dn\u00ed oble\u010den\u00ed, popou\u0161t\u011bli uzdu kreativit\u011b p\u0159i v\u00fdrob\u011b \u00fazkoprofilov\u00e9ho zbo\u017e\u00ed. Pro\u017e\u00edvali sv\u00e1 mal\u00e1 dramata \u2013 seznamovali se, rozch\u00e1zeli, \u010detli, poslouchali p\u00edsni\u010dky, na tajn\u00fdch burz\u00e1ch m\u011bnili gramofonov\u00e9 desky, studovali \u2013 nebo nestudovali \u2013 podle toho, jak\u00fd kdo m\u011bl k\u00e1drov\u00fd profil. V \u010dern\u00e9 kronice sledovali tehdej\u0161\u00ed krimin\u00e1ln\u00ed p\u0159\u00edpady, bavili se v\u00fdk\u0159iky kamelot\u016f i nar\u00e1\u017ekami v divadeln\u00edch hr\u00e1ch. St\u00e1li fronty p\u0159ed telefonn\u00edmi budkami a sch\u00e1zeli se navz\u00e1jem u sebe doma na \u201emejdanech\u201c. O tom v\u0161em si p\u0159e\u010dtete v knize 1967 \u2013 Rok, kdy jsem se narodil(a). Dozv\u00edte se, jak\u00e9 dal\u0161\u00ed v\u00fdznamn\u00e9 osobnosti (krom\u011b v\u00e1s?) spat\u0159ily toho roku sv\u011btlo sv\u011bta. Zjist\u00edte, co je typick\u00e9 pro va\u0161e \u010d\u00ednsk\u00e9 znamen\u00ed, \u0159ekneme v\u00e1m, jak\u00e1 jm\u00e9na byla nejobl\u00edben\u011bj\u0161\u00ed, co se nosilo, jak\u00e1 auta byla nejv\u00edc \u201ein\u201c, jak si vedli \u010deskosloven\u0161t\u00ed sportovci, jak\u00e9 tramvaje a autobusy br\u00e1zdily \u010desk\u00e1 m\u011bsta a jak\u00e9 novinky n\u00e1m p\u0159ichystala maloobchodn\u00ed s\u00ed\u0165. Pro leto\u0161n\u00ed jubilanty pak m\u00e1me na z\u00e1v\u011br je\u0161t\u011b n\u011bkolik vzpom\u00ednek jejich vrstevn\u00edk\u016f na dobu, kdy jim bylo sladk\u00fdch osmn\u00e1ct.<\/p>\n","protected":false},"excerpt":{"rendered":"<p>Narozeninov\u00e1 vzpom\u00ednkov\u00e1 kniha pro v\u0161echny, kdo v roce 2017 oslav\u00ed 50 let. Jak vypadal sv\u011bt p\u0159ed pades\u00e1ti lety? Do jak\u00e9 doby se narodili ti, kte\u0159\u00ed v leto\u0161n\u00edm roce slav\u00ed sv\u00e9 [&hellip;]<\/p>\n","protected":false},"featured_media":0,"comment_status":"closed","ping_status":"open","template":"","meta":{"_acf_changed":false,"_monsterinsights_skip_tracking":false,"_monsterinsights_sitenote_active":false,"_monsterinsights_sitenote_note":"","_monsterinsights_sitenote_category":0,"_EventAllDay":false,"_EventTimezone":"","_EventStartDate":"","_EventEndDate":"","_EventStartDateUTC":"","_EventEndDateUTC":"","_EventShowMap":false,"_EventShowMapLink":false,"_EventURL":"","_EventCost":"","_EventCostDescription":"","_EventCurrencySymbol":"","_EventCurrencyCode":"","_EventCurrencyPosition":"","_EventDateTimeSeparator":"","_EventTimeRangeSeparator":"","_EventOrganizerID":[],"_EventVenueID":[],"_OrganizerEmail":"","_OrganizerPhone":"","_OrganizerWebsite":"","_VenueAddress":"","_VenueCity":"","_VenueCountry":"","_VenueProvince":"","_VenueState":"","_VenueZip":"","_VenuePhone":"","_VenueURL":"","_VenueStateProvince":"","_VenueLat":"","_VenueLng":"","_VenueShowMap":false,"_VenueShowMapLink":false,"twitterCardType":"","cardImageID":0,"cardImage":"","cardTitle":"","cardDesc":"","cardImageAlt":"","cardPlayer":"","cardPlayerWidth":0,"cardPlayerHeight":0,"cardPlayerStream":"","cardPlayerCodec":""},"product_cat":[],"product_tag":[],"class_list":["post-132392","product","type-product","status-publish","hentry"],"acf":{"description":"Narozeninov\u00e1 vzpom\u00ednkov\u00e1 kniha pro v\u0161echny, kdo v roce 2017 oslav\u00ed 50 let.\n\nJak vypadal sv\u011bt p\u0159ed pades\u00e1ti lety? Do jak\u00e9 doby se narodili ti, kte\u0159\u00ed v leto\u0161n\u00edm roce slav\u00ed sv\u00e9 velk\u00e9 jubileum? Z\u00e1le\u017e\u00ed na tom, za jak\u00e9ho \u00fahlu se budeme d\u00edvat. Sv\u011btem \u0161ly velk\u00e9 d\u011bjiny, v \u010ceskoslovensku jsme se st\u0159\u00eddav\u00fdmi \u00fasp\u011bchy budovali socialismus. Lid\u00e9 ov\u0161em \u017eili i sv\u00e9 b\u011b\u017en\u00e9, ka\u017edodenn\u00ed \u017eivoty \u2013 nakupovali potraviny i z\u00e1jezdy, sh\u00e1n\u011bli m\u00f3dn\u00ed oble\u010den\u00ed, popou\u0161t\u011bli uzdu kreativit\u011b p\u0159i v\u00fdrob\u011b \u00fazkoprofilov\u00e9ho zbo\u017e\u00ed. Pro\u017e\u00edvali sv\u00e1 mal\u00e1 dramata \u2013 seznamovali se, rozch\u00e1zeli, \u010detli, poslouchali p\u00edsni\u010dky, na tajn\u00fdch burz\u00e1ch m\u011bnili gramofonov\u00e9 desky, studovali \u2013 nebo nestudovali \u2013 podle toho, jak\u00fd kdo m\u011bl k\u00e1drov\u00fd profil. V \u010dern\u00e9 kronice sledovali tehdej\u0161\u00ed krimin\u00e1ln\u00ed p\u0159\u00edpady, bavili se v\u00fdk\u0159iky kamelot\u016f i nar\u00e1\u017ekami v divadeln\u00edch hr\u00e1ch. St\u00e1li fronty p\u0159ed telefonn\u00edmi budkami a sch\u00e1zeli se navz\u00e1jem u sebe doma na \u201emejdanech\u201c. O tom v\u0161em si p\u0159e\u010dtete v knize 1967 \u2013 Rok, kdy jsem se narodil(a). Dozv\u00edte se, jak\u00e9 dal\u0161\u00ed v\u00fdznamn\u00e9 osobnosti (krom\u011b v\u00e1s?) spat\u0159ily toho roku sv\u011btlo sv\u011bta. Zjist\u00edte, co je typick\u00e9 pro va\u0161e \u010d\u00ednsk\u00e9 znamen\u00ed, \u0159ekneme v\u00e1m, jak\u00e1 jm\u00e9na byla nejobl\u00edben\u011bj\u0161\u00ed, co se nosilo, jak\u00e1 auta byla nejv\u00edc \u201ein\u201c, jak si vedli \u010deskosloven\u0161t\u00ed sportovci, jak\u00e9 tramvaje a autobusy br\u00e1zdily \u010desk\u00e1 m\u011bsta a jak\u00e9 novinky n\u00e1m p\u0159ichystala maloobchodn\u00ed s\u00ed\u0165. Pro leto\u0161n\u00ed jubilanty pak m\u00e1me na z\u00e1v\u011br je\u0161t\u011b n\u011bkolik vzpom\u00ednek jejich vrstevn\u00edk\u016f na dobu, kdy jim bylo sladk\u00fdch osmn\u00e1ct.","item_id":"LX1822948","productname":"1967: Rok, kdy jsem se narodil(a)","product":"1967: Rok, kdy jsem se narodil(a)","url":"https:\/\/www.luxor.cz\/v\/1822948\/1967-rok-kdy-jsem-se-narodila","imgurl":"https:\/\/img.luxor.cz\/orig\/produkty\/9788072614950.jpg","price_vat":"245.00","margin":"","vat":"","paramname1":"","paramval1":"","paramname2":"","paramval2":"","paramname3":"","paramval3":"","paramname4":"","paramval4":"","paramname5":"","paramval5":"","paramname6":"","paramval6":"","paramname7":"","paramval7":"","paramname8":"","paramval8":"","paramname9":"","paramval9":"","paramname10":"","paramval10":"","ean":"9788072614950","manufacturer":"Management Press","categorytext":""},"_links":{"self":[{"href":"https:\/\/www.luxor.cz\/blog\/wp-json\/wp\/v2\/product\/132392","targetHints":{"allow":["GET"]}}],"collection":[{"href":"https:\/\/www.luxor.cz\/blog\/wp-json\/wp\/v2\/product"}],"about":[{"href":"https:\/\/www.luxor.cz\/blog\/wp-json\/wp\/v2\/types\/product"}],"replies":[{"embeddable":true,"href":"https:\/\/www.luxor.cz\/blog\/wp-json\/wp\/v2\/comments?post=132392"}],"wp:attachment":[{"href":"https:\/\/www.luxor.cz\/blog\/wp-json\/wp\/v2\/media?parent=132392"}],"wp:term":[{"taxonomy":"product_cat","embeddable":true,"href":"https:\/\/www.luxor.cz\/blog\/wp-json\/wp\/v2\/product_cat?post=132392"},{"taxonomy":"product_tag","embeddable":true,"href":"https:\/\/www.luxor.cz\/blog\/wp-json\/wp\/v2\/product_tag?post=132392"}],"curies":[{"name":"wp","href":"https:\/\/api.w.org\/{rel}","templated":true}]}}