{"id":128775,"date":"2023-08-15T00:09:46","date_gmt":"2023-08-14T22:09:46","guid":{"rendered":"https:\/\/www.luxor.cz\/blog\/produkt\/carcassonne-rozsireni-5-opatstvi-a-starosta\/"},"modified":"2023-08-15T00:09:46","modified_gmt":"2023-08-14T22:09:46","slug":"carcassonne-rozsireni-5-opatstvi-a-starosta","status":"publish","type":"product","link":"https:\/\/www.luxor.cz\/blog\/produkt\/carcassonne-rozsireni-5-opatstvi-a-starosta\/","title":{"rendered":"Carcassonne: Roz\u0161\u00ed\u0159en\u00ed 5: Opatstv\u00ed a starosta"},"content":{"rendered":"<p>P\u00e1t\u00e9 roz\u0161\u00ed\u0159en\u00ed hry Carcassonne. P\u0159in\u00e1\u0161\u00ed krom\u011b nov\u00fdch karti\u010dek krajiny a karti\u010dek opatstv\u00ed i figurky starosty, stodoly a povozu pro ka\u017ed\u00e9ho hr\u00e1\u010de. Starostov\u00e9 jsou um\u00eds\u0165ov\u00e1ni do m\u011bst a jejich s\u00edlu ur\u010duje po\u010det erb\u016f v dan\u00e9m m\u011bst\u011b. Stodoly umo\u017e\u0148uj\u00ed obodovat louku ji\u017e v pr\u016fb\u011bhu hry, ne jen na jej\u00edm konci. Povozy lze um\u00eds\u0165ovat na cesty, do m\u011bst \u010di kl\u00e1\u0161ter\u016f a po jejich uzav\u0159en\u00ed se mohou p\u0159esunout na p\u0159ilehlou neuzav\u0159enou cestu, m\u011bsto \u010di kl\u00e1\u0161ter.<\/p>\n","protected":false},"excerpt":{"rendered":"<p>P\u00e1t\u00e9 roz\u0161\u00ed\u0159en\u00ed hry Carcassonne. P\u0159in\u00e1\u0161\u00ed krom\u011b nov\u00fdch karti\u010dek krajiny a karti\u010dek opatstv\u00ed i figurky starosty, stodoly a povozu pro ka\u017ed\u00e9ho hr\u00e1\u010de. Starostov\u00e9 jsou um\u00eds\u0165ov\u00e1ni do m\u011bst a jejich s\u00edlu ur\u010duje [&hellip;]<\/p>\n","protected":false},"featured_media":0,"comment_status":"closed","ping_status":"open","template":"","meta":{"_acf_changed":false,"_monsterinsights_skip_tracking":false,"_monsterinsights_sitenote_active":false,"_monsterinsights_sitenote_note":"","_monsterinsights_sitenote_category":0,"_EventAllDay":false,"_EventTimezone":"","_EventStartDate":"","_EventEndDate":"","_EventStartDateUTC":"","_EventEndDateUTC":"","_EventShowMap":false,"_EventShowMapLink":false,"_EventURL":"","_EventCost":"","_EventCostDescription":"","_EventCurrencySymbol":"","_EventCurrencyCode":"","_EventCurrencyPosition":"","_EventDateTimeSeparator":"","_EventTimeRangeSeparator":"","_EventOrganizerID":[],"_EventVenueID":[],"_OrganizerEmail":"","_OrganizerPhone":"","_OrganizerWebsite":"","_VenueAddress":"","_VenueCity":"","_VenueCountry":"","_VenueProvince":"","_VenueState":"","_VenueZip":"","_VenuePhone":"","_VenueURL":"","_VenueStateProvince":"","_VenueLat":"","_VenueLng":"","_VenueShowMap":false,"_VenueShowMapLink":false,"twitterCardType":"","cardImageID":0,"cardImage":"","cardTitle":"","cardDesc":"","cardImageAlt":"","cardPlayer":"","cardPlayerWidth":0,"cardPlayerHeight":0,"cardPlayerStream":"","cardPlayerCodec":""},"product_cat":[],"product_tag":[],"class_list":["post-128775","product","type-product","status-publish","hentry"],"acf":{"description":"P\u00e1t\u00e9 roz\u0161\u00ed\u0159en\u00ed hry Carcassonne. P\u0159in\u00e1\u0161\u00ed krom\u011b nov\u00fdch karti\u010dek krajiny a karti\u010dek opatstv\u00ed i figurky starosty, stodoly a povozu pro ka\u017ed\u00e9ho hr\u00e1\u010de. Starostov\u00e9 jsou um\u00eds\u0165ov\u00e1ni do m\u011bst a jejich s\u00edlu ur\u010duje po\u010det erb\u016f v dan\u00e9m m\u011bst\u011b. Stodoly umo\u017e\u0148uj\u00ed obodovat louku ji\u017e v pr\u016fb\u011bhu hry, ne jen na jej\u00edm konci. Povozy lze um\u00eds\u0165ovat na cesty, do m\u011bst \u010di kl\u00e1\u0161ter\u016f a po jejich uzav\u0159en\u00ed se mohou p\u0159esunout na p\u0159ilehlou neuzav\u0159enou cestu, m\u011bsto \u010di kl\u00e1\u0161ter.","item_id":"LX1806742","productname":"Carcassonne: Roz\u0161\u00ed\u0159en\u00ed 5: Opatstv\u00ed a starosta","product":"Carcassonne: Roz\u0161\u00ed\u0159en\u00ed 5: Opatstv\u00ed a starosta","url":"https:\/\/www.luxor.cz\/v\/1806742\/carcassonne-rozsireni-5-opatstvi-a-starosta","imgurl":"https:\/\/img.luxor.cz\/orig\/produkty\/8595558300044.jpg","price_vat":"357.00","margin":"","vat":"","paramname1":"","paramval1":"","paramname2":"","paramval2":"","paramname3":"","paramval3":"","paramname4":"","paramval4":"","paramname5":"","paramval5":"","paramname6":"","paramval6":"","paramname7":"","paramval7":"","paramname8":"","paramval8":"","paramname9":"","paramval9":"","paramname10":"","paramval10":"","ean":"8595558300044","manufacturer":"Mindok","categorytext":""},"_links":{"self":[{"href":"https:\/\/www.luxor.cz\/blog\/wp-json\/wp\/v2\/product\/128775","targetHints":{"allow":["GET"]}}],"collection":[{"href":"https:\/\/www.luxor.cz\/blog\/wp-json\/wp\/v2\/product"}],"about":[{"href":"https:\/\/www.luxor.cz\/blog\/wp-json\/wp\/v2\/types\/product"}],"replies":[{"embeddable":true,"href":"https:\/\/www.luxor.cz\/blog\/wp-json\/wp\/v2\/comments?post=128775"}],"wp:attachment":[{"href":"https:\/\/www.luxor.cz\/blog\/wp-json\/wp\/v2\/media?parent=128775"}],"wp:term":[{"taxonomy":"product_cat","embeddable":true,"href":"https:\/\/www.luxor.cz\/blog\/wp-json\/wp\/v2\/product_cat?post=128775"},{"taxonomy":"product_tag","embeddable":true,"href":"https:\/\/www.luxor.cz\/blog\/wp-json\/wp\/v2\/product_tag?post=128775"}],"curies":[{"name":"wp","href":"https:\/\/api.w.org\/{rel}","templated":true}]}}