{"id":127836,"date":"2023-08-14T23:59:23","date_gmt":"2023-08-14T21:59:23","guid":{"rendered":"https:\/\/www.luxor.cz\/blog\/produkt\/pastelky-maped-colorpeps-aqua-12-barev-stetec\/"},"modified":"2023-08-14T23:59:23","modified_gmt":"2023-08-14T21:59:23","slug":"pastelky-maped-colorpeps-aqua-12-barev-stetec","status":"publish","type":"product","link":"https:\/\/www.luxor.cz\/blog\/produkt\/pastelky-maped-colorpeps-aqua-12-barev-stetec\/","title":{"rendered":"Pastelky Maped Color&#8217;Peps Aqua 12 barev + \u0161t\u011btec"},"content":{"rendered":"<p>* trojhrann\u00e9 t\u011blo, * m\u011bkk\u00e1 a odoln\u00e1 tuha, * jasn\u00e9 barvy, * d\u00e9lka pastelky cca 17 cm, Dod\u00e1v\u00e1no v\u010detn\u011b \u0161t\u011btce., [pastelka 2,9 mm] [ergonomic 03], [odoln\u00e9 v\u016f\u010di n\u00e1raz\u016fm] [pouzdro], [otestov\u00e1no]Mrkn\u011bte na n\u00e1\u0161 blog \u0160koln\u00ed sv\u011bt, jak se s nimi maluje nebo jak tyto pastelky dopadly v testu akvarelov\u00fdch pastelek.<\/p>\n","protected":false},"excerpt":{"rendered":"<p>* trojhrann\u00e9 t\u011blo, * m\u011bkk\u00e1 a odoln\u00e1 tuha, * jasn\u00e9 barvy, * d\u00e9lka pastelky cca 17 cm, Dod\u00e1v\u00e1no v\u010detn\u011b \u0161t\u011btce., [pastelka 2,9 mm] [ergonomic 03], [odoln\u00e9 v\u016f\u010di n\u00e1raz\u016fm] [pouzdro], [otestov\u00e1no]Mrkn\u011bte [&hellip;]<\/p>\n","protected":false},"featured_media":0,"comment_status":"closed","ping_status":"open","template":"","meta":{"_acf_changed":false,"_monsterinsights_skip_tracking":false,"_monsterinsights_sitenote_active":false,"_monsterinsights_sitenote_note":"","_monsterinsights_sitenote_category":0,"_EventAllDay":false,"_EventTimezone":"","_EventStartDate":"","_EventEndDate":"","_EventStartDateUTC":"","_EventEndDateUTC":"","_EventShowMap":false,"_EventShowMapLink":false,"_EventURL":"","_EventCost":"","_EventCostDescription":"","_EventCurrencySymbol":"","_EventCurrencyCode":"","_EventCurrencyPosition":"","_EventDateTimeSeparator":"","_EventTimeRangeSeparator":"","_EventOrganizerID":[],"_EventVenueID":[],"_OrganizerEmail":"","_OrganizerPhone":"","_OrganizerWebsite":"","_VenueAddress":"","_VenueCity":"","_VenueCountry":"","_VenueProvince":"","_VenueState":"","_VenueZip":"","_VenuePhone":"","_VenueURL":"","_VenueStateProvince":"","_VenueLat":"","_VenueLng":"","_VenueShowMap":false,"_VenueShowMapLink":false,"twitterCardType":"","cardImageID":0,"cardImage":"","cardTitle":"","cardDesc":"","cardImageAlt":"","cardPlayer":"","cardPlayerWidth":0,"cardPlayerHeight":0,"cardPlayerStream":"","cardPlayerCodec":""},"product_cat":[],"product_tag":[],"class_list":["post-127836","product","type-product","status-publish","hentry"],"acf":{"description":"* trojhrann\u00e9 t\u011blo, * m\u011bkk\u00e1 a odoln\u00e1 tuha, * jasn\u00e9 barvy, * d\u00e9lka pastelky cca 17 cm, Dod\u00e1v\u00e1no v\u010detn\u011b \u0161t\u011btce., [pastelka 2,9 mm] [ergonomic 03], [odoln\u00e9 v\u016f\u010di n\u00e1raz\u016fm] [pouzdro], [otestov\u00e1no]Mrkn\u011bte na n\u00e1\u0161 blog \u0160koln\u00ed sv\u011bt, jak se s nimi maluje nebo jak tyto pastelky dopadly v testu akvarelov\u00fdch pastelek.","item_id":"LX1796002","productname":"Pastelky Maped Color'Peps Aqua 12 barev + \u0161t\u011btec","product":"Pastelky Maped Color'Peps Aqua 12 barev + \u0161t\u011btec","url":"https:\/\/www.luxor.cz\/v\/1796002\/pastelky-maped-colorpeps-aqua-12-barev-stetec","imgurl":"https:\/\/img.luxor.cz\/orig\/produkty\/3154148360117.jpg","price_vat":"70.00","margin":"","vat":"","paramname1":"","paramval1":"","paramname2":"","paramval2":"","paramname3":"","paramval3":"","paramname4":"","paramval4":"","paramname5":"","paramval5":"","paramname6":"","paramval6":"","paramname7":"","paramval7":"","paramname8":"","paramval8":"","paramname9":"","paramval9":"","paramname10":"","paramval10":"","ean":"3154148360117","manufacturer":"Maped","categorytext":""},"_links":{"self":[{"href":"https:\/\/www.luxor.cz\/blog\/wp-json\/wp\/v2\/product\/127836","targetHints":{"allow":["GET"]}}],"collection":[{"href":"https:\/\/www.luxor.cz\/blog\/wp-json\/wp\/v2\/product"}],"about":[{"href":"https:\/\/www.luxor.cz\/blog\/wp-json\/wp\/v2\/types\/product"}],"replies":[{"embeddable":true,"href":"https:\/\/www.luxor.cz\/blog\/wp-json\/wp\/v2\/comments?post=127836"}],"wp:attachment":[{"href":"https:\/\/www.luxor.cz\/blog\/wp-json\/wp\/v2\/media?parent=127836"}],"wp:term":[{"taxonomy":"product_cat","embeddable":true,"href":"https:\/\/www.luxor.cz\/blog\/wp-json\/wp\/v2\/product_cat?post=127836"},{"taxonomy":"product_tag","embeddable":true,"href":"https:\/\/www.luxor.cz\/blog\/wp-json\/wp\/v2\/product_tag?post=127836"}],"curies":[{"name":"wp","href":"https:\/\/api.w.org\/{rel}","templated":true}]}}