{"id":127080,"date":"2023-08-14T23:50:50","date_gmt":"2023-08-14T21:50:50","guid":{"rendered":"https:\/\/www.luxor.cz\/blog\/produkt\/101-psich-triku-a-tipu-box-3-knihy\/"},"modified":"2023-08-14T23:50:50","modified_gmt":"2023-08-14T21:50:50","slug":"101-psich-triku-a-tipu-box-3-knihy","status":"publish","type":"product","link":"https:\/\/www.luxor.cz\/blog\/produkt\/101-psich-triku-a-tipu-box-3-knihy\/","title":{"rendered":"101 ps\u00edch trik\u016f a tip\u016f &#8211; BOX 3 knihy"},"content":{"rendered":"<p>Knihy pro v\u0161echny majitele ps\u016f, kte\u0159\u00ed cht\u011bj\u00ed v\u011bd\u011bt, jak se o sv\u00e9ho \u010dty\u0159noh\u00e9ho mil\u00e1\u010dka spr\u00e1vn\u011b starat a jak z n\u011bj vychovat poslu\u0161n\u00e9ho a spokojen\u00e9ho spole\u010dn\u00edka. Najdete v nich snadn\u00e9 n\u00e1vody na to, jak pou\u017e\u00edvat pozitivn\u00ed v\u00fdcvikov\u00e9 metody, kter\u00e9 pomohou vybudovat radostn\u00fd vztah s va\u0161\u00edm psem. D\u016fv\u011bra a spolupr\u00e1ce, je\u017e se b\u011bhem tohoto procesu vyvinou p\u0159etrv\u00e1 po cel\u00fd \u017eivot.<\/p>\n<p>Nau\u010dte sv\u00e9ho psa z\u00e1kladn\u00ed povely a osvojte si taktiky, s kter\u00fdmi zvl\u00e1dnete ka\u017edodenn\u00ed b\u011b\u017en\u00e9 probl\u00e9my a p\u0159ijm\u011bte va\u0161eho mil\u00e1\u010dka respektovat pravidla va\u0161i dom\u00e1cnosti.<\/p>\n","protected":false},"excerpt":{"rendered":"<p>Knihy pro v\u0161echny majitele ps\u016f, kte\u0159\u00ed cht\u011bj\u00ed v\u011bd\u011bt, jak se o sv\u00e9ho \u010dty\u0159noh\u00e9ho mil\u00e1\u010dka spr\u00e1vn\u011b starat a jak z n\u011bj vychovat poslu\u0161n\u00e9ho a spokojen\u00e9ho spole\u010dn\u00edka. Najdete v nich snadn\u00e9 n\u00e1vody [&hellip;]<\/p>\n","protected":false},"featured_media":0,"comment_status":"closed","ping_status":"open","template":"","meta":{"_acf_changed":false,"_monsterinsights_skip_tracking":false,"_monsterinsights_sitenote_active":false,"_monsterinsights_sitenote_note":"","_monsterinsights_sitenote_category":0,"_EventAllDay":false,"_EventTimezone":"","_EventStartDate":"","_EventEndDate":"","_EventStartDateUTC":"","_EventEndDateUTC":"","_EventShowMap":false,"_EventShowMapLink":false,"_EventURL":"","_EventCost":"","_EventCostDescription":"","_EventCurrencySymbol":"","_EventCurrencyCode":"","_EventCurrencyPosition":"","_EventDateTimeSeparator":"","_EventTimeRangeSeparator":"","_EventOrganizerID":[],"_EventVenueID":[],"_OrganizerEmail":"","_OrganizerPhone":"","_OrganizerWebsite":"","_VenueAddress":"","_VenueCity":"","_VenueCountry":"","_VenueProvince":"","_VenueState":"","_VenueZip":"","_VenuePhone":"","_VenueURL":"","_VenueStateProvince":"","_VenueLat":"","_VenueLng":"","_VenueShowMap":false,"_VenueShowMapLink":false,"twitterCardType":"","cardImageID":0,"cardImage":"","cardTitle":"","cardDesc":"","cardImageAlt":"","cardPlayer":"","cardPlayerWidth":0,"cardPlayerHeight":0,"cardPlayerStream":"","cardPlayerCodec":""},"product_cat":[],"product_tag":[],"class_list":["post-127080","product","type-product","status-publish","hentry"],"acf":{"description":"Knihy pro v\u0161echny majitele ps\u016f, kte\u0159\u00ed cht\u011bj\u00ed v\u011bd\u011bt, jak se o sv\u00e9ho \u010dty\u0159noh\u00e9ho mil\u00e1\u010dka spr\u00e1vn\u011b starat a jak z n\u011bj vychovat poslu\u0161n\u00e9ho a spokojen\u00e9ho spole\u010dn\u00edka. Najdete v nich snadn\u00e9 n\u00e1vody na to, jak pou\u017e\u00edvat pozitivn\u00ed v\u00fdcvikov\u00e9 metody, kter\u00e9 pomohou vybudovat radostn\u00fd vztah s va\u0161\u00edm psem. D\u016fv\u011bra a spolupr\u00e1ce, je\u017e se b\u011bhem tohoto procesu vyvinou p\u0159etrv\u00e1 po cel\u00fd \u017eivot.\n\nNau\u010dte sv\u00e9ho psa z\u00e1kladn\u00ed povely a osvojte si taktiky, s kter\u00fdmi zvl\u00e1dnete ka\u017edodenn\u00ed b\u011b\u017en\u00e9 probl\u00e9my a p\u0159ijm\u011bte va\u0161eho mil\u00e1\u010dka respektovat pravidla va\u0161i dom\u00e1cnosti.","item_id":"LX1798658","productname":"101 ps\u00edch trik\u016f a tip\u016f - BOX 3 knihy","product":"101 ps\u00edch trik\u016f a tip\u016f - BOX 3 knihy","url":"https:\/\/www.luxor.cz\/v\/1798658\/101-psich-triku-a-tipu-box-3-knihy","imgurl":"https:\/\/img.luxor.cz\/orig\/produkty\/2100004395664.jpg","price_vat":"599.00","margin":"","vat":"","paramname1":"","paramval1":"","paramname2":"","paramval2":"","paramname3":"","paramval3":"","paramname4":"","paramval4":"","paramname5":"","paramval5":"","paramname6":"","paramval6":"","paramname7":"","paramval7":"","paramname8":"","paramval8":"","paramname9":"","paramval9":"","paramname10":"","paramval10":"","ean":"2100004395664","manufacturer":"Slovart","categorytext":""},"_links":{"self":[{"href":"https:\/\/www.luxor.cz\/blog\/wp-json\/wp\/v2\/product\/127080","targetHints":{"allow":["GET"]}}],"collection":[{"href":"https:\/\/www.luxor.cz\/blog\/wp-json\/wp\/v2\/product"}],"about":[{"href":"https:\/\/www.luxor.cz\/blog\/wp-json\/wp\/v2\/types\/product"}],"replies":[{"embeddable":true,"href":"https:\/\/www.luxor.cz\/blog\/wp-json\/wp\/v2\/comments?post=127080"}],"wp:attachment":[{"href":"https:\/\/www.luxor.cz\/blog\/wp-json\/wp\/v2\/media?parent=127080"}],"wp:term":[{"taxonomy":"product_cat","embeddable":true,"href":"https:\/\/www.luxor.cz\/blog\/wp-json\/wp\/v2\/product_cat?post=127080"},{"taxonomy":"product_tag","embeddable":true,"href":"https:\/\/www.luxor.cz\/blog\/wp-json\/wp\/v2\/product_tag?post=127080"}],"curies":[{"name":"wp","href":"https:\/\/api.w.org\/{rel}","templated":true}]}}