{"id":122611,"date":"2023-08-14T23:00:48","date_gmt":"2023-08-14T21:00:48","guid":{"rendered":"https:\/\/www.luxor.cz\/blog\/produkt\/hrava-priroda-3-obrazky-v-1\/"},"modified":"2023-08-14T23:00:48","modified_gmt":"2023-08-14T21:00:48","slug":"hrava-priroda-3-obrazky-v-1","status":"publish","type":"product","link":"https:\/\/www.luxor.cz\/blog\/produkt\/hrava-priroda-3-obrazky-v-1\/","title":{"rendered":"Hrav\u00e1 p\u0159\u00edroda &#8211; 3 obr\u00e1zky v 1"},"content":{"rendered":"<p>Probu\u010fte se uprost\u0159ed p\u0159\u00edrody a objevte deset nejrozmanit\u011bj\u0161\u00edch p\u0159\u00edrodn\u00edch prost\u0159ed\u00ed v kaleidoskopick\u00fdch barv\u00e1ch od um\u011bleck\u00e9 dvojice Carnovsky \u017eij\u00edc\u00ed v Mil\u00e1n\u011b. Pomoc\u00ed kouzeln\u00fdch \u010do\u010dek pozorujte d\u017eungli, oce\u00e1ny, pl\u00e1n\u011b, lesy a mnoho dal\u0161\u00edho. Jak\u00e1 zv\u00ed\u0159ata objev\u00edte p\u0159i sv\u00e9 cest\u011b divo\u010dinou?<\/p>\n","protected":false},"excerpt":{"rendered":"<p>Probu\u010fte se uprost\u0159ed p\u0159\u00edrody a objevte deset nejrozmanit\u011bj\u0161\u00edch p\u0159\u00edrodn\u00edch prost\u0159ed\u00ed v kaleidoskopick\u00fdch barv\u00e1ch od um\u011bleck\u00e9 dvojice Carnovsky \u017eij\u00edc\u00ed v Mil\u00e1n\u011b. Pomoc\u00ed kouzeln\u00fdch \u010do\u010dek pozorujte d\u017eungli, oce\u00e1ny, pl\u00e1n\u011b, lesy a mnoho [&hellip;]<\/p>\n","protected":false},"featured_media":0,"comment_status":"closed","ping_status":"open","template":"","meta":{"_acf_changed":false,"_monsterinsights_skip_tracking":false,"_monsterinsights_sitenote_active":false,"_monsterinsights_sitenote_note":"","_monsterinsights_sitenote_category":0,"_EventAllDay":false,"_EventTimezone":"","_EventStartDate":"","_EventEndDate":"","_EventStartDateUTC":"","_EventEndDateUTC":"","_EventShowMap":false,"_EventShowMapLink":false,"_EventURL":"","_EventCost":"","_EventCostDescription":"","_EventCurrencySymbol":"","_EventCurrencyCode":"","_EventCurrencyPosition":"","_EventDateTimeSeparator":"","_EventTimeRangeSeparator":"","_EventOrganizerID":[],"_EventVenueID":[],"_OrganizerEmail":"","_OrganizerPhone":"","_OrganizerWebsite":"","_VenueAddress":"","_VenueCity":"","_VenueCountry":"","_VenueProvince":"","_VenueState":"","_VenueZip":"","_VenuePhone":"","_VenueURL":"","_VenueStateProvince":"","_VenueLat":"","_VenueLng":"","_VenueShowMap":false,"_VenueShowMapLink":false,"twitterCardType":"","cardImageID":0,"cardImage":"","cardTitle":"","cardDesc":"","cardImageAlt":"","cardPlayer":"","cardPlayerWidth":0,"cardPlayerHeight":0,"cardPlayerStream":"","cardPlayerCodec":""},"product_cat":[],"product_tag":[],"class_list":["post-122611","product","type-product","status-publish","hentry"],"acf":{"description":"Probu\u010fte se uprost\u0159ed p\u0159\u00edrody a objevte deset nejrozmanit\u011bj\u0161\u00edch p\u0159\u00edrodn\u00edch prost\u0159ed\u00ed v kaleidoskopick\u00fdch barv\u00e1ch od um\u011bleck\u00e9 dvojice Carnovsky \u017eij\u00edc\u00ed v Mil\u00e1n\u011b. Pomoc\u00ed kouzeln\u00fdch \u010do\u010dek pozorujte d\u017eungli, oce\u00e1ny, pl\u00e1n\u011b, lesy a mnoho dal\u0161\u00edho. Jak\u00e1 zv\u00ed\u0159ata objev\u00edte p\u0159i sv\u00e9 cest\u011b divo\u010dinou?","item_id":"LX1777442","productname":"Hrav\u00e1 p\u0159\u00edroda - 3 obr\u00e1zky v 1","product":"Hrav\u00e1 p\u0159\u00edroda - 3 obr\u00e1zky v 1","url":"https:\/\/www.luxor.cz\/v\/1777442\/hrava-priroda-3-obrazky-v-1","imgurl":"https:\/\/img.luxor.cz\/orig\/produkty\/9788075850294.jpg","price_vat":"399.00","margin":"","vat":"","paramname1":"","paramval1":"","paramname2":"","paramval2":"","paramname3":"","paramval3":"","paramname4":"","paramval4":"","paramname5":"","paramval5":"","paramname6":"","paramval6":"","paramname7":"","paramval7":"","paramname8":"","paramval8":"","paramname9":"","paramval9":"","paramname10":"","paramval10":"","ean":"9788075850294","manufacturer":"Omega","categorytext":""},"_links":{"self":[{"href":"https:\/\/www.luxor.cz\/blog\/wp-json\/wp\/v2\/product\/122611","targetHints":{"allow":["GET"]}}],"collection":[{"href":"https:\/\/www.luxor.cz\/blog\/wp-json\/wp\/v2\/product"}],"about":[{"href":"https:\/\/www.luxor.cz\/blog\/wp-json\/wp\/v2\/types\/product"}],"replies":[{"embeddable":true,"href":"https:\/\/www.luxor.cz\/blog\/wp-json\/wp\/v2\/comments?post=122611"}],"wp:attachment":[{"href":"https:\/\/www.luxor.cz\/blog\/wp-json\/wp\/v2\/media?parent=122611"}],"wp:term":[{"taxonomy":"product_cat","embeddable":true,"href":"https:\/\/www.luxor.cz\/blog\/wp-json\/wp\/v2\/product_cat?post=122611"},{"taxonomy":"product_tag","embeddable":true,"href":"https:\/\/www.luxor.cz\/blog\/wp-json\/wp\/v2\/product_tag?post=122611"}],"curies":[{"name":"wp","href":"https:\/\/api.w.org\/{rel}","templated":true}]}}