{"id":122594,"date":"2023-08-14T23:00:38","date_gmt":"2023-08-14T21:00:38","guid":{"rendered":"https:\/\/www.luxor.cz\/blog\/produkt\/o-dvanacti-mesickach\/"},"modified":"2023-08-14T23:00:38","modified_gmt":"2023-08-14T21:00:38","slug":"o-dvanacti-mesickach","status":"publish","type":"product","link":"https:\/\/www.luxor.cz\/blog\/produkt\/o-dvanacti-mesickach\/","title":{"rendered":"O dvan\u00e1cti m\u011bs\u00ed\u010dk\u00e1ch"},"content":{"rendered":"<p>V poh\u00e1dk\u00e1ch b\u00fdv\u00e1 zl\u00fd \u010dlov\u011bk je potrest\u00e1n a hodn\u00e9ho potk\u00e1 velk\u00e9 \u0161t\u011bst\u00ed. A tak to je i s milou Maru\u0161kou. Najde pomoc u dvan\u00e1cti m\u011bs\u00ed\u010dk\u016f, zat\u00edmco zlou macechu a jej\u00ed dceru Holenu odplata nemine.<\/p>\n","protected":false},"excerpt":{"rendered":"<p>V poh\u00e1dk\u00e1ch b\u00fdv\u00e1 zl\u00fd \u010dlov\u011bk je potrest\u00e1n a hodn\u00e9ho potk\u00e1 velk\u00e9 \u0161t\u011bst\u00ed. A tak to je i s milou Maru\u0161kou. Najde pomoc u dvan\u00e1cti m\u011bs\u00ed\u010dk\u016f, zat\u00edmco zlou macechu a jej\u00ed [&hellip;]<\/p>\n","protected":false},"featured_media":0,"comment_status":"closed","ping_status":"open","template":"","meta":{"_acf_changed":false,"_monsterinsights_skip_tracking":false,"_monsterinsights_sitenote_active":false,"_monsterinsights_sitenote_note":"","_monsterinsights_sitenote_category":0,"_EventAllDay":false,"_EventTimezone":"","_EventStartDate":"","_EventEndDate":"","_EventStartDateUTC":"","_EventEndDateUTC":"","_EventShowMap":false,"_EventShowMapLink":false,"_EventURL":"","_EventCost":"","_EventCostDescription":"","_EventCurrencySymbol":"","_EventCurrencyCode":"","_EventCurrencyPosition":"","_EventDateTimeSeparator":"","_EventTimeRangeSeparator":"","_EventOrganizerID":[],"_EventVenueID":[],"_OrganizerEmail":"","_OrganizerPhone":"","_OrganizerWebsite":"","_VenueAddress":"","_VenueCity":"","_VenueCountry":"","_VenueProvince":"","_VenueState":"","_VenueZip":"","_VenuePhone":"","_VenueURL":"","_VenueStateProvince":"","_VenueLat":"","_VenueLng":"","_VenueShowMap":false,"_VenueShowMapLink":false,"twitterCardType":"","cardImageID":0,"cardImage":"","cardTitle":"","cardDesc":"","cardImageAlt":"","cardPlayer":"","cardPlayerWidth":0,"cardPlayerHeight":0,"cardPlayerStream":"","cardPlayerCodec":""},"product_cat":[],"product_tag":[],"class_list":["post-122594","product","type-product","status-publish","hentry"],"acf":{"description":"V poh\u00e1dk\u00e1ch b\u00fdv\u00e1 zl\u00fd \u010dlov\u011bk je potrest\u00e1n a hodn\u00e9ho potk\u00e1 velk\u00e9 \u0161t\u011bst\u00ed. A tak to je i s milou Maru\u0161kou. Najde pomoc u dvan\u00e1cti m\u011bs\u00ed\u010dk\u016f, zat\u00edmco zlou macechu a jej\u00ed dceru Holenu odplata nemine.","item_id":"LX1777406","productname":"O dvan\u00e1cti m\u011bs\u00ed\u010dk\u00e1ch","product":"O dvan\u00e1cti m\u011bs\u00ed\u010dk\u00e1ch","url":"https:\/\/www.luxor.cz\/v\/1777406\/o-dvanacti-mesickach","imgurl":"https:\/\/img.luxor.cz\/orig\/produkty\/9788075538475.jpg","price_vat":"44.00","margin":"","vat":"","paramname1":"","paramval1":"","paramname2":"","paramval2":"","paramname3":"","paramval3":"","paramname4":"","paramval4":"","paramname5":"","paramval5":"","paramname6":"","paramval6":"","paramname7":"","paramval7":"","paramname8":"","paramval8":"","paramname9":"","paramval9":"","paramname10":"","paramval10":"","ean":"9788075538475","manufacturer":"Triton","categorytext":""},"_links":{"self":[{"href":"https:\/\/www.luxor.cz\/blog\/wp-json\/wp\/v2\/product\/122594","targetHints":{"allow":["GET"]}}],"collection":[{"href":"https:\/\/www.luxor.cz\/blog\/wp-json\/wp\/v2\/product"}],"about":[{"href":"https:\/\/www.luxor.cz\/blog\/wp-json\/wp\/v2\/types\/product"}],"replies":[{"embeddable":true,"href":"https:\/\/www.luxor.cz\/blog\/wp-json\/wp\/v2\/comments?post=122594"}],"wp:attachment":[{"href":"https:\/\/www.luxor.cz\/blog\/wp-json\/wp\/v2\/media?parent=122594"}],"wp:term":[{"taxonomy":"product_cat","embeddable":true,"href":"https:\/\/www.luxor.cz\/blog\/wp-json\/wp\/v2\/product_cat?post=122594"},{"taxonomy":"product_tag","embeddable":true,"href":"https:\/\/www.luxor.cz\/blog\/wp-json\/wp\/v2\/product_tag?post=122594"}],"curies":[{"name":"wp","href":"https:\/\/api.w.org\/{rel}","templated":true}]}}