{"id":121561,"date":"2023-08-14T22:49:31","date_gmt":"2023-08-14T20:49:31","guid":{"rendered":"https:\/\/www.luxor.cz\/blog\/produkt\/prakticky-pruvodce-opcnim-obchodovanim\/"},"modified":"2023-08-14T22:49:32","modified_gmt":"2023-08-14T20:49:32","slug":"prakticky-pruvodce-opcnim-obchodovanim","status":"publish","type":"product","link":"https:\/\/www.luxor.cz\/blog\/produkt\/prakticky-pruvodce-opcnim-obchodovanim\/","title":{"rendered":"Praktick\u00fd pr\u016fvodce op\u010dn\u00edm obchodov\u00e1n\u00edm"},"content":{"rendered":"<p>&#8222;Tvrd\u011b pracuj a vyd\u011bl\u00e1\u0161 si pen\u00edze.&#8220; Zd\u00e1 se v\u00e1m to pov\u011bdom\u00e9? Jan \u0160irok\u00fd v\u00e1m ve sv\u00e9m bestselleru, kter\u00fd po letech znovu vych\u00e1z\u00ed jako kompletn\u00ed pr\u016fvodce sv\u011btem obchodov\u00e1n\u00ed opc\u00ed, uk\u00e1\u017ee, \u017ee tomu m\u016f\u017ee b\u00fdt i jinak. <\/p>\n<p>S minim\u00e1ln\u00ed \u010dasovou investic\u00ed dok\u00e1\u017eete pravideln\u011b a dlouhodob\u011b zhodnocovat sv\u016fj kapit\u00e1l nap\u0159\u00edklad o dvacet procet za rok. Bez tajn\u00fdch f\u00edgl\u016f a kli\u010dek, jen s element\u00e1rn\u00edmi znalostmi fungov\u00e1n\u00ed burzovn\u00edch trh\u016f a toho, \u010demu se burzovn\u00ed profesion\u00e1lov\u00e9 v\u011bnuj\u00ed nejrad\u011bji &#8211; opc\u00ed. D\u00edky nim mohou va\u0161e pen\u00edze pracovat pro v\u00e1s, zat\u00edmco sp\u00edte, j\u00edte nebo cestujete. <\/p>\n<p>Poj\u010fte s n\u00e1mi prozkoumat metody \u00fasp\u011b\u0161n\u00fdch burzovn\u00edch expert\u016f i vy.<\/p>\n","protected":false},"excerpt":{"rendered":"<p>&#8222;Tvrd\u011b pracuj a vyd\u011bl\u00e1\u0161 si pen\u00edze.&#8220; Zd\u00e1 se v\u00e1m to pov\u011bdom\u00e9? Jan \u0160irok\u00fd v\u00e1m ve sv\u00e9m bestselleru, kter\u00fd po letech znovu vych\u00e1z\u00ed jako kompletn\u00ed pr\u016fvodce sv\u011btem obchodov\u00e1n\u00ed opc\u00ed, uk\u00e1\u017ee, \u017ee [&hellip;]<\/p>\n","protected":false},"featured_media":0,"comment_status":"closed","ping_status":"open","template":"","meta":{"_acf_changed":false,"_monsterinsights_skip_tracking":false,"_monsterinsights_sitenote_active":false,"_monsterinsights_sitenote_note":"","_monsterinsights_sitenote_category":0,"_EventAllDay":false,"_EventTimezone":"","_EventStartDate":"","_EventEndDate":"","_EventStartDateUTC":"","_EventEndDateUTC":"","_EventShowMap":false,"_EventShowMapLink":false,"_EventURL":"","_EventCost":"","_EventCostDescription":"","_EventCurrencySymbol":"","_EventCurrencyCode":"","_EventCurrencyPosition":"","_EventDateTimeSeparator":"","_EventTimeRangeSeparator":"","_EventOrganizerID":[],"_EventVenueID":[],"_OrganizerEmail":"","_OrganizerPhone":"","_OrganizerWebsite":"","_VenueAddress":"","_VenueCity":"","_VenueCountry":"","_VenueProvince":"","_VenueState":"","_VenueZip":"","_VenuePhone":"","_VenueURL":"","_VenueStateProvince":"","_VenueLat":"","_VenueLng":"","_VenueShowMap":false,"_VenueShowMapLink":false,"twitterCardType":"","cardImageID":0,"cardImage":"","cardTitle":"","cardDesc":"","cardImageAlt":"","cardPlayer":"","cardPlayerWidth":0,"cardPlayerHeight":0,"cardPlayerStream":"","cardPlayerCodec":""},"product_cat":[],"product_tag":[],"class_list":["post-121561","product","type-product","status-publish","hentry"],"acf":{"description":"\"Tvrd\u011b pracuj a vyd\u011bl\u00e1\u0161 si pen\u00edze.\" Zd\u00e1 se v\u00e1m to pov\u011bdom\u00e9? Jan \u0160irok\u00fd v\u00e1m ve sv\u00e9m bestselleru, kter\u00fd po letech znovu vych\u00e1z\u00ed jako kompletn\u00ed pr\u016fvodce sv\u011btem obchodov\u00e1n\u00ed opc\u00ed, uk\u00e1\u017ee, \u017ee tomu m\u016f\u017ee b\u00fdt i jinak. \n\nS minim\u00e1ln\u00ed \u010dasovou investic\u00ed dok\u00e1\u017eete pravideln\u011b a dlouhodob\u011b zhodnocovat sv\u016fj kapit\u00e1l nap\u0159\u00edklad o dvacet procet za rok. Bez tajn\u00fdch f\u00edgl\u016f a kli\u010dek, jen s element\u00e1rn\u00edmi znalostmi fungov\u00e1n\u00ed burzovn\u00edch trh\u016f a toho, \u010demu se burzovn\u00ed profesion\u00e1lov\u00e9 v\u011bnuj\u00ed nejrad\u011bji - opc\u00ed. D\u00edky nim mohou va\u0161e pen\u00edze pracovat pro v\u00e1s, zat\u00edmco sp\u00edte, j\u00edte nebo cestujete. \n\nPoj\u010fte s n\u00e1mi prozkoumat metody \u00fasp\u011b\u0161n\u00fdch burzovn\u00edch expert\u016f i vy.","item_id":"LX1782525","productname":"Praktick\u00fd pr\u016fvodce op\u010dn\u00edm obchodov\u00e1n\u00edm","product":"Praktick\u00fd pr\u016fvodce op\u010dn\u00edm obchodov\u00e1n\u00edm","url":"https:\/\/www.luxor.cz\/v\/1782525\/prakticky-pruvodce-opcnim-obchodovanim","imgurl":"https:\/\/img.luxor.cz\/orig\/produkty\/9788087673317.jpg","price_vat":"259.00","margin":"","vat":"","paramname1":"","paramval1":"","paramname2":"","paramval2":"","paramname3":"","paramval3":"","paramname4":"","paramval4":"","paramname5":"","paramval5":"","paramname6":"","paramval6":"","paramname7":"","paramval7":"","paramname8":"","paramval8":"","paramname9":"","paramval9":"","paramname10":"","paramval10":"","ean":"9788087673317","manufacturer":"Impossible","categorytext":""},"_links":{"self":[{"href":"https:\/\/www.luxor.cz\/blog\/wp-json\/wp\/v2\/product\/121561","targetHints":{"allow":["GET"]}}],"collection":[{"href":"https:\/\/www.luxor.cz\/blog\/wp-json\/wp\/v2\/product"}],"about":[{"href":"https:\/\/www.luxor.cz\/blog\/wp-json\/wp\/v2\/types\/product"}],"replies":[{"embeddable":true,"href":"https:\/\/www.luxor.cz\/blog\/wp-json\/wp\/v2\/comments?post=121561"}],"wp:attachment":[{"href":"https:\/\/www.luxor.cz\/blog\/wp-json\/wp\/v2\/media?parent=121561"}],"wp:term":[{"taxonomy":"product_cat","embeddable":true,"href":"https:\/\/www.luxor.cz\/blog\/wp-json\/wp\/v2\/product_cat?post=121561"},{"taxonomy":"product_tag","embeddable":true,"href":"https:\/\/www.luxor.cz\/blog\/wp-json\/wp\/v2\/product_tag?post=121561"}],"curies":[{"name":"wp","href":"https:\/\/api.w.org\/{rel}","templated":true}]}}