{"id":120168,"date":"2023-08-14T22:33:26","date_gmt":"2023-08-14T20:33:26","guid":{"rendered":"https:\/\/www.luxor.cz\/blog\/produkt\/tantricka-jony-joga-spiritualni-cviceni-pro-zeny\/"},"modified":"2023-08-14T22:33:27","modified_gmt":"2023-08-14T20:33:27","slug":"tantricka-jony-joga-spiritualni-cviceni-pro-zeny","status":"publish","type":"product","link":"https:\/\/www.luxor.cz\/blog\/produkt\/tantricka-jony-joga-spiritualni-cviceni-pro-zeny\/","title":{"rendered":"Tantrick\u00e1 j\u00f3ny j\u00f3ga &#8211; Spiritu\u00e1ln\u00ed cvi\u010den\u00ed pro \u017eeny"},"content":{"rendered":"<p>Objevujeme spiritu\u00e1ln\u00ed dimenzi \u017eensk\u00e9 sexuality. Na anatomick\u00e9 \u00farovni ozna\u010duje sanskrtsk\u00fd pojem \u00bbj\u00f3ni\u00ab zevn\u00ed i vnit\u0159n\u00ed \u017eensk\u00e9 pohlavn\u00ed org\u00e1ny. V \u0161ir\u0161\u00edm smyslu p\u0159edstavuje \u00bbj\u00f3ni\u00ab p\u0159edev\u0161\u00edm spiritu\u00e1ln\u00ed tajemstv\u00ed souvisej\u00edc\u00ed se sexu\u00e1ln\u00ed energi\u00ed \u017eeny, s p\u0159ij\u00edmaj\u00edc\u00ed silou, ob\u011btavost\u00ed, pot\u011b\u0161en\u00edm, rozko\u0161\u00ed a l\u00e1skou. S pomoc\u00ed meditac\u00ed a cvi\u010den\u00ed, c\u00edlen\u00e9ho pou\u017e\u00edv\u00e1n\u00ed muder a praxe j\u00f3ni-j\u00f3gy lze odhalovat prvotn\u00ed \u017eenskou s\u00edlu a rozv\u00edjet ji. D\u016fle\u017eitou roli p\u0159itom sehr\u00e1v\u00e1 i mas\u00e1\u017e j\u00f3ni, kter\u00e1 stimuluje srde\u010dn\u00ed, sakr\u00e1ln\u00ed a ko\u0159enovou \u010dakru a kter\u00e1 je uv\u00e1d\u00ed do souladu.    Tantrick\u00e1 J\u00d3NI j\u00f3ga je pro tebe tou spr\u00e1vnou knihou, \u2022 jestli\u017ee nejsi spokojena se sv\u00fdmi dosavadn\u00edmi sexu\u00e1ln\u00edmi zku\u0161enostmi, \u2022 jestli\u017ee chce\u0161 v\u011bd\u011bt, zda ti rozko\u0161 a smyslnost dok\u00e1\u017eou nab\u00eddnout \u0161anci zach\u00e1zet pozorn\u011bji a intenzivn\u011bji sama se sebou i se sv\u00fdm partnerem a dos\u00e1hnout sama \u010di ve dvojici vrcholu ext\u00e1ze,  \u2022 kdy\u017e dosp\u011bje\u0161 k pozn\u00e1n\u00ed, \u017ee sex nesm\u00ed v\u00e9st ke stresu a \u017ee se nejedn\u00e1 o v\u00fdkonnostn\u00ed sport, ale naopak by m\u011bl b\u00fdt uspokojuj\u00edc\u00edm a uvoln\u011bn\u00fdm z\u00e1\u017eitkem, \u2022 kdy\u017e bude\u0161 cht\u00edt pro\u017e\u00edt naplno spiritu\u00e1ln\u00ed s\u00edlu a kr\u00e1su \u017eensk\u00e9 existence, \u2022 jestli\u017ee se chce\u0161 nau\u010dit p\u0159ij\u00edmat sebe samotnou bez jak\u00fdchkoliv podm\u00ednek, \u2022 jestli\u017ee chce\u0161 objevovat sv\u00e9 t\u011blo jako kosmick\u00fd chr\u00e1m energie a radosti ze \u017eivota.<\/p>\n","protected":false},"excerpt":{"rendered":"<p>Objevujeme spiritu\u00e1ln\u00ed dimenzi \u017eensk\u00e9 sexuality. Na anatomick\u00e9 \u00farovni ozna\u010duje sanskrtsk\u00fd pojem \u00bbj\u00f3ni\u00ab zevn\u00ed i vnit\u0159n\u00ed \u017eensk\u00e9 pohlavn\u00ed org\u00e1ny. V \u0161ir\u0161\u00edm smyslu p\u0159edstavuje \u00bbj\u00f3ni\u00ab p\u0159edev\u0161\u00edm spiritu\u00e1ln\u00ed tajemstv\u00ed souvisej\u00edc\u00ed se sexu\u00e1ln\u00ed energi\u00ed [&hellip;]<\/p>\n","protected":false},"featured_media":0,"comment_status":"closed","ping_status":"open","template":"","meta":{"_acf_changed":false,"_monsterinsights_skip_tracking":false,"_monsterinsights_sitenote_active":false,"_monsterinsights_sitenote_note":"","_monsterinsights_sitenote_category":0,"_EventAllDay":false,"_EventTimezone":"","_EventStartDate":"","_EventEndDate":"","_EventStartDateUTC":"","_EventEndDateUTC":"","_EventShowMap":false,"_EventShowMapLink":false,"_EventURL":"","_EventCost":"","_EventCostDescription":"","_EventCurrencySymbol":"","_EventCurrencyCode":"","_EventCurrencyPosition":"","_EventDateTimeSeparator":"","_EventTimeRangeSeparator":"","_EventOrganizerID":[],"_EventVenueID":[],"_OrganizerEmail":"","_OrganizerPhone":"","_OrganizerWebsite":"","_VenueAddress":"","_VenueCity":"","_VenueCountry":"","_VenueProvince":"","_VenueState":"","_VenueZip":"","_VenuePhone":"","_VenueURL":"","_VenueStateProvince":"","_VenueLat":"","_VenueLng":"","_VenueShowMap":false,"_VenueShowMapLink":false,"twitterCardType":"","cardImageID":0,"cardImage":"","cardTitle":"","cardDesc":"","cardImageAlt":"","cardPlayer":"","cardPlayerWidth":0,"cardPlayerHeight":0,"cardPlayerStream":"","cardPlayerCodec":""},"product_cat":[],"product_tag":[],"class_list":["post-120168","product","type-product","status-publish","hentry"],"acf":{"description":"Objevujeme spiritu\u00e1ln\u00ed dimenzi \u017eensk\u00e9 sexuality. Na anatomick\u00e9 \u00farovni ozna\u010duje sanskrtsk\u00fd pojem \u00bbj\u00f3ni\u00ab zevn\u00ed i vnit\u0159n\u00ed \u017eensk\u00e9 pohlavn\u00ed org\u00e1ny. V \u0161ir\u0161\u00edm smyslu p\u0159edstavuje \u00bbj\u00f3ni\u00ab p\u0159edev\u0161\u00edm spiritu\u00e1ln\u00ed tajemstv\u00ed souvisej\u00edc\u00ed se sexu\u00e1ln\u00ed energi\u00ed \u017eeny, s p\u0159ij\u00edmaj\u00edc\u00ed silou, ob\u011btavost\u00ed, pot\u011b\u0161en\u00edm, rozko\u0161\u00ed a l\u00e1skou. S pomoc\u00ed meditac\u00ed a cvi\u010den\u00ed, c\u00edlen\u00e9ho pou\u017e\u00edv\u00e1n\u00ed muder a praxe j\u00f3ni-j\u00f3gy lze odhalovat prvotn\u00ed \u017eenskou s\u00edlu a rozv\u00edjet ji. D\u016fle\u017eitou roli p\u0159itom sehr\u00e1v\u00e1 i mas\u00e1\u017e j\u00f3ni, kter\u00e1 stimuluje srde\u010dn\u00ed, sakr\u00e1ln\u00ed a ko\u0159enovou \u010dakru a kter\u00e1 je uv\u00e1d\u00ed do souladu.    Tantrick\u00e1 J\u00d3NI j\u00f3ga je pro tebe tou spr\u00e1vnou knihou, \u2022 jestli\u017ee nejsi spokojena se sv\u00fdmi dosavadn\u00edmi sexu\u00e1ln\u00edmi zku\u0161enostmi, \u2022 jestli\u017ee chce\u0161 v\u011bd\u011bt, zda ti rozko\u0161 a smyslnost dok\u00e1\u017eou nab\u00eddnout \u0161anci zach\u00e1zet pozorn\u011bji a intenzivn\u011bji sama se sebou i se sv\u00fdm partnerem a dos\u00e1hnout sama \u010di ve dvojici vrcholu ext\u00e1ze,  \u2022 kdy\u017e dosp\u011bje\u0161 k pozn\u00e1n\u00ed, \u017ee sex nesm\u00ed v\u00e9st ke stresu a \u017ee se nejedn\u00e1 o v\u00fdkonnostn\u00ed sport, ale naopak by m\u011bl b\u00fdt uspokojuj\u00edc\u00edm a uvoln\u011bn\u00fdm z\u00e1\u017eitkem, \u2022 kdy\u017e bude\u0161 cht\u00edt pro\u017e\u00edt naplno spiritu\u00e1ln\u00ed s\u00edlu a kr\u00e1su \u017eensk\u00e9 existence, \u2022 jestli\u017ee se chce\u0161 nau\u010dit p\u0159ij\u00edmat sebe samotnou bez jak\u00fdchkoliv podm\u00ednek, \u2022 jestli\u017ee chce\u0161 objevovat sv\u00e9 t\u011blo jako kosmick\u00fd chr\u00e1m energie a radosti ze \u017eivota.","item_id":"LX1772603","productname":"Tantrick\u00e1 j\u00f3ny j\u00f3ga - Spiritu\u00e1ln\u00ed cvi\u010den\u00ed pro \u017eeny","product":"Tantrick\u00e1 j\u00f3ny j\u00f3ga - Spiritu\u00e1ln\u00ed cvi\u010den\u00ed pro \u017eeny","url":"https:\/\/www.luxor.cz\/v\/1772603\/tantricka-jony-joga","imgurl":"https:\/\/img.luxor.cz\/orig\/produkty\/9788073369750.jpg","price_vat":"356.00","margin":"","vat":"","paramname1":"","paramval1":"","paramname2":"","paramval2":"","paramname3":"","paramval3":"","paramname4":"","paramval4":"","paramname5":"","paramval5":"","paramname6":"","paramval6":"","paramname7":"","paramval7":"","paramname8":"","paramval8":"","paramname9":"","paramval9":"","paramname10":"","paramval10":"","ean":"9788073369750","manufacturer":"Fontana","categorytext":""},"_links":{"self":[{"href":"https:\/\/www.luxor.cz\/blog\/wp-json\/wp\/v2\/product\/120168","targetHints":{"allow":["GET"]}}],"collection":[{"href":"https:\/\/www.luxor.cz\/blog\/wp-json\/wp\/v2\/product"}],"about":[{"href":"https:\/\/www.luxor.cz\/blog\/wp-json\/wp\/v2\/types\/product"}],"replies":[{"embeddable":true,"href":"https:\/\/www.luxor.cz\/blog\/wp-json\/wp\/v2\/comments?post=120168"}],"wp:attachment":[{"href":"https:\/\/www.luxor.cz\/blog\/wp-json\/wp\/v2\/media?parent=120168"}],"wp:term":[{"taxonomy":"product_cat","embeddable":true,"href":"https:\/\/www.luxor.cz\/blog\/wp-json\/wp\/v2\/product_cat?post=120168"},{"taxonomy":"product_tag","embeddable":true,"href":"https:\/\/www.luxor.cz\/blog\/wp-json\/wp\/v2\/product_tag?post=120168"}],"curies":[{"name":"wp","href":"https:\/\/api.w.org\/{rel}","templated":true}]}}