{"id":118755,"date":"2023-08-14T22:18:28","date_gmt":"2023-08-14T20:18:28","guid":{"rendered":"https:\/\/www.luxor.cz\/blog\/produkt\/moudrost-psychopatu-svati-spioni-a-seriovi-vrazi\/"},"modified":"2023-08-14T22:18:29","modified_gmt":"2023-08-14T20:18:29","slug":"moudrost-psychopatu-svati-spioni-a-seriovi-vrazi","status":"publish","type":"product","link":"https:\/\/www.luxor.cz\/blog\/produkt\/moudrost-psychopatu-svati-spioni-a-seriovi-vrazi\/","title":{"rendered":"Moudrost psychopat\u016f &#8211; Svat\u00ed, \u0161pioni a s\u00e9riov\u00ed vrazi"},"content":{"rendered":"<p>Na sv\u00e9 strhuj\u00edc\u00ed cest\u011b do \u017eivota psychopat\u016f a jejich vychytral\u00e9ho chov\u00e1n\u00ed zn\u00e1m\u00fd oxfordsk\u00fd psycholog Kevin Dutton odhaluje existenci stupnice \u201e\u0161\u00edlenstv\u00ed\u201c, na n\u00ed\u017e m\u00e1 sv\u00e9 m\u00edsto ka\u017ed\u00fd z n\u00e1s. S pomoc\u00ed nejnov\u011bj\u0161\u00edch metod zobrazov\u00e1n\u00ed mozku a rozv\u00edjej\u00edc\u00edch se neurov\u011bd ukazuje, \u017ee brilantn\u00ed neurochirurg, postr\u00e1daj\u00edc\u00ed empatii, m\u00e1 se s\u00e9riov\u00fdm vrahem, jen\u017e zab\u00edj\u00ed pro pot\u011bchu, spole\u010dn\u00e9ho v\u00edc, ne\u017e bychom si cht\u011bli p\u0159ipustit, a \u017ee lupi\u010d na spo\u0159e osv\u011btlen\u00e9m parkovi\u0161ti m\u016f\u017ee b\u00fdt stejn\u011b ledov\u011b klidn\u00fd jako ten nej\u00fasp\u011b\u0161n\u011bj\u0161\u00ed podnikatel.<br \/>\nKdy\u017e autor rozv\u00edj\u00ed svou teorii, \u017ee psychopatick\u00e9 sklony m\u00e1 v ur\u010dit\u00e9 m\u00ed\u0159e ka\u017ed\u00fd, doch\u00e1z\u00ed k n\u00e1zoru, \u017ee spole\u010dnost jako celek je dnes psychopati\u010dt\u011bj\u0161\u00ed ne\u017e kdy p\u0159edt\u00edm. Koneckonc\u016f, psychopati b\u00fdvaj\u00ed neboj\u00e1cn\u00ed, sebev\u011bdom\u00ed, okouzluj\u00edc\u00ed, bezohledn\u00ed a soust\u0159ed\u011bn\u00ed na c\u00edl \u2013 co\u017e jsou vlastnosti jak \u0161it\u00e9 na m\u00edru \u00fasp\u011bchu v 21. stolet\u00ed. Moudrost psychopat\u016f, provokativn\u00ed po v\u0161ech str\u00e1nk\u00e1ch, je vzru\u0161uj\u00edc\u00ed dobrodru\u017estv\u00ed, je\u017e odkr\u00fdv\u00e1, \u017ee pr\u00e1v\u011b na\u0161e zavrhovan\u00e9 temn\u00e9 str\u00e1nky \u010dasto ukr\u00fdvaj\u00ed trumfy \u00fasp\u011b\u0161nosti.<br \/>\nProf. Kevin Dutton je v\u00fdzkumn\u00fd psycholog v Calleva Research Centre for Evolution and Human Sciences na Magdalen College p\u0159i Oxfordsk\u00e9 univerzit\u011b. Je \u010dlenem Kr\u00e1lovsk\u00e9 l\u00e9ka\u0159sk\u00e9 spole\u010dnosti a Spole\u010dnosti pro v\u011bdeck\u00e9 studium psychopatie. \u010cesky vy\u0161la t\u00e9\u017e jeho kniha Psychopat\u016fv pr\u016fvodce na cest\u011b k \u00fasp\u011bchu.<\/p>\n","protected":false},"excerpt":{"rendered":"<p>Na sv\u00e9 strhuj\u00edc\u00ed cest\u011b do \u017eivota psychopat\u016f a jejich vychytral\u00e9ho chov\u00e1n\u00ed zn\u00e1m\u00fd oxfordsk\u00fd psycholog Kevin Dutton odhaluje existenci stupnice \u201e\u0161\u00edlenstv\u00ed\u201c, na n\u00ed\u017e m\u00e1 sv\u00e9 m\u00edsto ka\u017ed\u00fd z n\u00e1s. S pomoc\u00ed [&hellip;]<\/p>\n","protected":false},"featured_media":0,"comment_status":"closed","ping_status":"open","template":"","meta":{"_acf_changed":false,"_monsterinsights_skip_tracking":false,"_monsterinsights_sitenote_active":false,"_monsterinsights_sitenote_note":"","_monsterinsights_sitenote_category":0,"_EventAllDay":false,"_EventTimezone":"","_EventStartDate":"","_EventEndDate":"","_EventStartDateUTC":"","_EventEndDateUTC":"","_EventShowMap":false,"_EventShowMapLink":false,"_EventURL":"","_EventCost":"","_EventCostDescription":"","_EventCurrencySymbol":"","_EventCurrencyCode":"","_EventCurrencyPosition":"","_EventDateTimeSeparator":"","_EventTimeRangeSeparator":"","_EventOrganizerID":[],"_EventVenueID":[],"_OrganizerEmail":"","_OrganizerPhone":"","_OrganizerWebsite":"","_VenueAddress":"","_VenueCity":"","_VenueCountry":"","_VenueProvince":"","_VenueState":"","_VenueZip":"","_VenuePhone":"","_VenueURL":"","_VenueStateProvince":"","_VenueLat":"","_VenueLng":"","_VenueShowMap":false,"_VenueShowMapLink":false,"twitterCardType":"","cardImageID":0,"cardImage":"","cardTitle":"","cardDesc":"","cardImageAlt":"","cardPlayer":"","cardPlayerWidth":0,"cardPlayerHeight":0,"cardPlayerStream":"","cardPlayerCodec":""},"product_cat":[],"product_tag":[],"class_list":["post-118755","product","type-product","status-publish","hentry"],"acf":{"description":"Na sv\u00e9 strhuj\u00edc\u00ed cest\u011b do \u017eivota psychopat\u016f a jejich vychytral\u00e9ho chov\u00e1n\u00ed zn\u00e1m\u00fd oxfordsk\u00fd psycholog Kevin Dutton odhaluje existenci stupnice \u201e\u0161\u00edlenstv\u00ed\u201c, na n\u00ed\u017e m\u00e1 sv\u00e9 m\u00edsto ka\u017ed\u00fd z n\u00e1s. S pomoc\u00ed nejnov\u011bj\u0161\u00edch metod zobrazov\u00e1n\u00ed mozku a rozv\u00edjej\u00edc\u00edch se neurov\u011bd ukazuje, \u017ee brilantn\u00ed neurochirurg, postr\u00e1daj\u00edc\u00ed empatii, m\u00e1 se s\u00e9riov\u00fdm vrahem, jen\u017e zab\u00edj\u00ed pro pot\u011bchu, spole\u010dn\u00e9ho v\u00edc, ne\u017e bychom si cht\u011bli p\u0159ipustit, a \u017ee lupi\u010d na spo\u0159e osv\u011btlen\u00e9m parkovi\u0161ti m\u016f\u017ee b\u00fdt stejn\u011b ledov\u011b klidn\u00fd jako ten nej\u00fasp\u011b\u0161n\u011bj\u0161\u00ed podnikatel.\nKdy\u017e autor rozv\u00edj\u00ed svou teorii, \u017ee psychopatick\u00e9 sklony m\u00e1 v ur\u010dit\u00e9 m\u00ed\u0159e ka\u017ed\u00fd, doch\u00e1z\u00ed k n\u00e1zoru, \u017ee spole\u010dnost jako celek je dnes psychopati\u010dt\u011bj\u0161\u00ed ne\u017e kdy p\u0159edt\u00edm. Koneckonc\u016f, psychopati b\u00fdvaj\u00ed neboj\u00e1cn\u00ed, sebev\u011bdom\u00ed, okouzluj\u00edc\u00ed, bezohledn\u00ed a soust\u0159ed\u011bn\u00ed na c\u00edl \u2013 co\u017e jsou vlastnosti jak \u0161it\u00e9 na m\u00edru \u00fasp\u011bchu v 21. stolet\u00ed. Moudrost psychopat\u016f, provokativn\u00ed po v\u0161ech str\u00e1nk\u00e1ch, je vzru\u0161uj\u00edc\u00ed dobrodru\u017estv\u00ed, je\u017e odkr\u00fdv\u00e1, \u017ee pr\u00e1v\u011b na\u0161e zavrhovan\u00e9 temn\u00e9 str\u00e1nky \u010dasto ukr\u00fdvaj\u00ed trumfy \u00fasp\u011b\u0161nosti.\nProf. Kevin Dutton je v\u00fdzkumn\u00fd psycholog v Calleva Research Centre for Evolution and Human Sciences na Magdalen College p\u0159i Oxfordsk\u00e9 univerzit\u011b. Je \u010dlenem Kr\u00e1lovsk\u00e9 l\u00e9ka\u0159sk\u00e9 spole\u010dnosti a Spole\u010dnosti pro v\u011bdeck\u00e9 studium psychopatie. \u010cesky vy\u0161la t\u00e9\u017e jeho kniha Psychopat\u016fv pr\u016fvodce na cest\u011b k \u00fasp\u011bchu.","item_id":"LX1761483","productname":"Moudrost psychopat\u016f - Svat\u00ed, \u0161pioni a s\u00e9riov\u00ed vrazi","product":"Moudrost psychopat\u016f - Svat\u00ed, \u0161pioni a s\u00e9riov\u00ed vrazi","url":"https:\/\/www.luxor.cz\/v\/1761483\/moudrost-psychopatu-svati-spioni-a-seriovi-vrazi","imgurl":"https:\/\/img.luxor.cz\/orig\/produkty\/9788026214625.jpg","price_vat":"402.00","margin":"","vat":"","paramname1":"","paramval1":"","paramname2":"","paramval2":"","paramname3":"","paramval3":"","paramname4":"","paramval4":"","paramname5":"","paramval5":"","paramname6":"","paramval6":"","paramname7":"","paramval7":"","paramname8":"","paramval8":"","paramname9":"","paramval9":"","paramname10":"","paramval10":"","ean":"9788026214625","manufacturer":"Port\u00e1l","categorytext":""},"_links":{"self":[{"href":"https:\/\/www.luxor.cz\/blog\/wp-json\/wp\/v2\/product\/118755","targetHints":{"allow":["GET"]}}],"collection":[{"href":"https:\/\/www.luxor.cz\/blog\/wp-json\/wp\/v2\/product"}],"about":[{"href":"https:\/\/www.luxor.cz\/blog\/wp-json\/wp\/v2\/types\/product"}],"replies":[{"embeddable":true,"href":"https:\/\/www.luxor.cz\/blog\/wp-json\/wp\/v2\/comments?post=118755"}],"wp:attachment":[{"href":"https:\/\/www.luxor.cz\/blog\/wp-json\/wp\/v2\/media?parent=118755"}],"wp:term":[{"taxonomy":"product_cat","embeddable":true,"href":"https:\/\/www.luxor.cz\/blog\/wp-json\/wp\/v2\/product_cat?post=118755"},{"taxonomy":"product_tag","embeddable":true,"href":"https:\/\/www.luxor.cz\/blog\/wp-json\/wp\/v2\/product_tag?post=118755"}],"curies":[{"name":"wp","href":"https:\/\/api.w.org\/{rel}","templated":true}]}}