{"id":118714,"date":"2023-08-14T22:18:03","date_gmt":"2023-08-14T20:18:03","guid":{"rendered":"https:\/\/www.luxor.cz\/blog\/produkt\/microsoft-excel-2016-podrobna-uzivatelska-prirucka\/"},"modified":"2023-08-14T22:18:03","modified_gmt":"2023-08-14T20:18:03","slug":"microsoft-excel-2016-podrobna-uzivatelska-prirucka","status":"publish","type":"product","link":"https:\/\/www.luxor.cz\/blog\/produkt\/microsoft-excel-2016-podrobna-uzivatelska-prirucka\/","title":{"rendered":"Microsoft Excel 2016 Podrobn\u00e1 u\u017eivatelsk\u00e1 p\u0159\u00edru\u010dka"},"content":{"rendered":"<p>Pracujete s Excelem v profesn\u00edm \u010di osobn\u00edm \u017eivot\u011b? Za\u010d\u00edn\u00e1te, nebo se ji\u017e \u0159ad\u00edte k pokro\u010dil\u00fdm u\u017eivatel\u016fm Excelu? Chcete se nau\u010dit ovl\u00e1dat Excel v\u010detn\u011b nov\u00fdch funkc\u00ed a um\u011bt vytv\u00e1\u0159et p\u016fsobiv\u00e9 tabulky a grafy? Podrobn\u00e1 u\u017eivatelsk\u00e1 p\u0159\u00edru\u010dka k Excelu z pera zku\u0161en\u00fdch \u010desk\u00fdch autor\u016f v\u00e1m novou verzi tohoto produktu p\u0159edstav\u00ed od A do Z. P\u0159ehledn\u011b strukturovan\u00fd v\u00fdklad se m\u00edsto such\u00e9ho popisu u\u017eivatelsk\u00e9ho prost\u0159ed\u00ed zam\u011b\u0159uje na konkr\u00e9tn\u00ed \u010dinnosti, p\u0159\u00edklady z praxe a dosa\u017een\u00ed hmatateln\u00fdch v\u00fdsledk\u016f. V\u00fdklad d\u00e1le dopl\u0148uje mno\u017estv\u00ed tip\u016f, ilustrativn\u00edch obr\u00e1zk\u016f, upozorn\u011bn\u00ed na mo\u017en\u00e1 \u00faskal\u00ed a p\u0159ehled u\u017eite\u010dn\u00fdch kl\u00e1vesov\u00fdch zkratek. Knihu lze pou\u017e\u00edvat tak\u00e9 jako u\u010debnici Excelu pro z\u00e1kladn\u00ed, st\u0159edn\u00ed a vysok\u00e9 \u0161koly a m\u016f\u017ee b\u00fdt vhodn\u00fdm studijn\u00edm materi\u00e1lem pro \u0161kolic\u00ed st\u0159ediska. Publikace se mimo jin\u00e9 v\u011bnuje t\u011bmto t\u00e9mat\u016fm: &#8211; \u00daprava a p\u0159izp\u016fsoben\u00ed pracovn\u00edho prost\u0159ed\u00ed Excelu &#8211; Form\u00e1tov\u00e1n\u00ed bun\u011bk, hodnot, vyu\u017e\u00edv\u00e1n\u00ed motiv\u016f a styl\u016f &#8211; Relativn\u00ed, absolutn\u00ed a sm\u00ed\u0161en\u00e1 adresace ve vzorc\u00edch &#8211; Tvorba graf\u016f, jejich \u00fapravy a form\u00e1tov\u00e1n\u00ed &#8211; Anal\u00fdza dat pomoc\u00ed n\u00e1stroj\u016f \u0159e\u0161itel, sc\u00e9n\u00e1\u0159e a citlivostn\u00ed anal\u00fdza &#8211; \u0158azen\u00ed, vyhled\u00e1v\u00e1n\u00ed a filtrov\u00e1n\u00ed dat &#8211; Vyu\u017eit\u00ed kontingen\u010dn\u00edch tabulek a graf\u016f &#8211; Pr\u00e1ce s makry a jazykem VBA &#8211; Sledov\u00e1n\u00ed zm\u011bn a spolupr\u00e1ce u\u017eivatel\u016f &#8211; Knihy z edice Podrobn\u00e1 u\u017eivatelsk\u00e1 p\u0159\u00edru\u010dka ji\u017e pomohly v\u00edce ne\u017e sto tis\u00edc\u016fm \u010desk\u00fdch \u010dten\u00e1\u0159\u016f. O autorech: Ji\u0159\u00ed Barilla pracuje jako vysoko\u0161kolsk\u00fd u\u010ditel na Kated\u0159e informatiky P\u0159\u00edrodov\u011bdeck\u00e9 fakulty UJEP. Je autorem a spoluautorem knih, skript a \u0159ady odborn\u00fdch \u010dl\u00e1nk\u016f o Excelu. Prov\u00e1d\u00ed \u0161kolen\u00ed Excelu a poskytuje odborn\u00e9 konzultace. Pavel Simr, spoluautor n\u011bkolika knih, skript a odborn\u00fdch \u010dl\u00e1nk\u016f, se zam\u011b\u0159uje na spr\u00e1vu po\u010d\u00edta\u010dov\u00fdch s\u00edt\u00ed, modern\u00ed aplika\u010dn\u00ed programy a opera\u010dn\u00ed syst\u00e9my. Je mana\u017eerem st\u0159ediska ECDL P\u0159\u00edrodov\u011bdeck\u00e9 fakulty UJEP, akreditovan\u00fdm testerem ECDL a instruktorem CCNA. Kv\u011btu\u0161e S\u00fdkorov\u00e1, od\u00adbor\u00adn\u00e1 asistentka na Kated\u0159e informatiky P\u0159\u00edrodov\u011bdeck\u00e9 fakulty UJEP, je spoluautorkou \u0159ady skript a odborn\u00fdch \u010dl\u00e1nk\u016f a akreditovanou testerkou ECDL. Pracuje n\u011bkolik let jako lektorka kurz\u016f produkt\u016f Microsoft.<\/p>\n","protected":false},"excerpt":{"rendered":"<p>Pracujete s Excelem v profesn\u00edm \u010di osobn\u00edm \u017eivot\u011b? Za\u010d\u00edn\u00e1te, nebo se ji\u017e \u0159ad\u00edte k pokro\u010dil\u00fdm u\u017eivatel\u016fm Excelu? Chcete se nau\u010dit ovl\u00e1dat Excel v\u010detn\u011b nov\u00fdch funkc\u00ed a um\u011bt vytv\u00e1\u0159et p\u016fsobiv\u00e9 tabulky [&hellip;]<\/p>\n","protected":false},"featured_media":0,"comment_status":"closed","ping_status":"open","template":"","meta":{"_acf_changed":false,"_monsterinsights_skip_tracking":false,"_monsterinsights_sitenote_active":false,"_monsterinsights_sitenote_note":"","_monsterinsights_sitenote_category":0,"_EventAllDay":false,"_EventTimezone":"","_EventStartDate":"","_EventEndDate":"","_EventStartDateUTC":"","_EventEndDateUTC":"","_EventShowMap":false,"_EventShowMapLink":false,"_EventURL":"","_EventCost":"","_EventCostDescription":"","_EventCurrencySymbol":"","_EventCurrencyCode":"","_EventCurrencyPosition":"","_EventDateTimeSeparator":"","_EventTimeRangeSeparator":"","_EventOrganizerID":[],"_EventVenueID":[],"_OrganizerEmail":"","_OrganizerPhone":"","_OrganizerWebsite":"","_VenueAddress":"","_VenueCity":"","_VenueCountry":"","_VenueProvince":"","_VenueState":"","_VenueZip":"","_VenuePhone":"","_VenueURL":"","_VenueStateProvince":"","_VenueLat":"","_VenueLng":"","_VenueShowMap":false,"_VenueShowMapLink":false,"twitterCardType":"","cardImageID":0,"cardImage":"","cardTitle":"","cardDesc":"","cardImageAlt":"","cardPlayer":"","cardPlayerWidth":0,"cardPlayerHeight":0,"cardPlayerStream":"","cardPlayerCodec":""},"product_cat":[],"product_tag":[],"class_list":["post-118714","product","type-product","status-publish","hentry"],"acf":{"description":"Pracujete s Excelem v profesn\u00edm \u010di osobn\u00edm \u017eivot\u011b? Za\u010d\u00edn\u00e1te, nebo se ji\u017e \u0159ad\u00edte k pokro\u010dil\u00fdm u\u017eivatel\u016fm Excelu? Chcete se nau\u010dit ovl\u00e1dat Excel v\u010detn\u011b nov\u00fdch funkc\u00ed a um\u011bt vytv\u00e1\u0159et p\u016fsobiv\u00e9 tabulky a grafy? Podrobn\u00e1 u\u017eivatelsk\u00e1 p\u0159\u00edru\u010dka k Excelu z pera zku\u0161en\u00fdch \u010desk\u00fdch autor\u016f v\u00e1m novou verzi tohoto produktu p\u0159edstav\u00ed od A do Z. P\u0159ehledn\u011b strukturovan\u00fd v\u00fdklad se m\u00edsto such\u00e9ho popisu u\u017eivatelsk\u00e9ho prost\u0159ed\u00ed zam\u011b\u0159uje na konkr\u00e9tn\u00ed \u010dinnosti, p\u0159\u00edklady z praxe a dosa\u017een\u00ed hmatateln\u00fdch v\u00fdsledk\u016f. V\u00fdklad d\u00e1le dopl\u0148uje mno\u017estv\u00ed tip\u016f, ilustrativn\u00edch obr\u00e1zk\u016f, upozorn\u011bn\u00ed na mo\u017en\u00e1 \u00faskal\u00ed a p\u0159ehled u\u017eite\u010dn\u00fdch kl\u00e1vesov\u00fdch zkratek. Knihu lze pou\u017e\u00edvat tak\u00e9 jako u\u010debnici Excelu pro z\u00e1kladn\u00ed, st\u0159edn\u00ed a vysok\u00e9 \u0161koly a m\u016f\u017ee b\u00fdt vhodn\u00fdm studijn\u00edm materi\u00e1lem pro \u0161kolic\u00ed st\u0159ediska. Publikace se mimo jin\u00e9 v\u011bnuje t\u011bmto t\u00e9mat\u016fm: - \u00daprava a p\u0159izp\u016fsoben\u00ed pracovn\u00edho prost\u0159ed\u00ed Excelu - Form\u00e1tov\u00e1n\u00ed bun\u011bk, hodnot, vyu\u017e\u00edv\u00e1n\u00ed motiv\u016f a styl\u016f - Relativn\u00ed, absolutn\u00ed a sm\u00ed\u0161en\u00e1 adresace ve vzorc\u00edch - Tvorba graf\u016f, jejich \u00fapravy a form\u00e1tov\u00e1n\u00ed - Anal\u00fdza dat pomoc\u00ed n\u00e1stroj\u016f \u0159e\u0161itel, sc\u00e9n\u00e1\u0159e a citlivostn\u00ed anal\u00fdza - \u0158azen\u00ed, vyhled\u00e1v\u00e1n\u00ed a filtrov\u00e1n\u00ed dat - Vyu\u017eit\u00ed kontingen\u010dn\u00edch tabulek a graf\u016f - Pr\u00e1ce s makry a jazykem VBA - Sledov\u00e1n\u00ed zm\u011bn a spolupr\u00e1ce u\u017eivatel\u016f - Knihy z edice Podrobn\u00e1 u\u017eivatelsk\u00e1 p\u0159\u00edru\u010dka ji\u017e pomohly v\u00edce ne\u017e sto tis\u00edc\u016fm \u010desk\u00fdch \u010dten\u00e1\u0159\u016f. O autorech: Ji\u0159\u00ed Barilla pracuje jako vysoko\u0161kolsk\u00fd u\u010ditel na Kated\u0159e informatiky P\u0159\u00edrodov\u011bdeck\u00e9 fakulty UJEP. Je autorem a spoluautorem knih, skript a \u0159ady odborn\u00fdch \u010dl\u00e1nk\u016f o Excelu. Prov\u00e1d\u00ed \u0161kolen\u00ed Excelu a poskytuje odborn\u00e9 konzultace. Pavel Simr, spoluautor n\u011bkolika knih, skript a odborn\u00fdch \u010dl\u00e1nk\u016f, se zam\u011b\u0159uje na spr\u00e1vu po\u010d\u00edta\u010dov\u00fdch s\u00edt\u00ed, modern\u00ed aplika\u010dn\u00ed programy a opera\u010dn\u00ed syst\u00e9my. Je mana\u017eerem st\u0159ediska ECDL P\u0159\u00edrodov\u011bdeck\u00e9 fakulty UJEP, akreditovan\u00fdm testerem ECDL a instruktorem CCNA. Kv\u011btu\u0161e S\u00fdkorov\u00e1, od\u00adbor\u00adn\u00e1 asistentka na Kated\u0159e informatiky P\u0159\u00edrodov\u011bdeck\u00e9 fakulty UJEP, je spoluautorkou \u0159ady skript a odborn\u00fdch \u010dl\u00e1nk\u016f a akreditovanou testerkou ECDL. Pracuje n\u011bkolik let jako lektorka kurz\u016f produkt\u016f Microsoft.","item_id":"LX1767057","productname":"Microsoft Excel 2016 Podrobn\u00e1 u\u017eivatelsk\u00e1 p\u0159\u00edru\u010dka","product":"Microsoft Excel 2016 Podrobn\u00e1 u\u017eivatelsk\u00e1 p\u0159\u00edru\u010dka","url":"https:\/\/www.luxor.cz\/v\/1767057\/microsoft-excel-2016-podrobna-uzivatelska-prirucka","imgurl":"https:\/\/img.luxor.cz\/orig\/produkty\/9788025148389.jpg","price_vat":"449.00","margin":"","vat":"","paramname1":"","paramval1":"","paramname2":"","paramval2":"","paramname3":"","paramval3":"","paramname4":"","paramval4":"","paramname5":"","paramval5":"","paramname6":"","paramval6":"","paramname7":"","paramval7":"","paramname8":"","paramval8":"","paramname9":"","paramval9":"","paramname10":"","paramval10":"","ean":"9788025148389","manufacturer":"Computer Press","categorytext":""},"_links":{"self":[{"href":"https:\/\/www.luxor.cz\/blog\/wp-json\/wp\/v2\/product\/118714","targetHints":{"allow":["GET"]}}],"collection":[{"href":"https:\/\/www.luxor.cz\/blog\/wp-json\/wp\/v2\/product"}],"about":[{"href":"https:\/\/www.luxor.cz\/blog\/wp-json\/wp\/v2\/types\/product"}],"replies":[{"embeddable":true,"href":"https:\/\/www.luxor.cz\/blog\/wp-json\/wp\/v2\/comments?post=118714"}],"wp:attachment":[{"href":"https:\/\/www.luxor.cz\/blog\/wp-json\/wp\/v2\/media?parent=118714"}],"wp:term":[{"taxonomy":"product_cat","embeddable":true,"href":"https:\/\/www.luxor.cz\/blog\/wp-json\/wp\/v2\/product_cat?post=118714"},{"taxonomy":"product_tag","embeddable":true,"href":"https:\/\/www.luxor.cz\/blog\/wp-json\/wp\/v2\/product_tag?post=118714"}],"curies":[{"name":"wp","href":"https:\/\/api.w.org\/{rel}","templated":true}]}}