{"id":118675,"date":"2023-08-14T22:17:38","date_gmt":"2023-08-14T20:17:38","guid":{"rendered":"https:\/\/www.luxor.cz\/blog\/produkt\/konzervacni-zubni-lekarstvi\/"},"modified":"2023-08-14T22:17:38","modified_gmt":"2023-08-14T20:17:38","slug":"konzervacni-zubni-lekarstvi","status":"publish","type":"product","link":"https:\/\/www.luxor.cz\/blog\/produkt\/konzervacni-zubni-lekarstvi\/","title":{"rendered":"Konzerva\u010dn\u00ed zubn\u00ed l\u00e9ka\u0159stv\u00ed"},"content":{"rendered":"<p>Autorsk\u00fd kolektiv ze v\u0161ech na\u0161ich l\u00e9ka\u0159sk\u00fdch fakult p\u0159edstavuje ji\u017e druh\u00e9 vyd\u00e1n\u00ed \u00fasp\u011b\u0161n\u00e9 \u010desk\u00e9 u\u010debnice konzerva\u010dn\u00ed stomatologie. P\u0159ehlednou a stru\u010dnou formou, dopln\u011bnou obrazovou dokumentac\u00ed, kniha nab\u00edz\u00ed srozumiteln\u00fd a ucelen\u00fd pohled na z\u00e1chovn\u00e9 zubn\u00ed l\u00e9ka\u0159stv\u00ed sou\u010dasnosti. Auto\u0159i \u010derpali p\u0159i p\u0159\u00edprav\u011b textu jak z vlastn\u00edch zku\u0161enost\u00ed, tak ze soudob\u00e9 sv\u011btov\u00e9 odborn\u00e9 literatury. Kniha obsahuje z\u00e1klady konzerva\u010dn\u00edho zubn\u00edho l\u00e9ka\u0159stv\u00ed, kter\u00e9 jsou prov\u011b\u0159eny mnohaletou klinickou prax\u00ed, i poznatky nov\u00e9, s teoretick\u00fdm zd\u016fvodn\u011bn\u00edm, vymezenou indikac\u00ed a popisem pracovn\u00edho postupu. P\u0159\u00edru\u010dka je rovn\u011b\u017e doporu\u010dena stomatolog\u016fm v praxi.<\/p>\n","protected":false},"excerpt":{"rendered":"<p>Autorsk\u00fd kolektiv ze v\u0161ech na\u0161ich l\u00e9ka\u0159sk\u00fdch fakult p\u0159edstavuje ji\u017e druh\u00e9 vyd\u00e1n\u00ed \u00fasp\u011b\u0161n\u00e9 \u010desk\u00e9 u\u010debnice konzerva\u010dn\u00ed stomatologie. P\u0159ehlednou a stru\u010dnou formou, dopln\u011bnou obrazovou dokumentac\u00ed, kniha nab\u00edz\u00ed srozumiteln\u00fd a ucelen\u00fd pohled na [&hellip;]<\/p>\n","protected":false},"featured_media":0,"comment_status":"closed","ping_status":"open","template":"","meta":{"_acf_changed":false,"_monsterinsights_skip_tracking":false,"_monsterinsights_sitenote_active":false,"_monsterinsights_sitenote_note":"","_monsterinsights_sitenote_category":0,"_EventAllDay":false,"_EventTimezone":"","_EventStartDate":"","_EventEndDate":"","_EventStartDateUTC":"","_EventEndDateUTC":"","_EventShowMap":false,"_EventShowMapLink":false,"_EventURL":"","_EventCost":"","_EventCostDescription":"","_EventCurrencySymbol":"","_EventCurrencyCode":"","_EventCurrencyPosition":"","_EventDateTimeSeparator":"","_EventTimeRangeSeparator":"","_EventOrganizerID":[],"_EventVenueID":[],"_OrganizerEmail":"","_OrganizerPhone":"","_OrganizerWebsite":"","_VenueAddress":"","_VenueCity":"","_VenueCountry":"","_VenueProvince":"","_VenueState":"","_VenueZip":"","_VenuePhone":"","_VenueURL":"","_VenueStateProvince":"","_VenueLat":"","_VenueLng":"","_VenueShowMap":false,"_VenueShowMapLink":false,"twitterCardType":"","cardImageID":0,"cardImage":"","cardTitle":"","cardDesc":"","cardImageAlt":"","cardPlayer":"","cardPlayerWidth":0,"cardPlayerHeight":0,"cardPlayerStream":"","cardPlayerCodec":""},"product_cat":[],"product_tag":[],"class_list":["post-118675","product","type-product","status-publish","hentry"],"acf":{"description":"Autorsk\u00fd kolektiv ze v\u0161ech na\u0161ich l\u00e9ka\u0159sk\u00fdch fakult p\u0159edstavuje ji\u017e druh\u00e9 vyd\u00e1n\u00ed \u00fasp\u011b\u0161n\u00e9 \u010desk\u00e9 u\u010debnice konzerva\u010dn\u00ed stomatologie. P\u0159ehlednou a stru\u010dnou formou, dopln\u011bnou obrazovou dokumentac\u00ed, kniha nab\u00edz\u00ed srozumiteln\u00fd a ucelen\u00fd pohled na z\u00e1chovn\u00e9 zubn\u00ed l\u00e9ka\u0159stv\u00ed sou\u010dasnosti. Auto\u0159i \u010derpali p\u0159i p\u0159\u00edprav\u011b textu jak z vlastn\u00edch zku\u0161enost\u00ed, tak ze soudob\u00e9 sv\u011btov\u00e9 odborn\u00e9 literatury. Kniha obsahuje z\u00e1klady konzerva\u010dn\u00edho zubn\u00edho l\u00e9ka\u0159stv\u00ed, kter\u00e9 jsou prov\u011b\u0159eny mnohaletou klinickou prax\u00ed, i poznatky nov\u00e9, s teoretick\u00fdm zd\u016fvodn\u011bn\u00edm, vymezenou indikac\u00ed a popisem pracovn\u00edho postupu. P\u0159\u00edru\u010dka je rovn\u011b\u017e doporu\u010dena stomatolog\u016fm v praxi.","item_id":"LX1768383","productname":"Konzerva\u010dn\u00ed zubn\u00ed l\u00e9ka\u0159stv\u00ed","product":"Konzerva\u010dn\u00ed zubn\u00ed l\u00e9ka\u0159stv\u00ed","url":"https:\/\/www.luxor.cz\/v\/1768383\/konzervacni-zubni-lekarstvi","imgurl":"https:\/\/img.luxor.cz\/orig\/produkty\/9788072625406.jpg","price_vat":"1075.00","margin":"","vat":"","paramname1":"","paramval1":"","paramname2":"","paramval2":"","paramname3":"","paramval3":"","paramname4":"","paramval4":"","paramname5":"","paramval5":"","paramname6":"","paramval6":"","paramname7":"","paramval7":"","paramname8":"","paramval8":"","paramname9":"","paramval9":"","paramname10":"","paramval10":"","ean":"9788072625406","manufacturer":"Gal\u00e9n","categorytext":""},"_links":{"self":[{"href":"https:\/\/www.luxor.cz\/blog\/wp-json\/wp\/v2\/product\/118675","targetHints":{"allow":["GET"]}}],"collection":[{"href":"https:\/\/www.luxor.cz\/blog\/wp-json\/wp\/v2\/product"}],"about":[{"href":"https:\/\/www.luxor.cz\/blog\/wp-json\/wp\/v2\/types\/product"}],"replies":[{"embeddable":true,"href":"https:\/\/www.luxor.cz\/blog\/wp-json\/wp\/v2\/comments?post=118675"}],"wp:attachment":[{"href":"https:\/\/www.luxor.cz\/blog\/wp-json\/wp\/v2\/media?parent=118675"}],"wp:term":[{"taxonomy":"product_cat","embeddable":true,"href":"https:\/\/www.luxor.cz\/blog\/wp-json\/wp\/v2\/product_cat?post=118675"},{"taxonomy":"product_tag","embeddable":true,"href":"https:\/\/www.luxor.cz\/blog\/wp-json\/wp\/v2\/product_tag?post=118675"}],"curies":[{"name":"wp","href":"https:\/\/api.w.org\/{rel}","templated":true}]}}