{"id":118601,"date":"2023-08-14T22:16:51","date_gmt":"2023-08-14T20:16:51","guid":{"rendered":"https:\/\/www.luxor.cz\/blog\/produkt\/malovane-krizovky-a-osmismerky-pro-prvnaky-a-druhaky\/"},"modified":"2023-08-14T22:16:52","modified_gmt":"2023-08-14T20:16:52","slug":"malovane-krizovky-a-osmismerky-pro-prvnaky-a-druhaky","status":"publish","type":"product","link":"https:\/\/www.luxor.cz\/blog\/produkt\/malovane-krizovky-a-osmismerky-pro-prvnaky-a-druhaky\/","title":{"rendered":"Malovan\u00e9 k\u0159\u00ed\u017eovky a osmism\u011brky pro prv\u0148\u00e1ky a druh\u00e1ky"},"content":{"rendered":"<p>Jak si procvi\u010dit abecedu a \u010dten\u00ed? Nejl\u00e9pe hrou! Lu\u0161t\u011bn\u00ed, h\u00e1d\u00e1n\u00ed a malov\u00e1n\u00ed je jedna velk\u00e1 hra, kter\u00e1 zaplnila tuto vesele ilustrovanou kn\u00ed\u017eku. Mal\u00ed \u0161kol\u00e1ci v n\u00ed najdou patn\u00e1ct rozmanit\u00fdch kapitol pln\u00fdch k\u0159\u00ed\u017eovek, osmism\u011brek a obr\u00e1zkov\u00e9ho lu\u0161t\u011bn\u00ed. D\u00edky z\u00e1bavn\u00fdm \u00fakol\u016fm si hol\u010di\u010dky i kluci procvi\u010d\u00ed nejen \u010dten\u00ed a psan\u00ed, ale tak\u00e9 znalosti z prvouky, logick\u00e9 my\u0161len\u00ed a po\u010d\u00edt\u00e1n\u00ed. Samoz\u0159ejm\u011b nechyb\u00ed spousta vesel\u00fdch obr\u00e1zk\u016f k vymalov\u00e1n\u00ed.<br \/>\n\u010cti, lu\u0161ti, vybarvuj a u\u017eij si chytrou z\u00e1bavu s p\u00edsmenky!<\/p>\n","protected":false},"excerpt":{"rendered":"<p>Jak si procvi\u010dit abecedu a \u010dten\u00ed? Nejl\u00e9pe hrou! Lu\u0161t\u011bn\u00ed, h\u00e1d\u00e1n\u00ed a malov\u00e1n\u00ed je jedna velk\u00e1 hra, kter\u00e1 zaplnila tuto vesele ilustrovanou kn\u00ed\u017eku. Mal\u00ed \u0161kol\u00e1ci v n\u00ed najdou patn\u00e1ct rozmanit\u00fdch kapitol [&hellip;]<\/p>\n","protected":false},"featured_media":0,"comment_status":"closed","ping_status":"open","template":"","meta":{"_acf_changed":false,"_monsterinsights_skip_tracking":false,"_monsterinsights_sitenote_active":false,"_monsterinsights_sitenote_note":"","_monsterinsights_sitenote_category":0,"_EventAllDay":false,"_EventTimezone":"","_EventStartDate":"","_EventEndDate":"","_EventStartDateUTC":"","_EventEndDateUTC":"","_EventShowMap":false,"_EventShowMapLink":false,"_EventURL":"","_EventCost":"","_EventCostDescription":"","_EventCurrencySymbol":"","_EventCurrencyCode":"","_EventCurrencyPosition":"","_EventDateTimeSeparator":"","_EventTimeRangeSeparator":"","_EventOrganizerID":[],"_EventVenueID":[],"_OrganizerEmail":"","_OrganizerPhone":"","_OrganizerWebsite":"","_VenueAddress":"","_VenueCity":"","_VenueCountry":"","_VenueProvince":"","_VenueState":"","_VenueZip":"","_VenuePhone":"","_VenueURL":"","_VenueStateProvince":"","_VenueLat":"","_VenueLng":"","_VenueShowMap":false,"_VenueShowMapLink":false,"twitterCardType":"","cardImageID":0,"cardImage":"","cardTitle":"","cardDesc":"","cardImageAlt":"","cardPlayer":"","cardPlayerWidth":0,"cardPlayerHeight":0,"cardPlayerStream":"","cardPlayerCodec":""},"product_cat":[],"product_tag":[],"class_list":["post-118601","product","type-product","status-publish","hentry"],"acf":{"description":"Jak si procvi\u010dit abecedu a \u010dten\u00ed? Nejl\u00e9pe hrou! Lu\u0161t\u011bn\u00ed, h\u00e1d\u00e1n\u00ed a malov\u00e1n\u00ed je jedna velk\u00e1 hra, kter\u00e1 zaplnila tuto vesele ilustrovanou kn\u00ed\u017eku. Mal\u00ed \u0161kol\u00e1ci v n\u00ed najdou patn\u00e1ct rozmanit\u00fdch kapitol pln\u00fdch k\u0159\u00ed\u017eovek, osmism\u011brek a obr\u00e1zkov\u00e9ho lu\u0161t\u011bn\u00ed. D\u00edky z\u00e1bavn\u00fdm \u00fakol\u016fm si hol\u010di\u010dky i kluci procvi\u010d\u00ed nejen \u010dten\u00ed a psan\u00ed, ale tak\u00e9 znalosti z prvouky, logick\u00e9 my\u0161len\u00ed a po\u010d\u00edt\u00e1n\u00ed. Samoz\u0159ejm\u011b nechyb\u00ed spousta vesel\u00fdch obr\u00e1zk\u016f k vymalov\u00e1n\u00ed. \n\u010cti, lu\u0161ti, vybarvuj a u\u017eij si chytrou z\u00e1bavu s p\u00edsmenky!","item_id":"LX1764099","productname":"Malovan\u00e9 k\u0159\u00ed\u017eovky a osmism\u011brky pro prv\u0148\u00e1ky a druh\u00e1ky","product":"Malovan\u00e9 k\u0159\u00ed\u017eovky a osmism\u011brky pro prv\u0148\u00e1ky a druh\u00e1ky","url":"https:\/\/www.luxor.cz\/v\/1764099\/malovane-krizovky-a-osmismerky-pro-prvnaky-a-druhaky","imgurl":"https:\/\/img.luxor.cz\/orig\/produkty\/9788027101849.jpg","price_vat":"215.00","margin":"","vat":"","paramname1":"","paramval1":"","paramname2":"","paramval2":"","paramname3":"","paramval3":"","paramname4":"","paramval4":"","paramname5":"","paramval5":"","paramname6":"","paramval6":"","paramname7":"","paramval7":"","paramname8":"","paramval8":"","paramname9":"","paramval9":"","paramname10":"","paramval10":"","ean":"9788027101849","manufacturer":"Bambook","categorytext":""},"_links":{"self":[{"href":"https:\/\/www.luxor.cz\/blog\/wp-json\/wp\/v2\/product\/118601","targetHints":{"allow":["GET"]}}],"collection":[{"href":"https:\/\/www.luxor.cz\/blog\/wp-json\/wp\/v2\/product"}],"about":[{"href":"https:\/\/www.luxor.cz\/blog\/wp-json\/wp\/v2\/types\/product"}],"replies":[{"embeddable":true,"href":"https:\/\/www.luxor.cz\/blog\/wp-json\/wp\/v2\/comments?post=118601"}],"wp:attachment":[{"href":"https:\/\/www.luxor.cz\/blog\/wp-json\/wp\/v2\/media?parent=118601"}],"wp:term":[{"taxonomy":"product_cat","embeddable":true,"href":"https:\/\/www.luxor.cz\/blog\/wp-json\/wp\/v2\/product_cat?post=118601"},{"taxonomy":"product_tag","embeddable":true,"href":"https:\/\/www.luxor.cz\/blog\/wp-json\/wp\/v2\/product_tag?post=118601"}],"curies":[{"name":"wp","href":"https:\/\/api.w.org\/{rel}","templated":true}]}}