{"id":116885,"date":"2023-08-14T21:35:07","date_gmt":"2023-08-14T19:35:07","guid":{"rendered":"https:\/\/www.luxor.cz\/blog\/produkt\/bestiar-pozvete-umeni-domu-21-obrazu-k-zaramovani\/"},"modified":"2023-08-14T21:35:08","modified_gmt":"2023-08-14T19:35:08","slug":"bestiar-pozvete-umeni-domu-21-obrazu-k-zaramovani","status":"publish","type":"product","link":"https:\/\/www.luxor.cz\/blog\/produkt\/bestiar-pozvete-umeni-domu-21-obrazu-k-zaramovani\/","title":{"rendered":"Besti\u00e1\u0159: Pozv\u011bte um\u011bn\u00ed dom\u016f! 21 obraz\u016f k zar\u00e1mov\u00e1n\u00ed"},"content":{"rendered":"<p>Grafiky, kresby, malby v t\u00e9to knize dokonale vyzdob\u00ed v\u00e1\u0161 byt \u010di d\u016fm. R\u016fzn\u00e9 um\u011bleck\u00e9 styly, r\u016fzn\u00e9 doby vzniku, r\u016fzn\u00ed um\u011blci \u2013 to v\u0161e dohromady vytvo\u0159ilo bezkonkuren\u010dn\u00ed esenci um\u011bn\u00ed, kter\u00e1 dod\u00e1 va\u0161emu osobn\u00edmu prostoru jedine\u010dn\u00e9 kouzlo. Sta\u010d\u00ed si jen vybrat z 21 v\u00fdtvarn\u00fdch ztv\u00e1rn\u011bn\u00ed zv\u00ed\u0159at, vyjmout str\u00e1nku a zar\u00e1movat. Na zadn\u00ed stran\u011b ka\u017ed\u00e9ho listu najdete pojedn\u00e1n\u00ed od historika um\u011bn\u00ed o \u017eivo\u010dichovi, kter\u00fd je na p\u0159\u00edslu\u0161n\u00e9 str\u00e1nce vyobrazen, a o um\u011blci, jen\u017e d\u00edlo vytvo\u0159il.<\/p>\n","protected":false},"excerpt":{"rendered":"<p>Grafiky, kresby, malby v t\u00e9to knize dokonale vyzdob\u00ed v\u00e1\u0161 byt \u010di d\u016fm. R\u016fzn\u00e9 um\u011bleck\u00e9 styly, r\u016fzn\u00e9 doby vzniku, r\u016fzn\u00ed um\u011blci \u2013 to v\u0161e dohromady vytvo\u0159ilo bezkonkuren\u010dn\u00ed esenci um\u011bn\u00ed, kter\u00e1 dod\u00e1 [&hellip;]<\/p>\n","protected":false},"featured_media":0,"comment_status":"closed","ping_status":"open","template":"","meta":{"_acf_changed":false,"_monsterinsights_skip_tracking":false,"_monsterinsights_sitenote_active":false,"_monsterinsights_sitenote_note":"","_monsterinsights_sitenote_category":0,"_EventAllDay":false,"_EventTimezone":"","_EventStartDate":"","_EventEndDate":"","_EventStartDateUTC":"","_EventEndDateUTC":"","_EventShowMap":false,"_EventShowMapLink":false,"_EventURL":"","_EventCost":"","_EventCostDescription":"","_EventCurrencySymbol":"","_EventCurrencyCode":"","_EventCurrencyPosition":"","_EventDateTimeSeparator":"","_EventTimeRangeSeparator":"","_EventOrganizerID":[],"_EventVenueID":[],"_OrganizerEmail":"","_OrganizerPhone":"","_OrganizerWebsite":"","_VenueAddress":"","_VenueCity":"","_VenueCountry":"","_VenueProvince":"","_VenueState":"","_VenueZip":"","_VenuePhone":"","_VenueURL":"","_VenueStateProvince":"","_VenueLat":"","_VenueLng":"","_VenueShowMap":false,"_VenueShowMapLink":false,"twitterCardType":"","cardImageID":0,"cardImage":"","cardTitle":"","cardDesc":"","cardImageAlt":"","cardPlayer":"","cardPlayerWidth":0,"cardPlayerHeight":0,"cardPlayerStream":"","cardPlayerCodec":""},"product_cat":[],"product_tag":[],"class_list":["post-116885","product","type-product","status-publish","hentry"],"acf":{"description":"Grafiky, kresby, malby v t\u00e9to knize dokonale vyzdob\u00ed v\u00e1\u0161 byt \u010di d\u016fm. R\u016fzn\u00e9 um\u011bleck\u00e9 styly, r\u016fzn\u00e9 doby vzniku, r\u016fzn\u00ed um\u011blci \u2013 to v\u0161e dohromady vytvo\u0159ilo bezkonkuren\u010dn\u00ed esenci um\u011bn\u00ed, kter\u00e1 dod\u00e1 va\u0161emu osobn\u00edmu prostoru jedine\u010dn\u00e9 kouzlo. Sta\u010d\u00ed si jen vybrat z 21 v\u00fdtvarn\u00fdch ztv\u00e1rn\u011bn\u00ed zv\u00ed\u0159at, vyjmout str\u00e1nku a zar\u00e1movat. Na zadn\u00ed stran\u011b ka\u017ed\u00e9ho listu najdete pojedn\u00e1n\u00ed od historika um\u011bn\u00ed o \u017eivo\u010dichovi, kter\u00fd je na p\u0159\u00edslu\u0161n\u00e9 str\u00e1nce vyobrazen, a o um\u011blci, jen\u017e d\u00edlo vytvo\u0159il.","item_id":"LX1764891","productname":"Besti\u00e1\u0159: Pozv\u011bte um\u011bn\u00ed dom\u016f! 21 obraz\u016f k zar\u00e1mov\u00e1n\u00ed","product":"Besti\u00e1\u0159: Pozv\u011bte um\u011bn\u00ed dom\u016f! 21 obraz\u016f k zar\u00e1mov\u00e1n\u00ed","url":"https:\/\/www.luxor.cz\/v\/1764891\/bestiar-pozvete-umeni-domu-21-obrazu-k-zaramovani","imgurl":"https:\/\/img.luxor.cz\/orig\/produkty\/9788024268866.jpg","price_vat":"357.00","margin":"","vat":"","paramname1":"","paramval1":"","paramname2":"","paramval2":"","paramname3":"","paramval3":"","paramname4":"","paramval4":"","paramname5":"","paramval5":"","paramname6":"","paramval6":"","paramname7":"","paramval7":"","paramname8":"","paramval8":"","paramname9":"","paramval9":"","paramname10":"","paramval10":"","ean":"9788024268866","manufacturer":"Universum","categorytext":""},"_links":{"self":[{"href":"https:\/\/www.luxor.cz\/blog\/wp-json\/wp\/v2\/product\/116885","targetHints":{"allow":["GET"]}}],"collection":[{"href":"https:\/\/www.luxor.cz\/blog\/wp-json\/wp\/v2\/product"}],"about":[{"href":"https:\/\/www.luxor.cz\/blog\/wp-json\/wp\/v2\/types\/product"}],"replies":[{"embeddable":true,"href":"https:\/\/www.luxor.cz\/blog\/wp-json\/wp\/v2\/comments?post=116885"}],"wp:attachment":[{"href":"https:\/\/www.luxor.cz\/blog\/wp-json\/wp\/v2\/media?parent=116885"}],"wp:term":[{"taxonomy":"product_cat","embeddable":true,"href":"https:\/\/www.luxor.cz\/blog\/wp-json\/wp\/v2\/product_cat?post=116885"},{"taxonomy":"product_tag","embeddable":true,"href":"https:\/\/www.luxor.cz\/blog\/wp-json\/wp\/v2\/product_tag?post=116885"}],"curies":[{"name":"wp","href":"https:\/\/api.w.org\/{rel}","templated":true}]}}