{"id":116771,"date":"2023-08-14T21:34:13","date_gmt":"2023-08-14T19:34:13","guid":{"rendered":"https:\/\/www.luxor.cz\/blog\/produkt\/cupcakes\/"},"modified":"2023-08-14T21:34:13","modified_gmt":"2023-08-14T19:34:13","slug":"cupcakes","status":"publish","type":"product","link":"https:\/\/www.luxor.cz\/blog\/produkt\/cupcakes\/","title":{"rendered":"Cupcakes"},"content":{"rendered":"<p>Cupcakes \u2013 kr\u00e1sky pe\u010den\u00e9 v pap\u00edrov\u00e9m ko\u0161\u00ed\u010dku. To jsou z\u00e1kusky s vynikaj\u00edc\u00edm kr\u00e9mem a n\u00e1pln\u00ed, ochucen\u00e9 r\u016fzn\u00fdmi p\u0159\u00edchut\u011bmi. Cupcakes maj\u00ed velkou v\u00fdhodu v tom, \u017ee nepot\u0159ebujete n\u00e1dob\u00ed, jsou naporcovan\u00e9 a daj\u00ed se pod\u00e1vat k jak\u00e9koli p\u0159\u00edle\u017eitosti jako jsou svatby, zahradn\u00ed slavnosti, d\u011btsk\u00e9 oslavy a jin\u00e9 spole\u010densk\u00e9 ud\u00e1losti.<\/p>\n<p> Vyzkou\u0161ejte n\u011bkter\u00fd z 80 recept\u016f a upe\u010dte si dort\u00ed\u010dky podle sv\u00e9 chuti. A\u0165 u\u017e jste cukr\u00e1\u0159, hospody\u0148ka, anebo jen r\u00e1di pe\u010dete sladk\u00e9 dobroty, nechte se inspirovat. V\u0161echny v knize uveden\u00e9 recepty jsou z\u00e1rukou, \u017ee v\u00fdsledek va\u0161\u00ed pr\u00e1ce bude dokonal\u00fd.<\/p>\n","protected":false},"excerpt":{"rendered":"<p>Cupcakes \u2013 kr\u00e1sky pe\u010den\u00e9 v pap\u00edrov\u00e9m ko\u0161\u00ed\u010dku. To jsou z\u00e1kusky s vynikaj\u00edc\u00edm kr\u00e9mem a n\u00e1pln\u00ed, ochucen\u00e9 r\u016fzn\u00fdmi p\u0159\u00edchut\u011bmi. Cupcakes maj\u00ed velkou v\u00fdhodu v tom, \u017ee nepot\u0159ebujete n\u00e1dob\u00ed, jsou naporcovan\u00e9 a [&hellip;]<\/p>\n","protected":false},"featured_media":0,"comment_status":"closed","ping_status":"open","template":"","meta":{"_acf_changed":false,"_monsterinsights_skip_tracking":false,"_monsterinsights_sitenote_active":false,"_monsterinsights_sitenote_note":"","_monsterinsights_sitenote_category":0,"_EventAllDay":false,"_EventTimezone":"","_EventStartDate":"","_EventEndDate":"","_EventStartDateUTC":"","_EventEndDateUTC":"","_EventShowMap":false,"_EventShowMapLink":false,"_EventURL":"","_EventCost":"","_EventCostDescription":"","_EventCurrencySymbol":"","_EventCurrencyCode":"","_EventCurrencyPosition":"","_EventDateTimeSeparator":"","_EventTimeRangeSeparator":"","_EventOrganizerID":[],"_EventVenueID":[],"_OrganizerEmail":"","_OrganizerPhone":"","_OrganizerWebsite":"","_VenueAddress":"","_VenueCity":"","_VenueCountry":"","_VenueProvince":"","_VenueState":"","_VenueZip":"","_VenuePhone":"","_VenueURL":"","_VenueStateProvince":"","_VenueLat":"","_VenueLng":"","_VenueShowMap":false,"_VenueShowMapLink":false,"twitterCardType":"","cardImageID":0,"cardImage":"","cardTitle":"","cardDesc":"","cardImageAlt":"","cardPlayer":"","cardPlayerWidth":0,"cardPlayerHeight":0,"cardPlayerStream":"","cardPlayerCodec":""},"product_cat":[],"product_tag":[],"class_list":["post-116771","product","type-product","status-publish","hentry"],"acf":{"description":"Cupcakes \u2013 kr\u00e1sky pe\u010den\u00e9 v pap\u00edrov\u00e9m ko\u0161\u00ed\u010dku. To jsou z\u00e1kusky s vynikaj\u00edc\u00edm kr\u00e9mem a n\u00e1pln\u00ed, ochucen\u00e9 r\u016fzn\u00fdmi p\u0159\u00edchut\u011bmi. Cupcakes maj\u00ed velkou v\u00fdhodu v tom, \u017ee nepot\u0159ebujete n\u00e1dob\u00ed, jsou naporcovan\u00e9 a daj\u00ed se pod\u00e1vat k jak\u00e9koli p\u0159\u00edle\u017eitosti jako jsou svatby, zahradn\u00ed slavnosti, d\u011btsk\u00e9 oslavy a jin\u00e9 spole\u010densk\u00e9 ud\u00e1losti.\n\n Vyzkou\u0161ejte n\u011bkter\u00fd z 80 recept\u016f a upe\u010dte si dort\u00ed\u010dky podle sv\u00e9 chuti. A\u0165 u\u017e jste cukr\u00e1\u0159, hospody\u0148ka, anebo jen r\u00e1di pe\u010dete sladk\u00e9 dobroty, nechte se inspirovat. V\u0161echny v knize uveden\u00e9 recepty jsou z\u00e1rukou, \u017ee v\u00fdsledek va\u0161\u00ed pr\u00e1ce bude dokonal\u00fd.","item_id":"LX1763375","productname":"Cupcakes","product":"Cupcakes","url":"https:\/\/www.luxor.cz\/v\/1763375\/cupcakes","imgurl":"https:\/\/img.luxor.cz\/orig\/produkty\/9788027125098.jpg","price_vat":"268.00","margin":"","vat":"","paramname1":"","paramval1":"","paramname2":"","paramval2":"","paramname3":"","paramval3":"","paramname4":"","paramval4":"","paramname5":"","paramval5":"","paramname6":"","paramval6":"","paramname7":"","paramval7":"","paramname8":"","paramval8":"","paramname9":"","paramval9":"","paramname10":"","paramval10":"","ean":"9788027125098","manufacturer":"Grada","categorytext":""},"_links":{"self":[{"href":"https:\/\/www.luxor.cz\/blog\/wp-json\/wp\/v2\/product\/116771","targetHints":{"allow":["GET"]}}],"collection":[{"href":"https:\/\/www.luxor.cz\/blog\/wp-json\/wp\/v2\/product"}],"about":[{"href":"https:\/\/www.luxor.cz\/blog\/wp-json\/wp\/v2\/types\/product"}],"replies":[{"embeddable":true,"href":"https:\/\/www.luxor.cz\/blog\/wp-json\/wp\/v2\/comments?post=116771"}],"wp:attachment":[{"href":"https:\/\/www.luxor.cz\/blog\/wp-json\/wp\/v2\/media?parent=116771"}],"wp:term":[{"taxonomy":"product_cat","embeddable":true,"href":"https:\/\/www.luxor.cz\/blog\/wp-json\/wp\/v2\/product_cat?post=116771"},{"taxonomy":"product_tag","embeddable":true,"href":"https:\/\/www.luxor.cz\/blog\/wp-json\/wp\/v2\/product_tag?post=116771"}],"curies":[{"name":"wp","href":"https:\/\/api.w.org\/{rel}","templated":true}]}}