{"id":115742,"date":"2023-08-14T21:25:39","date_gmt":"2023-08-14T19:25:39","guid":{"rendered":"https:\/\/www.luxor.cz\/blog\/produkt\/maly-pitaval-z-velkeho-mesta-remastrovana-verze-4-dvd\/"},"modified":"2023-08-14T21:25:39","modified_gmt":"2023-08-14T19:25:39","slug":"maly-pitaval-z-velkeho-mesta-remastrovana-verze-4-dvd","status":"publish","type":"product","link":"https:\/\/www.luxor.cz\/blog\/produkt\/maly-pitaval-z-velkeho-mesta-remastrovana-verze-4-dvd\/","title":{"rendered":"Mal\u00fd pitaval z velk\u00e9ho m\u011bsta (remastrovan\u00e1 verze) &#8211; 4 DVD"},"content":{"rendered":"<p>Detektivn\u00ed seri\u00e1l se zn\u00e1m\u00fdmi a popul\u00e1rn\u00edmi herci inspirovan\u00fd skute\u010dn\u00fdmi p\u0159\u00edpady nyn\u00ed v remasterovan\u00e9 verzi.<br \/>\nDrobn\u00e9 kr\u00e1de\u017ee, podvody i z\u00e1va\u017en\u00e9 zlo\u010diny \u0159e\u0161\u00ed den co den parta pra\u017esk\u00fdch detektiv\u016f. U n\u011bkter\u00fdch p\u0159\u00edpad\u016f jim jde v\u0161e s \u00fasm\u011bvem, u jin\u00fdch do sm\u00edchu nen\u00ed ani t\u011bm nejotrlej\u0161\u00edm\u2026<br \/>\nN\u00e1m\u011bt a sc\u00e9n\u00e1\u0159: Jaroslav Dietl, Leo\u0161 Jirs\u00e1k, Ivan Bohata \/ Re\u017eie: Jaroslav Dudek \/ Kamera: Jind\u0159ich Novotn\u00fd \/ Hudba: Ladislav \u0160taidl \/ Kost\u00fdmn\u00ed v\u00fdtvarn\u00edk: L\u00edda Novotn\u00e1, Petra Barochov\u00e1<br \/>\nArchitekt: Josef Divi\u0161<br \/>\nHraj\u00ed: Ladislav Frej, Vlastimil Ha\u0161ek, Ji\u0159\u00ed Krampol, Pavel Zedn\u00ed\u010dek, Michal Pe\u0161ek, Josef Abrh\u00e1m, Svatopluk Skopal, Jan Falt\u00fdnek, Vlastimil Zav\u0159el, Jaroslava Brouskov\u00e1, Jan Vlas\u00e1k, Ji\u0159\u00ed Mikota, Milena Steinmasslov\u00e1, Anton\u00edn Proch\u00e1zka, Veronika Freimanov\u00e1, Svatopluk Skl\u00e1dal, Rudolf Vodr\u00e1\u017eka, Zlata Adamovsk\u00e1, Karel Augusta Ji\u0159\u00ed Barto\u0161ka, Vladim\u00edr Brabec, Otakar Brousek, Petr \u010cepek, Josef Dvo\u0159\u00e1k, Milena Dvorsk\u00e1 Franti\u0161ek Filipovsk\u00fd V\u011bra Galat\u00edkov\u00e1, Jana G\u00fdrov\u00e1, Karel He\u0159m\u00e1nek, Rudolf Hru\u0161\u00ednsk\u00fd, Iva Jan\u017eurov\u00e1, Josef Kemr, Ji\u0159\u00ed Klem, Vladim\u00edr Kratina, Ji\u0159\u00ed L\u00e1bus Otto Lackovi\u010d, Lubom\u00edr Lipsk\u00fd, Ladislav Pe\u0161ek, Viktor Preiss, Regina R\u00e1zlov\u00e1, Karel Roden, Marie Ros\u016flkov\u00e1, Roman Skamene, Ji\u0159\u00ed Schmitzer, Josef Somr, Jana \u0160t\u011bp\u00e1nkov\u00e1, Ji\u0159ina \u0160t\u011bpni\u010dkov\u00e1, Luk\u00e1\u0161 Vacul\u00edk, Marcel Va\u0161inka, Dagmar Ve\u0161krnov\u00e1 Stella Z\u00e1zvorkov\u00e1 a dal\u0161\u00ed .<br \/>\nStop\u00e1\u017e: 15 x 57 minut<br \/>\nDVD 1: 1. Aran\u017e\u00e9r \/ 2. Milenec \/ 3. Benjam\u00ednci \/ 4. V\u010dela\u0159<br \/>\nDVD 2: 5. Cyklista \/ 6. Jupiter \/ 7. Vedouc\u00ed partiov\u00e9 prodejny \/ 8. Mu\u017e s pun\u010dochou<br \/>\nDVD 3: 9. Kucha\u0159inka \/ 10. Majitel autoservisu \/ 11. Autorka detektivn\u00edch pov\u00eddek \/ 12. Exoti<br \/>\nDVD 4: 13. Kasa\u0159 \/ 14. Narkomani \/ 15. Valutov\u00e1 p\u0159\u00edhoda<br \/>\nSkryt\u00e9 titulky pro nesly\u0161\u00edc\u00ed<br \/>\nZvukov\u00fd popis pro zrakov\u011b posti\u017een\u00e9<\/p>\n","protected":false},"excerpt":{"rendered":"<p>Detektivn\u00ed seri\u00e1l se zn\u00e1m\u00fdmi a popul\u00e1rn\u00edmi herci inspirovan\u00fd skute\u010dn\u00fdmi p\u0159\u00edpady nyn\u00ed v remasterovan\u00e9 verzi. Drobn\u00e9 kr\u00e1de\u017ee, podvody i z\u00e1va\u017en\u00e9 zlo\u010diny \u0159e\u0161\u00ed den co den parta pra\u017esk\u00fdch detektiv\u016f. U n\u011bkter\u00fdch p\u0159\u00edpad\u016f [&hellip;]<\/p>\n","protected":false},"featured_media":0,"comment_status":"closed","ping_status":"open","template":"","meta":{"_acf_changed":false,"_monsterinsights_skip_tracking":false,"_monsterinsights_sitenote_active":false,"_monsterinsights_sitenote_note":"","_monsterinsights_sitenote_category":0,"_EventAllDay":false,"_EventTimezone":"","_EventStartDate":"","_EventEndDate":"","_EventStartDateUTC":"","_EventEndDateUTC":"","_EventShowMap":false,"_EventShowMapLink":false,"_EventURL":"","_EventCost":"","_EventCostDescription":"","_EventCurrencySymbol":"","_EventCurrencyCode":"","_EventCurrencyPosition":"","_EventDateTimeSeparator":"","_EventTimeRangeSeparator":"","_EventOrganizerID":[],"_EventVenueID":[],"_OrganizerEmail":"","_OrganizerPhone":"","_OrganizerWebsite":"","_VenueAddress":"","_VenueCity":"","_VenueCountry":"","_VenueProvince":"","_VenueState":"","_VenueZip":"","_VenuePhone":"","_VenueURL":"","_VenueStateProvince":"","_VenueLat":"","_VenueLng":"","_VenueShowMap":false,"_VenueShowMapLink":false,"twitterCardType":"","cardImageID":0,"cardImage":"","cardTitle":"","cardDesc":"","cardImageAlt":"","cardPlayer":"","cardPlayerWidth":0,"cardPlayerHeight":0,"cardPlayerStream":"","cardPlayerCodec":""},"product_cat":[],"product_tag":[],"class_list":["post-115742","product","type-product","status-publish","hentry"],"acf":{"description":"Detektivn\u00ed seri\u00e1l se zn\u00e1m\u00fdmi a popul\u00e1rn\u00edmi herci inspirovan\u00fd skute\u010dn\u00fdmi p\u0159\u00edpady nyn\u00ed v remasterovan\u00e9 verzi. \nDrobn\u00e9 kr\u00e1de\u017ee, podvody i z\u00e1va\u017en\u00e9 zlo\u010diny \u0159e\u0161\u00ed den co den parta pra\u017esk\u00fdch detektiv\u016f. U n\u011bkter\u00fdch p\u0159\u00edpad\u016f jim jde v\u0161e s \u00fasm\u011bvem, u jin\u00fdch do sm\u00edchu nen\u00ed ani t\u011bm nejotrlej\u0161\u00edm\u2026 \nN\u00e1m\u011bt a sc\u00e9n\u00e1\u0159: Jaroslav Dietl, Leo\u0161 Jirs\u00e1k, Ivan Bohata \/ Re\u017eie: Jaroslav Dudek \/ Kamera: Jind\u0159ich Novotn\u00fd \/ Hudba: Ladislav \u0160taidl \/ Kost\u00fdmn\u00ed v\u00fdtvarn\u00edk: L\u00edda Novotn\u00e1, Petra Barochov\u00e1\nArchitekt: Josef Divi\u0161 \nHraj\u00ed: Ladislav Frej, Vlastimil Ha\u0161ek, Ji\u0159\u00ed Krampol, Pavel Zedn\u00ed\u010dek, Michal Pe\u0161ek, Josef Abrh\u00e1m, Svatopluk Skopal, Jan Falt\u00fdnek, Vlastimil Zav\u0159el, Jaroslava Brouskov\u00e1, Jan Vlas\u00e1k, Ji\u0159\u00ed Mikota, Milena Steinmasslov\u00e1, Anton\u00edn Proch\u00e1zka, Veronika Freimanov\u00e1, Svatopluk Skl\u00e1dal, Rudolf Vodr\u00e1\u017eka, Zlata Adamovsk\u00e1, Karel Augusta Ji\u0159\u00ed Barto\u0161ka, Vladim\u00edr Brabec, Otakar Brousek, Petr \u010cepek, Josef Dvo\u0159\u00e1k, Milena Dvorsk\u00e1 Franti\u0161ek Filipovsk\u00fd V\u011bra Galat\u00edkov\u00e1, Jana G\u00fdrov\u00e1, Karel He\u0159m\u00e1nek, Rudolf Hru\u0161\u00ednsk\u00fd, Iva Jan\u017eurov\u00e1, Josef Kemr, Ji\u0159\u00ed Klem, Vladim\u00edr Kratina, Ji\u0159\u00ed L\u00e1bus Otto Lackovi\u010d, Lubom\u00edr Lipsk\u00fd, Ladislav Pe\u0161ek, Viktor Preiss, Regina R\u00e1zlov\u00e1, Karel Roden, Marie Ros\u016flkov\u00e1, Roman Skamene, Ji\u0159\u00ed Schmitzer, Josef Somr, Jana \u0160t\u011bp\u00e1nkov\u00e1, Ji\u0159ina \u0160t\u011bpni\u010dkov\u00e1, Luk\u00e1\u0161 Vacul\u00edk, Marcel Va\u0161inka, Dagmar Ve\u0161krnov\u00e1 Stella Z\u00e1zvorkov\u00e1 a dal\u0161\u00ed .\nStop\u00e1\u017e: 15 x 57 minut \nDVD 1: 1. Aran\u017e\u00e9r \/ 2. Milenec \/ 3. Benjam\u00ednci \/ 4. V\u010dela\u0159\nDVD 2: 5. Cyklista \/ 6. Jupiter \/ 7. Vedouc\u00ed partiov\u00e9 prodejny \/ 8. Mu\u017e s pun\u010dochou\nDVD 3: 9. Kucha\u0159inka \/ 10. Majitel autoservisu \/ 11. Autorka detektivn\u00edch pov\u00eddek \/ 12. Exoti\nDVD 4: 13. Kasa\u0159 \/ 14. Narkomani \/ 15. Valutov\u00e1 p\u0159\u00edhoda\nSkryt\u00e9 titulky pro nesly\u0161\u00edc\u00ed \nZvukov\u00fd popis pro zrakov\u011b posti\u017een\u00e9","item_id":"LX1760286","productname":"Mal\u00fd pitaval z velk\u00e9ho m\u011bsta (remastrovan\u00e1 verze) - 4 DVD","product":"Mal\u00fd pitaval z velk\u00e9ho m\u011bsta (remastrovan\u00e1 verze) - 4 DVD","url":"https:\/\/www.luxor.cz\/v\/1760286\/maly-pitaval-z-velkeho-mestaremastrovana-verze-4-dvd","imgurl":"https:\/\/img.luxor.cz\/orig\/produkty\/8594161152712.jpg","price_vat":"429.00","margin":"","vat":"","paramname1":"","paramval1":"","paramname2":"","paramval2":"","paramname3":"","paramval3":"","paramname4":"","paramval4":"","paramname5":"","paramval5":"","paramname6":"","paramval6":"","paramname7":"","paramval7":"","paramname8":"","paramval8":"","paramname9":"","paramval9":"","paramname10":"","paramval10":"","ean":"8594161152712","manufacturer":"Edice \u010cT","categorytext":""},"_links":{"self":[{"href":"https:\/\/www.luxor.cz\/blog\/wp-json\/wp\/v2\/product\/115742","targetHints":{"allow":["GET"]}}],"collection":[{"href":"https:\/\/www.luxor.cz\/blog\/wp-json\/wp\/v2\/product"}],"about":[{"href":"https:\/\/www.luxor.cz\/blog\/wp-json\/wp\/v2\/types\/product"}],"replies":[{"embeddable":true,"href":"https:\/\/www.luxor.cz\/blog\/wp-json\/wp\/v2\/comments?post=115742"}],"wp:attachment":[{"href":"https:\/\/www.luxor.cz\/blog\/wp-json\/wp\/v2\/media?parent=115742"}],"wp:term":[{"taxonomy":"product_cat","embeddable":true,"href":"https:\/\/www.luxor.cz\/blog\/wp-json\/wp\/v2\/product_cat?post=115742"},{"taxonomy":"product_tag","embeddable":true,"href":"https:\/\/www.luxor.cz\/blog\/wp-json\/wp\/v2\/product_tag?post=115742"}],"curies":[{"name":"wp","href":"https:\/\/api.w.org\/{rel}","templated":true}]}}