{"id":114347,"date":"2023-08-14T21:13:49","date_gmt":"2023-08-14T19:13:49","guid":{"rendered":"https:\/\/www.luxor.cz\/blog\/produkt\/certoviny-dvd\/"},"modified":"2023-08-14T21:13:50","modified_gmt":"2023-08-14T19:13:50","slug":"certoviny-dvd","status":"publish","type":"product","link":"https:\/\/www.luxor.cz\/blog\/produkt\/certoviny-dvd\/","title":{"rendered":"\u010certoviny DVD"},"content":{"rendered":"<p>Stalo je jednou, \u017ee se v pekle ukl\u00edzelo. \u010certi se jen hem\u017eili, ale proto\u017ee si k pr\u00e1ci neum\u011bli \u0161ikovn\u011b zaj\u00edt, navz\u00e1jem si p\u0159ek\u00e1\u017eeli a klop\u00fdtali jeden p\u0159es druh\u00e9ho, prost\u011b hotov\u00fd bl\u00e1zinec. Toho zmatku vyu\u017eili dva mlad\u00ed \u010derti, kte\u0159\u00ed schv\u00e1ln\u011b je\u0161t\u011b v\u00edc p\u0159i ukl\u00edzen\u00ed p\u0159ek\u00e1\u017eeli. A pak se to stalo. Jeden zakopl, padl na druh\u00e9ho a oba povalili kotel s h\u0159\u00ed\u0161nou du\u0161\u00ed. Toho vyu\u017eila h\u0159\u00ed\u0161n\u00e1 du\u0161e. Rozb\u011bhla se k otev\u0159en\u00e9 br\u00e1n\u011b, kterou zrovna sta\u0159\u00ed \u010derti v\u011btrali a ne\u017e se kdo nad\u00e1l, byla pry\u010d. Bylo zle. Luciper se rozhodl pro trest \u2013 \u010derti mus\u00ed j\u00edt na sv\u011bt a ka\u017ed\u00fd p\u0159iv\u00e9st do pekla jednu h\u0159\u00ed\u0161nou du\u0161i. Pak jim bude odpu\u0161t\u011bno.<\/p>\n<p>Poh\u00e1dka<br \/>\n\u010cesko, 2017, 101 min<\/p>\n<p> Re\u017eie: Zden\u011bk Tro\u0161ka<br \/>\n Sc\u00e9n\u00e1\u0159: Zden\u011bk Tro\u0161ka, Marek Kali\u0161<br \/>\nKamera: David Ployhar<br \/>\n Hraj\u00ed: Jakub Pracha\u0159, Dominick Benedikt, Karel Dobr\u00fd, S\u00e1ra Sandeva, Richard Jaroslav M\u00fcller, Old\u0159ich Navr\u00e1til, M\u00edra Nosek, Andrea Hoffmannov\u00e1, David Gr\u00e1nsk\u00fd, Jana Bern\u00e1\u0161kov\u00e1, Radek Holub, R\u016f\u017eena Merunkov\u00e1, Nelly \u0158eho\u0159ov\u00e1<\/p>\n","protected":false},"excerpt":{"rendered":"<p>Stalo je jednou, \u017ee se v pekle ukl\u00edzelo. \u010certi se jen hem\u017eili, ale proto\u017ee si k pr\u00e1ci neum\u011bli \u0161ikovn\u011b zaj\u00edt, navz\u00e1jem si p\u0159ek\u00e1\u017eeli a klop\u00fdtali jeden p\u0159es druh\u00e9ho, prost\u011b hotov\u00fd [&hellip;]<\/p>\n","protected":false},"featured_media":0,"comment_status":"closed","ping_status":"open","template":"","meta":{"_acf_changed":false,"_monsterinsights_skip_tracking":false,"_monsterinsights_sitenote_active":false,"_monsterinsights_sitenote_note":"","_monsterinsights_sitenote_category":0,"_EventAllDay":false,"_EventTimezone":"","_EventStartDate":"","_EventEndDate":"","_EventStartDateUTC":"","_EventEndDateUTC":"","_EventShowMap":false,"_EventShowMapLink":false,"_EventURL":"","_EventCost":"","_EventCostDescription":"","_EventCurrencySymbol":"","_EventCurrencyCode":"","_EventCurrencyPosition":"","_EventDateTimeSeparator":"","_EventTimeRangeSeparator":"","_EventOrganizerID":[],"_EventVenueID":[],"_OrganizerEmail":"","_OrganizerPhone":"","_OrganizerWebsite":"","_VenueAddress":"","_VenueCity":"","_VenueCountry":"","_VenueProvince":"","_VenueState":"","_VenueZip":"","_VenuePhone":"","_VenueURL":"","_VenueStateProvince":"","_VenueLat":"","_VenueLng":"","_VenueShowMap":false,"_VenueShowMapLink":false,"twitterCardType":"","cardImageID":0,"cardImage":"","cardTitle":"","cardDesc":"","cardImageAlt":"","cardPlayer":"","cardPlayerWidth":0,"cardPlayerHeight":0,"cardPlayerStream":"","cardPlayerCodec":""},"product_cat":[],"product_tag":[],"class_list":["post-114347","product","type-product","status-publish","hentry"],"acf":{"description":"Stalo je jednou, \u017ee se v pekle ukl\u00edzelo. \u010certi se jen hem\u017eili, ale proto\u017ee si k pr\u00e1ci neum\u011bli \u0161ikovn\u011b zaj\u00edt, navz\u00e1jem si p\u0159ek\u00e1\u017eeli a klop\u00fdtali jeden p\u0159es druh\u00e9ho, prost\u011b hotov\u00fd bl\u00e1zinec. Toho zmatku vyu\u017eili dva mlad\u00ed \u010derti, kte\u0159\u00ed schv\u00e1ln\u011b je\u0161t\u011b v\u00edc p\u0159i ukl\u00edzen\u00ed p\u0159ek\u00e1\u017eeli. A pak se to stalo. Jeden zakopl, padl na druh\u00e9ho a oba povalili kotel s h\u0159\u00ed\u0161nou du\u0161\u00ed. Toho vyu\u017eila h\u0159\u00ed\u0161n\u00e1 du\u0161e. Rozb\u011bhla se k otev\u0159en\u00e9 br\u00e1n\u011b, kterou zrovna sta\u0159\u00ed \u010derti v\u011btrali a ne\u017e se kdo nad\u00e1l, byla pry\u010d. Bylo zle. Luciper se rozhodl pro trest \u2013 \u010derti mus\u00ed j\u00edt na sv\u011bt a ka\u017ed\u00fd p\u0159iv\u00e9st do pekla jednu h\u0159\u00ed\u0161nou du\u0161i. Pak jim bude odpu\u0161t\u011bno.\n\nPoh\u00e1dka\n\u010cesko, 2017, 101 min\n\n Re\u017eie: Zden\u011bk Tro\u0161ka\n Sc\u00e9n\u00e1\u0159: Zden\u011bk Tro\u0161ka, Marek Kali\u0161\nKamera: David Ployhar\n Hraj\u00ed: Jakub Pracha\u0159, Dominick Benedikt, Karel Dobr\u00fd, S\u00e1ra Sandeva, Richard Jaroslav M\u00fcller, Old\u0159ich Navr\u00e1til, M\u00edra Nosek, Andrea Hoffmannov\u00e1, David Gr\u00e1nsk\u00fd, Jana Bern\u00e1\u0161kov\u00e1, Radek Holub, R\u016f\u017eena Merunkov\u00e1, Nelly \u0158eho\u0159ov\u00e1","item_id":"LX1756387","productname":"\u010certoviny DVD","product":"\u010certoviny DVD","url":"https:\/\/www.luxor.cz\/v\/1756387\/certoviny","imgurl":"https:\/\/img.luxor.cz\/orig\/produkty\/8594176150574.jpg","price_vat":"89.00","margin":"","vat":"","paramname1":"","paramval1":"","paramname2":"","paramval2":"","paramname3":"","paramval3":"","paramname4":"","paramval4":"","paramname5":"","paramval5":"","paramname6":"","paramval6":"","paramname7":"","paramval7":"","paramname8":"","paramval8":"","paramname9":"","paramval9":"","paramname10":"","paramval10":"","ean":"8594176150574","manufacturer":"Bontonfilm","categorytext":""},"_links":{"self":[{"href":"https:\/\/www.luxor.cz\/blog\/wp-json\/wp\/v2\/product\/114347","targetHints":{"allow":["GET"]}}],"collection":[{"href":"https:\/\/www.luxor.cz\/blog\/wp-json\/wp\/v2\/product"}],"about":[{"href":"https:\/\/www.luxor.cz\/blog\/wp-json\/wp\/v2\/types\/product"}],"replies":[{"embeddable":true,"href":"https:\/\/www.luxor.cz\/blog\/wp-json\/wp\/v2\/comments?post=114347"}],"wp:attachment":[{"href":"https:\/\/www.luxor.cz\/blog\/wp-json\/wp\/v2\/media?parent=114347"}],"wp:term":[{"taxonomy":"product_cat","embeddable":true,"href":"https:\/\/www.luxor.cz\/blog\/wp-json\/wp\/v2\/product_cat?post=114347"},{"taxonomy":"product_tag","embeddable":true,"href":"https:\/\/www.luxor.cz\/blog\/wp-json\/wp\/v2\/product_tag?post=114347"}],"curies":[{"name":"wp","href":"https:\/\/api.w.org\/{rel}","templated":true}]}}